{"id":44705,"date":"2026-01-03T02:23:17","date_gmt":"2026-01-03T10:23:17","guid":{"rendered":"https:\/\/tangooled.com\/?post_type=product&#038;p=44705"},"modified":"2026-01-21T18:00:57","modified_gmt":"2026-01-22T02:00:57","slug":"8x9mm-led-profile-aluminum-channel-rigid-bar-for-5mm-led-strips","status":"publish","type":"product","link":"https:\/\/tangooled.com\/ro\/produs\/8x9mm-led-profile-aluminum-channel-rigid-bar-for-5mm-led-strips\/","title":{"rendered":"Canal rigid din aluminiu 8x9mm pentru benzi LED de 5mm"},"content":{"rendered":"<div class=\"wp-block-group\" style=\"padding-top:var(--wp--preset--spacing--80);padding-bottom:var(--wp--preset--spacing--80)\"><div class=\"wp-block-group__inner-container is-layout-constrained wp-block-group-is-layout-constrained\">\n<p>Our mini\u00a0led profile 8x9mm is a strong aluminum channel\u00a0that can be placed on a surface with secure clips and end caps. This slim\u00a0housing has an interior width of 6mm, so it works nicely with LED strips that are 5mm wide or less. It is a strong and sleek protective housing. It protects your lights and acts as a good heat sink to make them last longer. It also makes sure that your project gets clean\u00a0and professional light lines in any setting.<\/p>\n<\/div><\/div>\n\n\n\n<div class=\"wp-block-group has-background\" style=\"background-color:#f2f2f2f2;padding-top:var(--wp--preset--spacing--80);padding-bottom:var(--wp--preset--spacing--80)\"><div class=\"wp-block-group__inner-container is-layout-constrained wp-block-group-is-layout-constrained\">\n<div class=\"wp-block-group is-vertical is-layout-flex wp-container-core-group-is-layout-8cf370e7 wp-block-group-is-layout-flex\">\n<h2 class=\"wp-block-heading\" style=\"padding-top:var(--wp--preset--spacing--40);padding-bottom:var(--wp--preset--spacing--40);font-size:25px;font-style:normal;font-weight:600;text-transform:capitalize\">De ce s\u0103 alegi acest canal mini LED 8x9mm?<\/h2>\n\n\n\n<ul class=\"wp-block-list\">\n<li>Slim\u00a0and low-profile: Only 8mm wide and 9mm high, so it fits in tiny locations.<\/li>\n\n\n\n<li>Ideal pentru benzile LED de 5mm l\u0103\u021bime: Func\u021bioneaz\u0103 cu benzi LED \u00eenguste, cum ar fi SMD 2835 sau COB.<\/li>\n\n\n\n<li>Rezistent \u0219i de lung\u0103 durat\u0103: Este fabricat din aluminiu anodizat 6063-T5.<\/li>\n\n\n\n<li>O mai bun\u0103 gestionare a c\u0103ldurii: Aluminiul men\u021bine LED-urile reci ac\u021bion\u00e2nd ca un radiator de c\u0103ldur\u0103.<\/li>\n\n\n\n<li>Smooth light output: The frosted or opal\u00a0diffuser cover makes the light even and dotless.<\/li>\n\n\n\n<li>U\u0219or de asamblat: Cu clipsuri \u0219i capace de finalizare, poate fi instalat pe suprafe\u021be sau \u00eencastrat.<\/li>\n<\/ul>\n<\/div>\n<\/div><\/div>\n\n\n\n<div class=\"wp-block-group\" style=\"padding-top:var(--wp--preset--spacing--80);padding-bottom:var(--wp--preset--spacing--80)\"><div class=\"wp-block-group__inner-container is-layout-constrained wp-block-group-is-layout-constrained\">\n<div class=\"wp-block-media-text has-media-on-the-right is-stacked-on-mobile\" style=\"padding-top:0;padding-bottom:0;grid-template-columns:auto 40%\"><div class=\"wp-block-media-text__content\">\n<h2 class=\"wp-block-heading\" style=\"font-size:25px;font-style:normal;font-weight:600;text-transform:capitalize\">What\u2019s Included?<\/h2>\n\n\n\n<ul class=\"wp-block-list\">\n<li>Un profil LED din aluminiu 8x9mm\u00a0<\/li>\n\n\n\n<li>Un capac difuzor mat\/opal\u00a0<\/li>\n\n\n\n<li>Dou\u0103 capace de finalizare (una cu un orificiu pentru cabluri \u0219i una solid\u0103)\u00a0<\/li>\n\n\n\n<li>Dou\u0103 clipsuri de montaj pentru o instalare sigur\u0103<\/li>\n<\/ul>\n<\/div><figure class=\"wp-block-media-text__media\"><img loading=\"lazy\" decoding=\"async\" width=\"500\" height=\"500\" src=\"https:\/\/tangooled.com\/wp-content\/uploads\/2026\/01\/fp09-ins.webp\" alt=\"Canal rigid din aluminiu 8x9mm pentru benzi LED de 5mm\" class=\"wp-image-44707 size-full\" srcset=\"https:\/\/tangooled.com\/wp-content\/uploads\/2026\/01\/fp09-ins.webp 500w, https:\/\/tangooled.com\/wp-content\/uploads\/2026\/01\/fp09-ins-300x300.webp 300w, https:\/\/tangooled.com\/wp-content\/uploads\/2026\/01\/fp09-ins-150x150.webp 150w\" sizes=\"auto, (max-width: 500px) 100vw, 500px\" \/><\/figure><\/div>\n<\/div><\/div>\n\n\n\n<div class=\"wp-block-group has-background\" style=\"background-color:#f2f2f2;padding-top:var(--wp--preset--spacing--80);padding-bottom:var(--wp--preset--spacing--80)\"><div class=\"wp-block-group__inner-container is-layout-constrained wp-block-group-is-layout-constrained\">\n<h2 class=\"wp-block-heading\" style=\"padding-top:var(--wp--preset--spacing--40);padding-bottom:var(--wp--preset--spacing--40);font-size:25px;font-style:normal;font-weight:600;text-transform:capitalize\">Scenarii de utilizare<\/h2>\n\n\n\n<ul class=\"wp-block-list\">\n<li>Iluminat pentru sub dulapuri \u0219i rafturi \u00een buc\u0103t\u0103rii sau spa\u021bii de lucru.<\/li>\n\n\n\n<li>Iluminat pentru dulapuri \u0219i dressing-uri pentru a pune \u00een eviden\u021b\u0103 articolele de \u00eembr\u0103c\u0103minte sau accesoriile.<\/li>\n\n\n\n<li>O not\u0103 de clas\u0103 \u00een rafturile de magazin \u0219i vitrine.<\/li>\n\n\n\n<li>Integrat \u00een mobilier \u0219i dulapuri pentru scheme de iluminat personalizate.<\/li>\n\n\n\n<li>Iluminat cove cu detalii fine pentru a eviden\u021bia pere\u021bii sau plafoanele.<\/li>\n<\/ul>\n<\/div><\/div>\n\n\n\n<div class=\"wp-block-group\" style=\"padding-top:var(--wp--preset--spacing--80);padding-bottom:var(--wp--preset--spacing--80)\"><div class=\"wp-block-group__inner-container is-layout-constrained wp-block-group-is-layout-constrained\">\n<h2 class=\"wp-block-heading\" style=\"padding-top:var(--wp--preset--spacing--60);padding-bottom:var(--wp--preset--spacing--60);font-size:25px;font-style:normal;font-weight:600;text-transform:capitalize\">Produse conexe<\/h2>\n\n\n\n<p>Exploreaz\u0103 acestea pentru a-\u021bi completa setup-ul:<\/p>\n\n\n\n<ul class=\"wp-block-list\">\n<li><a href=\"https:\/\/tangooled.com\/ro\/produs\/black-aluminum-u-channel-profile-for-10mm-led-strips\/\"><mark style=\"background-color:rgba(0, 0, 0, 0)\" class=\"has-inline-color has-vivid-red-color\">Profil de canal U din aluminiu negru pentru benzi LED de 10mm<\/mark><\/a><\/li>\n\n\n\n<li><a href=\"https:\/\/tangooled.com\/ro\/produs\/18x9mm-led-tape-light-profile-for-surface-installation\/\"><mark style=\"background-color:rgba(0, 0, 0, 0)\" class=\"has-inline-color has-vivid-red-color\">profil LED pentru band\u0103 de lumin\u0103 de 18x9mm pentru instalare pe suprafa\u021b\u0103<\/mark><\/a><\/li>\n\n\n\n<li><a href=\"https:\/\/tangooled.com\/ro\/produs\/led-strip-light-channel-aluminum-profile-with-diffused-cover-6mm-height\/\"><mark style=\"background-color:rgba(0, 0, 0, 0)\" class=\"has-inline-color has-vivid-red-color\">Profil din aluminiu pentru benzi LED cu capac difuzor de 6mm \u00een\u0103l\u021bime<\/mark><\/a><\/li>\n<\/ul>\n<\/div><\/div>\n\n\n\n<div class=\"wp-block-group has-background\" style=\"background-color:#f2f2f2f2;padding-top:var(--wp--preset--spacing--80);padding-bottom:var(--wp--preset--spacing--80)\"><div class=\"wp-block-group__inner-container is-layout-constrained wp-block-group-is-layout-constrained\">\n<h2 class=\"wp-block-heading\" style=\"font-size:25px;font-style:normal;font-weight:600\">Rezumat<\/h2>\n\n\n\n<p style=\"padding-right:var(--wp--preset--spacing--50);padding-left:var(--wp--preset--spacing--50)\">The mini\u00a0LED channel 8x9mm aluminum profile is a small but powerful lighting option made just for 5mm LED strips. It protects your LEDs while giving off smooth, dotless light thanks to its delicate design, sturdy aluminum structure, and great heat dissipation. This profile is great for any type of lighting you need, whether it&#8217;s under-cabinet lighting, closet lighting, or a custom furniture lighting solution. It combines style, longevity, and ease of use.<\/p>\n<\/div><\/div>\n\n\n\n<p><\/p>","protected":false},"featured_media":13351,"template":"","meta":{"_acf_changed":true,"_seopress_robots_primary_cat":"none","_seopress_titles_title":"Mini LED Channel 8x9mm For 5mm Slim Strips | TANGOOLED","_seopress_titles_desc":"Source the FP09 mini LED channel 8x9mm. This ultra-compact aluminum profile is specifically designed for 5mm slim strips in display cabinets and furniture.","_seopress_robots_index":""},"pcb-width":[228],"product-cat":[192],"class_list":{"0":"post-44705","1":"product","2":"type-product","3":"status-publish","4":"has-post-thumbnail","6":"pcb-width-6-12mm","7":"product-cat-surface-led-profile"},"acf":[],"_links":{"self":[{"href":"https:\/\/tangooled.com\/ro\/wp-json\/wp\/v2\/product\/44705","targetHints":{"allow":["GET"]}}],"collection":[{"href":"https:\/\/tangooled.com\/ro\/wp-json\/wp\/v2\/product"}],"about":[{"href":"https:\/\/tangooled.com\/ro\/wp-json\/wp\/v2\/types\/product"}],"wp:featuredmedia":[{"embeddable":true,"href":"https:\/\/tangooled.com\/ro\/wp-json\/wp\/v2\/media\/13351"}],"wp:attachment":[{"href":"https:\/\/tangooled.com\/ro\/wp-json\/wp\/v2\/media?parent=44705"}],"wp:term":[{"taxonomy":"pcb-width","embeddable":true,"href":"https:\/\/tangooled.com\/ro\/wp-json\/wp\/v2\/pcb-width?post=44705"},{"taxonomy":"product-cat","embeddable":true,"href":"https:\/\/tangooled.com\/ro\/wp-json\/wp\/v2\/product-cat?post=44705"}],"curies":[{"name":"wp","href":"https:\/\/api.w.org\/{rel}","templated":true}]}}