{"id":44702,"date":"2026-01-03T02:17:12","date_gmt":"2026-01-03T10:17:12","guid":{"rendered":"https:\/\/tangooled.com\/?post_type=product&#038;p=44702"},"modified":"2026-02-02T22:33:55","modified_gmt":"2026-02-03T06:33:55","slug":"aluminum-profile-with-60-degree-lens-led-diffuser","status":"publish","type":"product","link":"https:\/\/tangooled.com\/ro\/produs\/aluminum-profile-with-60-degree-lens-led-diffuser\/","title":{"rendered":"profil din aluminiu cu difuzor LED cu lentil\u0103 de 60 de grade"},"content":{"rendered":"<div class=\"wp-block-group\" style=\"padding-top:var(--wp--preset--spacing--80);padding-bottom:var(--wp--preset--spacing--80)\"><div class=\"wp-block-group__inner-container is-layout-constrained wp-block-group-is-layout-constrained\">\n<p>Profilul nostru din aluminiu cu difuzor LED cu lentil\u0103 de 60 de grade este excelent pentru a face luminile cu band\u0103 LED s\u0103 arate ordonat \u0219i s\u0103 func\u021bioneze mai bine. \u00cei ajut\u0103 luminii s\u0103 str\u0103luceasc\u0103 \u00een zona corect\u0103 cu un fascicul concentrat de 60 de grade. Acest produs este solid, sigur \u0219i u\u0219or de utilizat pe pere\u021bi, tavan sau dulapuri. Po\u021bi s\u0103-l folose\u0219ti \u00een case, birouri, magazine \u0219i multe altele!<\/p>\n<\/div><\/div>\n\n\n\n<div class=\"wp-block-group has-background\" style=\"background-color:#f2f2f2f2;padding-top:var(--wp--preset--spacing--80);padding-bottom:var(--wp--preset--spacing--80)\"><div class=\"wp-block-group__inner-container is-layout-constrained wp-block-group-is-layout-constrained\">\n<div class=\"wp-block-group is-vertical is-layout-flex wp-container-core-group-is-layout-8cf370e7 wp-block-group-is-layout-flex\">\n<h2 class=\"wp-block-heading\" style=\"padding-top:var(--wp--preset--spacing--40);padding-bottom:var(--wp--preset--spacing--40);font-size:25px;font-style:normal;font-weight:600;text-transform:capitalize\">De ce s\u0103 alegi profilul nostru LED cu difuzor cu lentil\u0103 de 60 de grade?<\/h2>\n\n\n\n<ul class=\"wp-block-list\">\n<li>Fascicul de lumin\u0103 concentrat: Lentila special\u0103 de 60 de grade face ca lumina s\u0103 str\u0103luceasc\u0103 cu o distribu\u021bie clar\u0103 \u0219i uniform\u0103. Nu mai exist\u0103 lumin\u0103 aspr\u0103 sau neuniform\u0103.<\/li>\n\n\n\n<li>Carcasa solid\u0103 din aluminiu: Fabricat\u0103 din aluminiu 6063-T5 care men\u021bine benzile LED rece \u0219i \u00een siguran\u021b\u0103.<\/li>\n\n\n\n<li>Difuzori clare \u0219i moi: Alege \u00eentre capace de difuzor opal sau clare. Po\u021bi alege lumin\u0103 moale sau lumin\u0103 clar\u0103 \u00een func\u021bie de nevoile tale.<\/li>\n\n\n\n<li>Se potrive\u0219te cu multe benzi LED: Func\u021bioneaz\u0103 cu benzi LED de p\u00e2n\u0103 la 12 mm l\u0103\u021bime \u0219i multe alte tipuri.<\/li>\n\n\n\n<li>U\u0219or de montat: Poate fi montat pe pere\u021bi, tavan sau suprafe\u021be \u00eencastrate.<\/li>\n\n\n\n<li>Protejeaz\u0103 LED-urile tale: P\u0103streaz\u0103 LED-urile \u00een siguran\u021b\u0103 de praf \u0219i deteriorare.<\/li>\n<\/ul>\n<\/div>\n<\/div><\/div>\n\n\n\n<div class=\"wp-block-group\" style=\"padding-top:var(--wp--preset--spacing--80);padding-bottom:var(--wp--preset--spacing--80)\"><div class=\"wp-block-group__inner-container is-layout-constrained wp-block-group-is-layout-constrained\">\n<div class=\"wp-block-media-text has-media-on-the-right is-stacked-on-mobile\" style=\"padding-top:0;padding-bottom:0;grid-template-columns:auto 40%\"><div class=\"wp-block-media-text__content\">\n<h2 class=\"wp-block-heading\" style=\"font-size:25px;font-style:normal;font-weight:600;text-transform:capitalize\">Cum s\u0103 folose\u0219ti acest profil LED cu lentil\u0103 de 60 de grade?<\/h2>\n\n\n\n<ul class=\"wp-block-list\">\n<li>Folose\u0219te un fier\u0103str\u0103u sau un cuter de metal pentru a t\u0103ia canalul din aluminiu \u0219i difuzorul la lungimea dorit\u0103.<\/li>\n\n\n\n<li>Instaleaz\u0103 cu siguran\u021b\u0103 banda LED \u00een canal, conecteaz\u0103 firele \u0219i verific\u0103 lumina pentru a te asigura c\u0103 func\u021bioneaz\u0103.<\/li>\n\n\n\n<li>Folose\u0219te clemele de montare pentru a ata\u0219a canalul la peretele sau tavanul t\u0103u.<\/li>\n\n\n\n<li>Terminarea instal\u0103rii se face prin fixarea difuzorului \u0219i punerea capacelor de \u00eenchidere.<\/li>\n<\/ul>\n<\/div><figure class=\"wp-block-media-text__media\"><img loading=\"lazy\" decoding=\"async\" width=\"500\" height=\"500\" src=\"https:\/\/tangooled.com\/wp-content\/uploads\/2026\/01\/fp08-ins.webp\" alt=\"aluminum profile with 60 degree lens led diffuser\" class=\"wp-image-44704 size-full\" srcset=\"https:\/\/tangooled.com\/wp-content\/uploads\/2026\/01\/fp08-ins.webp 500w, https:\/\/tangooled.com\/wp-content\/uploads\/2026\/01\/fp08-ins-300x300.webp 300w, https:\/\/tangooled.com\/wp-content\/uploads\/2026\/01\/fp08-ins-150x150.webp 150w\" sizes=\"auto, (max-width: 500px) 100vw, 500px\" \/><\/figure><\/div>\n<\/div><\/div>\n\n\n\n<div class=\"wp-block-group has-background\" style=\"background-color:#f2f2f2;padding-top:var(--wp--preset--spacing--80);padding-bottom:var(--wp--preset--spacing--80)\"><div class=\"wp-block-group__inner-container is-layout-constrained wp-block-group-is-layout-constrained\">\n<h2 class=\"wp-block-heading\" style=\"padding-top:var(--wp--preset--spacing--40);padding-bottom:var(--wp--preset--spacing--40);font-size:25px;font-style:normal;font-weight:600;text-transform:capitalize\">Modalit\u0103\u021bi pentru nevoile tale de iluminare<\/h2>\n\n\n\n<ul class=\"wp-block-list\">\n<li>Iluminatul de accent poate fi folosit pentru a atrage aten\u021bia asupra meselor, fotografiilor sau bibliotecilor.<\/li>\n\n\n\n<li>Scalarea pere\u021bilor: Folose\u0219te-l pentru a ilumina pere\u021bii uniform f\u0103r\u0103 a-i face s\u0103 par\u0103 prea str\u0103lucitori.<\/li>\n\n\n\n<li>Tavane: Folose\u0219te montajul \u00eencastrat pentru un aspect elegant.<\/li>\n\n\n\n<li>Folose\u0219te \u00een magazine, locuri de munc\u0103 \u0219i vitrine pentru a face iluminatul s\u0103 arate profesional.<\/li>\n<\/ul>\n<\/div><\/div>\n\n\n\n<div class=\"wp-block-group\" style=\"padding-top:var(--wp--preset--spacing--80);padding-bottom:var(--wp--preset--spacing--80)\"><div class=\"wp-block-group__inner-container is-layout-constrained wp-block-group-is-layout-constrained\">\n<h2 class=\"wp-block-heading\" style=\"padding-top:var(--wp--preset--spacing--60);padding-bottom:var(--wp--preset--spacing--60);font-size:25px;font-style:normal;font-weight:600;text-transform:capitalize\">Ce face acest produs s\u0103 ias\u0103 \u00een eviden\u021b\u0103?<\/h2>\n\n\n\n<h3 class=\"wp-block-heading\" style=\"padding-top:var(--wp--preset--spacing--40);padding-bottom:var(--wp--preset--spacing--40);font-size:20px;font-style:normal;font-weight:600;text-transform:capitalize\">Lentila de 60 de grade pentru o lumin\u0103 mai bun\u0103<\/h3>\n\n\n\n<p>The special 60 degree lens diffuser keeps the light beam bright but concentrated. It gives a wide and soft look, which is great for many uses \u2013 like showing off art on walls or lighting up shelves.<\/p>\n\n\n\n<h3 class=\"wp-block-heading\" style=\"font-size:20px;font-style:normal;font-weight:600;text-transform:capitalize\">Op\u021biuni diferite de difuzor<\/h3>\n\n\n\n<ul class=\"wp-block-list\">\n<li>Difuzor opal mat din PC: cum ar fi iluminarea unei biblioteci sau expunerea artelor pe pere\u021bi.<\/li>\n\n\n\n<li>Difuzor semi-transparent din PC: Pentru lumin\u0103 mai clar\u0103 cu mai pu\u021bin str\u0103lucire<\/li>\n\n\n\n<li>Lentil\u0103 clar\u0103: Excelent\u0103 pentru fascicule de lumin\u0103 ascu\u021bite \u0219i concentrate.<\/li>\n<\/ul>\n<\/div><\/div>\n\n\n\n<div class=\"wp-block-group has-background\" style=\"background-color:#f2f2f2f2;padding-top:var(--wp--preset--spacing--80);padding-bottom:var(--wp--preset--spacing--80)\"><div class=\"wp-block-group__inner-container is-layout-constrained wp-block-group-is-layout-constrained\">\n<h2 class=\"wp-block-heading\" style=\"font-size:25px;font-style:normal;font-weight:600\">Verific\u0103 produse similare<\/h2>\n\n\n\n<ul class=\"wp-block-list\">\n<li>Pentru versiuni negre, vezi <a href=\"https:\/\/tangooled.com\/ro\/produs\/black-led-profile-with-black-diffuser-for-10mm-led-strip-light\/\"><mark style=\"background-color:rgba(0, 0, 0, 0)\" class=\"has-inline-color has-vivid-red-color\">Profil LED negru cu difuzor negru<\/mark><\/a> pentru benzi mai mici<\/li>\n\n\n\n<li>Pentru benzi mai mici, \u00eencearc\u0103 <a href=\"https:\/\/tangooled.com\/ro\/produs\/led-strip-light-channel-aluminum-profile-with-diffused-cover-6mm-height\/\"><mark style=\"background-color:rgba(0, 0, 0, 0)\" class=\"has-inline-color has-vivid-red-color\">Canal pentru band\u0103 LED din profil de aluminiu cu \u00een\u0103l\u021bimea de 6mm<\/mark><\/a><\/li>\n\n\n\n<li>Pentru montaj de suprafa\u021b\u0103 cu capace opale, verific\u0103<a href=\"https:\/\/tangooled.com\/ro\/produs\/surface-mount-led-profile-with-frosted-diffuser-for-10mm-rope-lights\/\"><mark style=\"background-color:rgba(0, 0, 0, 0)\" class=\"has-inline-color has-vivid-red-color\"> Profil LED de montaj pe suprafa\u021b\u0103 cu difuzor opal<\/mark><\/a><\/li>\n<\/ul>\n<\/div><\/div>\n\n\n\n<div class=\"wp-block-group\" style=\"padding-top:var(--wp--preset--spacing--80);padding-bottom:var(--wp--preset--spacing--80)\"><div class=\"wp-block-group__inner-container is-layout-constrained wp-block-group-is-layout-constrained\">\n<h2 class=\"wp-block-heading\" style=\"padding-top:var(--wp--preset--spacing--40);padding-bottom:var(--wp--preset--spacing--40);font-size:25px;font-style:normal;font-weight:600\">Rezumat<\/h2>\n\n\n\n<p>Dac\u0103 ai nevoie de o lumin\u0103 pl\u0103cut\u0103, puternic\u0103 \u0219i concentrat\u0103 pentru benzile LED, profilul nostru din aluminiu cu difuzor LED cu lentil\u0103 de 60 de grade este cea mai bun\u0103 solu\u021bie. Men\u021bine LED-urile reci, \u00eempr\u0103\u0219tie lumina uniform \u0219i poate fi folosit \u00een multe moduri diferite. Ob\u021bine-l ast\u0103zi pentru a face proiectul t\u0103u de iluminat s\u0103 arate bine \u0219i s\u0103 func\u021bioneze eficient!<\/p>\n<\/div><\/div>\n\n\n\n<p><\/p>","protected":false},"featured_media":14217,"template":"","meta":{"_acf_changed":true,"_seopress_robots_primary_cat":"none","_seopress_titles_title":"60 Degree Lens Diffuser LED Profile Aluminum Channel | TANGOOLED","_seopress_titles_desc":"Source the FP08 60 degree lens diffuser LED aluminum profile. Designed for focused wall washing and accent lighting with precision beam control.","_seopress_robots_index":""},"pcb-width":[228],"product-cat":[201],"class_list":{"0":"post-44702","1":"product","2":"type-product","3":"status-publish","4":"has-post-thumbnail","6":"pcb-width-6-12mm","7":"product-cat-optic-lens-profile"},"acf":[],"_links":{"self":[{"href":"https:\/\/tangooled.com\/ro\/wp-json\/wp\/v2\/product\/44702","targetHints":{"allow":["GET"]}}],"collection":[{"href":"https:\/\/tangooled.com\/ro\/wp-json\/wp\/v2\/product"}],"about":[{"href":"https:\/\/tangooled.com\/ro\/wp-json\/wp\/v2\/types\/product"}],"wp:featuredmedia":[{"embeddable":true,"href":"https:\/\/tangooled.com\/ro\/wp-json\/wp\/v2\/media\/14217"}],"wp:attachment":[{"href":"https:\/\/tangooled.com\/ro\/wp-json\/wp\/v2\/media?parent=44702"}],"wp:term":[{"taxonomy":"pcb-width","embeddable":true,"href":"https:\/\/tangooled.com\/ro\/wp-json\/wp\/v2\/pcb-width?post=44702"},{"taxonomy":"product-cat","embeddable":true,"href":"https:\/\/tangooled.com\/ro\/wp-json\/wp\/v2\/product-cat?post=44702"}],"curies":[{"name":"wp","href":"https:\/\/api.w.org\/{rel}","templated":true}]}}