{"id":44700,"date":"2026-01-03T02:13:17","date_gmt":"2026-01-03T10:13:17","guid":{"rendered":"https:\/\/tangooled.com\/?post_type=product&#038;p=44700"},"modified":"2026-01-21T02:14:32","modified_gmt":"2026-01-21T10:14:32","slug":"25x14m-surface-mounted-led-light-aluminum-profile","status":"publish","type":"product","link":"https:\/\/tangooled.com\/ro\/produs\/25x14m-surface-mounted-led-light-aluminum-profile\/","title":{"rendered":"Profil de aluminiu pentru iluminat LED montat pe suprafa\u021b\u0103 25x14m"},"content":{"rendered":"<div class=\"wp-block-group\" style=\"padding-top:var(--wp--preset--spacing--80);padding-bottom:var(--wp--preset--spacing--80)\"><div class=\"wp-block-group__inner-container is-layout-constrained wp-block-group-is-layout-constrained\">\n<p>\u00cembun\u0103t\u0103\u021be\u0219te proiectele tale de iluminat cu acest profil LED montat pe suprafa\u021b\u0103 25x14m, proiectat special pentru aplica\u021bii curate. Exteriorul s\u0103u rotunjit \u0219i striat m\u0103soar\u0103 25.8 mm l\u0103\u021bime \u0219i 13.9 mm \u00een\u0103l\u021bime, oferind o carcas\u0103 robust\u0103 \u0219i elegant\u0103 pentru luminile tale. Canalul interior de 12.2 mm ofer\u0103 spa\u021biu amplu pentru a proteja benzile standard \u0219i a le men\u021bine r\u0103coroase. Instalarea este simpl\u0103 \u0219i sigur\u0103 folosind clemele de montare dedicate, permi\u021b\u00e2ndu-\u021bi s\u0103 ata\u0219ezi profilul direct pe plafoane sau pere\u021bi pentru un finisaj profesionist. Este alegerea perfect\u0103 pentru a ob\u021bine o iluminare uniform\u0103, f\u0103r\u0103 puncte, \u00een orice spa\u021biu modern.<\/p>\n<\/div><\/div>\n\n\n\n<div class=\"wp-block-group has-background\" style=\"background-color:#f2f2f2f2;padding-top:var(--wp--preset--spacing--80);padding-bottom:var(--wp--preset--spacing--80)\"><div class=\"wp-block-group__inner-container is-layout-constrained wp-block-group-is-layout-constrained\">\n<div class=\"wp-block-group is-vertical is-layout-flex wp-container-core-group-is-layout-8cf370e7 wp-block-group-is-layout-flex\">\n<h2 class=\"wp-block-heading\" style=\"padding-top:var(--wp--preset--spacing--40);padding-bottom:var(--wp--preset--spacing--40);font-size:25px;font-style:normal;font-weight:600;text-transform:capitalize\">De ce s\u0103 alegi profilul nostru LED montat pe suprafa\u021b\u0103 25x14m?<\/h2>\n\n\n\n<ul class=\"wp-block-list\">\n<li>Fabricat din aluminiu de \u00eenalt\u0103 calitate 6063-T5. Acest lucru \u00eel face puternic \u0219i ajut\u0103 la disiparea c\u0103ldurii din benzi LED.<\/li>\n\n\n\n<li>Vine cu un difuzor mat care se fixeaz\u0103 pentru a face lumina moale, uniform\u0103, f\u0103r\u0103 puncte.<\/li>\n\n\n\n<li>Montare u\u0219oar\u0103 pe suprafe\u021b\u0103 cu cleme \u0219i capace de cap\u0103t pentru un finisaj curat.<\/li>\n\n\n\n<li>Durabil \u0219i elegant: Finisajul anodizat opre\u0219te rugina \u0219i are un aspect elegant \u00een argintiu, negru sau alb.<\/li>\n\n\n\n<li>Protejeaz\u0103 LED-urile tale: Men\u021bine benzile \u00een siguran\u021b\u0103 de murd\u0103rie, praf \u0219i \u0219ocuri.<\/li>\n\n\n\n<li>Perfect for different uses \u2014 from kitchens to shops, offices, and furniture.<\/li>\n<\/ul>\n<\/div>\n<\/div><\/div>\n\n\n\n<div class=\"wp-block-group\" style=\"padding-top:var(--wp--preset--spacing--80);padding-bottom:var(--wp--preset--spacing--80)\"><div class=\"wp-block-group__inner-container is-layout-constrained wp-block-group-is-layout-constrained\">\n<div class=\"wp-block-media-text has-media-on-the-right is-stacked-on-mobile\" style=\"padding-top:0;padding-bottom:0;grid-template-columns:auto 40%\"><div class=\"wp-block-media-text__content\">\n<h2 class=\"wp-block-heading\" style=\"font-size:25px;font-style:normal;font-weight:600;text-transform:capitalize\">Instalare simpl\u0103 \u00een 4 pa\u0219i<\/h2>\n\n\n\n<ul class=\"wp-block-list\">\n<li>Fixeaz\u0103 clemele pe peretele sau suprafa\u021ba ta cu \u0219uruburi.<\/li>\n\n\n\n<li>Introdu banda LED \u00een canalul de aluminiu.<\/li>\n\n\n\n<li>Prinde profilul \u00een cleme.<\/li>\n\n\n\n<li>A\u0219az\u0103 difuzorul fix\u00e2ndu-l deasupra pentru o lumin\u0103 str\u0103lucitoare \u0219i uniform\u0103.<\/li>\n<\/ul>\n<\/div><figure class=\"wp-block-media-text__media\"><img loading=\"lazy\" decoding=\"async\" width=\"500\" height=\"500\" src=\"https:\/\/tangooled.com\/wp-content\/uploads\/2026\/01\/fp07-ins.webp\" alt=\"Profil de aluminiu pentru iluminat LED montat pe suprafa\u021b\u0103 25x14m\" class=\"wp-image-44701 size-full\" srcset=\"https:\/\/tangooled.com\/wp-content\/uploads\/2026\/01\/fp07-ins.webp 500w, https:\/\/tangooled.com\/wp-content\/uploads\/2026\/01\/fp07-ins-300x300.webp 300w, https:\/\/tangooled.com\/wp-content\/uploads\/2026\/01\/fp07-ins-150x150.webp 150w\" sizes=\"auto, (max-width: 500px) 100vw, 500px\" \/><\/figure><\/div>\n<\/div><\/div>\n\n\n\n<div class=\"wp-block-group has-background\" style=\"background-color:#f2f2f2;padding-top:var(--wp--preset--spacing--80);padding-bottom:var(--wp--preset--spacing--80)\"><div class=\"wp-block-group__inner-container is-layout-constrained wp-block-group-is-layout-constrained\">\n<h2 class=\"wp-block-heading\" style=\"padding-top:var(--wp--preset--spacing--40);padding-bottom:var(--wp--preset--spacing--40);font-size:25px;font-style:normal;font-weight:600;text-transform:capitalize\">Unde po\u021bi folosi acest profil LED montat pe suprafa\u021b\u0103 25x14m?<\/h2>\n\n\n\n<p>Iat\u0103 c\u00e2teva idei principale care arat\u0103 c\u00e2t de bine func\u021bioneaz\u0103:<\/p>\n\n\n\n<ul class=\"wp-block-list\">\n<li>Iluminat sub dulap: Ofer\u0103 o lumin\u0103 clar\u0103 \u0219i str\u0103lucitoare pentru blaturile de buc\u0103t\u0103rie sau suprafe\u021bele de lucru.<\/li>\n\n\n\n<li>Iluminat de tip cove pe tavan: Folose\u0219te-l de-a lungul marginilor pentru a crea o str\u0103lucire moale \u00een sufragerii sau birouri.<\/li>\n\n\n\n<li>Expuneri comerciale: Lumineaz\u0103 rafturile sau produsele cu linii de lumin\u0103 perfecte.<\/li>\n\n\n\n<li>Iluminat de birou: Lumin\u0103 clar\u0103 \u0219i focalizat\u0103 peste birouri sau \u00een coridoare.<\/li>\n\n\n\n<li>Dulapuri \u0219i Mobilier: Integreaz\u0103-l \u00een dulapuri, rafturi sau dulapuri pentru o iluminare ordonat\u0103.<\/li>\n\n\n\n<li>Accente arhitecturale: Eviden\u021biaz\u0103 pere\u021bi, col\u021buri sau ni\u0219e cu lumin\u0103 uniform\u0103.<\/li>\n<\/ul>\n<\/div><\/div>\n\n\n\n<div class=\"wp-block-group\" style=\"padding-top:var(--wp--preset--spacing--80);padding-bottom:var(--wp--preset--spacing--80)\"><div class=\"wp-block-group__inner-container is-layout-constrained wp-block-group-is-layout-constrained\">\n<h2 class=\"wp-block-heading\" style=\"padding-top:var(--wp--preset--spacing--40);padding-bottom:var(--wp--preset--spacing--40);font-size:25px;font-style:normal;font-weight:600;text-transform:capitalize\">Produse conexe de verificat<\/h2>\n\n\n\n<ul class=\"wp-block-list\">\n<li><a href=\"https:\/\/tangooled.com\/ro\/produs\/black-led-profile-with-black-diffuser-for-10mm-led-strip-light\/\"><mark style=\"background-color:rgba(0, 0, 0, 0)\" class=\"has-inline-color has-vivid-red-color\">Profil LED negru cu difuzor negru pentru banda LED de 10mm<\/mark><\/a> &#8211; A sleek choice for slim strips. <\/li>\n\n\n\n<li><a href=\"https:\/\/tangooled.com\/ro\/produs\/led-strip-light-channel-aluminum-profile-with-diffused-cover-6mm-height\/\"><mark style=\"background-color:rgba(0, 0, 0, 0)\" class=\"has-inline-color has-vivid-red-color\">Profil din aluminiu pentru benzi LED cu capac difuzor de 6mm \u00een\u0103l\u021bime<\/mark><\/a> \u2013 Another profile for tight spaces.<\/li>\n\n\n\n<li><a href=\"https:\/\/tangooled.com\/ro\/produs\/25x6mm-low-profile-led-strip-channel-for-10mm-led-strip-light\/\"><mark style=\"background-color:rgba(0, 0, 0, 0)\" class=\"has-inline-color has-vivid-red-color\">canal LED cu profil redus de 25x6mm pentru banda LED de 10mm<\/mark><\/a> \u2013 Slim, perfect for narrow spots.<\/li>\n<\/ul>\n\n\n\n<p>Bring your LED lighting to life with our reliable 25x14m surface mounted LED profile! It\u2019s the easy, smart way to make LED strip lighting look professional and work better.<\/p>\n<\/div><\/div>\n\n\n\n<p><\/p>","protected":false},"featured_media":13333,"template":"","meta":{"_acf_changed":true,"_seopress_robots_primary_cat":"none","_seopress_titles_title":"Aluminum 25x14mm Surface Mounted LED Profile | TANGOOLED","_seopress_titles_desc":"Source the FP07 25x14mm surface mounted LED profile. This large aluminum channel is perfect for wide strips, providing superior heat dissipation and dot-free lighting.","_seopress_robots_index":""},"pcb-width":[228],"product-cat":[192],"class_list":{"0":"post-44700","1":"product","2":"type-product","3":"status-publish","4":"has-post-thumbnail","6":"pcb-width-6-12mm","7":"product-cat-surface-led-profile"},"acf":[],"_links":{"self":[{"href":"https:\/\/tangooled.com\/ro\/wp-json\/wp\/v2\/product\/44700","targetHints":{"allow":["GET"]}}],"collection":[{"href":"https:\/\/tangooled.com\/ro\/wp-json\/wp\/v2\/product"}],"about":[{"href":"https:\/\/tangooled.com\/ro\/wp-json\/wp\/v2\/types\/product"}],"wp:featuredmedia":[{"embeddable":true,"href":"https:\/\/tangooled.com\/ro\/wp-json\/wp\/v2\/media\/13333"}],"wp:attachment":[{"href":"https:\/\/tangooled.com\/ro\/wp-json\/wp\/v2\/media?parent=44700"}],"wp:term":[{"taxonomy":"pcb-width","embeddable":true,"href":"https:\/\/tangooled.com\/ro\/wp-json\/wp\/v2\/pcb-width?post=44700"},{"taxonomy":"product-cat","embeddable":true,"href":"https:\/\/tangooled.com\/ro\/wp-json\/wp\/v2\/product-cat?post=44700"}],"curies":[{"name":"wp","href":"https:\/\/api.w.org\/{rel}","templated":true}]}}