{"id":44697,"date":"2026-01-03T02:02:47","date_gmt":"2026-01-03T10:02:47","guid":{"rendered":"https:\/\/tangooled.com\/?post_type=product&#038;p=44697"},"modified":"2026-01-29T17:53:46","modified_gmt":"2026-01-30T01:53:46","slug":"18x9mm-led-tape-light-profile-for-surface-installation","status":"publish","type":"product","link":"https:\/\/tangooled.com\/ro\/produs\/18x9mm-led-tape-light-profile-for-surface-installation\/","title":{"rendered":"profil LED pentru band\u0103 de lumin\u0103 de 18x9mm pentru instalare pe suprafa\u021b\u0103"},"content":{"rendered":"<div class=\"wp-block-group\" style=\"padding-top:var(--wp--preset--spacing--80);padding-bottom:var(--wp--preset--spacing--80)\"><div class=\"wp-block-group__inner-container is-layout-constrained wp-block-group-is-layout-constrained\">\n<p>This 18x9mm LED tape light profile is built particularly for surface mounting, so it&#8217;s easy to light up your space. Made of high-quality 6063-T5 anodized aluminum, it has a base width of 18.6mm and a slim&nbsp;height of 9mm, making it a stylish accent to any flat surface. The 12.2mm inner width is just right for standard LED strips, which keeps them cool, clean, and safe. The mounting clip system is straightforward to use, so installation is quick and safe. It&#8217;s the ideal option for professionals to make smooth, pretty lighting in kitchens, offices, or store displays.<\/p>\n<\/div><\/div>\n\n\n\n<div class=\"wp-block-group has-background\" style=\"background-color:#f2f2f2f2;padding-top:var(--wp--preset--spacing--80);padding-bottom:var(--wp--preset--spacing--80)\"><div class=\"wp-block-group__inner-container is-layout-constrained wp-block-group-is-layout-constrained\">\n<div class=\"wp-block-group is-vertical is-layout-flex wp-container-core-group-is-layout-8cf370e7 wp-block-group-is-layout-flex\">\n<h2 class=\"wp-block-heading\" style=\"padding-top:var(--wp--preset--spacing--40);padding-bottom:var(--wp--preset--spacing--40);font-size:25px;font-style:normal;font-weight:600;text-transform:capitalize\">De ce s\u0103 alegi profilul nostru de band\u0103 LED de 18x9mm?<\/h2>\n\n\n\n<ul class=\"wp-block-list\">\n<li>Dispersie perfect\u0103 a luminii: Difuzorul opal mate ofer\u0103 o lumin\u0103 moale \u0219i uniform\u0103, ascunz\u00e2nd zonele cu lumin\u0103 intens\u0103 pentru un aspect profesional.<\/li>\n\n\n\n<li>Strong Heat Dissipation: This profile is made of aluminum and functions as a heatsink, drawing heat away from your LED lights so they don&#8217;t fade or change color.<\/li>\n\n\n\n<li>Protec\u021bie durabil\u0103: Men\u021bine banda ta LED \u00een siguran\u021b\u0103 de umiditate, praf \u0219i deterior\u0103ri.<\/li>\n\n\n\n<li>Design modern \u0219i sub\u021bire: Corpul de 18x9mm este discret, se integreaz\u0103 cu pere\u021bii, plafoanele sau mobilierul \u0219i ascunde toate elementele de montaj pentru un aspect curat.<\/li>\n\n\n\n<li>U\u0219or de instalat pe orice suprafa\u021b\u0103: Folose\u0219te clipsurile de montare furnizate pentru a ata\u0219a profilul pe orice suprafa\u021b\u0103. Pur \u0219i simplu fixeaz\u0103-l \u00een loc \u0219i adaug\u0103 banda ta LED.<\/li>\n<\/ul>\n<\/div>\n<\/div><\/div>\n\n\n\n<div class=\"wp-block-group\" style=\"padding-top:var(--wp--preset--spacing--80);padding-bottom:var(--wp--preset--spacing--80)\"><div class=\"wp-block-group__inner-container is-layout-constrained wp-block-group-is-layout-constrained\">\n<div class=\"wp-block-media-text has-media-on-the-right is-stacked-on-mobile\" style=\"padding-top:0;padding-bottom:0;grid-template-columns:auto 40%\"><div class=\"wp-block-media-text__content\">\n<h2 class=\"wp-block-heading\" style=\"font-size:25px;font-style:normal;font-weight:600;text-transform:capitalize\">Patru pa\u0219i simpli pentru instalare<\/h2>\n\n\n\n<ul class=\"wp-block-list\">\n<li>Fixeaz\u0103 clipsurile de montare pe suprafa\u021ba ta cu \u0219uruburi.<\/li>\n\n\n\n<li>Pune canalul din aluminiu \u00een clipsuri.<\/li>\n\n\n\n<li>Pune banda ta LED \u00een canal.<\/li>\n\n\n\n<li>Pentru un finisaj \u00eengrijit, fixeaz\u0103 capacul difuzorului \u0219i capacele de finalizare.<\/li>\n<\/ul>\n<\/div><figure class=\"wp-block-media-text__media\"><img loading=\"lazy\" decoding=\"async\" width=\"500\" height=\"500\" src=\"https:\/\/tangooled.com\/wp-content\/uploads\/2026\/01\/fp06-ins.webp\" alt=\"18x9mm led tape light profile for surface installation\" class=\"wp-image-44698 size-full\" srcset=\"https:\/\/tangooled.com\/wp-content\/uploads\/2026\/01\/fp06-ins.webp 500w, https:\/\/tangooled.com\/wp-content\/uploads\/2026\/01\/fp06-ins-300x300.webp 300w, https:\/\/tangooled.com\/wp-content\/uploads\/2026\/01\/fp06-ins-150x150.webp 150w\" sizes=\"auto, (max-width: 500px) 100vw, 500px\" \/><\/figure><\/div>\n<\/div><\/div>\n\n\n\n<div class=\"wp-block-group has-background\" style=\"background-color:#f2f2f2;padding-top:var(--wp--preset--spacing--80);padding-bottom:var(--wp--preset--spacing--80)\"><div class=\"wp-block-group__inner-container is-layout-constrained wp-block-group-is-layout-constrained\">\n<h2 class=\"wp-block-heading\" style=\"padding-top:var(--wp--preset--spacing--40);padding-bottom:var(--wp--preset--spacing--40);font-size:25px;font-style:normal;font-weight:600;text-transform:capitalize\">Unde s\u0103 montezi profilul de band\u0103 LED de 18x9mm<\/h2>\n\n\n\n<p>Aceast\u0103 extrudare de band\u0103 LED este excelent\u0103 pentru case \u0219i afaceri. Poate fi folosit\u0103 pentru:&nbsp;<\/p>\n\n\n\n<ul class=\"wp-block-list\">\n<li>Iluminat de lucru sub dulapuri \u0219i blaturi \u00een buc\u0103t\u0103rii \u0219i ateliere<\/li>\n\n\n\n<li>Iluminat cove \u00een sufragerii \u0219i holuri<\/li>\n\n\n\n<li>Iluminat elegant \u0219i sigur pentru sc\u0103ri \u0219i holuri&nbsp;<\/li>\n\n\n\n<li>Iluminat elegant \u0219i sigur pentru camere, dulapuri \u0219i biblioteci<br><\/li>\n<\/ul>\n<\/div><\/div>\n\n\n\n<div class=\"wp-block-group\" style=\"padding-top:var(--wp--preset--spacing--80);padding-bottom:var(--wp--preset--spacing--80)\"><div class=\"wp-block-group__inner-container is-layout-constrained wp-block-group-is-layout-constrained\">\n<h2 class=\"wp-block-heading\" style=\"padding-top:var(--wp--preset--spacing--40);padding-bottom:var(--wp--preset--spacing--40);font-size:25px;font-style:normal;font-weight:600;text-transform:capitalize\">Produse asociate pe care s-ar putea s\u0103 le plac\u0103<\/h2>\n\n\n\n<ul class=\"wp-block-list\">\n<li>Profil LED negru cu difuzor negru pentru band\u0103 LED de 10mm: <a href=\"https:\/\/tangooled.com\/ro\/produs\/black-led-profile-with-black-diffuser-for-10mm-led-strip-light\/\"><mark style=\"background-color:rgba(0, 0, 0, 0)\" class=\"has-inline-color has-vivid-red-color\">Exploreaz\u0103 aici<\/mark><\/a><\/li>\n\n\n\n<li>Canal din aluminiu cu difuzor negru pentru benzile LED de 12mm:<a href=\"https:\/\/tangooled.com\/ro\/produs\/black-led-diffuser-aluminum-channel-for-12mm-tape-lights\/\"> <mark style=\"background-color:rgba(0, 0, 0, 0)\" class=\"has-inline-color has-vivid-red-color\">Verific\u0103 asta<\/mark><\/a><\/li>\n\n\n\n<li>Profil LED pentru montaj pe suprafa\u021b\u0103 cu difuzor mat pentru lumini de tip funie de 10mm: <a href=\"https:\/\/tangooled.com\/ro\/produs\/surface-mount-led-profile-with-frosted-diffuser-for-10mm-rope-lights\/\"><mark style=\"background-color:rgba(0, 0, 0, 0)\" class=\"has-inline-color has-vivid-red-color\">Vezi produsul<\/mark><\/a><\/li>\n<\/ul>\n<\/div><\/div>\n\n\n\n<div class=\"wp-block-group has-background\" style=\"background-color:#f2f2f2f2;padding-top:var(--wp--preset--spacing--80);padding-bottom:var(--wp--preset--spacing--80)\"><div class=\"wp-block-group__inner-container is-layout-constrained wp-block-group-is-layout-constrained\">\n<p style=\"padding-right:var(--wp--preset--spacing--50);padding-left:var(--wp--preset--spacing--50)\">Dac\u0103 cau\u021bi un canal de lumin\u0103 LED profesional, u\u0219or de instalat, care men\u021bine banda ta LED rece, curat\u0103 \u0219i str\u0103lucitoare, cu un design sub\u021bire, aceasta este cea mai bun\u0103 alegere. Se potrive\u0219te unei variet\u0103\u021bi de benzi LED \u0219i aplica\u021bii f\u0103r\u0103 carcase voluminoase sau montajuri complicate.<br>Fii \u00eencrez\u0103tor \u00een profilul nostru de band\u0103 LED de 18x9mm pentru montaj pe suprafa\u021b\u0103 pentru a-\u021bi face proiectele de iluminat simple, inteligente \u0219i uimitoare.<\/p>\n<\/div><\/div>\n\n\n\n<p><\/p>","protected":false},"featured_media":13307,"template":"","meta":{"_acf_changed":true,"_seopress_robots_primary_cat":"none","_seopress_titles_title":"Aluminum 18x9mm LED Tape Light Profile Surface Mount | TANGOOLED","_seopress_titles_desc":"Source FP06 18x9mm LED tape light profile. This sleek aluminum channel is ideal for surface installation, providing professional heat dissipation and a clean finish.","_seopress_robots_index":""},"pcb-width":[228],"product-cat":[192],"class_list":{"0":"post-44697","1":"product","2":"type-product","3":"status-publish","4":"has-post-thumbnail","6":"pcb-width-6-12mm","7":"product-cat-surface-led-profile"},"acf":[],"_links":{"self":[{"href":"https:\/\/tangooled.com\/ro\/wp-json\/wp\/v2\/product\/44697","targetHints":{"allow":["GET"]}}],"collection":[{"href":"https:\/\/tangooled.com\/ro\/wp-json\/wp\/v2\/product"}],"about":[{"href":"https:\/\/tangooled.com\/ro\/wp-json\/wp\/v2\/types\/product"}],"wp:featuredmedia":[{"embeddable":true,"href":"https:\/\/tangooled.com\/ro\/wp-json\/wp\/v2\/media\/13307"}],"wp:attachment":[{"href":"https:\/\/tangooled.com\/ro\/wp-json\/wp\/v2\/media?parent=44697"}],"wp:term":[{"taxonomy":"pcb-width","embeddable":true,"href":"https:\/\/tangooled.com\/ro\/wp-json\/wp\/v2\/pcb-width?post=44697"},{"taxonomy":"product-cat","embeddable":true,"href":"https:\/\/tangooled.com\/ro\/wp-json\/wp\/v2\/product-cat?post=44697"}],"curies":[{"name":"wp","href":"https:\/\/api.w.org\/{rel}","templated":true}]}}