{"id":44692,"date":"2026-01-03T02:00:39","date_gmt":"2026-01-03T10:00:39","guid":{"rendered":"https:\/\/tangooled.com\/?post_type=product&#038;p=44692"},"modified":"2026-01-29T17:50:45","modified_gmt":"2026-01-30T01:50:45","slug":"25x6mm-low-profile-led-strip-channel-for-10mm-led-strip-light","status":"publish","type":"product","link":"https:\/\/tangooled.com\/ro\/produs\/25x6mm-low-profile-led-strip-channel-for-10mm-led-strip-light\/","title":{"rendered":"Canal pentru band\u0103 LED de 25x6mm cu profil jos pentru lumin\u0103 LED de 10mm"},"content":{"rendered":"<div class=\"wp-block-group\" style=\"padding-top:var(--wp--preset--spacing--80);padding-bottom:var(--wp--preset--spacing--80)\"><div class=\"wp-block-group__inner-container is-layout-constrained wp-block-group-is-layout-constrained\">\n<p>Luminile tale vor ar\u0103ta curate \u0219i profesionale cu canalul LED de 25x6mm cu profil jos. Aceast\u0103 extrudare sub\u021bire din aluminiu este compus\u0103 din aluminiu anodizat, care este un radiator robust ce men\u021bine benzile tale LED r\u0103coroase \u0219i le face s\u0103 dureze mai mult. Canalul este de dimensiunea potrivit\u0103 pentru spa\u021bii mici, precum rafturi \u0219i dulapuri de buc\u0103t\u0103rie. Poate sus\u021bine benzile LED de p\u00e2n\u0103 la 10mm l\u0103\u021bime, cum ar fi SMD 5050, 2835 \u0219i COB. Protejeaz\u0103 benzile, ascunde cablurile \u0219i dispune de un difuzor opal care \u00eempr\u0103\u0219tie lumina uniform, f\u0103c\u00e2ndu-l s\u0103 arate neted \u0219i profesional. Aceast\u0103 extrudare LED de montare la suprafa\u021b\u0103 vine cu un capac difuzor, clipsuri de montare \u0219i capace de cap\u0103t, astfel \u00eenc\u00e2t s\u0103 o po\u021bi instala u\u0219or \u0219i s\u0103 ob\u021bii un aspect profesional rapid.<\/p>\n<\/div><\/div>\n\n\n\n<div class=\"wp-block-group has-background\" style=\"background-color:#f2f2f2f2;padding-top:var(--wp--preset--spacing--80);padding-bottom:var(--wp--preset--spacing--80)\"><div class=\"wp-block-group__inner-container is-layout-constrained wp-block-group-is-layout-constrained\">\n<div class=\"wp-block-group is-vertical is-layout-flex wp-container-core-group-is-layout-8cf370e7 wp-block-group-is-layout-flex\">\n<h2 class=\"wp-block-heading\" style=\"padding-top:var(--wp--preset--spacing--40);padding-bottom:var(--wp--preset--spacing--40);font-size:25px;font-style:normal;font-weight:600;text-transform:capitalize\">Caracteristici Cheie<\/h2>\n\n\n\n<ul class=\"wp-block-list\">\n<li>Design foarte sub\u021bire: are doar 25mm l\u0103\u021bime \u0219i 6mm \u00een\u0103l\u021bime, astfel \u00eenc\u00e2t se poate potrivi \u00een spa\u021bii mici.<\/li>\n\n\n\n<li>Func\u021bioneaz\u0103 cu benzile LED de 10mm, cum ar fi 5050, 2835 \u0219i banda Philips Hue.<\/li>\n\n\n\n<li>Are un radiator din aluminiu pentru a men\u021bine LED-urile de la supra\u00eenc\u0103lzire.&nbsp;<\/li>\n\n\n\n<li>Dispune de un difuzor opal pentru a oferi o linie de lumin\u0103 neted\u0103 f\u0103r\u0103 str\u0103luciri.<\/li>\n\n\n\n<li>Vine cu clipsuri, capace difuzor \u0219i capace de cap\u0103t pentru o instalare u\u0219oar\u0103.<\/li>\n<\/ul>\n<\/div>\n<\/div><\/div>\n\n\n\n<div class=\"wp-block-group\" style=\"padding-top:var(--wp--preset--spacing--80);padding-bottom:var(--wp--preset--spacing--80)\"><div class=\"wp-block-group__inner-container is-layout-constrained wp-block-group-is-layout-constrained\">\n<div class=\"wp-block-media-text has-media-on-the-right is-stacked-on-mobile\" style=\"padding-top:0;padding-bottom:0;grid-template-columns:auto 40%\"><div class=\"wp-block-media-text__content\">\n<h2 class=\"wp-block-heading\" style=\"font-size:25px;font-style:normal;font-weight:600;text-transform:capitalize\">Cum se folose\u0219te?<\/h2>\n\n\n\n<ul class=\"wp-block-list\">\n<li>Fixeaz\u0103 clipsurile metalice pe suprafa\u021b\u0103.<\/li>\n\n\n\n<li>Pune canalul de aluminiu \u00een clipsuri.<\/li>\n\n\n\n<li>A\u0219az\u0103 banda ta LED de 10mm \u00een canal.<\/li>\n\n\n\n<li>Prinde capacul difuzor opal.<\/li>\n\n\n\n<li>Folose\u0219te capacele de cap\u0103t pentru a termina marginile \u0219i a le face s\u0103 arate frumos.<\/li>\n<\/ul>\n<\/div><figure class=\"wp-block-media-text__media\"><img loading=\"lazy\" decoding=\"async\" width=\"500\" height=\"500\" src=\"https:\/\/tangooled.com\/wp-content\/uploads\/2026\/01\/fp05-ins.webp\" alt=\"Canal pentru band\u0103 LED cu profil joas\u0103 de 25x6 mm pentru lumin\u0103 LED de 10 mm\" class=\"wp-image-44693 size-full\" srcset=\"https:\/\/tangooled.com\/wp-content\/uploads\/2026\/01\/fp05-ins.webp 500w, https:\/\/tangooled.com\/wp-content\/uploads\/2026\/01\/fp05-ins-300x300.webp 300w, https:\/\/tangooled.com\/wp-content\/uploads\/2026\/01\/fp05-ins-150x150.webp 150w\" sizes=\"auto, (max-width: 500px) 100vw, 500px\" \/><\/figure><\/div>\n<\/div><\/div>\n\n\n\n<div class=\"wp-block-group has-background\" style=\"background-color:#f2f2f2;padding-top:var(--wp--preset--spacing--80);padding-bottom:var(--wp--preset--spacing--80)\"><div class=\"wp-block-group__inner-container is-layout-constrained wp-block-group-is-layout-constrained\">\n<h2 class=\"wp-block-heading\" style=\"padding-top:var(--wp--preset--spacing--40);padding-bottom:var(--wp--preset--spacing--40);font-size:25px;font-style:normal;font-weight:600;text-transform:capitalize\">Ce este inclus \u00een kitul t\u0103u?<\/h2>\n\n\n\n<ul class=\"wp-block-list\">\n<li>O bucat\u0103 de canale cu profil jos din aluminiu&nbsp;<\/li>\n\n\n\n<li>O bucat\u0103 de capace difuzor opal<\/li>\n\n\n\n<li>Dou\u0103 clipsuri de montare din metal&nbsp;<\/li>\n\n\n\n<li>Dou\u0103 capace de cap\u0103t (unul cu un orificiu \u0219i unul solid)<\/li>\n<\/ul>\n\n\n\n<p>Acest kit complet are tot ce ai nevoie pentru a instala rapid \u0219i a crea un finisaj neted f\u0103r\u0103 piese suplimentare.<\/p>\n<\/div><\/div>\n\n\n\n<div class=\"wp-block-group\" style=\"padding-top:var(--wp--preset--spacing--80);padding-bottom:var(--wp--preset--spacing--80)\"><div class=\"wp-block-group__inner-container is-layout-constrained wp-block-group-is-layout-constrained\">\n<h2 class=\"wp-block-heading\" style=\"padding-top:var(--wp--preset--spacing--40);padding-bottom:var(--wp--preset--spacing--40);font-size:25px;font-style:normal;font-weight:600;text-transform:capitalize\">Idei de Instalare pentru Proiectul t\u0103u<\/h2>\n\n\n\n<p>Canalul nostru LED cu profil jos func\u021bioneaz\u0103 bine \u00een multe locuri:<\/p>\n\n\n\n<ul class=\"wp-block-list\">\n<li>Sub dulapurile de buc\u0103t\u0103rie: Ofer\u0103 o lumin\u0103 continu\u0103 \u0219i puternic\u0103 pentru g\u0103tit.<\/li>\n\n\n\n<li>\u00cen dulapuri \u0219i garderobe: Lumin\u0103 u\u0219or accesibil\u0103 \u0219i u\u0219or de cur\u0103\u021bat pentru locuri greu de ajuns.<\/li>\n\n\n\n<li>Cazuri de expunere \u0219i rafturi: Perfect pentru iluminarea magazinelor sau a caselor.<\/li>\n\n\n\n<li>Iluminat cove \u0219i arhitectural: face ca tavanul \u0219i pere\u021bii s\u0103 arate modern.<\/li>\n<\/ul>\n<\/div><\/div>\n\n\n\n<div class=\"wp-block-group has-background\" style=\"background-color:#f2f2f2f2;padding-top:var(--wp--preset--spacing--80);padding-bottom:var(--wp--preset--spacing--80)\"><div class=\"wp-block-group__inner-container is-layout-constrained wp-block-group-is-layout-constrained\">\n<h2 class=\"wp-block-heading\" style=\"font-size:25px;font-style:normal;font-weight:600\">Produse asociate pe care s-ar putea s\u0103 le plac\u0103<\/h2>\n\n\n\n<ul class=\"wp-block-list\">\n<li>Pentru un aspect mai \u00eenchis, verific\u0103 <a href=\"https:\/\/tangooled.com\/ro\/produs\/black-led-profile-with-black-diffuser-for-10mm-led-strip-light\/\"><mark style=\"background-color:rgba(0, 0, 0, 0)\" class=\"has-inline-color has-vivid-red-color\">profil LED negru cu difuzor negru pentru LED strip de 10mm<\/mark><\/a>.<\/li>\n\n\n\n<li>Ai nevoie de un canal pentru benzile mai late? Vezi <a href=\"https:\/\/tangooled.com\/ro\/produs\/black-led-diffuser-aluminum-channel-for-12mm-tape-lights\/\"><mark style=\"background-color:rgba(0, 0, 0, 0)\" class=\"has-inline-color has-vivid-red-color\">canal din aluminiu cu difuzor LED negru pentru benzi de lumin\u0103 de 12 mm<\/mark><\/a>.<\/li>\n\n\n\n<li>\u00cencearc\u0103 <a href=\"https:\/\/tangooled.com\/ro\/produs\/surface-mount-led-profile-with-frosted-diffuser-for-10mm-rope-lights\/\"><mark style=\"background-color:rgba(0, 0, 0, 0)\" class=\"has-inline-color has-vivid-red-color\">profilul LED montat pe suprafa\u021b\u0103 cu difuzor frosted pentru benzi de lumin\u0103 de 10 mm <\/mark><\/a>pentru un stil \u0219i dimensiune similar\u0103.<\/li>\n<\/ul>\n<\/div><\/div>\n\n\n\n<p><\/p>","protected":false},"featured_media":13304,"template":"","meta":{"_acf_changed":true,"_seopress_robots_primary_cat":"none","_seopress_titles_title":"25x6mm Aluminum Low Profile LED Channel for 10mm Strips | TANGOOLED","_seopress_titles_desc":"The FP05 is a 25x6mm low profile LED channel designed for 10mm LED strips. Its ultra-slim aluminum design is perfect for surface-mounted lighting with a minimalist look.","_seopress_robots_index":""},"pcb-width":[228],"product-cat":[192],"class_list":{"0":"post-44692","1":"product","2":"type-product","3":"status-publish","4":"has-post-thumbnail","6":"pcb-width-6-12mm","7":"product-cat-surface-led-profile"},"acf":[],"_links":{"self":[{"href":"https:\/\/tangooled.com\/ro\/wp-json\/wp\/v2\/product\/44692","targetHints":{"allow":["GET"]}}],"collection":[{"href":"https:\/\/tangooled.com\/ro\/wp-json\/wp\/v2\/product"}],"about":[{"href":"https:\/\/tangooled.com\/ro\/wp-json\/wp\/v2\/types\/product"}],"wp:featuredmedia":[{"embeddable":true,"href":"https:\/\/tangooled.com\/ro\/wp-json\/wp\/v2\/media\/13304"}],"wp:attachment":[{"href":"https:\/\/tangooled.com\/ro\/wp-json\/wp\/v2\/media?parent=44692"}],"wp:term":[{"taxonomy":"pcb-width","embeddable":true,"href":"https:\/\/tangooled.com\/ro\/wp-json\/wp\/v2\/pcb-width?post=44692"},{"taxonomy":"product-cat","embeddable":true,"href":"https:\/\/tangooled.com\/ro\/wp-json\/wp\/v2\/product-cat?post=44692"}],"curies":[{"name":"wp","href":"https:\/\/api.w.org\/{rel}","templated":true}]}}