{"id":44689,"date":"2026-01-03T01:56:11","date_gmt":"2026-01-03T09:56:11","guid":{"rendered":"https:\/\/tangooled.com\/?post_type=product&#038;p=44689"},"modified":"2026-01-29T17:46:02","modified_gmt":"2026-01-30T01:46:02","slug":"led-light-diffuser-channel-aluminum-15x12mm-for-10mm-led-strips","status":"publish","type":"product","link":"https:\/\/tangooled.com\/ro\/produs\/led-light-diffuser-channel-aluminum-15x12mm-for-10mm-led-strips\/","title":{"rendered":"canal din aluminiu pentru difuzor de lumin\u0103 LED 15x12mm pentru benzi LED de 10mm"},"content":{"rendered":"<div class=\"wp-block-group\" style=\"padding-top:var(--wp--preset--spacing--80);padding-bottom:var(--wp--preset--spacing--80)\"><div class=\"wp-block-group__inner-container is-layout-constrained wp-block-group-is-layout-constrained\">\n<p>Dac\u0103 dori\u021bi o iluminare LED curat\u0103 \u0219i f\u0103r\u0103 puncte, canalul nostru pentru difuzor de lumin\u0103 LED de 15x12mm este alegerea ideal\u0103. Acest canal este fabricat dintr-un extrudat din aluminiu anodizat rezistent \u0219i are un difuzor din policarbonat opal. Ofer\u0103 un aspect profesional \u0219i o distribu\u021bie uniform\u0103 a luminii f\u0103r\u0103 puncte LED. Cele mai multe benzi LED tipice de p\u00e2n\u0103 la 10mm l\u0103\u021bime, cum ar fi SMD2835 \u0219i benzi LED COB, se potrivesc bine \u00een acest canal de difuzor de lumin\u0103 LED de 15x12mm.&nbsp;<\/p>\n<\/div><\/div>\n\n\n\n<div class=\"wp-block-group has-background\" style=\"background-color:#f2f2f2f2;padding-top:var(--wp--preset--spacing--80);padding-bottom:var(--wp--preset--spacing--80)\"><div class=\"wp-block-group__inner-container is-layout-constrained wp-block-group-is-layout-constrained\">\n<div class=\"wp-block-group is-vertical is-layout-flex wp-container-core-group-is-layout-8cf370e7 wp-block-group-is-layout-flex\">\n<h2 class=\"wp-block-heading\" style=\"padding-top:var(--wp--preset--spacing--40);padding-bottom:var(--wp--preset--spacing--40);font-size:25px;font-style:normal;font-weight:600;text-transform:capitalize\">De ce s\u0103 alege\u021bi canalul nostru de difuzor de lumin\u0103 LED de 15x12mm?<\/h2>\n\n\n\n<ul class=\"wp-block-list\">\n<li>Iluminare f\u0103r\u0103 puncte: Capacitatea difuzorului opal \u00eembl\u00e2nze\u0219te lumina \u0219i ascunde cipurile LED, oferindu-v\u0103 o str\u0103lucire uniform\u0103.<\/li>\n\n\n\n<li>Disipare excelent\u0103 a c\u0103ldurii: Fabricat din aluminiu anodizat 6063-T5, acesta absoarbe c\u0103ldura de la banda dumneavoastr\u0103 LED pentru a o men\u021bine rece \u0219i pentru a-i cre\u0219te durata de via\u021b\u0103.<\/li>\n\n\n\n<li>Protejeaz\u0103 banda ta LED: Men\u021bine praful, umiditatea \u0219i daunele fizice departe de lumini.<\/li>\n\n\n\n<li>U\u0219or de instalat: Vine cu capace de cap\u0103t, cleme de montare \u0219i un capac care se prinde u\u0219or pentru o configurare rapid\u0103.<\/li>\n\n\n\n<li>Profil elegant: Profilul sub\u021bire de 15x12mm din aluminiu se potrive\u0219te perfect \u00een loca\u021bii str\u00e2mte f\u0103r\u0103 a afecta calitatea luminii.<\/li>\n\n\n\n<li>Montare flexibil\u0103: \u00cel pute\u021bi instala pe o suprafa\u021b\u0103 sau \u00eentr-un perete sau \u00eentr-o pies\u0103 de mobilier, fiind minunat pentru designuri moderne \u0219i simple.<\/li>\n<\/ul>\n<\/div>\n<\/div><\/div>\n\n\n\n<div class=\"wp-block-group\" style=\"padding-top:var(--wp--preset--spacing--80);padding-bottom:var(--wp--preset--spacing--80)\"><div class=\"wp-block-group__inner-container is-layout-constrained wp-block-group-is-layout-constrained\">\n<div class=\"wp-block-media-text has-media-on-the-right is-stacked-on-mobile\" style=\"padding-top:0;padding-bottom:0;grid-template-columns:auto 40%\"><div class=\"wp-block-media-text__content\">\n<h2 class=\"wp-block-heading\" style=\"font-size:25px;font-style:normal;font-weight:600;text-transform:capitalize\">Instalare &amp; Compatibilitate<\/h2>\n\n\n\n<ul class=\"wp-block-list\">\n<li>Func\u021bioneaz\u0103 cu toate luminile standard cu band\u0103 de p\u00e2n\u0103 la 10mm l\u0103\u021bime, inclusiv benzi LED SMD 3528, 5050 \u0219i COB.<\/li>\n\n\n\n<li>Cum s\u0103 monta\u021bi: Folosi\u021bi capacele \u0219i suporturile de montare incluse. Func\u021bioneaz\u0103 bine \u00een montajul pe suprafa\u021b\u0103 sau \u00een caneluri frezate pentru aranjamente LED f\u0103r\u0103 ram\u0103.<\/li>\n\n\n\n<li>Difuzarea luminii: Pentru cele mai bune eficien\u021be de iluminare LED f\u0103r\u0103 puncte, utiliza\u021bi benzi LED de densitate \u00eenalt\u0103 (120+ LEDs\/m) cu acest canal.<\/li>\n\n\n\n<li>Accesorii incluse: Include capace de cap\u0103t potrivite pentru a etan\u0219a profilul; un capac are un orificiu pre-g\u0103urit pentru gestionarea cablurilor.<\/li>\n<\/ul>\n<\/div><figure class=\"wp-block-media-text__media\"><img loading=\"lazy\" decoding=\"async\" width=\"500\" height=\"500\" src=\"https:\/\/tangooled.com\/wp-content\/uploads\/2026\/01\/ifp04-ins.webp\" alt=\"canal din aluminiu pentru difuzor de lumin\u0103 LED 15x12mm pentru benzi LED de 10mm\" class=\"wp-image-44690 size-full\" srcset=\"https:\/\/tangooled.com\/wp-content\/uploads\/2026\/01\/ifp04-ins.webp 500w, https:\/\/tangooled.com\/wp-content\/uploads\/2026\/01\/ifp04-ins-300x300.webp 300w, https:\/\/tangooled.com\/wp-content\/uploads\/2026\/01\/ifp04-ins-150x150.webp 150w\" sizes=\"auto, (max-width: 500px) 100vw, 500px\" \/><\/figure><\/div>\n<\/div><\/div>\n\n\n\n<div class=\"wp-block-group has-background\" style=\"background-color:#f2f2f2;padding-top:var(--wp--preset--spacing--80);padding-bottom:var(--wp--preset--spacing--80)\"><div class=\"wp-block-group__inner-container is-layout-constrained wp-block-group-is-layout-constrained\">\n<h2 class=\"wp-block-heading\" style=\"padding-top:var(--wp--preset--spacing--40);padding-bottom:var(--wp--preset--spacing--40);font-size:25px;font-style:normal;font-weight:600;text-transform:capitalize\">Utiliz\u0103ri ideale pentru canalul nostru de difuzor de lumin\u0103 LED 15x12mm<\/h2>\n\n\n\n<p>Canalul nostru este excelent pentru multe sarcini de iluminare, cum ar fi:<\/p>\n\n\n\n<ul class=\"wp-block-list\">\n<li>Iluminare de accent care iese din perete \u00een case \u0219i afaceri.<\/li>\n\n\n\n<li>Iluminare pentru sarcini, uniform\u0103 sub dulapuri \u0219i \u00een buc\u0103t\u0103rie.<\/li>\n\n\n\n<li>Iluminare pentru expunerea produselor care face lucrurile s\u0103 str\u0103luceasc\u0103.<\/li>\n\n\n\n<li>Iluminare de accent \u00een corni\u0219e \u0219i tavane \u00een afaceri.<\/li>\n\n\n\n<li>Iluminare pentru dulapuri \u0219i garderobe care arat\u0103 frumos \u0219i curat.<\/li>\n\n\n\n<li>Profile de iluminare arhitectural\u0103 care necesit\u0103 o finisare neted\u0103.<\/li>\n\n\n\n<li>Iluminare pentru rafturi \u0219i lucr\u0103ri de lemn care ofer\u0103 un aspect elegant \u0219i \u00eengropat.<\/li>\n<\/ul>\n<\/div><\/div>\n\n\n\n<div class=\"wp-block-group\" style=\"padding-top:var(--wp--preset--spacing--80);padding-bottom:var(--wp--preset--spacing--80)\"><div class=\"wp-block-group__inner-container is-layout-constrained wp-block-group-is-layout-constrained\">\n<h2 class=\"wp-block-heading\" style=\"padding-top:var(--wp--preset--spacing--40);padding-bottom:var(--wp--preset--spacing--40);font-size:25px;font-style:normal;font-weight:600;text-transform:capitalize\">Produse aferente pe care s-ar putea s\u0103 le dori\u021bi:<\/h2>\n\n\n\n<ul class=\"wp-block-list\">\n<li><a href=\"https:\/\/tangooled.com\/ro\/produs\/black-led-diffuser-aluminum-channel-for-12mm-tape-lights\/\"><mark style=\"background-color:rgba(0, 0, 0, 0)\" class=\"has-inline-color has-vivid-red-color\">Canal din aluminiu cu difuzor LED negru pentru benzi de 12mm<\/mark><\/a><\/li>\n\n\n\n<li><a href=\"https:\/\/tangooled.com\/ro\/produs\/surface-mount-led-profile-with-frosted-diffuser-for-10mm-rope-lights\/\"><mark style=\"background-color:rgba(0, 0, 0, 0)\" class=\"has-inline-color has-vivid-red-color\">Profil LED de montare pe suprafa\u021b\u0103 cu difuzor satin pentru benzile de 10mm<\/mark><\/a><\/li>\n\n\n\n<li><a href=\"https:\/\/tangooled.com\/ro\/produs\/led-light-diffuser-channel-aluminum-15x12mm-for-10mm-led-strips\/\"><mark style=\"background-color:rgba(0, 0, 0, 0)\" class=\"has-inline-color has-vivid-red-color\">canal din aluminiu pentru difuzor de lumin\u0103 LED 15x12mm pentru benzi LED de 10mm<\/mark><\/a><\/li>\n<\/ul>\n<\/div><\/div>\n\n\n\n<div class=\"wp-block-group has-background\" style=\"background-color:#f2f2f2f2;padding-top:var(--wp--preset--spacing--80);padding-bottom:var(--wp--preset--spacing--80)\"><div class=\"wp-block-group__inner-container is-layout-constrained wp-block-group-is-layout-constrained\">\n<h2 class=\"wp-block-heading\" style=\"padding-top:var(--wp--preset--spacing--40);padding-bottom:var(--wp--preset--spacing--40);font-size:25px;font-style:normal;font-weight:600\">Rezumat<\/h2>\n\n\n\n<p style=\"padding-right:var(--wp--preset--spacing--50);padding-left:var(--wp--preset--spacing--50)\">The 15x12mm LED light diffuser channel is a sleek, durable, and adaptable aluminum profile that will enhance the appearance of any lighting project. Not only does this linear lighting solution protect your LED strips from dust and damage, but it also ensures they remain functional for a long time by letting heat escape easily. It\u00a0is great for use as an under-cabinet light channel and retail shelf lighting.<\/p>\n<\/div><\/div>\n\n\n\n<p><\/p>","protected":false},"featured_media":13322,"template":"","meta":{"_acf_changed":true,"_seopress_robots_primary_cat":"none","_seopress_titles_title":"Aluminum LED Light Diffuser Channel 15x12mm | TANGOOLED","_seopress_titles_desc":"Source the IFP04 LED light diffuser channel in a 15x12mm size. This aluminum profile fits 10mm strips, providing a clean look and high-quality heat dissipation.","_seopress_robots_index":""},"pcb-width":[228],"product-cat":[192],"class_list":{"0":"post-44689","1":"product","2":"type-product","3":"status-publish","4":"has-post-thumbnail","6":"pcb-width-6-12mm","7":"product-cat-surface-led-profile"},"acf":[],"_links":{"self":[{"href":"https:\/\/tangooled.com\/ro\/wp-json\/wp\/v2\/product\/44689","targetHints":{"allow":["GET"]}}],"collection":[{"href":"https:\/\/tangooled.com\/ro\/wp-json\/wp\/v2\/product"}],"about":[{"href":"https:\/\/tangooled.com\/ro\/wp-json\/wp\/v2\/types\/product"}],"wp:featuredmedia":[{"embeddable":true,"href":"https:\/\/tangooled.com\/ro\/wp-json\/wp\/v2\/media\/13322"}],"wp:attachment":[{"href":"https:\/\/tangooled.com\/ro\/wp-json\/wp\/v2\/media?parent=44689"}],"wp:term":[{"taxonomy":"pcb-width","embeddable":true,"href":"https:\/\/tangooled.com\/ro\/wp-json\/wp\/v2\/pcb-width?post=44689"},{"taxonomy":"product-cat","embeddable":true,"href":"https:\/\/tangooled.com\/ro\/wp-json\/wp\/v2\/product-cat?post=44689"}],"curies":[{"name":"wp","href":"https:\/\/api.w.org\/{rel}","templated":true}]}}