{"id":44685,"date":"2026-01-03T01:51:51","date_gmt":"2026-01-03T09:51:51","guid":{"rendered":"https:\/\/tangooled.com\/?post_type=product&#038;p=44685"},"modified":"2026-01-29T22:32:27","modified_gmt":"2026-01-30T06:32:27","slug":"black-aluminum-u-channel-profile-for-10mm-led-strips","status":"publish","type":"product","link":"https:\/\/tangooled.com\/ro\/produs\/black-aluminum-u-channel-profile-for-10mm-led-strips\/","title":{"rendered":"profil din aluminiu negru \u00een form\u0103 de U pentru benzi LED de 10 mm"},"content":{"rendered":"<div class=\"wp-block-group\" style=\"padding-top:var(--wp--preset--spacing--80);padding-bottom:var(--wp--preset--spacing--80)\"><div class=\"wp-block-group__inner-container is-layout-constrained wp-block-group-is-layout-constrained\">\n<p>Profilul nostru din aluminiu negru IFP03 este conceput special pentru benzile tale LED de 10 mm. Aceast\u0103 \u0219in\u0103 din aluminiu, \u00een form\u0103 de U, protejeaz\u0103 \u00een siguran\u021b\u0103 luminile de praf, murd\u0103rie \u0219i daune, ac\u021bion\u00e2nd ca un radiator pentru a ajuta LED-urile s\u0103 dureze mai mult. Designul s\u0103u pentru montare pe suprafa\u021b\u0103 \u00eel face u\u0219or de montat direct pe suprafe\u021be plate, cum ar fi pere\u021bi, rafturi sau dulapuri. Acest canal LED negru este alegerea perfect\u0103 pentru oricine dore\u0219te o lumin\u0103 curat\u0103, str\u0103lucitoare \u0219i uniform\u0103 pentru proiectele sale de acas\u0103 sau birou.<\/p>\n<\/div><\/div>\n\n\n\n<div class=\"wp-block-group has-background\" style=\"background-color:#f2f2f2f2;padding-top:var(--wp--preset--spacing--80);padding-bottom:var(--wp--preset--spacing--80)\"><div class=\"wp-block-group__inner-container is-layout-constrained wp-block-group-is-layout-constrained\">\n<div class=\"wp-block-group is-vertical is-layout-flex wp-container-core-group-is-layout-8cf370e7 wp-block-group-is-layout-flex\">\n<h2 class=\"wp-block-heading\" style=\"padding-top:var(--wp--preset--spacing--40);padding-bottom:var(--wp--preset--spacing--40);font-size:25px;font-style:normal;font-weight:600;text-transform:capitalize\">De ce s\u0103 folose\u0219ti canalul nostru LED din aluminiu negru?<\/h2>\n\n\n\n<ul class=\"wp-block-list\">\n<li>Form\u0103: Canalul are un profil elegant \u0219i sub\u021bire \u00een form\u0103 de U. Designul s\u0103u de mic\u0103 \u00een\u0103l\u021bime creeaz\u0103 linii de lumin\u0103 curate \u0219i simple care se potrivesc cu orice stil modern de construc\u021bie.<\/li>\n\n\n\n<li>Material \u0219i finisaj: Fabricat din aliaj de aluminiu extrudat 6063 cu un finisaj anodizat de \u00eenalt\u0103 calitate \u00een culoare neagr\u0103. Acest lucru asigur\u0103 o disipare excelent\u0103 a c\u0103ldurii, ceea ce va prelungi durata de via\u021b\u0103 a LED-urilor.<\/li>\n\n\n\n<li>Op\u021biuni de finisare: \u00cen plus fa\u021b\u0103 de negru, acest canal este disponibil \u0219i \u00een alb \u0219i argintiu pentru a complementa orice decor.<\/li>\n\n\n\n<li>Compatibilitate: Func\u021bioneaz\u0103 cu cele mai multe lumini LED de band\u0103 de p\u00e2n\u0103 la 10 mm l\u0103\u021bime.<\/li>\n\n\n\n<li>Kit complet de accesorii: Fiecare canal vine cu capace de cap\u0103t \u0219i clipsuri de montare potrivite pentru o instalare rapid\u0103 \u0219i u\u0219oar\u0103.<\/li>\n<\/ul>\n<\/div>\n<\/div><\/div>\n\n\n\n<div class=\"wp-block-group\" style=\"padding-top:var(--wp--preset--spacing--80);padding-bottom:var(--wp--preset--spacing--80)\"><div class=\"wp-block-group__inner-container is-layout-constrained wp-block-group-is-layout-constrained\">\n<div class=\"wp-block-media-text has-media-on-the-right is-stacked-on-mobile\" style=\"padding-top:0;padding-bottom:0;grid-template-columns:auto 40%\"><div class=\"wp-block-media-text__content\">\n<h2 class=\"wp-block-heading\" style=\"font-size:25px;font-style:normal;font-weight:600;text-transform:capitalize\">Cum s\u0103-l instalezi u\u0219or<\/h2>\n\n\n\n<ul class=\"wp-block-list\">\n<li>Taie canalul din aluminiu negru \u00een lungimea potrivit\u0103.<\/li>\n\n\n\n<li>Folose\u0219te \u0219uruburi sau clipsuri de montare pentru a men\u021bine canalul pe suprafa\u021b\u0103.<\/li>\n\n\n\n<li>Introduce banda ta LED de 10 mm \u00een canal.<\/li>\n\n\n\n<li>Pentru a face lumina mai moale \u0219i a o dispersa, pune capacul difuzor.<\/li>\n\n\n\n<li>Pentru a finaliza aspectul \u0219i a proteja cablurile, pune capacele de cap\u0103t.<\/li>\n<\/ul>\n<\/div><figure class=\"wp-block-media-text__media\"><img loading=\"lazy\" decoding=\"async\" width=\"500\" height=\"500\" src=\"https:\/\/tangooled.com\/wp-content\/uploads\/2026\/01\/ifp03-ins.webp\" alt=\"profil canal U din aluminiu negru pentru benzi LED de 10mm\" class=\"wp-image-44687 size-full\" srcset=\"https:\/\/tangooled.com\/wp-content\/uploads\/2026\/01\/ifp03-ins.webp 500w, https:\/\/tangooled.com\/wp-content\/uploads\/2026\/01\/ifp03-ins-300x300.webp 300w, https:\/\/tangooled.com\/wp-content\/uploads\/2026\/01\/ifp03-ins-150x150.webp 150w\" sizes=\"auto, (max-width: 500px) 100vw, 500px\" \/><\/figure><\/div>\n<\/div><\/div>\n\n\n\n<div class=\"wp-block-group has-background\" style=\"background-color:#f2f2f2;padding-top:var(--wp--preset--spacing--80);padding-bottom:var(--wp--preset--spacing--80)\"><div class=\"wp-block-group__inner-container is-layout-constrained wp-block-group-is-layout-constrained\">\n<h2 class=\"wp-block-heading\" style=\"padding-top:var(--wp--preset--spacing--40);padding-bottom:var(--wp--preset--spacing--40);font-size:25px;font-style:normal;font-weight:600;text-transform:capitalize\">Unde s\u0103 \u00eel folose\u0219ti?<\/h2>\n\n\n\n<p>Canalul nostru din aluminiu negru se poate adapta \u00een multe locuri diferite pentru iluminat! Iat\u0103 c\u00e2teva sugestii:<\/p>\n\n\n\n<ul class=\"wp-block-list\">\n<li>Iluminare sub dulap: F\u0103 buc\u0103t\u0103ria sau biroul mai str\u0103lucitor \u0219i men\u021bine-l curat.<\/li>\n\n\n\n<li>Iluminare \u00een col\u021buri: Ilumineaz\u0103 pere\u021bii sau tavanele \u00eentr-un mod subtil.<\/li>\n\n\n\n<li>Iluminare pe rafturi: Ilumineaz\u0103 c\u0103r\u021bile sau alte obiecte pentru a le face s\u0103 ias\u0103 \u00een eviden\u021b\u0103.<\/li>\n\n\n\n<li>Lights in the closet and wardrobe:\u00a0 Make it easy to\u00a0find things.<\/li>\n\n\n\n<li>Vitrine: P\u0103streaz\u0103 lucrurile tale favorite \u00een siguran\u021b\u0103 \u0219i bine iluminate.<\/li>\n<\/ul>\n<\/div><\/div>\n\n\n\n<div class=\"wp-block-group\" style=\"padding-top:var(--wp--preset--spacing--80);padding-bottom:var(--wp--preset--spacing--80)\"><div class=\"wp-block-group__inner-container is-layout-constrained wp-block-group-is-layout-constrained\">\n<h2 class=\"wp-block-heading\" style=\"padding-top:var(--wp--preset--spacing--40);padding-bottom:var(--wp--preset--spacing--40);font-size:25px;font-style:normal;font-weight:600;text-transform:capitalize\">what&#8217;s in a kit?<\/h2>\n\n\n\n<ul class=\"wp-block-list\">\n<li>1 x Canal din aluminiu negru \u00een form\u0103 de U<\/li>\n\n\n\n<li>1 x Difuziun\u0103 opal mat\u0103<\/li>\n\n\n\n<li>2 Capace de cap\u0103t <\/li>\n\n\n\n<li>2 Clipsuri de montare <\/li>\n<\/ul>\n<\/div><\/div>\n\n\n\n<div class=\"wp-block-group has-background\" style=\"background-color:#f2f2f2f2;padding-top:var(--wp--preset--spacing--80);padding-bottom:var(--wp--preset--spacing--80)\"><div class=\"wp-block-group__inner-container is-layout-constrained wp-block-group-is-layout-constrained\">\n<h2 class=\"wp-block-heading\" style=\"font-size:25px;font-style:normal;font-weight:600\">Profile LED asociate pe care s-ar putea s\u0103 le plac\u0103<\/h2>\n\n\n\n<ul class=\"wp-block-list\">\n<li>Verific\u0103 <a href=\"https:\/\/tangooled.com\/ro\/produs\/black-led-profile-with-black-diffuser-for-10mm-led-strip-light\/\"><mark style=\"background-color:rgba(0, 0, 0, 0)\" class=\"has-inline-color has-vivid-red-color\">Profil LED negru cu difuzor negru pentru iluminarea benzilor LED de 10mm <\/mark><\/a>pentru mai multe op\u021biuni de stil.<\/li>\n\n\n\n<li>Ai nevoie de o op\u021biune mai lat\u0103? Vezi<a href=\"https:\/\/tangooled.com\/ro\/produs\/black-led-diffuser-aluminum-channel-for-12mm-tape-lights\/\"><mark style=\"background-color:rgba(0, 0, 0, 0)\" class=\"has-inline-color has-vivid-red-color\"> Canal din aluminiu pentru difuzor LED negru, pentru lumini cu band\u0103 de 12 mm<\/mark><\/a>.<\/li>\n\n\n\n<li>Exploreaz\u0103 <a href=\"https:\/\/tangooled.com\/ro\/produs\/led-strip-light-channel-aluminum-profile-with-diffused-cover-6mm-height\/\"><mark style=\"background-color:rgba(0, 0, 0, 0)\" class=\"has-inline-color has-vivid-red-color\">Canal din aluminiu pentru luminile LED cu capac difuzor de 6mm \u00een\u0103l\u021bime<\/mark><\/a> pentru instal\u0103ri versatile.<\/li>\n\n\n\n<li>Pentru designuri ultra sub\u021biri, exploreaz\u0103 <a href=\"https:\/\/tangooled.com\/ro\/produs\/surface-mount-led-profile-with-frosted-diffuser-for-10mm-rope-lights\/\"><mark style=\"background-color:rgba(0, 0, 0, 0)\" class=\"has-inline-color has-vivid-red-color\">Profil LED de montare pe suprafa\u021b\u0103 cu difuzor frosted pentru lumini de sfoar\u0103 de 10mm<\/mark><\/a> pentru a men\u021bine iluminatul flush \u0219i rafinat.<\/li>\n<\/ul>\n<\/div><\/div>\n\n\n\n<div class=\"wp-block-group\" style=\"padding-top:var(--wp--preset--spacing--80);padding-bottom:var(--wp--preset--spacing--80)\"><div class=\"wp-block-group__inner-container is-layout-constrained wp-block-group-is-layout-constrained\">\n<h2 class=\"wp-block-heading\" style=\"padding-top:var(--wp--preset--spacing--40);padding-bottom:var(--wp--preset--spacing--40);font-size:25px;font-style:normal;font-weight:600;text-transform:capitalize\">Rezumat<\/h2>\n\n\n\n<p>Our black aluminum U channel is the best way to\u00a0display\u00a0your 10mm LED profile strips in a clean, safe style. It has a smooth black finish, makes your lights last longer, and covers surface-mount LED strips so they glow evenly. Get the black aluminum U channel profile for 10mm LED strips today and let your project glow with smooth, bright light!<\/p>\n<\/div><\/div>\n\n\n\n<p><\/p>","protected":false},"featured_media":40747,"template":"","meta":{"_acf_changed":true,"_seopress_robots_primary_cat":"none","_seopress_titles_title":"Black Aluminum U Channel for 10mm LED Strips | TANGOOLED","_seopress_titles_desc":"Source the IFP03 black aluminum U channel profile. Perfect for 10mm LED strips, offering a sleek housing and excellent heat dissipation for modern lighting projects.","_seopress_robots_index":""},"pcb-width":[228],"product-cat":[192],"class_list":{"0":"post-44685","1":"product","2":"type-product","3":"status-publish","4":"has-post-thumbnail","6":"pcb-width-6-12mm","7":"product-cat-surface-led-profile"},"acf":[],"_links":{"self":[{"href":"https:\/\/tangooled.com\/ro\/wp-json\/wp\/v2\/product\/44685","targetHints":{"allow":["GET"]}}],"collection":[{"href":"https:\/\/tangooled.com\/ro\/wp-json\/wp\/v2\/product"}],"about":[{"href":"https:\/\/tangooled.com\/ro\/wp-json\/wp\/v2\/types\/product"}],"wp:featuredmedia":[{"embeddable":true,"href":"https:\/\/tangooled.com\/ro\/wp-json\/wp\/v2\/media\/40747"}],"wp:attachment":[{"href":"https:\/\/tangooled.com\/ro\/wp-json\/wp\/v2\/media?parent=44685"}],"wp:term":[{"taxonomy":"pcb-width","embeddable":true,"href":"https:\/\/tangooled.com\/ro\/wp-json\/wp\/v2\/pcb-width?post=44685"},{"taxonomy":"product-cat","embeddable":true,"href":"https:\/\/tangooled.com\/ro\/wp-json\/wp\/v2\/product-cat?post=44685"}],"curies":[{"name":"wp","href":"https:\/\/api.w.org\/{rel}","templated":true}]}}