{"id":44683,"date":"2026-01-03T01:46:21","date_gmt":"2026-01-03T09:46:21","guid":{"rendered":"https:\/\/tangooled.com\/?post_type=product&#038;p=44683"},"modified":"2026-01-31T07:33:26","modified_gmt":"2026-01-31T15:33:26","slug":"surface-mount-led-profile-with-frosted-diffuser-for-10mm-rope-lights","status":"publish","type":"product","link":"https:\/\/tangooled.com\/ro\/produs\/surface-mount-led-profile-with-frosted-diffuser-for-10mm-rope-lights\/","title":{"rendered":"profil LED montat pe suprafa\u021b\u0103 cu difuzor mat pentru lumini cu sfoar\u0103 de 10 mm"},"content":{"rendered":"<div class=\"wp-block-group\" style=\"padding-top:var(--wp--preset--spacing--80);padding-bottom:var(--wp--preset--spacing--80)\"><div class=\"wp-block-group__inner-container is-layout-constrained wp-block-group-is-layout-constrained\">\n<p>Profilul nostru LED montat pe supra\u021b\u0103 FP04 cu difuzor mat va face ca lumini\u021bele LED s\u0103 str\u0103luceasc\u0103 intens \u0219i uniform. Acest canal de aluminiu cu difuzor mat este special conceput pentru lumini cu sfoar\u0103 de 10 mm \u0219i benzi LED, asigur\u00e2nd o fixare str\u00e2ns\u0103 pentru iluminatul liniar. Capacelul difuzor mat de pe canalul de aluminiu protejeaz\u0103 banda LED, permi\u021b\u00e2nd c\u0103ldura s\u0103 ias\u0103 mai u\u0219or \u0219i oferind o lumin\u0103 moale, uniform\u0103, f\u0103r\u0103 puncte. Instalarea este simpl\u0103 \u0219i u\u0219oar\u0103. Pute\u021bi folosi cleme sau band\u0103 adeziv\u0103 pentru a-l monta pe o suprafa\u021b\u0103. Profilul este minunat pentru iluminarea plafoanelor, pere\u021bilor sau sub dulapuri.<\/p>\n<\/div><\/div>\n\n\n\n<div class=\"wp-block-group has-background\" style=\"background-color:#f2f2f2f2;padding-top:var(--wp--preset--spacing--80);padding-bottom:var(--wp--preset--spacing--80)\"><div class=\"wp-block-group__inner-container is-layout-constrained wp-block-group-is-layout-constrained\">\n<div class=\"wp-block-group is-vertical is-layout-flex wp-container-core-group-is-layout-8cf370e7 wp-block-group-is-layout-flex\">\n<h2 class=\"wp-block-heading\" style=\"padding-top:var(--wp--preset--spacing--40);padding-bottom:var(--wp--preset--spacing--40);font-size:25px;font-style:normal;font-weight:600;text-transform:capitalize\">De ce s\u0103 alegi profilul nostru LED cu difuzor mat?<\/h2>\n\n\n\n<ul class=\"wp-block-list\">\n<li>Lumin\u0103 uniform\u0103 \u0219i moale: Difuzorul opal (mat) face ca punctele LED s\u0103 arate ca o linie str\u0103lucitoare.<\/li>\n\n\n\n<li>Carcas\u0103 din aluminiu rezistent\u0103: Corpul din aluminiu anodizat este de \u00eenalt\u0103 calitate \u0219i func\u021bioneaz\u0103 ca radiator. Men\u021bine benzile LED reci \u0219i le face s\u0103 dureze mai mult.<\/li>\n\n\n\n<li>\u00cencadrare perfect\u0103: Acestea sunt f\u0103cute pentru benzile LED \u0219i lumini cu sfoar\u0103 care au 10 mm l\u0103\u021bime, cum ar fi cele populare SMD 5050, 2835, 3528 \u0219i COB.<\/li>\n\n\n\n<li>U\u0219or de montat: Vine cu cleme, \u0219uruburi \u0219i capace de cap\u0103t, astfel \u00eenc\u00e2t s\u0103 \u00eel pute\u021bi instala pe suprafe\u021be plate, cum ar fi pere\u021bii sau \u00een spatele dulapurilor.<\/li>\n\n\n\n<li>Culori diferite: Pute\u021bi alege din finisaje argintii, negre sau albe pentru a completa stilul casei sau proiectului dumneavoastr\u0103.<\/li>\n<\/ul>\n<\/div>\n<\/div><\/div>\n\n\n\n<div class=\"wp-block-group\" style=\"padding-top:var(--wp--preset--spacing--80);padding-bottom:var(--wp--preset--spacing--80)\"><div class=\"wp-block-group__inner-container is-layout-constrained wp-block-group-is-layout-constrained\">\n<div class=\"wp-block-media-text has-media-on-the-right is-stacked-on-mobile\" style=\"padding-top:0;padding-bottom:0;grid-template-columns:auto 40%\"><div class=\"wp-block-media-text__content\">\n<h2 class=\"wp-block-heading\" style=\"font-size:25px;font-style:normal;font-weight:600;text-transform:capitalize\">Ghid de instalare u\u0219or<\/h2>\n\n\n\n<ul class=\"wp-block-list\">\n<li>T\u0103ia\u021bi \u0219i m\u0103sura\u021bi profilul la lungimea dorit\u0103.<\/li>\n\n\n\n<li>Fixeaz\u0103 clemele de montare pe tavan, perete sau dulap.<\/li>\n\n\n\n<li>Introduce\u021bi profilul de aluminiu \u00een cleme.<\/li>\n\n\n\n<li>Pune\u021bi banda LED sau lumina cu sfoar\u0103 de 10 mm \u00een canal.<\/li>\n\n\n\n<li>Pentru a face ca lumina s\u0103 se disperseze uniform, pune\u021bi capacul difuzor mat deasupra.<\/li>\n\n\n\n<li>Pune\u021bi capacele de cap\u0103t pentru a finaliza o instalare ordine.<\/li>\n<\/ul>\n<\/div><figure class=\"wp-block-media-text__media\"><img loading=\"lazy\" decoding=\"async\" width=\"500\" height=\"500\" src=\"https:\/\/tangooled.com\/wp-content\/uploads\/2026\/01\/fp04-ins.webp\" alt=\"profil LED montat pe suprafa\u021b\u0103 cu difuzor mat pentru lumini cu sfoar\u0103 de 10 mm\" class=\"wp-image-44684 size-full\" srcset=\"https:\/\/tangooled.com\/wp-content\/uploads\/2026\/01\/fp04-ins.webp 500w, https:\/\/tangooled.com\/wp-content\/uploads\/2026\/01\/fp04-ins-300x300.webp 300w, https:\/\/tangooled.com\/wp-content\/uploads\/2026\/01\/fp04-ins-150x150.webp 150w\" sizes=\"auto, (max-width: 500px) 100vw, 500px\" \/><\/figure><\/div>\n<\/div><\/div>\n\n\n\n<div class=\"wp-block-group has-background\" style=\"background-color:#f2f2f2;padding-top:var(--wp--preset--spacing--80);padding-bottom:var(--wp--preset--spacing--80)\"><div class=\"wp-block-group__inner-container is-layout-constrained wp-block-group-is-layout-constrained\">\n<h2 class=\"wp-block-heading\" style=\"padding-top:var(--wp--preset--spacing--40);padding-bottom:var(--wp--preset--spacing--40);font-size:25px;font-style:normal;font-weight:600;text-transform:capitalize\">Ce este inclus?<\/h2>\n\n\n\n<ul class=\"wp-block-list\">\n<li>Canalul de profil LED din aluminiu<\/li>\n\n\n\n<li>Difuzor mat cu prindere&nbsp;<\/li>\n\n\n\n<li>Cleme \u0219i \u0219uruburi de montare&nbsp;<\/li>\n\n\n\n<li>Capace de cap\u0103t (unul cu un orificiu pentru un fir \u0219i unul solid)<\/li>\n<\/ul>\n<\/div><\/div>\n\n\n\n<div class=\"wp-block-group\" style=\"padding-top:var(--wp--preset--spacing--80);padding-bottom:var(--wp--preset--spacing--80)\"><div class=\"wp-block-group__inner-container is-layout-constrained wp-block-group-is-layout-constrained\">\n<h2 class=\"wp-block-heading\" style=\"padding-top:var(--wp--preset--spacing--40);padding-bottom:var(--wp--preset--spacing--40);font-size:25px;font-style:normal;font-weight:600;text-transform:capitalize\">Unde s\u0103 folose\u0219ti acest profil LED montat pe suprafa\u021b\u0103?<\/h2>\n\n\n\n<ul class=\"wp-block-list\">\n<li>Iluminarea sub dulap este excelent\u0103 pentru rafturile \u0219i blaturile de buc\u0103t\u0103rie.<\/li>\n\n\n\n<li>Iluminarea pentru garderob\u0103 \u0219i dulapuri lumineaz\u0103 zonele de depozitare \u00eentunecate.&nbsp;<\/li>\n\n\n\n<li>Iluminatul de col\u021b \u0219i accent de pe tavan adaug\u0103 o lumin\u0103 moale \u0219i indirect\u0103 camerelor.&nbsp;<\/li>\n\n\n\n<li>Expunerile comerciale folosesc lumin\u0103 uniform\u0103 pentru a eviden\u021bia produsele.&nbsp;<\/li>\n\n\n\n<li>Iluminarea rafturilor \u0219i sc\u0103rilor adaug\u0103 stil \u0219i siguran\u021b\u0103 cu o str\u0103lucire liniar\u0103.<\/li>\n<\/ul>\n<\/div><\/div>\n\n\n\n<div class=\"wp-block-group has-background\" style=\"background-color:#f2f2f2f2;padding-top:var(--wp--preset--spacing--80);padding-bottom:var(--wp--preset--spacing--80)\"><div class=\"wp-block-group__inner-container is-layout-constrained wp-block-group-is-layout-constrained\">\n<h2 class=\"wp-block-heading\" style=\"font-size:25px;font-style:normal;font-weight:600\">Linkuri interne asociate<\/h2>\n\n\n\n<ul class=\"wp-block-list\">\n<li>Verific\u0103 <a href=\"https:\/\/tangooled.com\/ro\/produs\/black-led-profile-with-black-diffuser-for-10mm-led-strip-light\/\"><mark style=\"background-color:rgba(0, 0, 0, 0)\" class=\"has-inline-color has-vivid-red-color\">profil LED negru cu difuzor negru pentru LED strip de 10mm<\/mark><\/a> \u2014 great if you want a dark finish.<\/li>\n\n\n\n<li>Pentru profile mai sub\u021biri, vede\u021bi <a href=\"https:\/\/tangooled.com\/ro\/produs\/led-strip-light-channel-aluminum-profile-with-diffused-cover-6mm-height\/\"><mark style=\"background-color:rgba(0, 0, 0, 0)\" class=\"has-inline-color has-vivid-red-color\">Profil din aluminiu pentru benzi LED cu capac difuzor de 6mm \u00een\u0103l\u021bime<\/mark><\/a>.<\/li>\n\n\n\n<li>Pentru iluminatul dulapurilor, \u00eencerca\u021bi <a href=\"https:\/\/tangooled.com\/ro\/produs\/cabinet-led-strip-channel-with-diffuser-for-double-led-strips\/\"><mark style=\"background-color:rgba(0, 0, 0, 0)\" class=\"has-inline-color has-vivid-red-color\">canalul LED pentru dulap cu difuzor pentru benzi LED duble<\/mark><\/a>.<\/li>\n\n\n\n<li>Descoperi\u021bi mai multe profile precum <a href=\"https:\/\/tangooled.com\/ro\/produs\/25x6mm-low-profile-led-strip-channel-for-10mm-led-strip-light\/\"><mark style=\"background-color:rgba(0, 0, 0, 0)\" class=\"has-inline-color has-vivid-red-color\">canalul LED de profil sc\u0103zut de 25x6mm pentru luminile LED de 10mm.<\/mark><\/a><\/li>\n<\/ul>\n<\/div><\/div>\n\n\n\n<div class=\"wp-block-group\" style=\"padding-top:var(--wp--preset--spacing--80);padding-bottom:var(--wp--preset--spacing--80)\"><div class=\"wp-block-group__inner-container is-layout-constrained wp-block-group-is-layout-constrained\">\n<h2 class=\"wp-block-heading\" style=\"padding-top:var(--wp--preset--spacing--40);padding-bottom:var(--wp--preset--spacing--40);font-size:25px;font-style:normal;font-weight:600;text-transform:capitalize\">rezumat<\/h2>\n\n\n\n<p>Our surface mount LED profile with frosted diffuser for 10mm rope lights is a great way to make your LED strip lighting look better and last longer. It spreads light evenly, reduces heat, and is easy to install, so it&#8217;s great for both residential and business projects.<\/p>\n<\/div><\/div>\n\n\n\n<p><\/p>","protected":false},"featured_media":13301,"template":"","meta":{"_acf_changed":true,"_seopress_robots_primary_cat":"none","_seopress_titles_title":"LED Profile with Frosted Diffuser | Surface Mount | TANGOOLED","_seopress_titles_desc":"Source the FP04 surface mount LED profile with frosted diffuser. Designed for 10mm rope lights to provide smooth, dot-free illumination for modern interiors.","_seopress_robots_index":""},"pcb-width":[228],"product-cat":[192],"class_list":{"0":"post-44683","1":"product","2":"type-product","3":"status-publish","4":"has-post-thumbnail","6":"pcb-width-6-12mm","7":"product-cat-surface-led-profile"},"acf":[],"_links":{"self":[{"href":"https:\/\/tangooled.com\/ro\/wp-json\/wp\/v2\/product\/44683","targetHints":{"allow":["GET"]}}],"collection":[{"href":"https:\/\/tangooled.com\/ro\/wp-json\/wp\/v2\/product"}],"about":[{"href":"https:\/\/tangooled.com\/ro\/wp-json\/wp\/v2\/types\/product"}],"wp:featuredmedia":[{"embeddable":true,"href":"https:\/\/tangooled.com\/ro\/wp-json\/wp\/v2\/media\/13301"}],"wp:attachment":[{"href":"https:\/\/tangooled.com\/ro\/wp-json\/wp\/v2\/media?parent=44683"}],"wp:term":[{"taxonomy":"pcb-width","embeddable":true,"href":"https:\/\/tangooled.com\/ro\/wp-json\/wp\/v2\/pcb-width?post=44683"},{"taxonomy":"product-cat","embeddable":true,"href":"https:\/\/tangooled.com\/ro\/wp-json\/wp\/v2\/product-cat?post=44683"}],"curies":[{"name":"wp","href":"https:\/\/api.w.org\/{rel}","templated":true}]}}