{"id":44679,"date":"2026-01-03T01:39:43","date_gmt":"2026-01-03T09:39:43","guid":{"rendered":"https:\/\/tangooled.com\/?post_type=product&#038;p=44679"},"modified":"2026-01-29T17:30:56","modified_gmt":"2026-01-30T01:30:56","slug":"led-strip-light-channel-aluminum-profile-with-diffused-cover-6mm-height","status":"publish","type":"product","link":"https:\/\/tangooled.com\/ro\/produs\/led-strip-light-channel-aluminum-profile-with-diffused-cover-6mm-height\/","title":{"rendered":"Profil din aluminiu pentru benzi LED cu capac difuzor de 6mm \u00een\u0103l\u021bime"},"content":{"rendered":"<div class=\"wp-block-group\" style=\"padding-top:var(--wp--preset--spacing--80);padding-bottom:var(--wp--preset--spacing--80)\"><div class=\"wp-block-group__inner-container is-layout-constrained wp-block-group-is-layout-constrained\">\n<p>Canalul nostru ultra-sub\u021bire TG-FP03, cu capac difuzor, va \u00eembun\u0103t\u0103\u021bi iluminarea. Acest profil sub\u021bire din aluminiu este adecvat pentru benzile LED de p\u00e2n\u0103 la 10 mm l\u0103\u021bime. Are doar 6,0 mm \u00een\u0103l\u021bime \u0219i 15,2 mm l\u0103\u021bime pe exterior, iar canalul interior are 11,2 mm, astfel \u00eenc\u00e2t s\u0103 se pozi\u021bioneze jos. Canalul puternic din aluminiu \u0219i capacul difuzor protejeaz\u0103 banda, ajut\u0103 la r\u0103cirea acesteia mai rapid \u0219i asigur\u0103 o luminozitate moale, uniform\u0103 \u0219i f\u0103r\u0103 puncte. Po\u021bi instala u\u0219or acest canal prin prindere cu \u0219urub sau cu adeziv pe orice suprafa\u021b\u0103 plat\u0103. Acest lucru \u00eel face foarte flexibil. Acest canal este o alegere excelent\u0103 pentru case, afaceri sau comercian\u021bi cu am\u0103nuntul care doresc o iluminare liniar\u0103 care arat\u0103 curat, modern \u0219i de \u00eenalt\u0103 calitate.<\/p>\n<\/div><\/div>\n\n\n\n<div class=\"wp-block-group has-background\" style=\"background-color:#f2f2f2f2;padding-top:var(--wp--preset--spacing--80);padding-bottom:var(--wp--preset--spacing--80)\"><div class=\"wp-block-group__inner-container is-layout-constrained wp-block-group-is-layout-constrained\">\n<div class=\"wp-block-group is-vertical is-layout-flex wp-container-core-group-is-layout-8cf370e7 wp-block-group-is-layout-flex\">\n<h2 class=\"wp-block-heading\" style=\"padding-top:var(--wp--preset--spacing--40);padding-bottom:var(--wp--preset--spacing--40);font-size:25px;font-style:normal;font-weight:600;text-transform:capitalize\">De ce s\u0103 alegi canalul nostru LED cu capac difuzor?<\/h2>\n\n\n\n<ul class=\"wp-block-list\">\n<li>Slim Design: Only 6mm tall, so it&#8217;s great for places where you want tidy, clean lighting.<\/li>\n\n\n\n<li>Radiatorul este realizat din aluminiu 6063. \u00ce\u021bi men\u021bine benzile LED reci pentru a dura mai mult.<\/li>\n\n\n\n<li>Lumin\u0103 moale: Capacului din policarbonat mat \u00eei confer\u0103 o c\u0103ldur\u0103 pl\u0103cut\u0103, astfel \u00eenc\u00e2t s\u0103 nu existe puncte str\u0103lucitoare, doar o str\u0103lucire pl\u0103cut\u0103.<\/li>\n\n\n\n<li>\u00ce\u021bi p\u0103streaz\u0103 LED-urile \u00een siguran\u021b\u0103: Previne acumularea de praf \u0219i murd\u0103rie pe benzile tale LED.<\/li>\n\n\n\n<li>U\u0219or de utilizat: Vine cu clipsuri \u0219i capace de cap\u0103t care \u00eel fac u\u0219or de instalat.<\/li>\n\n\n\n<li>Func\u021bioneaz\u0103 cu majoritatea benzilor: Creat pentru benzile LED care au \u00eentre 10 \u0219i 12 mm l\u0103\u021bime.<\/li>\n<\/ul>\n<\/div>\n<\/div><\/div>\n\n\n\n<div class=\"wp-block-group\" style=\"padding-top:var(--wp--preset--spacing--80);padding-bottom:var(--wp--preset--spacing--80)\"><div class=\"wp-block-group__inner-container is-layout-constrained wp-block-group-is-layout-constrained\">\n<div class=\"wp-block-media-text has-media-on-the-right is-stacked-on-mobile\" style=\"padding-top:0;padding-bottom:0;grid-template-columns:auto 40%\"><div class=\"wp-block-media-text__content\">\n<h2 class=\"wp-block-heading\" style=\"font-size:25px;font-style:normal;font-weight:600;text-transform:capitalize\">Cum s\u0103 instalezi canalul t\u0103u LED cu capac difuzor<\/h2>\n\n\n\n<ul class=\"wp-block-list\">\n<li>Verific\u0103 l\u0103\u021bimea benzii tale LED pentru a te asigura c\u0103 se potrive\u0219te \u00een canal (nu mai mult de 10 mm).<\/li>\n\n\n\n<li>Folose\u0219te clipsuri de prindere pentru a fixa profilul de aluminiu pe suprafe\u021be.<\/li>\n\n\n\n<li>Pune banda LED \u00een canal. Adesivul men\u021bine totul la loc.<\/li>\n\n\n\n<li>Pentru a finaliza, fixeaz\u0103 capacul difuzor mat.<\/li>\n\n\n\n<li>Folose\u0219te capacele de cap\u0103t pentru a \u00eenchide extremit\u0103\u021bile.<\/li>\n<\/ul>\n<\/div><figure class=\"wp-block-media-text__media\"><img loading=\"lazy\" decoding=\"async\" width=\"500\" height=\"500\" src=\"https:\/\/tangooled.com\/wp-content\/uploads\/2026\/01\/fp03-ins.webp\" alt=\"canal din aluminiu cu difuzor negru pentru lumini cu band\u0103 de 12 mm\" class=\"wp-image-44680 size-full\" srcset=\"https:\/\/tangooled.com\/wp-content\/uploads\/2026\/01\/fp03-ins.webp 500w, https:\/\/tangooled.com\/wp-content\/uploads\/2026\/01\/fp03-ins-300x300.webp 300w, https:\/\/tangooled.com\/wp-content\/uploads\/2026\/01\/fp03-ins-150x150.webp 150w\" sizes=\"auto, (max-width: 500px) 100vw, 500px\" \/><\/figure><\/div>\n<\/div><\/div>\n\n\n\n<div class=\"wp-block-group has-background\" style=\"background-color:#f2f2f2;padding-top:var(--wp--preset--spacing--80);padding-bottom:var(--wp--preset--spacing--80)\"><div class=\"wp-block-group__inner-container is-layout-constrained wp-block-group-is-layout-constrained\">\n<h2 class=\"wp-block-heading\" style=\"padding-top:var(--wp--preset--spacing--40);padding-bottom:var(--wp--preset--spacing--40);font-size:25px;font-style:normal;font-weight:600;text-transform:capitalize\">Unde s\u0103 folose\u0219ti acest canal LED cu capac difuzor<\/h2>\n\n\n\n<ul class=\"wp-block-list\">\n<li>Iluminare pentru buc\u0103t\u0103rie \u0219i sub dulapuri: Folose\u0219te lumin\u0103 clar\u0103 \u0219i bl\u00e2nd\u0103 care se potrive\u0219te \u00een locuri mici pentru a lumina blaturile tale.<\/li>\n\n\n\n<li>Vitrine \u0219i rafturi: Excelent pentru rafturi din sticl\u0103 sau lemn, aceast\u0103 lumin\u0103 scoate \u00een eviden\u021b\u0103 produsele cu o lumin\u0103 str\u0103lucitoare \u0219i constant\u0103, av\u00e2nd un stil elegant.<\/li>\n\n\n\n<li>Iluminare pentru corpuri de mobilier: Po\u021bi construi luminile \u00een interiorul bibliotecilor, meselor sau dulapurilor pentru a le face s\u0103 arate bine \u0219i s\u0103 func\u021bioneze eficient.<\/li>\n\n\n\n<li>Iluminat de covor \u0219i accente: Adaug\u0103 linii de lumin\u0103 moale \u0219i discrete pe pere\u021bi sau tavan pentru a men\u021bine zona ta ar\u0103toas\u0103 \u0219i actual\u0103.<\/li>\n<\/ul>\n<\/div><\/div>\n\n\n\n<div class=\"wp-block-group\" style=\"padding-top:var(--wp--preset--spacing--80);padding-bottom:var(--wp--preset--spacing--80)\"><div class=\"wp-block-group__inner-container is-layout-constrained wp-block-group-is-layout-constrained\">\n<h2 class=\"wp-block-heading\" style=\"padding-top:var(--wp--preset--spacing--40);padding-bottom:var(--wp--preset--spacing--40);font-size:25px;font-style:normal;font-weight:600;text-transform:capitalize\">What\u2019s Inside the Box?<\/h2>\n\n\n\n<ul class=\"wp-block-list\">\n<li>1x canal LED din aluminiu (po\u021bi alege lungimea pe care o dore\u0219ti)&nbsp;<\/li>\n\n\n\n<li>1x capac difuzor mat&nbsp;<\/li>\n\n\n\n<li>2x clipsuri de montare pentru fiecare metru<\/li>\n\n\n\n<li>2x capace de cap\u0103t (unul cu un orificiu pentru cabluri \u0219i unul solid) <\/li>\n<\/ul>\n<\/div><\/div>\n\n\n\n<div class=\"wp-block-group has-background\" style=\"background-color:#f2f2f2f2;padding-top:var(--wp--preset--spacing--40);padding-bottom:var(--wp--preset--spacing--40)\"><div class=\"wp-block-group__inner-container is-layout-constrained wp-block-group-is-layout-constrained\">\n<p style=\"padding-right:var(--wp--preset--spacing--50);padding-left:var(--wp--preset--spacing--50)\">Acest canal LED cu capac difuzor este o alegere excelent\u0103 pentru aplica\u021biile tale de band\u0103 LED sub\u021bire. \u00ce\u021bi men\u021bine produsele \u00een siguran\u021b\u0103, le r\u0103ce\u0219te \u0219i ofer\u0103 lumin\u0103 moale \u0219i str\u0103lucitoare. Acest produs este foarte u\u0219or de instalat \u0219i \u00ee\u021bi ofer\u0103 iluminat de calitate profesional\u0103 pentru dulapuri, rafturi sau mobilier.<\/p>\n<\/div><\/div>\n\n\n\n<p><\/p>","protected":false},"featured_media":13249,"template":"","meta":{"_acf_changed":true,"_seopress_robots_primary_cat":"none","_seopress_titles_title":"LED Strip Channel with Diffused Cover | 6mm Ultra-Slim | TANGOOLED","_seopress_titles_desc":"Source the FP03 LED strip channel with diffused cover. Features a 6mm ultra-slim aluminum profile for discrete surface mounting in furniture and cabinets.","_seopress_robots_index":""},"pcb-width":[228],"product-cat":[192],"class_list":{"0":"post-44679","1":"product","2":"type-product","3":"status-publish","4":"has-post-thumbnail","6":"pcb-width-6-12mm","7":"product-cat-surface-led-profile"},"acf":[],"_links":{"self":[{"href":"https:\/\/tangooled.com\/ro\/wp-json\/wp\/v2\/product\/44679","targetHints":{"allow":["GET"]}}],"collection":[{"href":"https:\/\/tangooled.com\/ro\/wp-json\/wp\/v2\/product"}],"about":[{"href":"https:\/\/tangooled.com\/ro\/wp-json\/wp\/v2\/types\/product"}],"wp:featuredmedia":[{"embeddable":true,"href":"https:\/\/tangooled.com\/ro\/wp-json\/wp\/v2\/media\/13249"}],"wp:attachment":[{"href":"https:\/\/tangooled.com\/ro\/wp-json\/wp\/v2\/media?parent=44679"}],"wp:term":[{"taxonomy":"pcb-width","embeddable":true,"href":"https:\/\/tangooled.com\/ro\/wp-json\/wp\/v2\/pcb-width?post=44679"},{"taxonomy":"product-cat","embeddable":true,"href":"https:\/\/tangooled.com\/ro\/wp-json\/wp\/v2\/product-cat?post=44679"}],"curies":[{"name":"wp","href":"https:\/\/api.w.org\/{rel}","templated":true}]}}