{"id":44676,"date":"2026-01-03T01:31:00","date_gmt":"2026-01-03T09:31:00","guid":{"rendered":"https:\/\/tangooled.com\/?post_type=product&#038;p=44676"},"modified":"2026-01-29T23:29:11","modified_gmt":"2026-01-30T07:29:11","slug":"black-led-diffuser-aluminum-channel-for-12mm-tape-lights","status":"publish","type":"product","link":"https:\/\/tangooled.com\/ro\/produs\/black-led-diffuser-aluminum-channel-for-12mm-tape-lights\/","title":{"rendered":"canal din aluminiu cu difuzor LED negru pentru benzi de lumin\u0103 de 12 mm"},"content":{"rendered":"<div class=\"wp-block-group\" style=\"padding-top:var(--wp--preset--spacing--80);padding-bottom:var(--wp--preset--spacing--80)\"><div class=\"wp-block-group__inner-container is-layout-constrained wp-block-group-is-layout-constrained\">\n<p>Canalul nostru negru de difuzie LED pentru benzi de 12mm este o alegere excelent\u0103 pentru iluminatul liniar modern. Partea exterioar\u0103 a acestui profil puternic din aluminiu m\u0103soar\u0103 17.2mm l\u0103\u021bime \u0219i 15.3mm \u00een\u0103l\u021bime, iar interiorul are 12.2mm, ceea ce se potrive\u0219te celor mai multe benzi cu LED de 12mm. Protejeaz\u0103 benzile tale LED \u0219i este important pentru r\u0103cire, ceea ce le face s\u0103 dureze mai mult. Acest canal este u\u0219or de montat pe orice suprafa\u021b\u0103 plan\u0103 cu band\u0103 adeziv\u0103 sau clips de montare. Capacul difuzor fumuriu negru face ca emisia de lumin\u0103 s\u0103 fie lin\u0103, moale \u0219i uniform\u0103. Acest canal LED negru te va ajuta s\u0103 instalezi lumi inteligente care arat\u0103 elegant, curat \u0219i sofisticat.<\/p>\n<\/div><\/div>\n\n\n\n<div class=\"wp-block-group has-background\" style=\"background-color:#f2f2f2f2;padding-top:var(--wp--preset--spacing--80);padding-bottom:var(--wp--preset--spacing--80)\"><div class=\"wp-block-group__inner-container is-layout-constrained wp-block-group-is-layout-constrained\">\n<div class=\"wp-block-group is-vertical is-layout-flex wp-container-core-group-is-layout-8cf370e7 wp-block-group-is-layout-flex\">\n<h2 class=\"wp-block-heading\" style=\"padding-top:var(--wp--preset--spacing--40);padding-bottom:var(--wp--preset--spacing--40);font-size:25px;font-style:normal;font-weight:600;text-transform:capitalize\">De ce s\u0103 alegi canalul nostru negru de difuzie LED pentru benzi de 12mm?<\/h2>\n\n\n\n<ul class=\"wp-block-list\">\n<li>Se potrive\u0219te perfect cu benzile LED de 12mm<\/li>\n\n\n\n<li>Aluminiul rezistent men\u021bine luminile \u00een siguran\u021b\u0103 \u0219i r\u0103coroase<\/li>\n\n\n\n<li>Finisajul negru arat\u0103 bine \u0219i se potrive\u0219te \u00een multe spa\u021bii<\/li>\n\n\n\n<li>Capacul difuzor face ca lumina s\u0103 fie moale \u0219i uniform\u0103<\/li>\n\n\n\n<li>Poate fi montat la suprafa\u021b\u0103 sau \u00eengropat pentru un aspect \u00eengrijit<\/li>\n<\/ul>\n<\/div>\n\n\n\n<p style=\"padding-top:var(--wp--preset--spacing--40);padding-right:var(--wp--preset--spacing--50);padding-bottom:var(--wp--preset--spacing--40);padding-left:var(--wp--preset--spacing--50)\">Acest canal de aluminiu negru de difuzie LED face ca lumina s\u0103 str\u0103luceasc\u0103 uniform. Profilul benzilor de lumin\u0103 de 12mm se potrive\u0219te perfect \u00een interior. Finisajul negru ascunde canalul \u0219i p\u0103streaz\u0103 spa\u021biul elegant. Monteaz\u0103-l pe perete sau ascunde-l \u00een gips-carton pentru un aspect \u00eengrijit. Este un canal de montare la suprafa\u021b\u0103, a\u0219a c\u0103 poate fi ad\u0103ugat u\u0219or oriunde.<\/p>\n<\/div><\/div>\n\n\n\n<div class=\"wp-block-group\" style=\"padding-top:var(--wp--preset--spacing--80);padding-bottom:var(--wp--preset--spacing--80)\"><div class=\"wp-block-group__inner-container is-layout-constrained wp-block-group-is-layout-constrained\">\n<div class=\"wp-block-media-text has-media-on-the-right is-stacked-on-mobile\" style=\"padding-top:0;padding-bottom:0;grid-template-columns:auto 40%\"><div class=\"wp-block-media-text__content\">\n<h2 class=\"wp-block-heading\" style=\"font-size:25px;font-style:normal;font-weight:600;text-transform:capitalize\">Cum s\u0103-\u021bi instalezi canalul de aluminiu negru de difuzie LED<\/h2>\n\n\n\n<ul class=\"wp-block-list\">\n<li>Alege locul unde dore\u0219ti o lumin\u0103 \u00eengrijit\u0103.<\/li>\n\n\n\n<li>Folose\u0219te clipsurile pentru a ata\u0219a canalul de aluminiu direct pe suprafa\u021ba ta.<\/li>\n\n\n\n<li>Introdu banda ta LED de 12mm \u00een canal.<\/li>\n\n\n\n<li>Pune capacul difuzor negru. Lumina va str\u0103luci lin \u0219i uniform.<\/li>\n\n\n\n<li>Pentru un finisaj perfect, adaug\u0103 capacele de la capete.<\/li>\n<\/ul>\n<\/div><figure class=\"wp-block-media-text__media\"><img loading=\"lazy\" decoding=\"async\" width=\"500\" height=\"500\" src=\"https:\/\/tangooled.com\/wp-content\/uploads\/2026\/01\/fp02-ins.webp\" alt=\"canal din aluminiu cu difuzor negru pentru lumini cu band\u0103 de 12 mm\" class=\"wp-image-44677 size-full\" srcset=\"https:\/\/tangooled.com\/wp-content\/uploads\/2026\/01\/fp02-ins.webp 500w, https:\/\/tangooled.com\/wp-content\/uploads\/2026\/01\/fp02-ins-300x300.webp 300w, https:\/\/tangooled.com\/wp-content\/uploads\/2026\/01\/fp02-ins-150x150.webp 150w\" sizes=\"auto, (max-width: 500px) 100vw, 500px\" \/><\/figure><\/div>\n<\/div><\/div>\n\n\n\n<div class=\"wp-block-group has-background\" style=\"background-color:#f2f2f2;padding-top:var(--wp--preset--spacing--80);padding-bottom:var(--wp--preset--spacing--80)\"><div class=\"wp-block-group__inner-container is-layout-constrained wp-block-group-is-layout-constrained\">\n<h2 class=\"wp-block-heading\" style=\"padding-top:var(--wp--preset--spacing--40);padding-bottom:var(--wp--preset--spacing--40);font-size:25px;font-style:normal;font-weight:600;text-transform:capitalize\">Pentru ce po\u021bi folosi acest lucru?<\/h2>\n\n\n\n<p>Po\u021bi folosi acest canal de aluminiu negru de difuzie LED \u00een multe locuri:<\/p>\n\n\n\n<ul class=\"wp-block-list\">\n<li>lumin\u0103 de lucru str\u0103lucitoare sub dulapurile de buc\u0103t\u0103rie&nbsp;<\/li>\n\n\n\n<li>Iluminat pentru splashback pentru a face pere\u021bii s\u0103 str\u0103luceasc\u0103&nbsp;<\/li>\n\n\n\n<li>Accente moi \u0219i str\u0103lucitoare pe rafturi \u0219i mobil\u0103<\/li>\n\n\n\n<li>Iluminat de cot\u0103 pentru luminile de tavan uniforme<\/li>\n\n\n\n<li>Dulapuri \u0219i sertare pentru a ilumina col\u021burile \u00eentunecate<\/li>\n<\/ul>\n<\/div><\/div>\n\n\n\n<div class=\"wp-block-group\" style=\"padding-top:var(--wp--preset--spacing--80);padding-bottom:var(--wp--preset--spacing--80)\"><div class=\"wp-block-group__inner-container is-layout-constrained wp-block-group-is-layout-constrained\">\n<h2 class=\"wp-block-heading\" style=\"padding-top:var(--wp--preset--spacing--40);padding-bottom:var(--wp--preset--spacing--40);font-size:25px;font-style:normal;font-weight:600;text-transform:capitalize\">rezumat<\/h2>\n\n\n\n<p>If you want tidy and safe LED lighting, our black LED diffuser aluminum channel for 12mm tape light profile is the ideal choice. It keeps your lights safe, puts forth soft, steady light, and looks excellent in any room. You can use it as a surface mount channel or put it into walls or furniture for a stylish look. It&#8217;s great for cove lighting, accent lighting, under-cabinet lighting, and more. Also explore these for more ideas: <a href=\"https:\/\/tangooled.com\/ro\/produs\/black-led-profile-with-black-diffuser-for-10mm-led-strip-light\/\"><mark style=\"background-color:rgba(0, 0, 0, 0)\" class=\"has-inline-color has-vivid-red-color\">Profil LED negru cu difuzor negru pentru iluminarea benzilor LED de 10mm<\/mark><\/a>, <a href=\"https:\/\/tangooled.com\/ro\/produs\/surface-mount-led-profile-with-frosted-diffuser-for-10mm-rope-lights\/\"><mark style=\"background-color:rgba(0, 0, 0, 0)\" class=\"has-inline-color has-vivid-red-color\">Profil LED de montare pe suprafa\u021b\u0103 cu difuzor satin pentru benzile de 10mm<\/mark><\/a>, <a href=\"https:\/\/tangooled.com\/ro\/produs\/25mm-u-shape-led-mounting-channel-for-15mm-double-row-led-strip-lights\/\"><mark style=\"background-color:rgba(0, 0, 0, 0)\" class=\"has-inline-color has-vivid-red-color\">Canal de montare LED \u00een form\u0103 de U de 25mm pentru benzi LED cu dou\u0103 r\u00e2nduri de 15mm<\/mark><\/a>.<\/p>\n<\/div><\/div>\n\n\n\n<p><\/p>","protected":false},"featured_media":37468,"template":"","meta":{"_acf_changed":true,"_seopress_robots_primary_cat":"none","_seopress_titles_title":"Black Diffuser LED Channel | Fits 12mm Tape Lights | TANGOOLED","_seopress_titles_desc":"Source the black diffuser LED channel. Engineered for 12mm tape lights to create a professional \"blackout\" aesthetic for commercial and retail lighting.","_seopress_robots_index":""},"pcb-width":[228],"product-cat":[192],"class_list":{"0":"post-44676","1":"product","2":"type-product","3":"status-publish","4":"has-post-thumbnail","6":"pcb-width-6-12mm","7":"product-cat-surface-led-profile"},"acf":[],"_links":{"self":[{"href":"https:\/\/tangooled.com\/ro\/wp-json\/wp\/v2\/product\/44676","targetHints":{"allow":["GET"]}}],"collection":[{"href":"https:\/\/tangooled.com\/ro\/wp-json\/wp\/v2\/product"}],"about":[{"href":"https:\/\/tangooled.com\/ro\/wp-json\/wp\/v2\/types\/product"}],"wp:featuredmedia":[{"embeddable":true,"href":"https:\/\/tangooled.com\/ro\/wp-json\/wp\/v2\/media\/37468"}],"wp:attachment":[{"href":"https:\/\/tangooled.com\/ro\/wp-json\/wp\/v2\/media?parent=44676"}],"wp:term":[{"taxonomy":"pcb-width","embeddable":true,"href":"https:\/\/tangooled.com\/ro\/wp-json\/wp\/v2\/pcb-width?post=44676"},{"taxonomy":"product-cat","embeddable":true,"href":"https:\/\/tangooled.com\/ro\/wp-json\/wp\/v2\/product-cat?post=44676"}],"curies":[{"name":"wp","href":"https:\/\/api.w.org\/{rel}","templated":true}]}}