{"id":43521,"date":"2025-12-30T01:57:50","date_gmt":"2025-12-30T09:57:50","guid":{"rendered":"https:\/\/tangooled.com\/?post_type=product&#038;p=43521"},"modified":"2026-01-29T22:24:32","modified_gmt":"2026-01-30T06:24:32","slug":"recessed-led-profile-with-mounting-brackets-35x19mm","status":"publish","type":"product","link":"https:\/\/tangooled.com\/ro\/produs\/recessed-led-profile-with-mounting-brackets-35x19mm\/","title":{"rendered":"Profil LED din aluminiu \u00eencastrat de 35x19 mm cu suporturi de montare"},"content":{"rendered":"<div class=\"wp-block-group is-vertical is-layout-flex wp-container-core-group-is-layout-d255d7c4 wp-block-group-is-layout-flex\" style=\"padding-top:var(--wp--preset--spacing--80);padding-bottom:var(--wp--preset--spacing--80)\">\n<p>Our S3519 recessed LED aluminum profile with bracket is an ideal choice if you\u2019re looking for a lighting setup that\u2019s neat, strong, and smooth. Made from high-quality aluminum, this linear solution helps you create a seamless glow that makes the lights look like a natural part of your ceiling or wall. It has an outside size of 35x19mm and an inside width of 26.5mm, which makes it easy to install standard LED strips and even wider or double-row strips. The flangeless design gives it a clean, built-in look, and the smart recessed mounting brackets keep the profile securely in place.<\/p>\n<\/div>\n\n\n\n<div class=\"wp-block-group has-background is-vertical is-layout-flex wp-container-core-group-is-layout-d255d7c4 wp-block-group-is-layout-flex\" style=\"background-color:#f1f1f1;padding-top:var(--wp--preset--spacing--80);padding-bottom:var(--wp--preset--spacing--80)\">\n<div class=\"wp-block-group is-vertical is-layout-flex wp-container-core-group-is-layout-8cf370e7 wp-block-group-is-layout-flex\">\n<h2 class=\"wp-block-heading\" style=\"padding-top:var(--wp--preset--spacing--40);padding-bottom:var(--wp--preset--spacing--40);font-size:25px;font-style:normal;font-weight:600;text-transform:capitalize\">De ce s\u0103 alege\u021bi profilul nostru LED \u00eencastrat de 35x19mm cu suporturi?<\/h2>\n\n\n\n<ul class=\"wp-block-list\">\n<li>Larg \u0219i ad\u00e2nc: Poate sus\u021bine benzile LED de p\u00e2n\u0103 la 26mm l\u0103\u021bime. Grozav pentru iluminat puternic.<\/li>\n\n\n\n<li>Este fabricat din aluminiu \u0219i ac\u021bioneaz\u0103 ca un radiator pentru a men\u021bine LED-urile r\u0103cite \u0219i a le face s\u0103 dureze mai mult.<\/li>\n\n\n\n<li>No trim: The channel doesn&#8217;t have any trims, so it looks like the light is built into your wall.<\/li>\n\n\n\n<li>Vine cu un difuzor: Capac din plastic mat care va face lumina uniform\u0103 \u0219i f\u0103r\u0103 puncte.<\/li>\n\n\n\n<li>Vine cu suporturi care fac u\u0219or s\u0103 fie instalat \u0219i men\u021binut str\u00e2ns \u00een lemn sau gips-carton.<\/li>\n<\/ul>\n<\/div>\n<\/div>\n\n\n\n<div class=\"wp-block-group\" style=\"padding-top:var(--wp--preset--spacing--60);padding-bottom:var(--wp--preset--spacing--60)\"><div class=\"wp-block-group__inner-container is-layout-constrained wp-block-group-is-layout-constrained\">\n<div class=\"wp-block-media-text has-media-on-the-right is-stacked-on-mobile\" style=\"grid-template-columns:auto 40%\"><div class=\"wp-block-media-text__content\">\n<h2 class=\"wp-block-heading\" style=\"padding-top:var(--wp--preset--spacing--40);padding-bottom:var(--wp--preset--spacing--40);font-size:25px;font-style:normal;font-weight:600;text-transform:capitalize\">Cum se instaleaz\u0103<\/h2>\n\n\n\n<ul class=\"wp-block-list\">\n<li>T\u0103ia\u021bi un canal \u00een lemn sau gips-carton care este de dimensiunea potrivit\u0103 pentru profilul de 35x19mm.<\/li>\n\n\n\n<li>Folosi\u021bi suporturile de montare care au venit cu profilul pentru a-l men\u021bine \u00een pozi\u021bie.<\/li>\n\n\n\n<li>Pune\u021bi banda LED \u00een interiorul canalului.<\/li>\n\n\n\n<li>Pune\u021bi difuzorul pentru a face lumina mai pu\u021bin intens\u0103.<\/li>\n\n\n\n<li>To make the installation look smooth, you can either paint around the buckles&#8217;&nbsp;flanges or plaster over them.<\/li>\n<\/ul>\n<\/div><figure class=\"wp-block-media-text__media\"><img loading=\"lazy\" decoding=\"async\" width=\"500\" height=\"500\" src=\"https:\/\/tangooled.com\/wp-content\/uploads\/2025\/12\/s3519-ins.webp\" alt=\"35x19mm led aluminum profile with bracket for recessing\" class=\"wp-image-43560 size-full\" srcset=\"https:\/\/tangooled.com\/wp-content\/uploads\/2025\/12\/s3519-ins.webp 500w, https:\/\/tangooled.com\/wp-content\/uploads\/2025\/12\/s3519-ins-300x300.webp 300w, https:\/\/tangooled.com\/wp-content\/uploads\/2025\/12\/s3519-ins-150x150.webp 150w\" sizes=\"auto, (max-width: 500px) 100vw, 500px\" \/><\/figure><\/div>\n<\/div><\/div>\n\n\n\n<div class=\"wp-block-group has-background\" style=\"background-color:#f1f1f1f2;padding-top:var(--wp--preset--spacing--80);padding-bottom:var(--wp--preset--spacing--80)\"><div class=\"wp-block-group__inner-container is-layout-constrained wp-block-group-is-layout-constrained\">\n<h2 class=\"wp-block-heading\" style=\"padding-top:var(--wp--preset--spacing--40);padding-bottom:var(--wp--preset--spacing--40);font-size:25px;font-style:normal;font-weight:600\">Perfect pentru multe utiliz\u0103ri de iluminat<\/h2>\n\n\n\n<p>Acest profil LED din aluminiu de 35x19mm cu suport este excelent pentru:<\/p>\n\n\n\n<ul class=\"wp-block-list\">\n<li>Lighting under cabinets\u2014strong, direct job lights for kitchens and workspaces.<\/li>\n\n\n\n<li>Cove lighting\u2014hiding your lights to generate gentle ambient glows.<\/li>\n\n\n\n<li>Retail displays\u2014use bright, clear LED lights to draw attention to things.<\/li>\n\n\n\n<li>Iluminat de birou: Folosi\u021bi profile LED \u00eencastrate pentru a face tavanele s\u0103 arate elegant \u0219i modern.&nbsp;<\/li>\n<\/ul>\n<\/div><\/div>\n\n\n\n<div class=\"wp-block-group is-vertical is-layout-flex wp-container-core-group-is-layout-d255d7c4 wp-block-group-is-layout-flex\" style=\"padding-top:var(--wp--preset--spacing--80);padding-bottom:var(--wp--preset--spacing--80)\">\n<h2 class=\"wp-block-heading\" style=\"padding-top:var(--wp--preset--spacing--40);padding-bottom:var(--wp--preset--spacing--40);font-size:25px;font-style:normal;font-weight:600;text-transform:capitalize\">Produse conexe<\/h2>\n\n\n\n<ul class=\"wp-block-list\">\n<li>Verific\u0103 <a href=\"https:\/\/tangooled.com\/ro\/produs\/black-led-profile-with-black-diffuser-for-10mm-led-strip-light\/\"><mark style=\"background-color:rgba(0, 0, 0, 0)\" class=\"has-inline-color has-vivid-red-color\">profil LED negru cu difuzor negru pentru LED strip de 10mm<\/mark><\/a> pentru instal\u0103ri \u00eenguste \u0219i elegante.<\/li>\n\n\n\n<li>Pentru montaj pe suprafa\u021b\u0103, consulta\u021bi <a href=\"https:\/\/tangooled.com\/ro\/produs\/25x14m-surface-mounted-led-light-aluminum-profile\/\"><mark style=\"background-color:rgba(0, 0, 0, 0)\" class=\"has-inline-color has-vivid-red-color\">profilul de aluminiu pentru lamp\u0103 LED montat pe suprafa\u021b\u0103 de 25x14mm<\/mark><\/a>.<\/li>\n\n\n\n<li>Dori\u021bi o op\u021biune compact\u0103? \u00cencerca\u021bi <a href=\"https:\/\/tangooled.com\/ro\/produs\/led-strip-light-channel-aluminum-profile-with-diffused-cover-6mm-height\/\"><mark style=\"background-color:rgba(0, 0, 0, 0)\" class=\"has-inline-color has-vivid-red-color\">Profil din aluminiu pentru benzi LED cu capac difuzor de 6mm \u00een\u0103l\u021bime<\/mark><\/a>.<\/li>\n\n\n\n<li>Verificare <a href=\"https:\/\/tangooled.com\/ro\/produs\/18x9mm-led-tape-light-profile-for-surface-installation\/\"><mark style=\"background-color:rgba(0, 0, 0, 0)\" class=\"has-inline-color has-vivid-red-color\">profil LED pentru band\u0103 de lumin\u0103 de 18x9mm pentru instalare pe suprafa\u021b\u0103<\/mark><\/a> pentru iluminat montat pe suprafa\u021b\u0103 sub\u021bire.<\/li>\n\n\n\n<li>Dac\u0103 ave\u021bi nevoie de un profil cu o lentil\u0103, vizita\u021bi <a href=\"https:\/\/tangooled.com\/ro\/produs\/aluminum-profile-with-60-degree-lens-led-diffuser\/\"><mark style=\"background-color:rgba(0, 0, 0, 0)\" class=\"has-inline-color has-vivid-red-color\">profil din aluminiu cu difuzor LED cu lentil\u0103 de 60 de grade<\/mark><\/a>.<\/li>\n<\/ul>\n<\/div>\n\n\n\n<p><\/p>","protected":false},"featured_media":33375,"template":"","meta":{"_acf_changed":true,"_seopress_robots_primary_cat":"none","_seopress_titles_title":"Recessed LED Profile with Brackets 35x19mm | TANGOOLED","_seopress_titles_desc":"Source this 35x19mm recessed LED profile featuring heavy-duty mounting brackets. Designed for secure architectural installation in ceilings and walls with a wider light output.","_seopress_robots_index":""},"pcb-width":[230],"product-cat":[193],"class_list":{"0":"post-43521","1":"product","2":"type-product","3":"status-publish","4":"has-post-thumbnail","6":"pcb-width-20-25mm","7":"product-cat-recessed-profile"},"acf":[],"_links":{"self":[{"href":"https:\/\/tangooled.com\/ro\/wp-json\/wp\/v2\/product\/43521","targetHints":{"allow":["GET"]}}],"collection":[{"href":"https:\/\/tangooled.com\/ro\/wp-json\/wp\/v2\/product"}],"about":[{"href":"https:\/\/tangooled.com\/ro\/wp-json\/wp\/v2\/types\/product"}],"wp:featuredmedia":[{"embeddable":true,"href":"https:\/\/tangooled.com\/ro\/wp-json\/wp\/v2\/media\/33375"}],"wp:attachment":[{"href":"https:\/\/tangooled.com\/ro\/wp-json\/wp\/v2\/media?parent=43521"}],"wp:term":[{"taxonomy":"pcb-width","embeddable":true,"href":"https:\/\/tangooled.com\/ro\/wp-json\/wp\/v2\/pcb-width?post=43521"},{"taxonomy":"product-cat","embeddable":true,"href":"https:\/\/tangooled.com\/ro\/wp-json\/wp\/v2\/product-cat?post=43521"}],"curies":[{"name":"wp","href":"https:\/\/api.w.org\/{rel}","templated":true}]}}