{"id":43089,"date":"2025-12-26T01:14:37","date_gmt":"2025-12-26T09:14:37","guid":{"rendered":"https:\/\/tangooled.com\/?post_type=product&#038;p=43089"},"modified":"2026-01-29T23:19:04","modified_gmt":"2026-01-30T07:19:04","slug":"35x35mm-surface-black-led-profile-square-channel","status":"publish","type":"product","link":"https:\/\/tangooled.com\/ro\/produs\/35x35mm-surface-black-led-profile-square-channel\/","title":{"rendered":"Profil LED negru montat pe suprafa\u021b\u0103 de 35x35mm"},"content":{"rendered":"<div class=\"wp-block-group is-vertical is-layout-flex wp-container-core-group-is-layout-d255d7c4 wp-block-group-is-layout-flex\" style=\"padding-top:var(--wp--preset--spacing--80);padding-bottom:var(--wp--preset--spacing--80)\">\n<p>Profilul nostru LED negru de montare pe suprafa\u021b\u0103 35x35mm (S3535A) este o alegere elegant\u0103 \u0219i excelent\u0103 pentru iluminatul profesional. Av\u00e2nd o dimensiune p\u0103trat\u0103 de 35x35mm \u0219i o l\u0103\u021bime interioar\u0103 de 25.6mm, se potrive\u0219te perfect at\u00e2t benzilor LED obi\u0219nuite, c\u00e2t \u0219i celor de densitate \u00eenalt\u0103. Aceast\u0103 extrudare flexibil\u0103 poate fi utilizat\u0103 pentru aplica\u021bii montate pe suprafa\u021b\u0103, suspendate, montate f\u0103r\u0103 flan\u0219\u0103 \u0219i montate pe perete, asigur\u00e2ndu-se c\u0103 iluminatul liniar curge uniform pe orice plan arhitectural. Profilul LED negru de 35x35mm este construit pentru a dura \u0219i se potrive\u0219te perfect \u00een medii de \u00eenalt\u0103 calitate, inclusiv birouri corporative, magazine de lux \u0219i case moderne. Ofer\u0103 oric\u0103rei camere moderne un aspect curat \u0219i profesional, cu o lumin\u0103 str\u0103lucitoare \u0219i uniform\u0103.<\/p>\n<\/div>\n\n\n\n<div class=\"wp-block-group has-background\" style=\"background-color:#f1f1f1;padding-top:var(--wp--preset--spacing--80);padding-bottom:var(--wp--preset--spacing--80)\"><div class=\"wp-block-group__inner-container is-layout-constrained wp-block-group-is-layout-constrained\">\n<div class=\"wp-block-group is-vertical is-layout-flex wp-container-core-group-is-layout-8cf370e7 wp-block-group-is-layout-flex\">\n<h2 class=\"wp-block-heading\" style=\"padding-top:var(--wp--preset--spacing--40);padding-bottom:var(--wp--preset--spacing--40);font-size:25px;font-style:normal;font-weight:600;text-transform:capitalize\">De ce s\u0103 alegi profilul nostru LED negru de 35x35mm?<\/h2>\n\n\n\n<ul class=\"wp-block-list\">\n<li>Poate fi instalat \u00een multe moduri diferite: pe tavanuri sau pe pere\u021bi. Po\u021bi s\u0103-l ag\u0103\u021bi \u0219i ca un pendant elegant.<\/li>\n\n\n\n<li>F\u0103r\u0103 puncte: Func\u021bioneaz\u0103 perfect cu dispersoare opalescente sau frosted pentru a ascunde punctele LED.<\/li>\n\n\n\n<li>Construc\u021bie robust\u0103: Aluminiul anodizat cu finisaj mat negru va dura.<\/li>\n\n\n\n<li>Efect de radiator: Acest lucru men\u021bine benzile tale LED reci, astfel \u00eenc\u00e2t s\u0103 dureze mult mai mult.<\/li>\n\n\n\n<li>Func\u021bioneaz\u0103 cu multe benzile LED: poate sus\u021bine benzile LED cu l\u0103\u021bimi de p\u00e2n\u0103 la 25mm.<\/li>\n<\/ul>\n<\/div>\n<\/div><\/div>\n\n\n\n<div class=\"wp-block-group is-vertical is-layout-flex wp-container-core-group-is-layout-d255d7c4 wp-block-group-is-layout-flex\" style=\"padding-top:var(--wp--preset--spacing--80);padding-bottom:var(--wp--preset--spacing--80)\">\n<hr class=\"wp-block-separator has-alpha-channel-opacity\"\/>\n\n\n\n<div class=\"wp-block-media-text has-media-on-the-right is-stacked-on-mobile\"><div class=\"wp-block-media-text__content\">\n<h2 class=\"wp-block-heading\" style=\"padding-top:var(--wp--preset--spacing--40);padding-bottom:var(--wp--preset--spacing--40);font-size:25px;font-style:normal;font-weight:600;text-transform:capitalize\">La ce po\u021bi folosi acest profil?<\/h2>\n\n\n\n<ul class=\"wp-block-list\">\n<li>Iluminat de birou: Aceste lumini sunt excelente pentru suspendarea luminilor liniare \u00een s\u0103li de conferin\u021b\u0103 sau vitrine.<\/li>\n\n\n\n<li>Iluminat pentru acas\u0103: Folose\u0219te-l ca un profil LED pendant \u00een buc\u0103t\u0103rie sau sala de mese.<\/li>\n\n\n\n<li>Iluminat arhitectural: Excelent pentru iluminarea covorului, sp\u0103larea pere\u021bilor \u0219i iluminatul sub dulapuri.<\/li>\n\n\n\n<li>Atelier \u0219i garaj: Montare pe suprafa\u021b\u0103 pentru iluminat de lucru luminos \u0219i constant.<\/li>\n<\/ul>\n<\/div><figure class=\"wp-block-media-text__media\"><img loading=\"lazy\" decoding=\"async\" width=\"500\" height=\"500\" src=\"https:\/\/tangooled.com\/wp-content\/uploads\/2025\/12\/s3535a-ins.webp\" alt=\"black led aluminum profile 35x35mm for surface mounting or suspension\" class=\"wp-image-43401 size-full\" srcset=\"https:\/\/tangooled.com\/wp-content\/uploads\/2025\/12\/s3535a-ins.webp 500w, https:\/\/tangooled.com\/wp-content\/uploads\/2025\/12\/s3535a-ins-300x300.webp 300w, https:\/\/tangooled.com\/wp-content\/uploads\/2025\/12\/s3535a-ins-150x150.webp 150w\" sizes=\"auto, (max-width: 500px) 100vw, 500px\" \/><\/figure><\/div>\n<\/div>\n\n\n\n<div class=\"wp-block-group has-background\" style=\"background-color:#f1f1f1f2;padding-top:var(--wp--preset--spacing--80);padding-bottom:var(--wp--preset--spacing--80)\"><div class=\"wp-block-group__inner-container is-layout-constrained wp-block-group-is-layout-constrained\">\n<h2 class=\"wp-block-heading\" style=\"padding-top:var(--wp--preset--spacing--40);padding-bottom:var(--wp--preset--spacing--40);font-size:25px;font-style:normal;font-weight:600;text-transform:capitalize\">Completeaz\u0103-\u021bi sistemul de iluminat cu accesorii<\/h2>\n\n\n\n<ul class=\"wp-block-list\">\n<li>Cleme de montare pe suprafa\u021b\u0103: Bracket-uri u\u0219or de instalat pentru o fixare sigur\u0103.<\/li>\n\n\n\n<li>Kituri de suspendare: Fire ajustabile \u0219i candelabre pentru instalare suspendat\u0103.<\/li>\n\n\n\n<li>Capace de cap\u0103t: Sigileaz\u0103 capetele ordonat \u0219i protejeaz\u0103 \u00eempotriva prafului \u0219i umezelii.<\/li>\n\n\n\n<li>Conectori \u0219i \u00eembin\u0103ri: Pentru col\u021buri \u0219i linii continue lungi.<\/li>\n<\/ul>\n<\/div><\/div>\n\n\n\n<div class=\"wp-block-group\" style=\"padding-top:var(--wp--preset--spacing--80);padding-bottom:var(--wp--preset--spacing--80)\"><div class=\"wp-block-group__inner-container is-layout-constrained wp-block-group-is-layout-constrained\">\n<h2 class=\"wp-block-heading\" style=\"padding-top:var(--wp--preset--spacing--40);padding-bottom:var(--wp--preset--spacing--40);font-size:25px;font-style:normal;font-weight:600;text-transform:capitalize\">Produse rela\u021bionate pentru proiectul t\u0103u<\/h2>\n\n\n\n<ul class=\"wp-block-list\">\n<li><a href=\"https:\/\/tangooled.com\/ro\/produs\/black-led-diffuser-aluminum-channel-for-12mm-tape-lights\/\"><mark style=\"background-color:rgba(0, 0, 0, 0)\" class=\"has-inline-color has-vivid-red-color\">Canal din aluminiu cu difuzor LED negru pentru benzi de 12mm<\/mark><\/a><\/li>\n\n\n\n<li><a href=\"https:\/\/tangooled.com\/ro\/produs\/led-strip-light-channel-aluminum-profile-with-diffused-cover-6mm-height\/\"><mark style=\"background-color:rgba(0, 0, 0, 0)\" class=\"has-inline-color has-vivid-red-color\">Profil din aluminiu pentru benzi LED cu capac difuzor de 6mm \u00een\u0103l\u021bime<\/mark><\/a><\/li>\n\n\n\n<li><a href=\"https:\/\/tangooled.com\/ro\/produs\/aluminum-profile-with-60-degree-lens-led-diffuser\/\"><mark style=\"background-color:rgba(0, 0, 0, 0)\" class=\"has-inline-color has-vivid-red-color\">Profil din aluminiu cu difuzor cu lentil\u0103 de 60 de grade pentru LED-uri<\/mark><\/a><\/li>\n\n\n\n<li><a href=\"https:\/\/tangooled.com\/ro\/produs\/25x14m-surface-mounted-led-light-aluminum-profile\/\"><mark style=\"background-color:rgba(0, 0, 0, 0)\" class=\"has-inline-color has-vivid-red-color\">Profil de aluminiu LED montat pe suprafa\u021b\u0103 25x14m<\/mark><\/a><\/li>\n<\/ul>\n<\/div><\/div>\n\n\n\n<div class=\"wp-block-group has-background\" style=\"background-color:#f1f1f1f2;padding-top:var(--wp--preset--spacing--80);padding-bottom:var(--wp--preset--spacing--80)\"><div class=\"wp-block-group__inner-container is-layout-constrained wp-block-group-is-layout-constrained\">\n<h2 class=\"wp-block-heading\" style=\"padding-top:var(--wp--preset--spacing--40);padding-bottom:var(--wp--preset--spacing--40);font-size:25px;font-style:normal;font-weight:600\">Rezumat<\/h2>\n\n\n\n<p style=\"padding-right:var(--wp--preset--spacing--50);padding-left:var(--wp--preset--spacing--50)\">Profilul nostru LED negru de montare pe suprafa\u021b\u0103 35x35mm are un stil modern, este durabil \u0219i u\u0219or de instalat at\u00e2t pentru montare pe suprafa\u021b\u0103, c\u00e2t \u0219i pentru lumini suspendate. Func\u021bioneaz\u0103 excelent cu multe benzile LED diferite \u0219i \u00ee\u021bi permite s\u0103 creezi un sistem de iluminat care arat\u0103 profesional, este eficient din punct de vedere energetic \u0219i elegant. Pentru mai multe profiluri de aluminiu LED, vezi: <mark style=\"background-color:rgba(0, 0, 0, 0)\" class=\"has-inline-color has-vivid-red-color\"><a href=\"https:\/\/tangooled.com\/ro\/produs\/black-led-profile-with-black-diffuser-for-10mm-led-strip-light\/\">Profil LED negru cu dispersor negru pentru band\u0103 LED de 10mm<\/a>, <a href=\"https:\/\/tangooled.com\/ro\/produs\/surface-mount-led-profile-with-frosted-diffuser-for-10mm-rope-lights\/\">Profil LED de montare pe suprafa\u021b\u0103 cu difuzor satin pentru benzile de 10mm<\/a>, <a href=\"https:\/\/tangooled.com\/ro\/produs\/black-aluminum-u-channel-profile-for-10mm-led-strips\/\">Profil de canal U din aluminiu negru pentru benzile LED de 10mm<\/a><\/mark><\/p>\n<\/div><\/div>","protected":false},"featured_media":14722,"template":"","meta":{"_acf_changed":true,"_seopress_robots_primary_cat":"none","_seopress_titles_title":"35x35mm Surface Black LED Profile | Square Matte Black Aluminum Channel | TANGOOLED","_seopress_titles_desc":"Elevate your design with the S3535A, a 35x35mm surface black led profile. This square aluminum channel features a sleek matte finish, ideal for modern surface-mounted or pendant lighting in offices and retail spaces.","_seopress_robots_index":""},"pcb-width":[230],"product-cat":[192,194],"class_list":{"0":"post-43089","1":"product","2":"type-product","3":"status-publish","4":"has-post-thumbnail","6":"pcb-width-20-25mm","7":"product-cat-surface-led-profile","8":"product-cat-suspended-profile"},"acf":[],"_links":{"self":[{"href":"https:\/\/tangooled.com\/ro\/wp-json\/wp\/v2\/product\/43089","targetHints":{"allow":["GET"]}}],"collection":[{"href":"https:\/\/tangooled.com\/ro\/wp-json\/wp\/v2\/product"}],"about":[{"href":"https:\/\/tangooled.com\/ro\/wp-json\/wp\/v2\/types\/product"}],"wp:featuredmedia":[{"embeddable":true,"href":"https:\/\/tangooled.com\/ro\/wp-json\/wp\/v2\/media\/14722"}],"wp:attachment":[{"href":"https:\/\/tangooled.com\/ro\/wp-json\/wp\/v2\/media?parent=43089"}],"wp:term":[{"taxonomy":"pcb-width","embeddable":true,"href":"https:\/\/tangooled.com\/ro\/wp-json\/wp\/v2\/pcb-width?post=43089"},{"taxonomy":"product-cat","embeddable":true,"href":"https:\/\/tangooled.com\/ro\/wp-json\/wp\/v2\/product-cat?post=43089"}],"curies":[{"name":"wp","href":"https:\/\/api.w.org\/{rel}","templated":true}]}}