{"id":43087,"date":"2025-12-26T00:39:48","date_gmt":"2025-12-26T08:39:48","guid":{"rendered":"https:\/\/tangooled.com\/?post_type=product&#038;p=43087"},"modified":"2026-01-25T23:24:52","modified_gmt":"2026-01-26T07:24:52","slug":"pendant-led-strip-channel-35x35mm-inner-layer","status":"publish","type":"product","link":"https:\/\/tangooled.com\/ro\/produs\/pendant-led-strip-channel-35x35mm-inner-layer\/","title":{"rendered":"Profil LED suspendat de 35x35mm (design interior \u00een dou\u0103 straturi)"},"content":{"rendered":"<div class=\"wp-block-group is-vertical is-layout-flex wp-container-core-group-is-layout-d255d7c4 wp-block-group-is-layout-flex\" style=\"padding-top:var(--wp--preset--spacing--80);padding-bottom:var(--wp--preset--spacing--80)\">\n<p>Canalul nostru pentru benzi LED suspendate de 35x35 mm are un design p\u0103trat ideal pentru iluminatul modern interior. Are o dimensiune total\u0103 de 35 mm l\u0103\u021bime \u0219i 35 mm \u00een\u0103l\u021bime. Po\u021bi s\u0103-l suspendi, s\u0103-l montezi pe o suprafa\u021b\u0103 sau chiar s\u0103-l \u00eencastrazi \u00een tavan sau perete. Stratul interior special faciliteaz\u0103 \u00eentre\u021binerea \u0219i disiparea c\u0103ldurii, f\u0103c\u00e2ndu-le mult mai u\u0219or. \u00cen plus, difuzorul superior opal atenueaz\u0103 punctele LED \u0219i permite luminii s\u0103 se r\u0103sp\u00e2ndeasc\u0103 \u00eentr-un mod uniform \u0219i atractiv. G\u00e2nde\u0219te-te la el ca la o carcas\u0103 pentru benzile tale LED. Acest canal din aluminiu de \u00eenalt\u0103 calitate le p\u0103streaz\u0103 \u00een siguran\u021b\u0103 \u0219i r\u0103coroase, f\u0103c\u00e2nd ca luminile tale s\u0103 dureze mai mult \u0219i s\u0103 str\u0103luceasc\u0103 mai puternic. Este o solu\u021bie inteligent\u0103 \u0219i curat\u0103 pentru orice proiect de iluminat liniar profesional.<\/p>\n<\/div>\n\n\n\n<div class=\"wp-block-group has-background\" style=\"background-color:#f1f1f1;padding-top:var(--wp--preset--spacing--80);padding-bottom:var(--wp--preset--spacing--80)\"><div class=\"wp-block-group__inner-container is-layout-constrained wp-block-group-is-layout-constrained\">\n<div class=\"wp-block-group is-vertical is-layout-flex wp-container-core-group-is-layout-8cf370e7 wp-block-group-is-layout-flex\">\n<h2 class=\"wp-block-heading\" style=\"padding-top:var(--wp--preset--spacing--40);padding-bottom:var(--wp--preset--spacing--40);font-size:25px;font-style:normal;font-weight:600;text-transform:capitalize\">De ce s\u0103 alegi canalul nostru LED suspendat de 35x35 mm?<\/h2>\n\n\n\n<ul class=\"wp-block-list\">\n<li>Light Without Dots: The opal diffuser softens the LED light source, eliminating &#8220;hot spots&#8221; to create a seamless, even glow.<\/li>\n\n\n\n<li>Construc\u021bie robust\u0103: Aluminiul 6063-T5 r\u0103ce\u0219te rapid LED-urile.<\/li>\n\n\n\n<li>Func\u021bioneaz\u0103 cu multe benzi LED: Poate sus\u021bine benzi de p\u00e2n\u0103 la 20 mm l\u0103\u021bime, cum ar fi cele de tip 2835, 5050 sau COB.<\/li>\n\n\n\n<li>U\u0219or de suspendat: Include un kit complet de accesorii (clipsuri de montare, cabluri \u0219i capace de cap\u0103t) pentru o montare suspendat\u0103 sau pe suprafa\u021b\u0103 u\u0219oar\u0103.<\/li>\n\n\n\n<li>Design simplu: Designul p\u0103trat de 35 mm se potrive\u0219te bine cu multe stiluri moderne.<\/li>\n<\/ul>\n<\/div>\n<\/div><\/div>\n\n\n\n<div class=\"wp-block-group is-vertical is-layout-flex wp-container-core-group-is-layout-d255d7c4 wp-block-group-is-layout-flex\" style=\"padding-top:var(--wp--preset--spacing--80);padding-bottom:var(--wp--preset--spacing--80)\">\n<hr class=\"wp-block-separator has-alpha-channel-opacity\"\/>\n\n\n\n<div class=\"wp-block-media-text has-media-on-the-right is-stacked-on-mobile\" style=\"grid-template-columns:auto 40%\"><div class=\"wp-block-media-text__content\">\n<h2 class=\"wp-block-heading\" style=\"padding-top:var(--wp--preset--spacing--40);padding-bottom:var(--wp--preset--spacing--40);font-size:25px;font-style:normal;font-weight:600;text-transform:capitalize\">How To Install 35&#215;35 pendant LED channel?<\/h2>\n\n\n\n<ul class=\"wp-block-list\">\n<li>Taie canalul \u0219i difuzorul la lungimea dorit\u0103.<\/li>\n\n\n\n<li>Plaseaz\u0103 banda LED pe canalul straturilor interioare.<\/li>\n\n\n\n<li>Pune difuzorul deasupra \u0219i fixeaz\u0103-l.<\/li>\n\n\n\n<li>Pune cu aten\u021bie capacele de cap\u0103t pentru a men\u021bine praful departe.<\/li>\n\n\n\n<li>Folose\u0219te kitul de cabluri suspendate, clipsurile sau clemele \u00eencastrate incluse cu produsul pentru a finaliza instalarea.<\/li>\n<\/ul>\n<\/div><figure class=\"wp-block-media-text__media\"><img loading=\"lazy\" decoding=\"async\" width=\"500\" height=\"500\" src=\"https:\/\/tangooled.com\/wp-content\/uploads\/2025\/12\/s3535b-ins.webp\" alt=\"pendant led strip channel 35mm with inner layer\" class=\"wp-image-43390 size-full\" srcset=\"https:\/\/tangooled.com\/wp-content\/uploads\/2025\/12\/s3535b-ins.webp 500w, https:\/\/tangooled.com\/wp-content\/uploads\/2025\/12\/s3535b-ins-300x300.webp 300w, https:\/\/tangooled.com\/wp-content\/uploads\/2025\/12\/s3535b-ins-150x150.webp 150w\" sizes=\"auto, (max-width: 500px) 100vw, 500px\" \/><\/figure><\/div>\n<\/div>\n\n\n\n<div class=\"wp-block-group has-background\" style=\"background-color:#f1f1f1f2;padding-top:var(--wp--preset--spacing--80);padding-bottom:var(--wp--preset--spacing--80)\"><div class=\"wp-block-group__inner-container is-layout-constrained wp-block-group-is-layout-constrained\">\n<h2 class=\"wp-block-heading\" style=\"padding-top:var(--wp--preset--spacing--40);padding-bottom:var(--wp--preset--spacing--40);font-size:25px;font-style:normal;font-weight:600;text-transform:capitalize\">Unde po\u021bi s\u0103-l folose\u0219ti?<\/h2>\n\n\n\n<ul class=\"wp-block-list\">\n<li>Offices\u2014over desks or tables for clear light.<\/li>\n\n\n\n<li>Luminile suspendate str\u0103lucitoare care par uniforme \u00een buc\u0103t\u0103rie \u0219i sala de mese acas\u0103.<\/li>\n\n\n\n<li>Magazinele \u0219i centrele comerciale au lumini care fac produsele tale s\u0103 arate excelent.<\/li>\n\n\n\n<li>\u0218colile \u0219i s\u0103lile de sport au nevoie de lumin\u0103 str\u0103lucitoare \u0219i uniform\u0103 pentru a fi sigure.<\/li>\n\n\n\n<li>Hoteluri \u0219i saloane: un stil modern \u0219i sofisticat pentru spa\u021biile publice.<\/li>\n\n\n\n<li>Aeroporturile \u0219i g\u0103rile ar trebui s\u0103 aib\u0103 lumini de tavan luminoase \u0219i curate.<\/li>\n<\/ul>\n<\/div><\/div>\n\n\n\n<div class=\"wp-block-group\" style=\"padding-top:var(--wp--preset--spacing--80);padding-bottom:var(--wp--preset--spacing--80)\"><div class=\"wp-block-group__inner-container is-layout-constrained wp-block-group-is-layout-constrained\">\n<h2 class=\"wp-block-heading\" style=\"padding-top:var(--wp--preset--spacing--40);padding-bottom:var(--wp--preset--spacing--40);font-size:25px;font-style:normal;font-weight:600;text-transform:capitalize\">Produse asociate pe care s-ar putea s\u0103 le plac\u0103<\/h2>\n\n\n\n<ul class=\"wp-block-list\">\n<li><a href=\"https:\/\/tangooled.com\/ro\/produs\/black-led-diffuser-aluminum-channel-for-12mm-tape-lights\/\"><mark style=\"background-color:rgba(0, 0, 0, 0)\" class=\"has-inline-color has-vivid-red-color\">Canal din aluminiu cu difuzor LED negru pentru benzi de 12mm<\/mark><\/a> \u2014 a smaller diffuser channel for narrow LED strips.<\/li>\n\n\n\n<li><a href=\"https:\/\/tangooled.com\/ro\/produs\/surface-mount-led-profile-with-frosted-diffuser-for-10mm-rope-lights\/\"><mark style=\"background-color:rgba(0, 0, 0, 0)\" class=\"has-inline-color has-vivid-red-color\">Profil LED de montare pe suprafa\u021b\u0103 cu difuzor satin pentru benzile de 10mm<\/mark><\/a> \u2014 perfect for surface mounting.<\/li>\n\n\n\n<li><a href=\"https:\/\/tangooled.com\/ro\/produs\/black-aluminum-u-channel-profile-for-10mm-led-strips\/\"><mark style=\"background-color:rgba(0, 0, 0, 0)\" class=\"has-inline-color has-vivid-red-color\">Profil de canal U din aluminiu negru pentru benzi LED de 10mm<\/mark><\/a> \u2014 a stylish black option for 10mm strips.<\/li>\n\n\n\n<li><a href=\"https:\/\/tangooled.com\/ro\/produs\/aluminum-profile-with-60-degree-lens-led-diffuser\/\"><mark style=\"background-color:rgba(0, 0, 0, 0)\" class=\"has-inline-color has-vivid-red-color\">Profil din aluminiu cu difuzor LED cu lentil\u0103 de 60 de grade<\/mark><\/a> \u2014 for sharp, focused light beams.<\/li>\n\n\n\n<li><mark style=\"background-color:rgba(0, 0, 0, 0)\" class=\"has-inline-color has-vivid-red-color\"><a href=\"https:\/\/tangooled.com\/ro\/produs\/25x14m-surface-mounted-led-light-aluminum-profile\/\">Profile din aluminiu pentru LED montat pe suprafa\u021b\u0103, 25x14mm<\/a> <\/mark>\u2014 slim profile for surface lights.<\/li>\n<\/ul>\n<\/div><\/div>","protected":false},"featured_media":14716,"template":"","meta":{"_acf_changed":true,"_seopress_robots_primary_cat":"none","_seopress_titles_title":"35x35mm Pendant LED Strip Channel | Professional Inner-Layer Profile | TANGOOLED","_seopress_titles_desc":"The S3535B is a premium 35x35mm pendant led strip channel featuring a removable inner layer for easy wiring. This heavy-duty square aluminum profile is perfect for high-end office and commercial suspended lighting.","_seopress_robots_index":""},"pcb-width":[229],"product-cat":[192,194],"class_list":{"0":"post-43087","1":"product","2":"type-product","3":"status-publish","4":"has-post-thumbnail","6":"pcb-width-15-20mm","7":"product-cat-surface-led-profile","8":"product-cat-suspended-profile"},"acf":[],"_links":{"self":[{"href":"https:\/\/tangooled.com\/ro\/wp-json\/wp\/v2\/product\/43087","targetHints":{"allow":["GET"]}}],"collection":[{"href":"https:\/\/tangooled.com\/ro\/wp-json\/wp\/v2\/product"}],"about":[{"href":"https:\/\/tangooled.com\/ro\/wp-json\/wp\/v2\/types\/product"}],"wp:featuredmedia":[{"embeddable":true,"href":"https:\/\/tangooled.com\/ro\/wp-json\/wp\/v2\/media\/14716"}],"wp:attachment":[{"href":"https:\/\/tangooled.com\/ro\/wp-json\/wp\/v2\/media?parent=43087"}],"wp:term":[{"taxonomy":"pcb-width","embeddable":true,"href":"https:\/\/tangooled.com\/ro\/wp-json\/wp\/v2\/pcb-width?post=43087"},{"taxonomy":"product-cat","embeddable":true,"href":"https:\/\/tangooled.com\/ro\/wp-json\/wp\/v2\/product-cat?post=43087"}],"curies":[{"name":"wp","href":"https:\/\/api.w.org\/{rel}","templated":true}]}}