{"id":43085,"date":"2025-12-26T00:34:49","date_gmt":"2025-12-26T08:34:49","guid":{"rendered":"https:\/\/tangooled.com\/?post_type=product&#038;p=43085"},"modified":"2026-01-25T23:32:35","modified_gmt":"2026-01-26T07:32:35","slug":"s3540a-3-sided-diffuser-led-pendant-profile","status":"publish","type":"product","link":"https:\/\/tangooled.com\/ro\/produs\/s3540a-3-sided-diffuser-led-pendant-profile\/","title":{"rendered":"S3540A: Profil liniar LED \u00eenalt de 40mm cu difuzor pe 3 laturi"},"content":{"rendered":"<div class=\"wp-block-group is-vertical is-layout-flex wp-container-core-group-is-layout-d255d7c4 wp-block-group-is-layout-flex\" style=\"padding-top:var(--wp--preset--spacing--80);padding-bottom:var(--wp--preset--spacing--80)\">\n<p>Canalul nostru din aluminiu de 35x40mm, cu un difuzor p\u0103trat pe trei laturi, este proiectat pentru a maximiza luminozitatea interioar\u0103. Cu o l\u0103\u021bime de 35mm \u0219i o \u00een\u0103l\u021bime de 40mm, capacul de form\u0103 p\u0103trat\u0103 permite luminii s\u0103 ias\u0103 at\u00e2t din fa\u021b\u0103, c\u00e2t \u0219i din laterale, cre\u00e2nd o str\u0103lucire mai larg\u0103 \u0219i mai captivant\u0103. Acest profil liniar foarte adaptabil suport\u0103 montarea pe suprafa\u021b\u0103, \u00eencastrarea sau instalarea suspendat\u0103, f\u0103c\u00e2ndu-l ideal pentru iluminatul arhitectural de \u00eenalt\u0103 calitate. Ofer\u0103 un carcas\u0103 robust\u0103 care protejeaz\u0103 benzile tale LED, asigur\u00e2nd \u00een acela\u0219i timp o estetic\u0103 curat\u0103 \u0219i profesional\u0103. Prin eliminarea eficient\u0103 a punctelor de c\u0103ldur\u0103 \u0219i distribuirea uniform\u0103 a luminii, acesta este o alegere superioar\u0103 pentru spa\u021biile moderne reziden\u021biale sau comerciale.<\/p>\n<\/div>\n\n\n\n<div class=\"wp-block-group has-background\" style=\"background-color:#f1f1f1;padding-top:var(--wp--preset--spacing--80);padding-bottom:var(--wp--preset--spacing--80)\"><div class=\"wp-block-group__inner-container is-layout-constrained wp-block-group-is-layout-constrained\">\n<div class=\"wp-block-group is-vertical is-layout-flex wp-container-core-group-is-layout-8cf370e7 wp-block-group-is-layout-flex\">\n<h2 class=\"wp-block-heading\" style=\"padding-top:var(--wp--preset--spacing--40);padding-bottom:var(--wp--preset--spacing--40);font-size:25px;font-style:normal;font-weight:600;text-transform:capitalize\">De ce ar trebui s\u0103 alegi profilul nostru liniar LED?<\/h2>\n\n\n\n<ul class=\"wp-block-list\">\n<li>Iluminarea pe trei laturi r\u0103sp\u00e2nde\u0219te lumina \u00een jur \u00een loc s\u0103 o direc\u021bioneze doar \u00een jos.<\/li>\n\n\n\n<li>Profilul sub\u021bire de 40mm \u00een\u0103l\u021bime face designul t\u0103u elegant \u0219i modern.<\/li>\n\n\n\n<li>Fabricat dintr-un profil de aluminiu extrudat robust care rezist\u0103 bine la c\u0103ldur\u0103.<\/li>\n\n\n\n<li>Difuzorul din policarbonat opal previne orbirea \u0219i ascunde punctele LED.<\/li>\n\n\n\n<li>Func\u021bioneaz\u0103 cu drivere dimabile precum DALI \u0219i 0-10V.\u00a0<\/li>\n\n\n\n<li>Suport\u0103 LED-uri cu CRI ridicat 90+ pentru o afi\u0219are precis\u0103 a culorilor.<\/li>\n<\/ul>\n<\/div>\n<\/div><\/div>\n\n\n\n<div class=\"wp-block-group is-vertical is-layout-flex wp-container-core-group-is-layout-d255d7c4 wp-block-group-is-layout-flex\" style=\"padding-top:var(--wp--preset--spacing--80);padding-bottom:var(--wp--preset--spacing--80)\">\n<hr class=\"wp-block-separator has-alpha-channel-opacity\"\/>\n\n\n\n<div class=\"wp-block-media-text has-media-on-the-right is-stacked-on-mobile\" style=\"grid-template-columns:auto 40%\"><div class=\"wp-block-media-text__content\">\n<h2 class=\"wp-block-heading\" style=\"padding-top:var(--wp--preset--spacing--40);padding-bottom:var(--wp--preset--spacing--40);font-size:25px;font-style:normal;font-weight:600;text-transform:capitalize\">Componente \u0219i instalare<\/h2>\n\n\n\n<p>Canalul LED din aluminiu vine cu un difuzor pe trei laturi, capace metalice, cleme de montare \u0219i cabluri pentru suspendare. Po\u021bi crea iluminarea liniar\u0103 dorit\u0103 urm\u00e2nd ace\u0219ti pa\u0219i:<\/p>\n\n\n\n<ul class=\"wp-block-list\">\n<li>Taie canalele \u0219i difuzoarele pentru a se potrivi cu spa\u021biul t\u0103u.<\/li>\n\n\n\n<li>Alege benzile LED potrivite cu densitate mare, cum ar fi COB sau 120LEDs\/M.<\/li>\n\n\n\n<li>Use an internal driver or an external driver that can dim the lights, like 0\u201310V or DALI.<\/li>\n\n\n\n<li>Conexiuni mici pot fi folosite pentru a crea lungimi mari sau forme unice.<\/li>\n\n\n\n<li>Use clips\u00a0to attach the channel to the surface, or use a suspension wire to hang it.<\/li>\n<\/ul>\n<\/div><figure class=\"wp-block-media-text__media\"><img loading=\"lazy\" decoding=\"async\" width=\"500\" height=\"500\" src=\"https:\/\/tangooled.com\/wp-content\/uploads\/2025\/12\/s3540a-ins.webp\" alt=\"led linear profile with three sided diffuser for pendant 40mm height\" class=\"wp-image-43385 size-full\" srcset=\"https:\/\/tangooled.com\/wp-content\/uploads\/2025\/12\/s3540a-ins.webp 500w, https:\/\/tangooled.com\/wp-content\/uploads\/2025\/12\/s3540a-ins-300x300.webp 300w, https:\/\/tangooled.com\/wp-content\/uploads\/2025\/12\/s3540a-ins-150x150.webp 150w\" sizes=\"auto, (max-width: 500px) 100vw, 500px\" \/><\/figure><\/div>\n<\/div>\n\n\n\n<div class=\"wp-block-group has-background\" style=\"background-color:#f1f1f1f2;padding-top:var(--wp--preset--spacing--80);padding-bottom:var(--wp--preset--spacing--80)\"><div class=\"wp-block-group__inner-container is-layout-constrained wp-block-group-is-layout-constrained\">\n<h2 class=\"wp-block-heading\" style=\"padding-top:var(--wp--preset--spacing--40);padding-bottom:var(--wp--preset--spacing--40);font-size:25px;font-style:normal;font-weight:600\">Cum po\u021bi s\u0103 \u00eel folose\u0219ti<\/h2>\n\n\n\n<p>Corpurile noastre de iluminat liniar suspendat pot fi folosite \u00een multe moduri diferite:<\/p>\n\n\n\n<ul class=\"wp-block-list\">\n<li>Iluminare pentru birou: lumin\u0103 puternic\u0103 \u0219i bl\u00e2nd\u0103 pentru locurile de munc\u0103 \u0219i s\u0103lile de conferin\u021b\u0103.<\/li>\n\n\n\n<li>Iluminare pentru expunerea magazinelor: perfect pentru showroom-uri \u0219i magazine.<\/li>\n\n\n\n<li>Suspensie pentru insula de buc\u0103t\u0103rie: o lumin\u0103 elegant\u0103 pentru buc\u0103t\u0103ria ta.<\/li>\n\n\n\n<li>Zonele de ospitalitate sunt excelente pentru holurile hotelurilor \u0219i restaurante.<\/li>\n\n\n\n<li>Pentru utilizare acas\u0103: ideal pentru iluminarea dining-ului \u0219i a biroului de acas\u0103.<\/li>\n<\/ul>\n<\/div><\/div>\n\n\n\n<div class=\"wp-block-group\" style=\"padding-top:var(--wp--preset--spacing--80);padding-bottom:var(--wp--preset--spacing--80)\"><div class=\"wp-block-group__inner-container is-layout-constrained wp-block-group-is-layout-constrained\">\n<h2 class=\"wp-block-heading\" style=\"padding-top:var(--wp--preset--spacing--40);padding-bottom:var(--wp--preset--spacing--40);font-size:25px;font-style:normal;font-weight:600;text-transform:capitalize\">Produse \u0219i resurse asociate<\/h2>\n\n\n\n<p>Exploreaz\u0103 mai multe profile \u0219i difuzoare LED pentru a se potrivi proiectelor tale<\/p>\n\n\n\n<ul class=\"wp-block-list\">\n<li><a href=\"https:\/\/tangooled.com\/ro\/produs\/black-led-diffuser-aluminum-channel-for-12mm-tape-lights\/\"><mark style=\"background-color:rgba(0, 0, 0, 0)\" class=\"has-inline-color has-vivid-red-color\">Canal din aluminiu cu difuzor LED negru pentru benzi de 12mm<\/mark><\/a><\/li>\n\n\n\n<li><a href=\"https:\/\/tangooled.com\/ro\/produs\/18x9mm-led-tape-light-profile-for-surface-installation\/\"><mark style=\"background-color:rgba(0, 0, 0, 0)\" class=\"has-inline-color has-vivid-red-color\">profil LED pentru band\u0103 de lumin\u0103 de 18x9mm pentru instalare pe suprafa\u021b\u0103<\/mark><\/a><\/li>\n\n\n\n<li><a href=\"https:\/\/tangooled.com\/ro\/produs\/aluminum-profile-with-60-degree-lens-led-diffuser\/\"><mark style=\"background-color:rgba(0, 0, 0, 0)\" class=\"has-inline-color has-vivid-red-color\">Profil din aluminiu cu difuzor LED cu lentil\u0103 de 60 de grade<\/mark><\/a><\/li>\n<\/ul>\n<\/div><\/div>\n\n\n\n<div class=\"wp-block-group has-background\" style=\"background-color:#f1f1f1f2;padding-top:var(--wp--preset--spacing--80);padding-bottom:var(--wp--preset--spacing--80)\"><div class=\"wp-block-group__inner-container is-layout-constrained wp-block-group-is-layout-constrained\">\n<h2 class=\"wp-block-heading\" style=\"padding-top:var(--wp--preset--spacing--40);padding-bottom:var(--wp--preset--spacing--40);font-size:25px;font-style:normal;font-weight:600;text-transform:capitalize\">rezumat<\/h2>\n\n\n\n<p style=\"padding-right:var(--wp--preset--spacing--50);padding-left:var(--wp--preset--spacing--50)\">Profilul nostru liniar LED cu suspendare de 40mm \u00een\u0103l\u021bime, dotat cu un difuzor pe trei laturi, arat\u0103 modern, func\u021bioneaz\u0103 excelent \u0219i este u\u0219or de instalat. Perfect pentru iluminarea birourilor, expunerilor din magazine, spa\u021biilor de lucru elegante \u0219i multe altele. Forma din aluminiu extrudat cu un difuzor tridirec\u021bional face ca luminile tale s\u0103 fie str\u0103lucitoare \u0219i uniforme, f\u0103r\u0103 orbire sau pete dure. Pentru nevoile tale de iluminat liniar suspendat, folose\u0219te acest profil. Ob\u021bi stil, control \u0219i durabilitate, toate \u00eentr-un design compact de 40mm. Contacteaz\u0103-ne ast\u0103zi pentru pre\u021buri sau pentru a plasa o comand\u0103 special\u0103!<\/p>\n<\/div><\/div>","protected":false},"featured_media":16234,"template":"","meta":{"_acf_changed":true,"_seopress_robots_primary_cat":"none","_seopress_titles_title":"S3540A 3-Sided Diffuser LED Profile | 40mm High Pendant Channel | TANGOOLED","_seopress_titles_desc":"The S3540A is a 40mm high LED linear profile featuring a three-sided diffuser for a 180\u00b0 lighting effect. Perfect for decorative pendant installations where wide light distribution is required.","_seopress_robots_index":""},"pcb-width":[230],"product-cat":[192,194],"class_list":{"0":"post-43085","1":"product","2":"type-product","3":"status-publish","4":"has-post-thumbnail","6":"pcb-width-20-25mm","7":"product-cat-surface-led-profile","8":"product-cat-suspended-profile"},"acf":[],"_links":{"self":[{"href":"https:\/\/tangooled.com\/ro\/wp-json\/wp\/v2\/product\/43085","targetHints":{"allow":["GET"]}}],"collection":[{"href":"https:\/\/tangooled.com\/ro\/wp-json\/wp\/v2\/product"}],"about":[{"href":"https:\/\/tangooled.com\/ro\/wp-json\/wp\/v2\/types\/product"}],"wp:featuredmedia":[{"embeddable":true,"href":"https:\/\/tangooled.com\/ro\/wp-json\/wp\/v2\/media\/16234"}],"wp:attachment":[{"href":"https:\/\/tangooled.com\/ro\/wp-json\/wp\/v2\/media?parent=43085"}],"wp:term":[{"taxonomy":"pcb-width","embeddable":true,"href":"https:\/\/tangooled.com\/ro\/wp-json\/wp\/v2\/pcb-width?post=43085"},{"taxonomy":"product-cat","embeddable":true,"href":"https:\/\/tangooled.com\/ro\/wp-json\/wp\/v2\/product-cat?post=43085"}],"curies":[{"name":"wp","href":"https:\/\/api.w.org\/{rel}","templated":true}]}}