{"id":43083,"date":"2025-12-26T00:28:04","date_gmt":"2025-12-26T08:28:04","guid":{"rendered":"https:\/\/tangooled.com\/?post_type=product&#038;p=43083"},"modified":"2026-01-25T23:46:47","modified_gmt":"2026-01-26T07:46:47","slug":"s3540b-curved-diffuser-35x40mm-led-channel","status":"publish","type":"product","link":"https:\/\/tangooled.com\/ro\/produs\/s3540b-curved-diffuser-35x40mm-led-channel\/","title":{"rendered":"S3540B: Canal LED din aluminiu de 35x40mm cu difuzor curbat"},"content":{"rendered":"<div class=\"wp-block-group is-vertical is-layout-flex wp-container-core-group-is-layout-d255d7c4 wp-block-group-is-layout-flex\" style=\"padding-top:var(--wp--preset--spacing--80);padding-bottom:var(--wp--preset--spacing--80)\">\n<p>Canalul din aluminiu de 35x40mm cu difuzor curbat este conceput pentru benzi LED de 20mm, \u00eembun\u0103t\u0103\u021bind orice spa\u021biu cu o str\u0103lucire larg\u0103 \u0219i moale. Capacitatea \u00een form\u0103 de arc ofer\u0103 o distribu\u021bie uniform\u0103 a luminii, \u00een timp ce l\u0103\u021bimea de 35mm \u0219i \u00een\u0103l\u021bimea de 40mm ofer\u0103 un corp robust pentru iluminatul dumneavoastr\u0103. Ideal pentru iluminatul liniar interior, poate fi montat pe suprafa\u021b\u0103, \u00eencastrat sau suspendat. Aceast\u0103 extrudare din aluminiu asigur\u0103 un finisaj elegant \u0219i curat prin eliminarea punctelor vizibile de LED \u0219i protej\u00e2nd benzile dumneavoastr\u0103 \u00een interiorul unui canal din aluminiu durabil.<\/p>\n<\/div>\n\n\n\n<div class=\"wp-block-group has-background\" style=\"background-color:#f1f1f1;padding-top:var(--wp--preset--spacing--80);padding-bottom:var(--wp--preset--spacing--80)\"><div class=\"wp-block-group__inner-container is-layout-constrained wp-block-group-is-layout-constrained\">\n<div class=\"wp-block-group is-vertical is-layout-flex wp-container-core-group-is-layout-8cf370e7 wp-block-group-is-layout-flex\">\n<h2 class=\"wp-block-heading\" style=\"padding-top:var(--wp--preset--spacing--40);padding-bottom:var(--wp--preset--spacing--40);font-size:25px;font-style:normal;font-weight:600;text-transform:capitalize\">De ce s\u0103 alegi canalul nostru din aluminiu de 35x40mm?<\/h2>\n\n\n\n<ul class=\"wp-block-list\">\n<li>Fabricat din aliaj de aluminiu 6063-T5 pentru rezisten\u021b\u0103 mare \u0219i disipare a c\u0103ldurii.<\/li>\n\n\n\n<li>Vine cu un difuzor curbat din opal pentru a uniformiza lumina \u0219i a reduce str\u0103lucirea.<\/li>\n\n\n\n<li>Proiectat s\u0103 se potriveasc\u0103 benzilor LED flexibile de 20mm, inclusiv benzi LED de mare putere \u0219i COB.<\/li>\n\n\n\n<li>Preg\u0103tit pentru montare pe suprafa\u021b\u0103 sau suspendare, cu cleme de montaj \u0219i s\u00e2rme de suspendare.<\/li>\n\n\n\n<li>Op\u021biuni de finisare \u00een culori anodizate argintie, neagr\u0103 \u0219i alb\u0103 pentru stil \u0219i durabilitate.<\/li>\n\n\n\n<li>Fabricat pentru a dura cu materiale rezistente la \u00eeng\u0103lbenire \u0219i coroziune.<\/li>\n<\/ul>\n<\/div>\n<\/div><\/div>\n\n\n\n<div class=\"wp-block-group is-vertical is-layout-flex wp-container-core-group-is-layout-d255d7c4 wp-block-group-is-layout-flex\" style=\"padding-top:var(--wp--preset--spacing--80);padding-bottom:var(--wp--preset--spacing--80)\">\n<hr class=\"wp-block-separator has-alpha-channel-opacity\"\/>\n\n\n\n<div class=\"wp-block-media-text has-media-on-the-right is-stacked-on-mobile\" style=\"grid-template-columns:auto 40%\"><div class=\"wp-block-media-text__content\">\n<h2 class=\"wp-block-heading\" style=\"padding-top:var(--wp--preset--spacing--40);padding-bottom:var(--wp--preset--spacing--40);font-size:25px;font-style:normal;font-weight:600;text-transform:capitalize\">Op\u021biuni de instalare<\/h2>\n\n\n\n<ul class=\"wp-block-list\">\n<li>Mounting on the surface:\u00a0Use the mounting clips that come with the aluminum channel to keep it in place. Great for walls, ceilings, and flat surfaces.<\/li>\n\n\n\n<li>Instalarea unui corp de iluminat suspendat: Pentru a ag\u0103\u021ba profilul din aluminiu pentru iluminatul modern suspendat, folosi\u021bi s\u00e2rmele de suspendare incluse. Func\u021bioneaz\u0103 bine \u00een birouri, buc\u0103t\u0103rii \u0219i magazine.<\/li>\n<\/ul>\n<\/div><figure class=\"wp-block-media-text__media\"><img loading=\"lazy\" decoding=\"async\" width=\"500\" height=\"500\" src=\"https:\/\/tangooled.com\/wp-content\/uploads\/2025\/12\/s3540b-ins.webp\" alt=\"35x40mm aluminum channel with curved diffuser for 20mm led strip\" class=\"wp-image-43376 size-full\" srcset=\"https:\/\/tangooled.com\/wp-content\/uploads\/2025\/12\/s3540b-ins.webp 500w, https:\/\/tangooled.com\/wp-content\/uploads\/2025\/12\/s3540b-ins-300x300.webp 300w, https:\/\/tangooled.com\/wp-content\/uploads\/2025\/12\/s3540b-ins-150x150.webp 150w\" sizes=\"auto, (max-width: 500px) 100vw, 500px\" \/><\/figure><\/div>\n<\/div>\n\n\n\n<div class=\"wp-block-group has-background\" style=\"background-color:#f1f1f1f2;padding-top:var(--wp--preset--spacing--80);padding-bottom:var(--wp--preset--spacing--80)\"><div class=\"wp-block-group__inner-container is-layout-constrained wp-block-group-is-layout-constrained\">\n<h2 class=\"wp-block-heading\" style=\"padding-top:var(--wp--preset--spacing--40);padding-bottom:var(--wp--preset--spacing--40);font-size:25px;font-style:normal;font-weight:600\">Aplica\u021bii populare<\/h2>\n\n\n\n<ul class=\"wp-block-list\">\n<li>Iluminat pentru afaceri \u0219i birouri: Lumina str\u0103lucitoare, curat\u0103 \u0219i modern\u0103 pentru birouri \u0219i s\u0103li de \u0219edin\u021be.<\/li>\n\n\n\n<li>Iluminat arhitectural de accent: \u00cembun\u0103t\u0103\u021bi\u021bi pere\u021bii, ni\u0219ele sau rafturile de expunere cu o lumin\u0103 moale, f\u0103r\u0103 puncte fierbin\u021bi.<\/li>\n\n\n\n<li>Expuneri comerciale: Folosi\u021bi fascicule de lumin\u0103 largi \u0219i uniforme pentru a atrage aten\u021bia asupra produselor.<\/li>\n\n\n\n<li>Zone reziden\u021biale: Insule de buc\u0103t\u0103rie, holuri \u0219i dulapuri care necesit\u0103 iluminat de sarcin\u0103 elegant.<\/li>\n\n\n\n<li>Iluminat pentru hoteluri \u0219i holuri: Face\u021bi spa\u021biul s\u0103 se simt\u0103 cald \u0219i primitor, f\u0103r\u0103 str\u0103lucire.<\/li>\n<\/ul>\n<\/div><\/div>\n\n\n\n<div class=\"wp-block-group\" style=\"padding-top:var(--wp--preset--spacing--80);padding-bottom:var(--wp--preset--spacing--80)\"><div class=\"wp-block-group__inner-container is-layout-constrained wp-block-group-is-layout-constrained\">\n<p>Afla\u021bi cum se \u00eencadreaz\u0103 acest produs \u00een proiectul dumneavoastr\u0103 verific\u00e2nd aceste produse conexe<\/p>\n\n\n\n<ul class=\"wp-block-list\">\n<li><a href=\"https:\/\/tangooled.com\/ro\/produs\/black-led-diffuser-aluminum-channel-for-12mm-tape-lights\/\"><mark style=\"background-color:rgba(0, 0, 0, 0)\" class=\"has-inline-color has-vivid-red-color\">Canal din aluminiu cu difuzor LED negru pentru benzi de 12mm<\/mark><\/a><\/li>\n\n\n\n<li><a href=\"https:\/\/tangooled.com\/ro\/produs\/surface-mount-30mm-led-diffuser-channel-for-two-led-strips\/\"><mark style=\"background-color:rgba(0, 0, 0, 0)\" class=\"has-inline-color has-vivid-red-color\">Canal de difuzor LED montat pe suprafa\u021b\u0103 de 30mm pentru dou\u0103 benzi LED<\/mark><\/a><\/li>\n\n\n\n<li><a href=\"https:\/\/tangooled.com\/ro\/produs\/17mm-led-strip-light-aluminum-channel-for-surface-mounting\/\"><mark style=\"background-color:rgba(0, 0, 0, 0)\" class=\"has-inline-color has-vivid-red-color\">Canal din aluminiu pentru band\u0103 LED de 17mm pentru montare pe suprafa\u021b\u0103<\/mark><\/a><\/li>\n<\/ul>\n<\/div><\/div>\n\n\n\n<div class=\"wp-block-group has-background\" style=\"background-color:#f1f1f1f2;padding-top:var(--wp--preset--spacing--80);padding-bottom:var(--wp--preset--spacing--80)\"><div class=\"wp-block-group__inner-container is-layout-constrained wp-block-group-is-layout-constrained\">\n<h2 class=\"wp-block-heading\" style=\"padding-top:var(--wp--preset--spacing--40);padding-bottom:var(--wp--preset--spacing--40);font-size:25px;font-style:normal;font-weight:600\">Rezumat<\/h2>\n\n\n\n<p>Canalul din aluminiu de 35x40mm cu difuzor curbat este un profil LED din aluminiu excelent pentru benzi LED de 20mm l\u0103\u021bime. Ofer\u0103 o disipare excelent\u0103 a c\u0103ldurii, iluminare f\u0103r\u0103 puncte \u0219i vine cu toate accesoriile pentru montare pe suprafa\u021b\u0103 sau suspendare. Pentru a g\u0103si mai multe profile LED din aluminiu pentru alte dimensiuni de benzi, vizita\u021bi aceste linkuri: <\/p>\n\n\n\n<ul class=\"wp-block-list\">\n<li><a href=\"https:\/\/tangooled.com\/ro\/produs\/black-led-profile-with-black-diffuser-for-10mm-led-strip-light\/\"><mark style=\"background-color:rgba(0, 0, 0, 0)\" class=\"has-inline-color has-vivid-red-color\">Profil LED negru cu difuzor negru pentru banda LED de 10mm<\/mark><\/a><\/li>\n\n\n\n<li><a href=\"https:\/\/tangooled.com\/ro\/produs\/25x14m-surface-mounted-led-light-aluminum-profile\/\"><mark style=\"background-color:rgba(0, 0, 0, 0)\" class=\"has-inline-color has-vivid-red-color\">Profile din aluminiu pentru LED montat pe suprafa\u021b\u0103, 25x14mm<\/mark><\/a><\/li>\n\n\n\n<li><a href=\"https:\/\/tangooled.com\/ro\/produs\/led-strip-light-channel-aluminum-profile-with-diffused-cover-6mm-height\/\"><mark style=\"background-color:rgba(0, 0, 0, 0)\" class=\"has-inline-color has-vivid-red-color\">Profil din aluminiu pentru benzi LED cu capac difuzor de 6mm \u00een\u0103l\u021bime<\/mark><\/a><\/li>\n<\/ul>\n<\/div><\/div>","protected":false},"featured_media":16240,"template":"","meta":{"_acf_changed":true,"_seopress_robots_primary_cat":"none","_seopress_titles_title":"S3540B Curved Diffuser LED Channel | 35x40mm Aluminum Profile | TANGOOLED","_seopress_titles_desc":"The S3540B is a 35x40mm aluminum channel featuring a curved diffuser for soft, wide-angle lighting. Designed to fit up to 20mm wide LED strips, it's ideal for surface or pendant mounting.","_seopress_robots_index":""},"pcb-width":[230],"product-cat":[192,194],"class_list":{"0":"post-43083","1":"product","2":"type-product","3":"status-publish","4":"has-post-thumbnail","6":"pcb-width-20-25mm","7":"product-cat-surface-led-profile","8":"product-cat-suspended-profile"},"acf":[],"_links":{"self":[{"href":"https:\/\/tangooled.com\/ro\/wp-json\/wp\/v2\/product\/43083","targetHints":{"allow":["GET"]}}],"collection":[{"href":"https:\/\/tangooled.com\/ro\/wp-json\/wp\/v2\/product"}],"about":[{"href":"https:\/\/tangooled.com\/ro\/wp-json\/wp\/v2\/types\/product"}],"wp:featuredmedia":[{"embeddable":true,"href":"https:\/\/tangooled.com\/ro\/wp-json\/wp\/v2\/media\/16240"}],"wp:attachment":[{"href":"https:\/\/tangooled.com\/ro\/wp-json\/wp\/v2\/media?parent=43083"}],"wp:term":[{"taxonomy":"pcb-width","embeddable":true,"href":"https:\/\/tangooled.com\/ro\/wp-json\/wp\/v2\/pcb-width?post=43083"},{"taxonomy":"product-cat","embeddable":true,"href":"https:\/\/tangooled.com\/ro\/wp-json\/wp\/v2\/product-cat?post=43083"}],"curies":[{"name":"wp","href":"https:\/\/api.w.org\/{rel}","templated":true}]}}