{"id":43080,"date":"2025-12-26T00:23:15","date_gmt":"2025-12-26T08:23:15","guid":{"rendered":"https:\/\/tangooled.com\/?post_type=product&#038;p=43080"},"modified":"2026-01-25T23:53:03","modified_gmt":"2026-01-26T07:53:03","slug":"tall-diffuser-led-extrusion-profile-35x67mm","status":"publish","type":"product","link":"https:\/\/tangooled.com\/ro\/produs\/tall-diffuser-led-extrusion-profile-35x67mm\/","title":{"rendered":"S3567: Extrudare LED p\u0103trat\u0103 de 35x67mm cu difuzor \u00eenalt"},"content":{"rendered":"<div class=\"wp-block-group is-vertical is-layout-flex wp-container-core-group-is-layout-d255d7c4 wp-block-group-is-layout-flex\" style=\"padding-top:var(--wp--preset--spacing--80);padding-bottom:var(--wp--preset--spacing--80)\">\n<p>Profilul de extrudare LED cu difuzor \u00eenalt S3567 are dimensiuni totale de 35mm l\u0103\u021bime \u0219i 67mm \u00een\u0103l\u021bime \u0219i un difuzor p\u0103trat. Are un spa\u021biu integrat pentru instalarea benzilor LED, care este de 23.8mm l\u0103\u021bime. Dimensiunea mare \u0219i difuzorul \u00eenalt reduc str\u0103lucirea \u0219i fac lumina foarte uniform\u0103, ceea ce o face ideal\u0103 pentru zonele care au nevoie de iluminare cu unghi larg, f\u0103r\u0103 puncte de lumin\u0103. Aceast\u0103 form\u0103 este proiectat\u0103 \u00een principal pentru instalarea suspendat\u0103 cu un kit unic de cabluri de suspensie. Aceast\u0103 tehnologie confer\u0103 S3567 un aspect modern \u0219i plutitor, fiind o alegere excelent\u0103 pentru spa\u021biile comerciale, birouri \u0219i magazine cu tavan \u00eenalt care necesit\u0103 iluminat linear puternic \u0219i curat din punct de vedere arhitectural.<\/p>\n<\/div>\n\n\n\n<div class=\"wp-block-group has-background\" style=\"background-color:#f1f1f1;padding-top:var(--wp--preset--spacing--80);padding-bottom:var(--wp--preset--spacing--80)\"><div class=\"wp-block-group__inner-container is-layout-constrained wp-block-group-is-layout-constrained\">\n<div class=\"wp-block-group is-vertical is-layout-flex wp-container-core-group-is-layout-8cf370e7 wp-block-group-is-layout-flex\">\n<h2 class=\"wp-block-heading\" style=\"padding-top:var(--wp--preset--spacing--40);padding-bottom:var(--wp--preset--spacing--40);font-size:25px;font-style:normal;font-weight:600;text-transform:capitalize\">De ce s\u0103 alegi acest profil de extrudare LED cu difuzor \u00eenalt?<\/h2>\n\n\n\n<p>Acest profil de extrudare LED cu difuzor \u00eenalt este realizat din aluminiu 6063-T5, care este cel mai bun material pentru men\u021binerea benzilor tale LED reci \u0219i luminoase ani de zile. Difuzorul p\u0103trat opal \u00eenalt r\u0103sp\u00e2nde\u0219te lumina uniform, oferind corpului t\u0103u un aspect curat \u0219i profesionist.<\/p>\n\n\n\n<ul class=\"wp-block-list\">\n<li>Func\u021bioneaz\u0103 cu benzi LED late de p\u00e2n\u0103 la 23 mm pentru un output mare de lumeni.<\/li>\n\n\n\n<li>Poate fi montat pe suprafa\u021b\u0103 sau suspendat.<\/li>\n\n\n\n<li>Disponibil \u00een aluminiu brut, vopsit negru sau finisaj anodizat argintiu.<\/li>\n\n\n\n<li>Func\u021bioneaz\u0103 cu benzi LED COB, benzi LED cu dou\u0103 r\u00e2nduri \u0219i produc\u0103tori cunoscu\u021bi, inclusiv Cree, Nichia \u0219i Samsung LED.<\/li>\n\n\n\n<li>Vine cu op\u021biuni pentru capace de cap\u0103t, clipsuri de montare \u0219i conectori liniari (care sunt oferite separat).<\/li>\n<\/ul>\n<\/div>\n<\/div><\/div>\n\n\n\n<div class=\"wp-block-group is-vertical is-layout-flex wp-container-core-group-is-layout-d255d7c4 wp-block-group-is-layout-flex\" style=\"padding-top:var(--wp--preset--spacing--80);padding-bottom:var(--wp--preset--spacing--80)\">\n<hr class=\"wp-block-separator has-alpha-channel-opacity\"\/>\n\n\n\n<div class=\"wp-block-media-text has-media-on-the-right is-stacked-on-mobile\" style=\"grid-template-columns:auto 40%\"><div class=\"wp-block-media-text__content\">\n<h2 class=\"wp-block-heading\" style=\"padding-top:var(--wp--preset--spacing--40);padding-bottom:var(--wp--preset--spacing--40);font-size:25px;font-style:normal;font-weight:600;text-transform:capitalize\">Cum s\u0103 construie\u0219ti corpul t\u0103u LED<\/h2>\n\n\n\n<ul class=\"wp-block-list\">\n<li>Alege lungimea \u0219i finisajul profilului de extrudare.<\/li>\n\n\n\n<li>Alege banda ta LED, care poate fi de p\u00e2n\u0103 la 23mm l\u0103\u021bime, cum ar fi COB, SMD 2835\/5050, \u00een func\u021bie de c\u00e2t de luminoas\u0103 vrei s\u0103 fie lumina.<\/li>\n\n\n\n<li>Instaleaz\u0103 difuzorul p\u0103trat opal \u00eenalt pentru a face lumina uniform\u0103.<\/li>\n\n\n\n<li>Adaug\u0103 ata\u0219amentele corespunz\u0103toare pentru montare pe suprafa\u021b\u0103 sau suspendare.<\/li>\n<\/ul>\n<\/div><figure class=\"wp-block-media-text__media\"><img loading=\"lazy\" decoding=\"async\" width=\"500\" height=\"500\" src=\"https:\/\/tangooled.com\/wp-content\/uploads\/2025\/12\/s3567-ins.webp\" alt=\"35x67mm led light extrusion profile with square tall diffuser\" class=\"wp-image-43340 size-full\" srcset=\"https:\/\/tangooled.com\/wp-content\/uploads\/2025\/12\/s3567-ins.webp 500w, https:\/\/tangooled.com\/wp-content\/uploads\/2025\/12\/s3567-ins-300x300.webp 300w, https:\/\/tangooled.com\/wp-content\/uploads\/2025\/12\/s3567-ins-150x150.webp 150w\" sizes=\"auto, (max-width: 500px) 100vw, 500px\" \/><\/figure><\/div>\n<\/div>\n\n\n\n<div class=\"wp-block-group has-background\" style=\"background-color:#f1f1f1f2;padding-top:var(--wp--preset--spacing--80);padding-bottom:var(--wp--preset--spacing--80)\"><div class=\"wp-block-group__inner-container is-layout-constrained wp-block-group-is-layout-constrained\">\n<h2 class=\"wp-block-heading\" style=\"padding-top:var(--wp--preset--spacing--40);padding-bottom:var(--wp--preset--spacing--40);font-size:25px;font-style:normal;font-weight:600;text-transform:capitalize\">Aplica\u021bii comune<\/h2>\n\n\n\n<p>Acest profil LED de 35x67mm cu difuzor \u00eenalt poate fi folosit \u00een multe locuri, cum ar fi:<\/p>\n\n\n\n<ul class=\"wp-block-list\">\n<li>Iluminat comercial: Este necesar\u0103 o lumin\u0103 str\u0103lucitoare \u0219i uniform\u0103 \u00een birouri, s\u0103li de conferin\u021be, magazine de retail \u0219i recep\u021bii.<\/li>\n\n\n\n<li>Iluminat pentru case: insule de buc\u0103t\u0103rie, livinguri \u0219i birouri de acas\u0103 cu un profil de extrudare de calitate arhitectural\u0103 excelent\u0103.<\/li>\n\n\n\n<li>Architectural Uses: Custom feature walls, hallways, galleries, and museums that want lighting that isn&#8217;t too bright and spreads out.<\/li>\n<\/ul>\n<\/div><\/div>\n\n\n\n<div class=\"wp-block-group\" style=\"padding-top:var(--wp--preset--spacing--80);padding-bottom:var(--wp--preset--spacing--80)\"><div class=\"wp-block-group__inner-container is-layout-constrained wp-block-group-is-layout-constrained\">\n<h2 class=\"wp-block-heading\" style=\"padding-top:var(--wp--preset--spacing--40);padding-bottom:var(--wp--preset--spacing--40);font-size:25px;font-style:normal;font-weight:600;text-transform:capitalize\">Mai multe produse care s-ar putea s\u0103-\u021bi plac\u0103<\/h2>\n\n\n\n<ul class=\"wp-block-list\">\n<li>Exploreaz\u0103<mark style=\"background-color:rgba(0, 0, 0, 0)\" class=\"has-inline-color has-vivid-red-color\"> <a href=\"https:\/\/tangooled.com\/ro\/produs\/black-led-profile-with-black-diffuser-for-10mm-led-strip-light\/\">Profil LED negru cu difuzor negru pentru banda LED de 10mm<\/a><\/mark> pentru iluminat sub\u021bire \u0219i elegant.<\/li>\n\n\n\n<li>Vezi <a href=\"https:\/\/tangooled.com\/ro\/produs\/surface-mount-led-profile-with-frosted-diffuser-for-10mm-rope-lights\/\"><mark style=\"background-color:rgba(0, 0, 0, 0)\" class=\"has-inline-color has-vivid-red-color\">Profil LED de montare pe suprafa\u021b\u0103 cu difuzor satin pentru benzile de 10mm<\/mark><\/a> pentru instal\u0103ri discrete.<\/li>\n\n\n\n<li>Pentru benzi mai mici, verific\u0103 <a href=\"https:\/\/tangooled.com\/ro\/produs\/18x9mm-led-tape-light-profile-for-surface-installation\/\"><mark style=\"background-color:rgba(0, 0, 0, 0)\" class=\"has-inline-color has-vivid-red-color\">profil LED pentru band\u0103 de lumin\u0103 de 18x9mm pentru instalare pe suprafa\u021b\u0103<\/mark><\/a>.<\/li>\n<\/ul>\n<\/div><\/div>\n\n\n\n<div class=\"wp-block-group\" style=\"padding-top:0;padding-bottom:0\"><div class=\"wp-block-group__inner-container is-layout-constrained wp-block-group-is-layout-constrained\">\n<p>Profilul de extrudare LED p\u0103trat\u0103 de 35x67mm cu difuzor \u00eenalt este o abordare ideal\u0103 pentru a ob\u021bine extrudare de calitate arhitectural\u0103 f\u0103r\u0103 puncte de lumin\u0103. Poate sus\u021bine benzi LED mari \u0219i este potrivit pentru utiliz\u0103ri comerciale, reziden\u021biale \u0219i arhitecturale.<\/p>\n<\/div><\/div>","protected":false},"featured_media":35063,"template":"","meta":{"_acf_changed":true,"_seopress_robots_primary_cat":"none","_seopress_titles_title":"Tall Diffuser LED Extrusion Profile | 35x67mm 3D Glow Aluminum Channel","_seopress_titles_desc":"The S3567 is a premium tall diffuser led extrusion profile measuring 35x67mm. Designed for a 3-sided 3D lighting effect, this square aluminum channel eliminates hotspots and creates bold, soft-glow linear accents.","_seopress_robots_index":""},"pcb-width":[230],"product-cat":[192,194],"class_list":{"0":"post-43080","1":"product","2":"type-product","3":"status-publish","4":"has-post-thumbnail","6":"pcb-width-20-25mm","7":"product-cat-surface-led-profile","8":"product-cat-suspended-profile"},"acf":[],"_links":{"self":[{"href":"https:\/\/tangooled.com\/ro\/wp-json\/wp\/v2\/product\/43080","targetHints":{"allow":["GET"]}}],"collection":[{"href":"https:\/\/tangooled.com\/ro\/wp-json\/wp\/v2\/product"}],"about":[{"href":"https:\/\/tangooled.com\/ro\/wp-json\/wp\/v2\/types\/product"}],"wp:featuredmedia":[{"embeddable":true,"href":"https:\/\/tangooled.com\/ro\/wp-json\/wp\/v2\/media\/35063"}],"wp:attachment":[{"href":"https:\/\/tangooled.com\/ro\/wp-json\/wp\/v2\/media?parent=43080"}],"wp:term":[{"taxonomy":"pcb-width","embeddable":true,"href":"https:\/\/tangooled.com\/ro\/wp-json\/wp\/v2\/pcb-width?post=43080"},{"taxonomy":"product-cat","embeddable":true,"href":"https:\/\/tangooled.com\/ro\/wp-json\/wp\/v2\/product-cat?post=43080"}],"curies":[{"name":"wp","href":"https:\/\/api.w.org\/{rel}","templated":true}]}}