{"id":43077,"date":"2025-12-26T00:19:25","date_gmt":"2025-12-26T08:19:25","guid":{"rendered":"https:\/\/tangooled.com\/?post_type=product&#038;p=43077"},"modified":"2026-01-29T23:31:36","modified_gmt":"2026-01-30T07:31:36","slug":"54x35mm-black-suspended-led-channel-quad-row-s5435","status":"publish","type":"product","link":"https:\/\/tangooled.com\/ro\/produs\/54x35mm-black-suspended-led-channel-quad-row-s5435\/","title":{"rendered":"S5435: Canal LED suspendat de 54x35mm negru (compatibil cu r\u00e2nduri multiple)"},"content":{"rendered":"<div class=\"wp-block-group is-vertical is-layout-flex wp-container-core-group-is-layout-d255d7c4 wp-block-group-is-layout-flex\" style=\"padding-top:var(--wp--preset--spacing--80);padding-bottom:var(--wp--preset--spacing--80)\">\n<p>Cau\u021bi o modalitate sigur\u0103 \u0219i elegant\u0103 de a instala benzile tale LED? Canalul nostru LED negru de 54x35mm este conceput pentru a oferi o lumin\u0103 linear\u0103 robust\u0103 \u0219i durabil\u0103. Fabricat dintr-un aliaj de aluminiu rezistent \u0219i av\u00e2nd o l\u0103\u021bime interioar\u0103 de 44mm, acest profil poate g\u0103zdui p\u00e2n\u0103 la patru r\u00e2nduri de benzi LED de 10mm plasate \u00een paralel.<\/p>\n\n\n\n<p>Diagrama de aplica\u021bie arat\u0103 c\u0103 profilul S5435 este conceput pentru instalare flexibil\u0103. Cu clipsuri de montare ascunse \u0219i fire de suspendare, acest canal LED poate fi montat direct pe o suprafa\u021b\u0103 sau suspendat ca un pendul linear modern. Adaptabilitatea sa \u00eel face potrivit pentru o varietate de proiecte arhitecturale.<\/p>\n<\/div>\n\n\n\n<div class=\"wp-block-group has-background\" style=\"background-color:#f1f1f1;padding-top:var(--wp--preset--spacing--80);padding-bottom:var(--wp--preset--spacing--80)\"><div class=\"wp-block-group__inner-container is-layout-constrained wp-block-group-is-layout-constrained\">\n<div class=\"wp-block-group is-vertical is-layout-flex wp-container-core-group-is-layout-8cf370e7 wp-block-group-is-layout-flex\">\n<h2 class=\"wp-block-heading\" style=\"padding-top:var(--wp--preset--spacing--40);padding-bottom:var(--wp--preset--spacing--40);font-size:25px;font-style:normal;font-weight:600;text-transform:capitalize\">De ce s\u0103 alegi canalul nostru LED negru suspendat de 54x35mm?<\/h2>\n\n\n\n<ul class=\"wp-block-list\">\n<li>Canalul din aluminiu lat este conceput pentru a g\u0103zdui benzi LED cu patru r\u00e2nduri, permi\u021b\u00e2nd instalarea a p\u00e2n\u0103 la patru benzi standard de 10mm \u00een paralel.<\/li>\n\n\n\n<li>Canalul din aluminiu robust. Fabricat dintr-un aliaj de aluminiu 6063-T5 de \u00eenalt\u0103 calitate, acest design func\u021bioneaz\u0103 ca un radiator, disip\u00e2nd eficient c\u0103ldura pentru a extinde durata de via\u021b\u0103 a LED-urilor tale.<\/li>\n\n\n\n<li>The matte black anodized finish presents a modern, sleek look, aligning with today&#8217;s design trends.<\/li>\n\n\n\n<li>Preg\u0103tit pentru suspendare sau montare: Acest design este destinat suspend\u0103rii sau mont\u0103rii pe tavan, folosind fire standard de aerian sau clipsuri de montare.<\/li>\n\n\n\n<li>Op\u021biuni de difuzor: Difuzoarele standard sunt \u00eennefate, iar difuzoarele opale, negre fumurii pot fi, de asemenea, personalizate pentru un proiect specific.<\/li>\n<\/ul>\n<\/div>\n<\/div><\/div>\n\n\n\n<div class=\"wp-block-group is-vertical is-layout-flex wp-container-core-group-is-layout-d255d7c4 wp-block-group-is-layout-flex\" style=\"padding-top:var(--wp--preset--spacing--80);padding-bottom:var(--wp--preset--spacing--80)\">\n<hr class=\"wp-block-separator has-alpha-channel-opacity\"\/>\n\n\n\n<div class=\"wp-block-media-text has-media-on-the-right is-stacked-on-mobile\" style=\"grid-template-columns:auto 40%\"><div class=\"wp-block-media-text__content\">\n<h2 class=\"wp-block-heading\" style=\"padding-top:var(--wp--preset--spacing--40);padding-bottom:var(--wp--preset--spacing--40);font-size:25px;font-style:normal;font-weight:600;text-transform:capitalize\">Instalare u\u0219oar\u0103 \u0219i compatibilitate<\/h2>\n\n\n\n<ul class=\"wp-block-list\">\n<li>Taie canalul LED negru suspendat de 54x35mm la lungimea dorit\u0103.<\/li>\n\n\n\n<li>Plaseaz\u0103 benzile tale LED cu patru r\u00e2nduri \u00een canal.<\/li>\n\n\n\n<li>Secure the diffuser cover, regardless of its finish \u2013 frosted or smoked.<\/li>\n\n\n\n<li>Fixeaz\u0103 capacele de la capete pentru a men\u021bine cablajul ordonat.<\/li>\n\n\n\n<li>To suspend it from your ceiling, you&#8217;ll need to use the suspension system to achieve it.<\/li>\n\n\n\n<li>Asigur\u0103-te c\u0103 sursa de alimentare \u0219i dimmer-urile sunt conectate corect pentru o func\u021bionare lin\u0103.<\/li>\n<\/ul>\n<\/div><figure class=\"wp-block-media-text__media\"><img loading=\"lazy\" decoding=\"async\" width=\"500\" height=\"500\" src=\"https:\/\/tangooled.com\/wp-content\/uploads\/2025\/12\/s5435-installation.webp\" alt=\"suspended 54x35mm black led channel aluminum for quad row led strips\" class=\"wp-image-43337 size-full\" srcset=\"https:\/\/tangooled.com\/wp-content\/uploads\/2025\/12\/s5435-installation.webp 500w, https:\/\/tangooled.com\/wp-content\/uploads\/2025\/12\/s5435-installation-300x300.webp 300w, https:\/\/tangooled.com\/wp-content\/uploads\/2025\/12\/s5435-installation-150x150.webp 150w\" sizes=\"auto, (max-width: 500px) 100vw, 500px\" \/><\/figure><\/div>\n<\/div>\n\n\n\n<div class=\"wp-block-group has-background\" style=\"background-color:#f1f1f1f2;padding-top:var(--wp--preset--spacing--80);padding-bottom:var(--wp--preset--spacing--80)\"><div class=\"wp-block-group__inner-container is-layout-constrained wp-block-group-is-layout-constrained\">\n<h2 class=\"wp-block-heading\" style=\"padding-top:var(--wp--preset--spacing--40);padding-bottom:var(--wp--preset--spacing--40);font-size:25px;font-style:normal;font-weight:600\">Unde s\u0103 \u00eel folose\u0219ti?<\/h2>\n\n\n\n<ul class=\"wp-block-list\">\n<li>Birouri comerciale: Ilumineaz\u0103 s\u0103lile mari de conferin\u021be \u0219i zonele de birouri deschise cu o iluminare larg\u0103 \u0219i uniform\u0103.<\/li>\n\n\n\n<li>Spa\u021biile comerciale \u0219i showroom-urile beneficiaz\u0103 de expunerea produselor cu o iluminare vibrant\u0103 \u0219i atr\u0103g\u0103toare.<\/li>\n\n\n\n<li>Residential spaces benefit greatly from these fixtures. These fixtures are ideal for kitchens, dining areas, garages, and studios \u2013 anywhere that needs robust pendant lighting.<\/li>\n\n\n\n<li>\u00cen cl\u0103dirile moderne cu tavane \u00eenalte, iluminatul arhitectural \u0219i ambiental poate ac\u021biona ca sursa principal\u0103 de lumin\u0103 sau ca iluminat de accent.&nbsp;<\/li>\n\n\n\n<li>Iluminare general\u0103: Solu\u021biile de iluminat cu canal LED pot \u00eenlocui tuburile fluorescente sau pot fi utilizate \u00een zone care necesit\u0103 iluminare larg\u0103 \u0219i uniform\u0103.<\/li>\n<\/ul>\n<\/div><\/div>\n\n\n\n<div class=\"wp-block-group\" style=\"padding-top:var(--wp--preset--spacing--80);padding-bottom:var(--wp--preset--spacing--80)\"><div class=\"wp-block-group__inner-container is-layout-constrained wp-block-group-is-layout-constrained\">\n<h2 class=\"wp-block-heading\" style=\"padding-top:var(--wp--preset--spacing--40);padding-bottom:var(--wp--preset--spacing--40);font-size:25px;font-style:normal;font-weight:600;text-transform:capitalize\">Linkuri interne pentru mai multe solu\u021bii LED<\/h2>\n\n\n\n<ul class=\"wp-block-list\">\n<li>Pentru set\u0103ri mai mici, verific\u0103 <a href=\"https:\/\/tangooled.com\/ro\/produs\/black-led-profile-with-black-diffuser-for-10mm-led-strip-light\/\"><mark style=\"background-color:rgba(0, 0, 0, 0)\" class=\"has-inline-color has-vivid-red-color\">profil LED negru cu difuzor negru pentru LED strip de 10mm<\/mark><\/a>.<\/li>\n\n\n\n<li>Ai nevoie de un montaj de suprafa\u021b\u0103 elegant? \u00cencerc\u0103 <mark style=\"background-color:rgba(0, 0, 0, 0)\" class=\"has-inline-color has-vivid-red-color\"><a href=\"https:\/\/tangooled.com\/ro\/produs\/led-strip-light-channel-aluminum-profile-with-diffused-cover-6mm-height\/\">Profil din aluminiu pentru benzi LED cu capac difuzor de 6mm \u00een\u0103l\u021bime<\/a><\/mark>.<\/li>\n\n\n\n<li>Pentru o gam\u0103 larg\u0103 de op\u021biuni de montaj, vezi <a href=\"https:\/\/tangooled.com\/ro\/produs\/black-aluminum-u-channel-profile-for-10mm-led-strips\/\"><mark style=\"background-color:rgba(0, 0, 0, 0)\" class=\"has-inline-color has-vivid-red-color\">profil din aluminiu negru \u00een form\u0103 de U pentru benzi LED de 10 mm<\/mark><\/a>.<\/li>\n<\/ul>\n<\/div><\/div>\n\n\n\n<div class=\"wp-block-group has-background\" style=\"background-color:#f1f1f1f2;padding-top:var(--wp--preset--spacing--80);padding-bottom:var(--wp--preset--spacing--80)\"><div class=\"wp-block-group__inner-container is-layout-constrained wp-block-group-is-layout-constrained\">\n<h2 class=\"wp-block-heading\" style=\"padding-top:var(--wp--preset--spacing--40);padding-bottom:var(--wp--preset--spacing--40);font-size:25px;font-style:normal;font-weight:600\">G\u00e2nduri finale<\/h2>\n\n\n\n<p style=\"padding-right:var(--wp--preset--spacing--50);padding-left:var(--wp--preset--spacing--50)\">Canalul nostru LED negru suspendat de 54x35mm este o solu\u021bie ideal\u0103 pentru a expune benzile LED cu patru r\u00e2nduri. Ofer\u0103 o experien\u021b\u0103 de iluminat linear curat\u0103 \u0219i estetic pl\u0103cut\u0103. \u00cen plus, finisajul mat negru \u00eei confer\u0103 un aspect modern. Folose\u0219te-l suspendat pentru a ad\u0103uga o iluminare str\u0103lucitoare \u0219i expansiv\u0103 \u00een orice loca\u021bie care necesit\u0103 o iluminare excelent\u0103.<\/p>\n<\/div><\/div>","protected":false},"featured_media":33400,"template":"","meta":{"_acf_changed":true,"_seopress_robots_primary_cat":"none","_seopress_titles_title":"54x35mm Black LED Channel | Wide Suspended Quad-Row Profile","_seopress_titles_desc":"This 54x35mm black led channel is designed for quad-row LED strips. Perfect for high-output suspended lighting in large offices and retail spaces, this wide aluminum profile ensures superior heat dissipation.","_seopress_robots_index":""},"pcb-width":[232],"product-cat":[192,194],"class_list":{"0":"post-43077","1":"product","2":"type-product","3":"status-publish","4":"has-post-thumbnail","6":"pcb-width-35-45mm","7":"product-cat-surface-led-profile","8":"product-cat-suspended-profile"},"acf":[],"_links":{"self":[{"href":"https:\/\/tangooled.com\/ro\/wp-json\/wp\/v2\/product\/43077","targetHints":{"allow":["GET"]}}],"collection":[{"href":"https:\/\/tangooled.com\/ro\/wp-json\/wp\/v2\/product"}],"about":[{"href":"https:\/\/tangooled.com\/ro\/wp-json\/wp\/v2\/types\/product"}],"wp:featuredmedia":[{"embeddable":true,"href":"https:\/\/tangooled.com\/ro\/wp-json\/wp\/v2\/media\/33400"}],"wp:attachment":[{"href":"https:\/\/tangooled.com\/ro\/wp-json\/wp\/v2\/media?parent=43077"}],"wp:term":[{"taxonomy":"pcb-width","embeddable":true,"href":"https:\/\/tangooled.com\/ro\/wp-json\/wp\/v2\/pcb-width?post=43077"},{"taxonomy":"product-cat","embeddable":true,"href":"https:\/\/tangooled.com\/ro\/wp-json\/wp\/v2\/product-cat?post=43077"}],"curies":[{"name":"wp","href":"https:\/\/api.w.org\/{rel}","templated":true}]}}