{"id":42674,"date":"2025-12-23T06:44:02","date_gmt":"2025-12-23T14:44:02","guid":{"rendered":"https:\/\/tangooled.com\/?post_type=product&#038;p=42674"},"modified":"2026-01-27T23:00:39","modified_gmt":"2026-01-28T07:00:39","slug":"recessed-linear-drywall-led-profile-10mm-dwp26","status":"publish","type":"product","link":"https:\/\/tangooled.com\/ro\/produs\/recessed-linear-drywall-led-profile-10mm-dwp26\/","title":{"rendered":"Profil LED pentru iluminare liniar\u0103 \u00eencastrat\u0103 DWP26"},"content":{"rendered":"<div class=\"wp-block-group is-vertical is-layout-flex wp-container-core-group-is-layout-d255d7c4 wp-block-group-is-layout-flex\" style=\"padding-top:var(--wp--preset--spacing--80);padding-bottom:var(--wp--preset--spacing--80)\">\n<p>Our recessed DWP26 linear down drywall LED profile is made to hold 10mm LED strips safely. This recessed down lighting linear profile\u00a0is perfect for making sleek, modern lines of light in homes and businesses. Featuring a 38.5mm width and 52mm height with a 12.8mm internal channel, it is engineered for installation into vertical drywall. With its 20.8mm flange, it fits well against ceilings or shelves, letting the light shine down for a clean, trimless vertical wall-wash appearance.<\/p>\n<\/div>\n\n\n\n<div class=\"wp-block-group has-background is-vertical is-layout-flex wp-container-core-group-is-layout-d255d7c4 wp-block-group-is-layout-flex\" style=\"background-color:#f1f1f1;padding-top:var(--wp--preset--spacing--80);padding-bottom:var(--wp--preset--spacing--80)\">\n<div class=\"wp-block-group is-vertical is-layout-flex wp-container-core-group-is-layout-8cf370e7 wp-block-group-is-layout-flex\">\n<h2 class=\"wp-block-heading\" style=\"padding-top:var(--wp--preset--spacing--40);padding-bottom:var(--wp--preset--spacing--40);font-size:25px;font-style:normal;font-weight:600;text-transform:capitalize\">De ce s\u0103 alegi profilul nostru de gips-carton LED \u00eencastrat?<\/h2>\n\n\n\n<ul class=\"wp-block-list\">\n<li>Func\u021bioneaz\u0103 bine cu benzi LED de 10 mm, cum ar fi SMD 5050, 3528, COB \u0219i benzi RGB.<\/li>\n\n\n\n<li>Fabricat din aluminiu anodizat 6063-T5, care este un excelent radiator de c\u0103ldur\u0103, men\u021bin\u00e2nd LED-urile reci pentru a dura mai mult.&nbsp;<\/li>\n\n\n\n<li>Dispune de un capac difuzor mat care face lumina str\u0103lucitoare \u0219i moale, f\u0103r\u0103 pete sau puncte fierbin\u021bi.&nbsp;<\/li>\n\n\n\n<li>U\u0219or de instalat \u0219i poate fi t\u0103iat pentru a se potrivi zonei tale.<\/li>\n\n\n\n<li>Designul \u00eencastrat sau f\u0103r\u0103 margini face ca luminile tale s\u0103 arate bine \u0219i s\u0103 par\u0103 integrate.&nbsp;<\/li>\n\n\n\n<li>Vine cu capace de cap\u0103t pentru a oferi un finisaj \u00eengrijit.<\/li>\n<\/ul>\n<\/div>\n<\/div>\n\n\n\n<div class=\"wp-block-group is-vertical is-layout-flex wp-container-core-group-is-layout-d255d7c4 wp-block-group-is-layout-flex\" style=\"padding-top:var(--wp--preset--spacing--80);padding-bottom:var(--wp--preset--spacing--80)\">\n<hr class=\"wp-block-separator has-alpha-channel-opacity\"\/>\n\n\n\n<div class=\"wp-block-media-text has-media-on-the-right is-stacked-on-mobile\" style=\"grid-template-columns:auto 40%\"><div class=\"wp-block-media-text__content\">\n<h2 class=\"wp-block-heading\" style=\"padding-top:var(--wp--preset--spacing--40);padding-bottom:var(--wp--preset--spacing--40);font-size:25px;font-style:normal;font-weight:600;text-transform:capitalize\">Sfaturi pentru Instalare<\/h2>\n\n\n\n<ul class=\"wp-block-list\">\n<li>Creaz\u0103 o fanta sau un canal \u00een gips-carton sau lemn pentru profil.<\/li>\n\n\n\n<li>Folose\u0219te \u0219uruburi&nbsp;pentru a fixa&nbsp;extrudarea din aluminiu \u00een loc \u00een canal.<\/li>\n\n\n\n<li>Introdu banda ta LED de 10 mm \u00een profil.<\/li>\n\n\n\n<li>Pentru a proteja banda \u0219i a \u00eenmuia lumina, fixeaz\u0103 capacul difuzor opal.<\/li>\n\n\n\n<li>\u00cenchide canalul cu capacele de cap\u0103t pentru un aspect curat.<\/li>\n\n\n\n<li>Pentru finisaje f\u0103r\u0103 margini care sunt tencuite, aplic\u0103 un compus de \u00eembinare peste flan\u0219\u0103, apoi \u0219lefuie\u0219te \u0219i vopse\u0219te pentru a face marginile netede.<\/li>\n<\/ul>\n<\/div><figure class=\"wp-block-media-text__media\"><img loading=\"lazy\" decoding=\"async\" width=\"500\" height=\"500\" src=\"https:\/\/tangooled.com\/wp-content\/uploads\/2025\/12\/dwp26-ins.webp\" alt=\"recessed linear down lighting led strip profile for 10mm led strip\" class=\"wp-image-43071 size-full\" srcset=\"https:\/\/tangooled.com\/wp-content\/uploads\/2025\/12\/dwp26-ins.webp 500w, https:\/\/tangooled.com\/wp-content\/uploads\/2025\/12\/dwp26-ins-300x300.webp 300w, https:\/\/tangooled.com\/wp-content\/uploads\/2025\/12\/dwp26-ins-150x150.webp 150w\" sizes=\"auto, (max-width: 500px) 100vw, 500px\" \/><\/figure><\/div>\n<\/div>\n\n\n\n<div class=\"wp-block-group has-background\" style=\"background-color:#f1f1f1f2;padding-top:var(--wp--preset--spacing--80);padding-bottom:var(--wp--preset--spacing--80)\"><div class=\"wp-block-group__inner-container is-layout-constrained wp-block-group-is-layout-constrained\">\n<h2 class=\"wp-block-heading\" style=\"padding-top:var(--wp--preset--spacing--40);padding-bottom:var(--wp--preset--spacing--40);font-size:25px;font-style:normal;font-weight:600\">Utiliz\u0103ri perfecte pentru profilul de iluminat liniar \u00eencastrat<\/h2>\n\n\n\n<ul class=\"wp-block-list\">\n<li>Iluminatul \u00eencastrat pe pere\u021bi ofer\u0103 camerelor de zi sau birourilor un aspect modern.<\/li>\n\n\n\n<li>Iluminatul \u00een cove face ca lumina de-a lungul tavanelor sau pere\u021bilor s\u0103 fie moale \u0219i pl\u0103cut\u0103.<\/li>\n\n\n\n<li>Retail and display lighting\u2014give things a smooth, linear glow to make them stand out.<\/li>\n\n\n\n<li>Iluminatul \u00een holurile hotelurilor \u0219i birourilor le confer\u0103 un aspect mai rafinat \u0219i profesional.<\/li>\n<\/ul>\n<\/div><\/div>\n\n\n\n<div class=\"wp-block-group is-vertical is-layout-flex wp-container-core-group-is-layout-d255d7c4 wp-block-group-is-layout-flex\" style=\"padding-top:var(--wp--preset--spacing--80);padding-bottom:var(--wp--preset--spacing--80)\">\n<h2 class=\"wp-block-heading\" style=\"padding-top:var(--wp--preset--spacing--40);padding-bottom:var(--wp--preset--spacing--40);font-size:25px;font-style:normal;font-weight:600;text-transform:capitalize\">Produse asociate pe care s-ar putea s\u0103 le plac\u0103<\/h2>\n\n\n\n<ul class=\"wp-block-list\">\n<li><a href=\"https:\/\/tangooled.com\/ro\/produs\/black-led-profile-with-black-diffuser-for-10mm-led-strip-light\/\"><mark style=\"background-color:rgba(0, 0, 0, 0)\" class=\"has-inline-color has-vivid-red-color\">Profil LED negru cu difuzor negru pentru banda LED de 10mm<\/mark><\/a> \u2014 great for dark, modern interiors.<\/li>\n\n\n\n<li><a href=\"https:\/\/tangooled.com\/ro\/produs\/led-strip-light-channel-aluminum-profile-with-diffused-cover-6mm-height\/\"><mark style=\"background-color:rgba(0, 0, 0, 0)\" class=\"has-inline-color has-vivid-red-color\">Canal din aluminiu pentru band\u0103 LED cu capac difuzor de 6 mm \u00een\u0103l\u021bime<\/mark><\/a> \u2014 slim and low-profile option.<\/li>\n\n\n\n<li><a href=\"https:\/\/tangooled.com\/ro\/produs\/25x6mm-low-profile-led-strip-channel-for-10mm-led-strip-light\/\"><mark style=\"background-color:rgba(0, 0, 0, 0)\" class=\"has-inline-color has-vivid-red-color\">canal LED cu profil redus de 25x6mm pentru banda LED de 10mm <\/mark><\/a>\u2014 very slim for tight spaces.<\/li>\n\n\n\n<li><a href=\"https:\/\/tangooled.com\/ro\/produs\/recessed-led-aluminum-profile-up-and-down-lighting-channel-for-cabinet\/\"><mark style=\"background-color:rgba(0, 0, 0, 0)\" class=\"has-inline-color has-vivid-red-color\">Canal din aluminiu pentru iluminat LED \u00eencastrat, cu lumin\u0103 \u00een sus \u0219i \u00een jos, pentru dulapuri<\/mark> <\/a>\u2014 dual-direction lighting option.<\/li>\n<\/ul>\n<\/div>\n\n\n\n<div class=\"wp-block-group\" style=\"padding-top:0;padding-bottom:0\"><div class=\"wp-block-group__inner-container is-layout-constrained wp-block-group-is-layout-constrained\">\n<p>Acest profil LED de iluminat liniar \u00eencastrat pentru bandes LED de 10 mm \u00ee\u021bi va oferi iluminat LED curat, eficient \u0219i de lung\u0103 durat\u0103. Combin\u0103 cele mai bune aspecte ale extrud\u0103rii din aluminiu, disip\u0103rii c\u0103ldurii \u0219i difuz\u0103rii luminii pentru a crea iluminat de calitate profesional\u0103 ce arat\u0103 curat \u0219i simplu.<\/p>\n<\/div><\/div>\n\n\n\n<p style=\"font-size:20px\"><\/p>\n\n\n\n<p><\/p>","protected":false},"featured_media":13980,"template":"","meta":{"_acf_changed":true,"_seopress_robots_primary_cat":"none","_seopress_titles_title":"Recessed Linear Drywall LED Profile | 10mm Strip Channel DWP26","_seopress_titles_desc":"The DWP26 is a standard recessed linear drywall led profile optimized for 10mm led strips. Achieve a clean, trimless linear light finish in ceilings and walls with this aluminum channel.","_seopress_robots_index":""},"pcb-width":[228],"product-cat":[197],"class_list":{"0":"post-42674","1":"product","2":"type-product","3":"status-publish","4":"has-post-thumbnail","6":"pcb-width-6-12mm","7":"product-cat-plaster-in-profile"},"acf":[],"_links":{"self":[{"href":"https:\/\/tangooled.com\/ro\/wp-json\/wp\/v2\/product\/42674","targetHints":{"allow":["GET"]}}],"collection":[{"href":"https:\/\/tangooled.com\/ro\/wp-json\/wp\/v2\/product"}],"about":[{"href":"https:\/\/tangooled.com\/ro\/wp-json\/wp\/v2\/types\/product"}],"wp:featuredmedia":[{"embeddable":true,"href":"https:\/\/tangooled.com\/ro\/wp-json\/wp\/v2\/media\/13980"}],"wp:attachment":[{"href":"https:\/\/tangooled.com\/ro\/wp-json\/wp\/v2\/media?parent=42674"}],"wp:term":[{"taxonomy":"pcb-width","embeddable":true,"href":"https:\/\/tangooled.com\/ro\/wp-json\/wp\/v2\/pcb-width?post=42674"},{"taxonomy":"product-cat","embeddable":true,"href":"https:\/\/tangooled.com\/ro\/wp-json\/wp\/v2\/product-cat?post=42674"}],"curies":[{"name":"wp","href":"https:\/\/api.w.org\/{rel}","templated":true}]}}