{"id":42671,"date":"2025-12-23T06:34:12","date_gmt":"2025-12-23T14:34:12","guid":{"rendered":"https:\/\/tangooled.com\/?post_type=product&#038;p=42671"},"modified":"2026-02-01T22:51:27","modified_gmt":"2026-02-02T06:51:27","slug":"up-wall-wash-sconce-led-light-profile-45-degree","status":"publish","type":"product","link":"https:\/\/tangooled.com\/ro\/produs\/up-wall-wash-sconce-led-light-profile-45-degree\/","title":{"rendered":"profil LED pentru aplice de perete cu sp\u0103lare 45 de grade"},"content":{"rendered":"<div class=\"wp-block-group is-vertical is-layout-flex wp-container-core-group-is-layout-d255d7c4 wp-block-group-is-layout-flex\" style=\"padding-top:var(--wp--preset--spacing--80);padding-bottom:var(--wp--preset--spacing--80)\">\n<p>Our DWP24 up wall wash sconce LED profile is specifically designed to give you perfect, ambient light on your walls. This curved aluminum fixture mounts securely to the wall, measuring 53mm high and extending 36.5mm from the surface. It has a large 15mm internal channel that lets it use wider LED strips for better output. The profile&#8217;s shape makes a 45-degree asymmetric beam angle, which sends gentle, even light up your walls. This lovely wall wash effect makes your spaces look bigger and better. Use this one-of-a-kind profile inside or outside to draw attention to walls, paintings, or textures in your home or business area. This will give you a professional and classy lighting design.<\/p>\n<\/div>\n\n\n\n<div class=\"wp-block-group has-background is-vertical is-layout-flex wp-container-core-group-is-layout-d255d7c4 wp-block-group-is-layout-flex\" style=\"background-color:#f1f1f1;padding-top:var(--wp--preset--spacing--80);padding-bottom:var(--wp--preset--spacing--80)\">\n<div class=\"wp-block-group is-vertical is-layout-flex wp-container-core-group-is-layout-8cf370e7 wp-block-group-is-layout-flex\">\n<h2 class=\"wp-block-heading\" style=\"padding-top:var(--wp--preset--spacing--40);padding-bottom:var(--wp--preset--spacing--40);font-size:25px;font-style:normal;font-weight:600;text-transform:capitalize\">Caracteristici \u0219i beneficii cheie<\/h2>\n\n\n\n<ul class=\"wp-block-list\">\n<li>Unghiul fasciculului de 45 de grade: Acest unghi trimite lumina uniform \u00een sus sau \u00een jos, astfel \u00eenc\u00e2t s\u0103 nu existe pete luminoase sau str\u0103luciri nepl\u0103cute atunci c\u00e2nd cure\u021bi pere\u021bii.<\/li>\n\n\n\n<li>F\u0103r\u0103 str\u0103lucire: Designul din aluminiu acoper\u0103 benzile LED, astfel \u00eenc\u00e2t lumina s\u0103 fie pl\u0103cut\u0103 pentru ochi.<\/li>\n\n\n\n<li>Carcas\u0103 din aluminiu robust\u0103: Aceasta men\u021bine LED-urile reci \u0219i le face s\u0103 dureze mai mult.<\/li>\n\n\n\n<li>Low-Profile Design: It&#8217;s slim and clean, and it can be mounted on surfaces or recessed into drywall for a streamlined effect.<\/li>\n\n\n\n<li>Difuzor mat: Protejeaz\u0103 LED-urile \u0219i \u00eempr\u0103\u0219tie lumina uniform.<\/li>\n\n\n\n<li>Func\u021bioneaz\u0103 cu cele mai multe benzi LED: Se potrive\u0219te cu LED-uri de p\u00e2n\u0103 la 15 mm l\u0103\u021bime, inclusiv op\u021biuni de alb ajustabil \u0219i RGB.<\/li>\n\n\n\n<li>Dimabil: Po\u021bi s\u0103-l folose\u0219ti cu dimmeruri 0-10V, TRIAC \u0219i ELV pentru a regla lumina fin.<\/li>\n<\/ul>\n<\/div>\n<\/div>\n\n\n\n<div class=\"wp-block-group is-vertical is-layout-flex wp-container-core-group-is-layout-d255d7c4 wp-block-group-is-layout-flex\" style=\"padding-top:var(--wp--preset--spacing--80);padding-bottom:var(--wp--preset--spacing--80)\">\n<hr class=\"wp-block-separator has-alpha-channel-opacity\"\/>\n\n\n\n<div class=\"wp-block-media-text has-media-on-the-right is-stacked-on-mobile\" style=\"grid-template-columns:auto 40%\"><div class=\"wp-block-media-text__content\">\n<h2 class=\"wp-block-heading\" style=\"padding-top:var(--wp--preset--spacing--40);padding-bottom:var(--wp--preset--spacing--40);font-size:25px;font-style:normal;font-weight:600;text-transform:capitalize\">Instalare &amp; Compatibilitate<\/h2>\n\n\n\n<ul class=\"wp-block-list\">\n<li>Poate fi montat pe pere\u021bi sau pe plafoane.&nbsp;<\/li>\n\n\n\n<li>Func\u021bioneaz\u0103 cu lumini LED care au o l\u0103\u021bime \u00eentre 10 mm \u0219i 15 mm.<\/li>\n\n\n\n<li>Func\u021bioneaz\u0103 cu sisteme de iluminat inteligente \u0219i drivere LED care pot fi dimabile.&nbsp;<\/li>\n\n\n\n<li>Poate fi t\u0103iat pentru a se potrivi oric\u0103rei lungimi.&nbsp;<\/li>\n\n\n\n<li>Ideal pentru iluminare pe perete, sp\u0103lare de perete \u0219i distribu\u021bia uniform\u0103 a luminii.<\/li>\n<\/ul>\n<\/div><figure class=\"wp-block-media-text__media\"><img loading=\"lazy\" decoding=\"async\" width=\"500\" height=\"500\" src=\"https:\/\/tangooled.com\/wp-content\/uploads\/2025\/12\/dwp24-ins.webp\" alt=\"plaster in crown shaped led lighting profile for 10mm strip\" class=\"wp-image-43065 size-full\" srcset=\"https:\/\/tangooled.com\/wp-content\/uploads\/2025\/12\/dwp24-ins.webp 500w, https:\/\/tangooled.com\/wp-content\/uploads\/2025\/12\/dwp24-ins-300x300.webp 300w, https:\/\/tangooled.com\/wp-content\/uploads\/2025\/12\/dwp24-ins-150x150.webp 150w\" sizes=\"auto, (max-width: 500px) 100vw, 500px\" \/><\/figure><\/div>\n<\/div>\n\n\n\n<div class=\"wp-block-group has-background is-vertical is-layout-flex wp-container-core-group-is-layout-b429018a wp-block-group-is-layout-flex\" style=\"background-color:#f1f1f1f2;padding-top:var(--wp--preset--spacing--70);padding-bottom:var(--wp--preset--spacing--70)\">\n<h2 class=\"wp-block-heading\" style=\"padding-top:var(--wp--preset--spacing--40);padding-bottom:var(--wp--preset--spacing--40);font-size:25px;font-style:normal;font-weight:600\">Unde s\u0103 folose\u0219ti profilul t\u0103u LED pentru lampa de perete<\/h2>\n\n\n\n<ul class=\"wp-block-list\">\n<li>Architectural Facades &amp; Entryways \u2013 Brighten building fronts for a grand feel.<\/li>\n\n\n\n<li>Corridors and Hallways \u2013 Even and clean vertical illumination.<\/li>\n\n\n\n<li>Living Rooms &amp; Feature Walls \u2013 Highlight stone, brick, or textured walls.<\/li>\n\n\n\n<li>Museums &amp; Art Galleries \u2013 Show off artwork with soft, glare-free accent lighting.<\/li>\n\n\n\n<li>Retail &amp; Hospitality Spaces \u2013 Create inviting and elegant store or restaurant lighting.&nbsp;<\/li>\n<\/ul>\n\n\n\n<p>Acest corp de iluminat arhitectural este ideal pentru iluminare ascendent\u0103, descendent\u0103 sau indirect\u0103. Ofer\u0103 o lumin\u0103 uniform\u0103 f\u0103r\u0103 umbre dure. Ac\u021bioneaz\u0103 ca iluminat de accent pentru a eviden\u021bia texturi \u0219i a crea un aspect stratificat al ilumin\u0103rii.<\/p>\n<\/div>\n\n\n\n<div class=\"wp-block-group is-vertical is-layout-flex wp-container-core-group-is-layout-d255d7c4 wp-block-group-is-layout-flex\" style=\"padding-top:var(--wp--preset--spacing--80);padding-bottom:var(--wp--preset--spacing--80)\">\n<h2 class=\"wp-block-heading\" style=\"padding-top:var(--wp--preset--spacing--40);padding-bottom:var(--wp--preset--spacing--40);font-size:25px;font-style:normal;font-weight:600;text-transform:capitalize\">Produse conexe de explorat<\/h2>\n\n\n\n<ul class=\"wp-block-list\">\n<li><a href=\"https:\/\/tangooled.com\/ro\/produs\/25x6mm-low-profile-led-strip-channel-for-10mm-led-strip-light\/\"><mark style=\"background-color:rgba(0, 0, 0, 0)\" class=\"has-inline-color has-vivid-red-color\">canal LED cu profil redus de 25x6mm pentru banda LED de 10mm<\/mark><\/a><\/li>\n\n\n\n<li><a href=\"https:\/\/tangooled.com\/ro\/produs\/aluminum-profile-with-60-degree-lens-led-diffuser\/\"><mark style=\"background-color:rgba(0, 0, 0, 0)\" class=\"has-inline-color has-vivid-red-color\">Profil din aluminiu cu difuzor LED cu lentil\u0103 de 60 de grade<\/mark><\/a><\/li>\n\n\n\n<li><a href=\"https:\/\/tangooled.com\/ro\/produs\/surface-mount-led-profile-with-frosted-diffuser-for-10mm-rope-lights\/\"><mark style=\"background-color:rgba(0, 0, 0, 0)\" class=\"has-inline-color has-vivid-red-color\">Profil LED de montare pe suprafa\u021b\u0103 cu difuzor satin pentru benzile de 10mm<\/mark><\/a><\/li>\n\n\n\n<li><a href=\"https:\/\/tangooled.com\/ro\/produs\/recessed-15x12mm-black-light-diffuser-aluminum-channel-for-10mm-led-strips\/\"><mark style=\"background-color:rgba(0, 0, 0, 0)\" class=\"has-inline-color has-vivid-red-color\">Canal din aluminiu negru difuzor de lumin\u0103 \u00eencastrat 15x12mm pentru benzile LED de 10mm<\/mark><\/a><\/li>\n<\/ul>\n<\/div>\n\n\n\n<div class=\"wp-block-group\" style=\"padding-top:0;padding-bottom:0\"><div class=\"wp-block-group__inner-container is-layout-constrained wp-block-group-is-layout-constrained\">\n\n\n<p>The up wall wash sconce LED profile 45 degree is the best choice for architectural lighting, accent lighting, and even lighting. Start your project now! It&#8217;s tough, looks good, and is easy to put together.<\/p>\n<\/div><\/div>\n\n\n\n<p><\/p>","protected":false},"featured_media":13971,"template":"","meta":{"_acf_changed":true,"_seopress_robots_primary_cat":"none","_seopress_titles_title":"Up Wall Wash Sconce LED Profile | 45 Degree Hidden Channel DWP24","_seopress_titles_desc":"The DWP24 is a professional up wall wash sconce led profile featuring a 45 degree angle for seamless indirect lighting. Create a modern trimless wall sconce effect in drywalls with this architectural aluminum channel.","_seopress_robots_index":""},"pcb-width":[228],"product-cat":[197],"class_list":{"0":"post-42671","1":"product","2":"type-product","3":"status-publish","4":"has-post-thumbnail","6":"pcb-width-6-12mm","7":"product-cat-plaster-in-profile"},"acf":[],"_links":{"self":[{"href":"https:\/\/tangooled.com\/ro\/wp-json\/wp\/v2\/product\/42671","targetHints":{"allow":["GET"]}}],"collection":[{"href":"https:\/\/tangooled.com\/ro\/wp-json\/wp\/v2\/product"}],"about":[{"href":"https:\/\/tangooled.com\/ro\/wp-json\/wp\/v2\/types\/product"}],"wp:featuredmedia":[{"embeddable":true,"href":"https:\/\/tangooled.com\/ro\/wp-json\/wp\/v2\/media\/13971"}],"wp:attachment":[{"href":"https:\/\/tangooled.com\/ro\/wp-json\/wp\/v2\/media?parent=42671"}],"wp:term":[{"taxonomy":"pcb-width","embeddable":true,"href":"https:\/\/tangooled.com\/ro\/wp-json\/wp\/v2\/pcb-width?post=42671"},{"taxonomy":"product-cat","embeddable":true,"href":"https:\/\/tangooled.com\/ro\/wp-json\/wp\/v2\/product-cat?post=42671"}],"curies":[{"name":"wp","href":"https:\/\/api.w.org\/{rel}","templated":true}]}}