{"id":42669,"date":"2025-12-23T06:31:17","date_gmt":"2025-12-23T14:31:17","guid":{"rendered":"https:\/\/tangooled.com\/?post_type=product&#038;p=42669"},"modified":"2026-01-27T22:48:48","modified_gmt":"2026-01-28T06:48:48","slug":"plaster-in-crown-shaped-led-lighting-profile-for-10mm-strip","status":"publish","type":"product","link":"https:\/\/tangooled.com\/ro\/produs\/plaster-in-crown-shaped-led-lighting-profile-for-10mm-strip\/","title":{"rendered":"Profil LED \u00eencastrat \u00een form\u0103 de coroan\u0103 pentru benzi de 10mm"},"content":{"rendered":"<div class=\"wp-block-group is-vertical is-layout-flex wp-container-core-group-is-layout-d255d7c4 wp-block-group-is-layout-flex\" style=\"padding-top:var(--wp--preset--spacing--80);padding-bottom:var(--wp--preset--spacing--80)\">\n<p>Our DWP23 crown-shaped plaster-in LED profile will brighten any room. Designed for 10mm LED strips, this aluminum channel features a substantial 96.5mm height and a 13mm internal width. It is expertly designed to fit perfectly into walls or ceilings. The plaster &#8220;wings&#8221; make sure the fit is flush, which makes trimless cove lighting that looks like classic crown molding. This design sends light up, making a smooth, dotless glow that looks like it&#8217;s coming straight from the surface.<\/p>\n<\/div>\n\n\n\n<div class=\"wp-block-group has-background\" style=\"background-color:#f1f1f1;padding-top:var(--wp--preset--spacing--80);padding-bottom:var(--wp--preset--spacing--80)\"><div class=\"wp-block-group__inner-container is-layout-constrained wp-block-group-is-layout-constrained\">\n<div class=\"wp-block-group is-vertical is-layout-flex wp-container-core-group-is-layout-8cf370e7 wp-block-group-is-layout-flex\">\n<h2 class=\"wp-block-heading\" style=\"padding-top:var(--wp--preset--spacing--40);padding-bottom:var(--wp--preset--spacing--40);font-size:25px;font-style:normal;font-weight:600;text-transform:capitalize\">De ce s\u0103 alegi acest profil?<\/h2>\n\n\n\n<ul class=\"wp-block-list\">\n<li>Lumin\u0103 uniform\u0103 \u0219i invizibil\u0103: Difuzorul opal distribuie lumina LED uniform, astfel \u00eenc\u00e2t nu exist\u0103 pete sau reflec\u021bii.<\/li>\n\n\n\n<li>Durabil: Construc\u021bia din aluminiu anodizat este robust\u0103 \u0219i men\u021bine LED-urile reci, ceea ce le face s\u0103 dureze mai mult.<\/li>\n\n\n\n<li>Simple &#8220;mud-in&#8221; installation: Just cover the profile&#8217;s wings with plaster for a smooth, trimless finish.<\/li>\n\n\n\n<li>Form\u0103 clasic\u0103 de coroan\u0103: Direc\u021bioneaz\u0103 bland lumina \u00een sus \u0219i pe laturi pentru o str\u0103lucire cald\u0103.<\/li>\n\n\n\n<li>Se potrive\u0219te cu benzi LED de 10mm: Destul de larg pentru cele mai comune benzi LED, cum ar fi SMD 5050, COB sau alb reglabil.<\/li>\n<\/ul>\n<\/div>\n<\/div><\/div>\n\n\n\n<div class=\"wp-block-group is-vertical is-layout-flex wp-container-core-group-is-layout-d255d7c4 wp-block-group-is-layout-flex\" style=\"padding-top:var(--wp--preset--spacing--80);padding-bottom:var(--wp--preset--spacing--80)\">\n<hr class=\"wp-block-separator has-alpha-channel-opacity\"\/>\n\n\n\n<div class=\"wp-block-media-text has-media-on-the-right is-stacked-on-mobile\" style=\"grid-template-columns:auto 40%\"><div class=\"wp-block-media-text__content\">\n<h2 class=\"wp-block-heading\" style=\"padding-top:var(--wp--preset--spacing--40);padding-bottom:var(--wp--preset--spacing--40);font-size:25px;font-style:normal;font-weight:600;text-transform:capitalize\">Instalare \u00een pa\u0219i simpli<\/h2>\n\n\n\n<ul class=\"wp-block-list\">\n<li>T\u0103ia\u021bi pl\u0103cile de gips \u0219i fixa\u021bi profilul \u00eentre st\u00e2lpi sau grinzi.<\/li>\n\n\n\n<li>Folosi\u021bi \u0219uruburile pentru a fixa profilul \u00een pozi\u021bie.<\/li>\n\n\n\n<li>Aplica\u021bi gips sau compus pentru \u00eembin\u0103ri pe aripile care au gauri \u00een ele.<\/li>\n\n\n\n<li>S\u0103pa\u021bi suprafa\u021ba p\u00e2n\u0103 devine neted\u0103, apoi vopsi\u021bi-o pentru a se potrivi cu pere\u021bii dumneavoastr\u0103.<\/li>\n\n\n\n<li>Introduce\u021bi banda dvs. LED de 10mm \u00een canal.<\/li>\n\n\n\n<li>Pune\u021bi difuzorul opal \u0219i ob\u021bine\u021bi o iluminare clar\u0103, f\u0103r\u0103 puncte.<\/li>\n<\/ul>\n<\/div><figure class=\"wp-block-media-text__media\"><img loading=\"lazy\" decoding=\"async\" width=\"500\" height=\"500\" src=\"https:\/\/tangooled.com\/wp-content\/uploads\/2025\/12\/dwp23-ins.webp\" alt=\"plaster in crown shaped led lighting profile for 10mm strip\" class=\"wp-image-43067 size-full\" srcset=\"https:\/\/tangooled.com\/wp-content\/uploads\/2025\/12\/dwp23-ins.webp 500w, https:\/\/tangooled.com\/wp-content\/uploads\/2025\/12\/dwp23-ins-300x300.webp 300w, https:\/\/tangooled.com\/wp-content\/uploads\/2025\/12\/dwp23-ins-150x150.webp 150w\" sizes=\"auto, (max-width: 500px) 100vw, 500px\" \/><\/figure><\/div>\n<\/div>\n\n\n\n<div class=\"wp-block-group has-background\" style=\"background-color:#f1f1f1f2;padding-top:var(--wp--preset--spacing--80);padding-bottom:var(--wp--preset--spacing--80)\"><div class=\"wp-block-group__inner-container is-layout-constrained wp-block-group-is-layout-constrained\">\n<h2 class=\"wp-block-heading\" style=\"padding-top:var(--wp--preset--spacing--40);padding-bottom:var(--wp--preset--spacing--40);font-size:25px;font-style:normal;font-weight:600;text-transform:capitalize\">Cum s\u0103 folosi\u021bi profilul LED \u00een form\u0103 de coroan\u0103<\/h2>\n\n\n\n<ul class=\"wp-block-list\">\n<li>Iluminare de contur pe tavan: Crea\u021bi linii curate de lumin\u0103 \u00een jurul camerei.<\/li>\n\n\n\n<li>Iluminat indirect: Acest tip de iluminat este bun pentru camere de zi, dormitoare \u0219i buc\u0103t\u0103rii.<\/li>\n\n\n\n<li>\u00cen afaceri: Ideal pentru recep\u021bii de hotel, magazine sau birouri care au nevoie de o lumin\u0103 ambiental\u0103 elegant\u0103.<\/li>\n\n\n\n<li>Revela\u021bii arhitecturale: Crea\u021bi un gol de umbr\u0103 \u00eentre pere\u021bi \u0219i plafoane.<\/li>\n\n\n\n<li>Iluminare de atmosfer\u0103: Func\u021bioneaz\u0103 bine cu sisteme de iluminat ambiental care pot fi estomperate sau modificate.<\/li>\n<\/ul>\n<\/div><\/div>\n\n\n\n<div class=\"wp-block-group is-vertical is-layout-flex wp-container-core-group-is-layout-d255d7c4 wp-block-group-is-layout-flex\" style=\"padding-top:var(--wp--preset--spacing--80);padding-bottom:var(--wp--preset--spacing--80)\">\n<h2 class=\"wp-block-heading\" style=\"padding-top:var(--wp--preset--spacing--40);padding-bottom:var(--wp--preset--spacing--40);font-size:25px;font-style:normal;font-weight:600;text-transform:capitalize\">Produse asociate pe care s-ar putea s\u0103 le plac\u0103<\/h2>\n\n\n\n<ul class=\"wp-block-list\">\n<li><a href=\"https:\/\/tangooled.com\/ro\/produs\/black-led-profile-with-black-diffuser-for-10mm-led-strip-light\/\"><mark style=\"background-color:rgba(0, 0, 0, 0)\" class=\"has-inline-color has-vivid-red-color\">Profil LED negru cu difuzor negru pentru banda LED de 10mm<\/mark><\/a><\/li>\n\n\n\n<li><a href=\"https:\/\/tangooled.com\/ro\/produs\/led-light-diffuser-channel-aluminum-15x12mm-for-10mm-led-strips\/\"><mark style=\"background-color:rgba(0, 0, 0, 0)\" class=\"has-inline-color has-vivid-red-color\">Canal din aluminiu pentru difuzor LED 15x12mm pentru benzi LED de 10mm<\/mark><\/a><\/li>\n\n\n\n<li><a href=\"https:\/\/tangooled.com\/ro\/produs\/surface-mount-led-profile-with-frosted-diffuser-for-10mm-rope-lights\/\"><mark style=\"background-color:rgba(0, 0, 0, 0)\" class=\"has-inline-color has-vivid-red-color\">Profil LED de montare pe suprafa\u021b\u0103 cu difuzor satin pentru benzile de 10mm<\/mark><\/a><\/li>\n\n\n\n<li><a href=\"https:\/\/tangooled.com\/ro\/produs\/recessed-linear-down-lighting-led-strip-profile-for-10mm-led-strip\/\"><mark style=\"background-color:rgba(0, 0, 0, 0)\" class=\"has-inline-color has-vivid-red-color\">Profil LED \u00eencastrat liniar pentru band\u0103 LED de 10mm<\/mark><\/a><\/li>\n\n\n\n<li><a href=\"https:\/\/tangooled.com\/ro\/produs\/trimless-drywall-led-channel-for-15mm-led-strip-lights\/\"><mark style=\"background-color:rgba(0, 0, 0, 0)\" class=\"has-inline-color has-vivid-red-color\">Canal LED pentru pl\u0103ci de gips f\u0103r\u0103 margini pentru lumini LED de 15mm<\/mark><\/a><\/li>\n<\/ul>\n<\/div>\n\n\n\n<div class=\"wp-block-group has-background\" style=\"background-color:#f1f1f1;padding-top:var(--wp--preset--spacing--80);padding-bottom:var(--wp--preset--spacing--80)\"><div class=\"wp-block-group__inner-container is-layout-constrained wp-block-group-is-layout-constrained\">\n<h2 class=\"wp-block-heading\" style=\"padding-top:var(--wp--preset--spacing--40);padding-bottom:var(--wp--preset--spacing--40);font-size:25px;font-style:normal;font-weight:600;text-transform:capitalize\">rezumat<\/h2>\n\n\n\n<p>Profilul nostru de iluminat LED \u00een form\u0103 de coroan\u0103 pentru band\u0103 de 10mm este o modalitate excelent\u0103 de a ad\u0103uga lumin\u0103 indirect\u0103 modern\u0103 \u0219i curat\u0103 \u00een casa sau biroul dumneavoastr\u0103. Este simplu de instalat, complet ajustabil \u0219i func\u021bioneaz\u0103 cu cele mai multe benzi LED, men\u021bin\u00e2nd \u00een acela\u0219i timp c\u0103ldura sub control. Folosi\u021bi-l pentru a face camera dumneavoastr\u0103 s\u0103 arate uimitor cu efecte de iluminat arhitectural.<\/p>\n<\/div><\/div>\n\n\n\n<p><\/p>","protected":false},"featured_media":13965,"template":"","meta":{"_acf_changed":true,"_seopress_robots_primary_cat":"none","_seopress_titles_title":"Crown-Shaped Plaster-in LED Profile | Architectural Trim DWP23","_seopress_titles_desc":"The DWP23 is a unique crown-shaped plaster-in led profile for 10mm strips. Enhance ceilings with this architectural recessed channel that creates a sophisticated layered light effect.","_seopress_robots_index":""},"pcb-width":[228],"product-cat":[197],"class_list":{"0":"post-42669","1":"product","2":"type-product","3":"status-publish","4":"has-post-thumbnail","6":"pcb-width-6-12mm","7":"product-cat-plaster-in-profile"},"acf":[],"_links":{"self":[{"href":"https:\/\/tangooled.com\/ro\/wp-json\/wp\/v2\/product\/42669","targetHints":{"allow":["GET"]}}],"collection":[{"href":"https:\/\/tangooled.com\/ro\/wp-json\/wp\/v2\/product"}],"about":[{"href":"https:\/\/tangooled.com\/ro\/wp-json\/wp\/v2\/types\/product"}],"wp:featuredmedia":[{"embeddable":true,"href":"https:\/\/tangooled.com\/ro\/wp-json\/wp\/v2\/media\/13965"}],"wp:attachment":[{"href":"https:\/\/tangooled.com\/ro\/wp-json\/wp\/v2\/media?parent=42669"}],"wp:term":[{"taxonomy":"pcb-width","embeddable":true,"href":"https:\/\/tangooled.com\/ro\/wp-json\/wp\/v2\/pcb-width?post=42669"},{"taxonomy":"product-cat","embeddable":true,"href":"https:\/\/tangooled.com\/ro\/wp-json\/wp\/v2\/product-cat?post=42669"}],"curies":[{"name":"wp","href":"https:\/\/api.w.org\/{rel}","templated":true}]}}