{"id":42667,"date":"2025-12-23T06:28:11","date_gmt":"2025-12-23T14:28:11","guid":{"rendered":"https:\/\/tangooled.com\/?post_type=product&#038;p=42667"},"modified":"2026-02-01T22:45:51","modified_gmt":"2026-02-02T06:45:51","slug":"plaster-in-led-ceiling-moulding-profile-for-15mm-led-strips","status":"publish","type":"product","link":"https:\/\/tangooled.com\/ro\/produs\/plaster-in-led-ceiling-moulding-profile-for-15mm-led-strips\/","title":{"rendered":"Profil de \u00eencastrare pentru tavan LED pentru benzi de 15mm"},"content":{"rendered":"<div class=\"wp-block-group is-vertical is-layout-flex wp-container-core-group-is-layout-d255d7c4 wp-block-group-is-layout-flex\" style=\"padding-top:var(--wp--preset--spacing--80);padding-bottom:var(--wp--preset--spacing--80)\">\n<p>Profilul nostru DWP22 de gips-carton pentru LED permite ad\u0103ugarea de iluminat elegant, f\u0103r\u0103 cadru, pe pere\u021bii sau plafoanele dumneavoastr\u0103. Acest profil din aluminiu este conceput pentru a se potrivi perfect, av\u00e2nd o \u00een\u0103l\u021bime total\u0103 de 97mm \u0219i aripi din gips-carton de 20mm lungime. Este montat pe gips-carton \u0219i apoi acoperit cu gips, ceea ce \u00eel face s\u0103 se integreze perfect \u0219i s\u0103 ascund\u0103 toate marginile. Profilul poate sus\u021bine benzi LED de p\u00e2n\u0103 la 20mm l\u0103\u021bime, ceea ce este perfect pentru benzile de 15mm. Aceast\u0103 form\u0103 permite dispersia c\u0103ldurii foarte bine, \u0219i atunci c\u00e2nd este vopsit, creeaz\u0103 un aspect de iluminare flotant frumos pe perete sau pe plafoane. Profilul ofer\u0103 un aspect neted, f\u0103r\u0103 puncte, \u0219i arhitectural curat, perfect pentru medii moderne \u0219i frumoase. Face acest lucru folosind lumina sa orientat\u0103 \u00een sus \u0219i difuzorul opal.<\/p>\n<\/div>\n\n\n\n<div class=\"wp-block-group has-background is-vertical is-layout-flex wp-container-core-group-is-layout-d255d7c4 wp-block-group-is-layout-flex\" style=\"background-color:#f1f1f1;padding-top:var(--wp--preset--spacing--80);padding-bottom:var(--wp--preset--spacing--80)\">\n<div class=\"wp-block-group is-vertical is-layout-flex wp-container-core-group-is-layout-8cf370e7 wp-block-group-is-layout-flex\">\n<h2 class=\"wp-block-heading\" style=\"padding-top:var(--wp--preset--spacing--40);padding-bottom:var(--wp--preset--spacing--40);font-size:25px;font-style:normal;font-weight:600;text-transform:capitalize\">Caracteristici \u0219i Beneficii ale Profilului de Gips-carton pentru LED<\/h2>\n\n\n\n<ul class=\"wp-block-list\">\n<li>Un profil LED f\u0103r\u0103 cadru cu montaj la nivel aduce un canal LED integrat direct \u00een gips-carton.<\/li>\n\n\n\n<li>Compatibil cu instala\u021biile de canale de iluminat performante din gips-carton.<\/li>\n\n\n\n<li>Instalarea pe gips-carton face ca iluminatul s\u0103 arate ca o parte natural\u0103 a plafoanelor sau pere\u021bilor dumneavoastr\u0103.<\/li>\n\n\n\n<li>Finisajul de profil din aluminiu de \u00eenalt\u0103 calitate asigur\u0103 o disipare excelent\u0103 a c\u0103ldurii.<\/li>\n\n\n\n<li>Vine cu un capac de lumin\u0103 difuzat pentru iluminare f\u0103r\u0103 puncte.<\/li>\n\n\n\n<li>\u00cel pute\u021bi vopsi pentru a se potrivi cu culoarea oric\u0103rui perete sau plafon pentru un aspect simplu.<\/li>\n<\/ul>\n<\/div>\n<\/div>\n\n\n\n<div class=\"wp-block-group is-vertical is-layout-flex wp-container-core-group-is-layout-d255d7c4 wp-block-group-is-layout-flex\" style=\"padding-top:var(--wp--preset--spacing--80);padding-bottom:var(--wp--preset--spacing--80)\">\n<hr class=\"wp-block-separator has-alpha-channel-opacity\"\/>\n\n\n\n<div class=\"wp-block-media-text has-media-on-the-right is-stacked-on-mobile\" style=\"grid-template-columns:auto 40%\"><div class=\"wp-block-media-text__content\">\n<h2 class=\"wp-block-heading\" style=\"padding-top:var(--wp--preset--spacing--40);padding-bottom:var(--wp--preset--spacing--40);font-size:25px;font-style:normal;font-weight:600;text-transform:capitalize\">Cum s\u0103 Folosi\u021bi Profilul de Gips-carton pentru LED<\/h2>\n\n\n\n<ul class=\"wp-block-list\">\n<li>T\u0103ia\u021bi profilul la lungimea corect\u0103.<\/li>\n\n\n\n<li>Ata\u0219a\u021bi aripile perforate la gips-carton cu \u0219uruburi.<\/li>\n\n\n\n<li>Aplica\u021bi compus de \u00eembinare \u0219i gips pe aripi \u0219i netezi\u021bi marginile pentru a face suprafa\u021ba neted\u0103.<\/li>\n\n\n\n<li>Vopsi\u021bi pentru a se potrivi cu peretele sau plafonul.<\/li>\n\n\n\n<li>Introduce\u021bi banda LED de 15mm \u00een canal.<\/li>\n\n\n\n<li>Prinde\u021bi difuzorul mat, asigura\u021bi-v\u0103 c\u0103 lumina este uniform\u0103 \u0219i f\u0103r\u0103 puncte.<\/li>\n\n\n\n<li>Conecta\u021bi sursa de alimentare \u0219i dispozitivele de control (dimmeri \u0219i drivere).<\/li>\n<\/ul>\n<\/div><figure class=\"wp-block-media-text__media\"><img loading=\"lazy\" decoding=\"async\" width=\"500\" height=\"500\" src=\"https:\/\/tangooled.com\/wp-content\/uploads\/2025\/12\/dwp22-ins.webp\" alt=\"plaster in led ceiling moulding profile for 15mm led strips\" class=\"wp-image-43056 size-full\" srcset=\"https:\/\/tangooled.com\/wp-content\/uploads\/2025\/12\/dwp22-ins.webp 500w, https:\/\/tangooled.com\/wp-content\/uploads\/2025\/12\/dwp22-ins-300x300.webp 300w, https:\/\/tangooled.com\/wp-content\/uploads\/2025\/12\/dwp22-ins-150x150.webp 150w\" sizes=\"auto, (max-width: 500px) 100vw, 500px\" \/><\/figure><\/div>\n<\/div>\n\n\n\n<div class=\"wp-block-group has-background\" style=\"background-color:#f1f1f1f2;padding-top:var(--wp--preset--spacing--80);padding-bottom:var(--wp--preset--spacing--80)\"><div class=\"wp-block-group__inner-container is-layout-constrained wp-block-group-is-layout-constrained\">\n<h2 class=\"wp-block-heading\" style=\"padding-top:var(--wp--preset--spacing--40);padding-bottom:var(--wp--preset--spacing--40);font-size:25px;font-style:normal;font-weight:600\">Unde s\u0103 \u00eel folose\u0219ti?<\/h2>\n\n\n\n<ul class=\"wp-block-list\">\n<li>Iluminat de tip Cove: Acesta creeaz\u0103 o lumin\u0103 dramatic\u0103 care se r\u0103sp\u00e2nde\u0219te pe pere\u021bi \u0219i plafoane.<\/li>\n\n\n\n<li>Iluminat prin Grazing: Aceast\u0103 tehnic\u0103 eviden\u021biaz\u0103 rugozitatea pere\u021bilor \u0219i \u00eei face s\u0103 par\u0103 mai ad\u00e2nci.<\/li>\n\n\n\n<li>Iluminat de Accent: O modalitate excelent\u0103 de a ad\u0103uga o atingere arhitectural\u0103 curat\u0103 \u00een hoteluri, spa\u021bii de locuit sau afaceri.<\/li>\n\n\n\n<li>Iluminatul de Retail: Ilumineaz\u0103 obiectele bine f\u0103r\u0103 a le face s\u0103 arate r\u0103u.<\/li>\n<\/ul>\n<\/div><\/div>\n\n\n\n<div class=\"wp-block-group is-vertical is-layout-flex wp-container-core-group-is-layout-d255d7c4 wp-block-group-is-layout-flex\" style=\"padding-top:var(--wp--preset--spacing--80);padding-bottom:var(--wp--preset--spacing--80)\">\n<h2 class=\"wp-block-heading\" style=\"padding-top:var(--wp--preset--spacing--40);padding-bottom:var(--wp--preset--spacing--40);font-size:25px;font-style:normal;font-weight:600;text-transform:capitalize\">Produse Asociate de la TANGOLED<\/h2>\n\n\n\n<ul class=\"wp-block-list\">\n<li><a href=\"https:\/\/tangooled.com\/ro\/produs\/black-led-diffuser-aluminum-channel-for-12mm-tape-lights\/\"><mark style=\"background-color:rgba(0, 0, 0, 0)\" class=\"has-inline-color has-vivid-red-color\">Canal din aluminiu cu difuzor LED negru pentru benzi de 12mm<\/mark><\/a> \u2013 Great for slimmer LED tapes.<\/li>\n\n\n\n<li><a href=\"https:\/\/tangooled.com\/ro\/produs\/22x15mm-led-light-channel-aluminum-extrusion-for-flexible-strips\/\"><mark style=\"background-color:rgba(0, 0, 0, 0)\" class=\"has-inline-color has-vivid-red-color\">Extrudare din aluminiu pentru canal LED 22x15mm pentru benzi flexibile<\/mark><\/a> \u2013 Larger channel for wider LED strips.<\/li>\n\n\n\n<li><a href=\"https:\/\/tangooled.com\/ro\/produs\/plaster-in-led-profile-2m-3m-for-gypsum-ceiling-recessed\/\"><mark style=\"background-color:rgba(0, 0, 0, 0)\" class=\"has-inline-color has-vivid-red-color\">Profil LED de gips-carton 2m &amp; 3m pentru plafon \u00eencastrat<\/mark><\/a> \u2013 Alternative length options.<\/li>\n\n\n\n<li><a href=\"https:\/\/tangooled.com\/ro\/produs\/trimless-drywall-led-channel-for-15mm-led-strip-lights\/\"><mark style=\"background-color:rgba(0, 0, 0, 0)\" class=\"has-inline-color has-vivid-red-color\">Canal LED pentru pl\u0103ci de gips f\u0103r\u0103 margini pentru lumini LED de 15mm<\/mark><\/a> \u2013 Another option for flush LED ceiling channels.<\/li>\n\n\n\n<li><a href=\"https:\/\/tangooled.com\/ro\/produs\/aluminum-base-with-opal-square-light-cover-for-suspension\/\"><mark style=\"background-color:rgba(0, 0, 0, 0)\" class=\"has-inline-color has-vivid-red-color\">Baz\u0103 din aluminiu cu capac de lumin\u0103 p\u0103trat\u0103 opal pentru suspendare<\/mark><\/a> \u2013 Suspended lighting solutions.<\/li>\n<\/ul>\n<\/div>\n\n\n\n<p><\/p>","protected":false},"featured_media":13960,"template":"","meta":{"_acf_changed":false,"_seopress_robots_primary_cat":"none","_seopress_titles_title":"Plaster-in LED Ceiling Moulding Profile DWP22 | TANGOOLED","_seopress_titles_desc":"The DWP22 is a professional plaster-in led ceiling moulding profile for 15mm strips. This trimless architectural moulding combines decorative cornices with hidden linear lighting.","_seopress_robots_index":""},"pcb-width":[229],"product-cat":[197],"class_list":{"0":"post-42667","1":"product","2":"type-product","3":"status-publish","4":"has-post-thumbnail","6":"pcb-width-15-20mm","7":"product-cat-plaster-in-profile"},"acf":[],"_links":{"self":[{"href":"https:\/\/tangooled.com\/ro\/wp-json\/wp\/v2\/product\/42667","targetHints":{"allow":["GET"]}}],"collection":[{"href":"https:\/\/tangooled.com\/ro\/wp-json\/wp\/v2\/product"}],"about":[{"href":"https:\/\/tangooled.com\/ro\/wp-json\/wp\/v2\/types\/product"}],"wp:featuredmedia":[{"embeddable":true,"href":"https:\/\/tangooled.com\/ro\/wp-json\/wp\/v2\/media\/13960"}],"wp:attachment":[{"href":"https:\/\/tangooled.com\/ro\/wp-json\/wp\/v2\/media?parent=42667"}],"wp:term":[{"taxonomy":"pcb-width","embeddable":true,"href":"https:\/\/tangooled.com\/ro\/wp-json\/wp\/v2\/pcb-width?post=42667"},{"taxonomy":"product-cat","embeddable":true,"href":"https:\/\/tangooled.com\/ro\/wp-json\/wp\/v2\/product-cat?post=42667"}],"curies":[{"name":"wp","href":"https:\/\/api.w.org\/{rel}","templated":true}]}}