{"id":42665,"date":"2025-12-23T06:25:08","date_gmt":"2025-12-23T14:25:08","guid":{"rendered":"https:\/\/tangooled.com\/?post_type=product&#038;p=42665"},"modified":"2026-01-27T22:12:10","modified_gmt":"2026-01-28T06:12:10","slug":"ceiling-mounted-led-cove-light-drywall-profile-recessed-for-15mm-strip","status":"publish","type":"product","link":"https:\/\/tangooled.com\/ro\/produs\/ceiling-mounted-led-cove-light-drywall-profile-recessed-for-15mm-strip\/","title":{"rendered":"Profil pentru iluminare de tip cove LED montat pe tavan \u00eencastrat pentru band\u0103 de 15mm"},"content":{"rendered":"<div class=\"wp-block-group is-vertical is-layout-flex wp-container-core-group-is-layout-d255d7c4 wp-block-group-is-layout-flex\" style=\"padding-top:var(--wp--preset--spacing--80);padding-bottom:var(--wp--preset--spacing--80)\">\n<p>Profilul nostru pentru iluminare de tip cove LED montat pe tavan din gips carton ofer\u0103 o iluminare ideal\u0103 \u0219i uniform\u0103. Acest profil LED \u00eencastrat, f\u0103r\u0103 margini, are o l\u0103\u021bime de 94mm, o ad\u00e2ncime de 34mm \u0219i dispune de un canal intern care are 21.36mm l\u0103\u021bime. Se \u00eencadreaz\u0103 perfect \u00een tavanele din gips carton sau pl\u0103ci de gips \u0219i poate sus\u021bine benzi LED de p\u00e2n\u0103 la 15mm l\u0103\u021bime. Profilul este realizat din aluminiu anodizat durabil \u0219i ac\u021bioneaz\u0103 ca un radiator termic pentru a ajuta benzile LED s\u0103 reziste mai mult, men\u021bin\u00e2ndu-le reci. Forma sa \u00eenclinat\u0103 direc\u021bioneaz\u0103 lumina str\u0103lucitoare \u0219i constant\u0103 la cel mai bun unghi, asigur\u00e2ndu-se c\u0103 exist\u0103 pu\u021bin str\u0103lucire \u0219i un flux de lumin\u0103 pl\u0103cut, f\u0103r\u0103 puncte. Corpul dispare dup\u0103 ce a fost acoperit cu gips, l\u0103s\u00e2ndu-v\u0103 cu un finisaj de iluminat arhitectural curat \u0219i uniform.<\/p>\n<\/div>\n\n\n\n<div class=\"wp-block-group has-background is-vertical is-layout-flex wp-container-core-group-is-layout-d255d7c4 wp-block-group-is-layout-flex\" style=\"background-color:#f1f1f1;padding-top:var(--wp--preset--spacing--80);padding-bottom:var(--wp--preset--spacing--80)\">\n<div class=\"wp-block-group is-vertical is-layout-flex wp-container-core-group-is-layout-8cf370e7 wp-block-group-is-layout-flex\">\n<h2 class=\"wp-block-heading\" style=\"padding-top:var(--wp--preset--spacing--40);padding-bottom:var(--wp--preset--spacing--40);font-size:25px;font-style:normal;font-weight:600;text-transform:capitalize\">De ce s\u0103 alege\u021bi profilul nostru pentru iluminare de tip cove LED montat pe tavan?<\/h2>\n\n\n\n<ul class=\"wp-block-list\">\n<li>Trimless drywall integration: The recessed LED cover light drywall profile fits flush into plasterboard\uff0c giving it a clean, modern look.<\/li>\n\n\n\n<li>Se potrive\u0219te cu benzi LED de 15mm: Sus\u021bine benzi LED late, inclusiv tipuri cu putere mare \u0219i RGBW.<\/li>\n\n\n\n<li>Vine cu un difuzor opal: Amestec\u0103 uniform lumina pentru a preveni formarea punctelor.<\/li>\n\n\n\n<li>Construc\u021bie robust\u0103 din aluminiu: Acest lucru \u00eel face s\u0103 dureze mai mult \u0219i s\u0103 ajute la r\u0103cire.<\/li>\n\n\n\n<li>Complete kit: Comes with end caps and connectors\u00a0for easy fitting.<\/li>\n<\/ul>\n<\/div>\n<\/div>\n\n\n\n<div class=\"wp-block-group is-vertical is-layout-flex wp-container-core-group-is-layout-d255d7c4 wp-block-group-is-layout-flex\" style=\"padding-top:var(--wp--preset--spacing--80);padding-bottom:var(--wp--preset--spacing--80)\">\n<hr class=\"wp-block-separator has-alpha-channel-opacity\"\/>\n\n\n\n<div class=\"wp-block-media-text has-media-on-the-right is-stacked-on-mobile\" style=\"grid-template-columns:auto 40%\"><div class=\"wp-block-media-text__content\">\n<h2 class=\"wp-block-heading\" style=\"padding-top:var(--wp--preset--spacing--40);padding-bottom:var(--wp--preset--spacing--40);font-size:25px;font-style:normal;font-weight:600;text-transform:capitalize\">Pa\u0219ii de instalare<\/h2>\n\n\n\n<ul class=\"wp-block-list\">\n<li>Ata\u0219a\u021bi profilul: Folosi\u021bi \u0219uruburi pentru a fixa canalul din aluminiu \u00eentre grinzile tavanului sau st\u00e2lpii de gips.<\/li>\n\n\n\n<li>Mud-in plaster: Use drywall mud or plaster to cover the profile&#8217;s flanges that have holes in them for a smooth finish.<\/li>\n\n\n\n<li>\u0218lefui\u021bi \u0219i vopsi\u021bi: Pentru un efect perfect f\u0103r\u0103 margini, netezi\u021bi gipsul peste profil \u0219i vopsi\u021bi-l.<\/li>\n\n\n\n<li>\u00cencerca\u021bi banda LED: Introduce\u021bi banda dvs. LED de 15mm \u00een canal.<\/li>\n\n\n\n<li>Ad\u0103uga\u021bi un difuzor: Pune\u021bi capacul opal pe band\u0103 pentru a o proteja \u0219i a \u00eembl\u00e2nzi lumina.<\/li>\n<\/ul>\n<\/div><figure class=\"wp-block-media-text__media\"><img loading=\"lazy\" decoding=\"async\" width=\"500\" height=\"500\" src=\"https:\/\/tangooled.com\/wp-content\/uploads\/2025\/12\/dwp21-ins.webp\" alt=\"ceiling mounted led cove light drywall profile recessed for 15mm strip\" class=\"wp-image-43050 size-full\" srcset=\"https:\/\/tangooled.com\/wp-content\/uploads\/2025\/12\/dwp21-ins.webp 500w, https:\/\/tangooled.com\/wp-content\/uploads\/2025\/12\/dwp21-ins-300x300.webp 300w, https:\/\/tangooled.com\/wp-content\/uploads\/2025\/12\/dwp21-ins-150x150.webp 150w\" sizes=\"auto, (max-width: 500px) 100vw, 500px\" \/><\/figure><\/div>\n<\/div>\n\n\n\n<div class=\"wp-block-group has-background\" style=\"background-color:#f1f1f1f2;padding-top:var(--wp--preset--spacing--80);padding-bottom:var(--wp--preset--spacing--80)\"><div class=\"wp-block-group__inner-container is-layout-constrained wp-block-group-is-layout-constrained\">\n<h2 class=\"wp-block-heading\" style=\"padding-top:var(--wp--preset--spacing--40);padding-bottom:var(--wp--preset--spacing--40);font-size:25px;font-style:normal;font-weight:600\">Cum s\u0103 folosi\u021bi acest profil de iluminare de tip cove LED<\/h2>\n\n\n\n<ul class=\"wp-block-list\">\n<li>Iluminare de tip cove pe tavan: Lumina\u021bi marginile spa\u021biilor pentru o str\u0103lucire ambiental\u0103 bl\u00e2nd\u0103.<\/li>\n\n\n\n<li>Iluminare pe pere\u021bi \u0219i accentuare: Folosi\u021bi aceste tehnici pentru a atrage aten\u021bia asupra suprafe\u021belor texturate \u0219i detaliilor arhitecturale.<\/li>\n\n\n\n<li>Efecte de tavan suspendat: Folosi\u021bi linii de lumin\u0103 uniform\u0103 pentru a face tavanele s\u0103 par\u0103 suspendate.<\/li>\n\n\n\n<li>Locuin\u021be \u0219i afaceri: camere de zi, birouri, hoteluri \u0219i magazine.<\/li>\n<\/ul>\n<\/div><\/div>\n\n\n\n<div class=\"wp-block-group is-vertical is-layout-flex wp-container-core-group-is-layout-d255d7c4 wp-block-group-is-layout-flex\" style=\"padding-top:var(--wp--preset--spacing--80);padding-bottom:var(--wp--preset--spacing--80)\">\n<h2 class=\"wp-block-heading\" style=\"padding-top:var(--wp--preset--spacing--40);padding-bottom:var(--wp--preset--spacing--40);font-size:25px;font-style:normal;font-weight:600;text-transform:capitalize\">Produse \u0219i resurse asociate<\/h2>\n\n\n\n<ul class=\"wp-block-list\">\n<li><a href=\"https:\/\/tangooled.com\/ro\/produs\/trimless-drywall-led-channel-for-15mm-led-strip-lights\/\"><mark style=\"background-color:rgba(0, 0, 0, 0)\" class=\"has-inline-color has-vivid-red-color\">Canal LED pentru pl\u0103ci de gips f\u0103r\u0103 margini pentru lumini LED de 15mm<\/mark><\/a>&#8211; Another trimless drywall LED profile option.<\/li>\n\n\n\n<li><a href=\"https:\/\/tangooled.com\/ro\/produs\/22x15mm-led-light-channel-aluminum-extrusion-for-flexible-strips\/\"><mark style=\"background-color:rgba(0, 0, 0, 0)\" class=\"has-inline-color has-vivid-red-color\">Extrudare din aluminiu pentru canal LED 22x15mm pentru benzi flexibile<\/mark><\/a> \u2013 For similar wide LED strip use.<\/li>\n\n\n\n<li><a href=\"https:\/\/tangooled.com\/ro\/produs\/recessed-aluminum-profile-17x8mm-for-led-strip-lighting\/\"><mark style=\"background-color:rgba(0, 0, 0, 0)\" class=\"has-inline-color has-vivid-red-color\">Profil LED din aluminiu \u00eencastrat 17x8mm pentru iluminarea cu band\u0103 LED<\/mark><\/a> \u2013 Recessed LED profile alternative with a smaller size.<\/li>\n\n\n\n<li><a href=\"https:\/\/tangooled.com\/ro\/produs\/black-led-diffuser-aluminum-channel-for-12mm-tape-lights\/\"><mark style=\"background-color:rgba(0, 0, 0, 0)\" class=\"has-inline-color has-vivid-red-color\">Canal din aluminiu cu difuzor LED negru pentru benzi de 12mm<\/mark><\/a> \u2013 A diffuser option with a black finish.<\/li>\n\n\n\n<li><a href=\"https:\/\/tangooled.com\/ro\/produs\/surface-mount-led-profile-with-frosted-diffuser-for-10mm-rope-lights\/\"><mark style=\"background-color:rgba(0, 0, 0, 0)\" class=\"has-inline-color has-vivid-red-color\">Profil LED de montare pe suprafa\u021b\u0103 cu difuzor satin pentru benzile de 10mm<\/mark><\/a> \u2013 Surface mount style alternative.<\/li>\n<\/ul>\n<\/div>\n\n\n\n<div class=\"wp-block-group has-background\" style=\"background-color:#f1f1f1;padding-top:var(--wp--preset--spacing--80);padding-bottom:var(--wp--preset--spacing--80)\"><div class=\"wp-block-group__inner-container is-layout-constrained wp-block-group-is-layout-constrained\">\n<h2 class=\"wp-block-heading\" style=\"padding-top:var(--wp--preset--spacing--40);padding-bottom:var(--wp--preset--spacing--40);font-size:25px;font-style:normal;font-weight:600;text-transform:capitalize\">Rezumat<\/h2>\n\n\n\n<p>Profilul nostru pentru iluminare de tip cove LED montat pe tavan este cea mai bun\u0103 solu\u021bie pentru un design curat \u0219i modern. Fiind \u00eencastrat \u00een mod uniform, ofer\u0103 iluminare neted\u0103 \u0219i uniform\u0103 f\u0103r\u0103 margini evidente. Canalul de 15mm se potrive\u0219te cu multe benzi LED, permi\u021b\u00e2ndu-v\u0103 s\u0103 crea\u021bi efecte str\u0103lucitoare sau RGB. Difuzorul opal inclus face ca lumina s\u0103 fie mai bl\u00e2nd\u0103 \u0219i potrivit\u0103 pentru zonele de locuit, birouri \u0219i afaceri.<\/p>\n<\/div><\/div>\n\n\n\n<p><\/p>","protected":false},"featured_media":13955,"template":"","meta":{"_acf_changed":true,"_seopress_robots_primary_cat":"none","_seopress_titles_title":"LED Cove Light Drywall Profile | 15mm Wide Recessed Channel DWP21","_seopress_titles_desc":"The DWP21 is a professional led cove light drywall profile designed for 15mm strips. Create stunning indirect ceiling lighting with a seamless, trimless finish in any drywall or gypsum ceiling.","_seopress_robots_index":""},"pcb-width":[229],"product-cat":[197],"class_list":{"0":"post-42665","1":"product","2":"type-product","3":"status-publish","4":"has-post-thumbnail","6":"pcb-width-15-20mm","7":"product-cat-plaster-in-profile"},"acf":[],"_links":{"self":[{"href":"https:\/\/tangooled.com\/ro\/wp-json\/wp\/v2\/product\/42665","targetHints":{"allow":["GET"]}}],"collection":[{"href":"https:\/\/tangooled.com\/ro\/wp-json\/wp\/v2\/product"}],"about":[{"href":"https:\/\/tangooled.com\/ro\/wp-json\/wp\/v2\/types\/product"}],"wp:featuredmedia":[{"embeddable":true,"href":"https:\/\/tangooled.com\/ro\/wp-json\/wp\/v2\/media\/13955"}],"wp:attachment":[{"href":"https:\/\/tangooled.com\/ro\/wp-json\/wp\/v2\/media?parent=42665"}],"wp:term":[{"taxonomy":"pcb-width","embeddable":true,"href":"https:\/\/tangooled.com\/ro\/wp-json\/wp\/v2\/pcb-width?post=42665"},{"taxonomy":"product-cat","embeddable":true,"href":"https:\/\/tangooled.com\/ro\/wp-json\/wp\/v2\/product-cat?post=42665"}],"curies":[{"name":"wp","href":"https:\/\/api.w.org\/{rel}","templated":true}]}}