{"id":42662,"date":"2025-12-23T06:22:11","date_gmt":"2025-12-23T14:22:11","guid":{"rendered":"https:\/\/tangooled.com\/?post_type=product&#038;p=42662"},"modified":"2026-01-27T22:11:19","modified_gmt":"2026-01-28T06:11:19","slug":"45-degree-led-plaster-wall-wash-profile-for-15mm-led-strips","status":"publish","type":"product","link":"https:\/\/tangooled.com\/ro\/produs\/45-degree-led-plaster-wall-wash-profile-for-15mm-led-strips\/","title":{"rendered":"Profil de sp\u0103lare a peretelui cu LED la 45 de grade pentru benzile LED de 15mm"},"content":{"rendered":"<div class=\"wp-block-group is-vertical is-layout-flex wp-container-core-group-is-layout-d255d7c4 wp-block-group-is-layout-flex\" style=\"padding-top:var(--wp--preset--spacing--80);padding-bottom:var(--wp--preset--spacing--80)\">\n<p>Profilul nostru de sp\u0103lare a peretelui din gips cu un unghi de 45 de grade va oferi pere\u021bilor t\u0103i o linie de lumin\u0103 perfect\u0103 \u0219i neted\u0103. Acest produs este creat pentru benzile LED de 15mm \u0219i se potrive\u0219te perfect \u00een gips sau panouri din gips-carton. DWP20 are o l\u0103\u021bime de 91mm \u0219i o \u00een\u0103l\u021bime de 56.8mm la cel mai \u00eenalt punct. Are un design \u00een form\u0103 de L care \u00eel face simplu de pus \u00eentr-un col\u021b. Forma are o curbur\u0103 interioar\u0103 profund\u0103 care spal\u0103 peretele. De asemenea, dispune de un difuzor de 20.9mm \u0219i de un flan\u0219e de gips de 31.7mm care \u00eel men\u021bine fix pe tavan sau pe raft. Permite sp\u0103larea pere\u021bilor f\u0103r\u0103 sclipiri sau pete, deoarece dispune de un fascicul de 45 de grade care ilumineaz\u0103 pere\u021bii uniform \u0219i moale. Aceast\u0103 solu\u021bie de iluminat func\u021bioneaz\u0103 at\u00e2t ca iluminat ambiental, c\u00e2t \u0219i ca iluminat direc\u021bional \u0219i se potrive\u0219te bine cu arhitectura.<\/p>\n<\/div>\n\n\n\n<div class=\"wp-block-group has-background is-vertical is-layout-flex wp-container-core-group-is-layout-d255d7c4 wp-block-group-is-layout-flex\" style=\"background-color:#f1f1f1;padding-top:var(--wp--preset--spacing--80);padding-bottom:var(--wp--preset--spacing--80)\">\n<div class=\"wp-block-group is-vertical is-layout-flex wp-container-core-group-is-layout-8cf370e7 wp-block-group-is-layout-flex\">\n<h2 class=\"wp-block-heading\" style=\"padding-top:var(--wp--preset--spacing--40);padding-bottom:var(--wp--preset--spacing--40);font-size:25px;font-style:normal;font-weight:600;text-transform:capitalize\">De ce s\u0103 alegi acest profil de sp\u0103lare a peretelui din gips la 45 de grade?<\/h2>\n\n\n\n<ul class=\"wp-block-list\">\n<li>Designul de \u00eencorporare \u00een gips men\u021bine profilul \u00eengropat sub gips, oferindu-i un aspect curat, f\u0103r\u0103 margini.<\/li>\n\n\n\n<li>Fabricat din aluminiu anodizat de \u00eenalt\u0103 calitate 6063-T5, care men\u021bine LED-urile r\u0103coroase \u0219i dureaz\u0103 mult timp.<\/li>\n\n\n\n<li>Func\u021bioneaz\u0103 cu toate benzile LED de 15mm l\u0103\u021bime, inclusiv RGBW \u0219i cele cu densitate mare.<\/li>\n\n\n\n<li>Has a frosted PC\u00a0diffuser that makes the light gentle and even without hot spots.<\/li>\n\n\n\n<li>Ideal pentru iluminarea pere\u021bilor, holurilor, tavanului \u0219i nu numai \u00een cl\u0103diri.<\/li>\n\n\n\n<li>Poate fi vopsit sau vine cu o finisare anodizat\u0103 alb\u0103, astfel \u00eenc\u00e2t s\u0103 se integreze \u00een pere\u021bi.<\/li>\n<\/ul>\n<\/div>\n<\/div>\n\n\n\n<div class=\"wp-block-group is-vertical is-layout-flex wp-container-core-group-is-layout-d255d7c4 wp-block-group-is-layout-flex\" style=\"padding-top:var(--wp--preset--spacing--80);padding-bottom:var(--wp--preset--spacing--80)\">\n<hr class=\"wp-block-separator has-alpha-channel-opacity\"\/>\n\n\n\n<div class=\"wp-block-media-text has-media-on-the-right is-stacked-on-mobile\" style=\"grid-template-columns:auto 40%\"><div class=\"wp-block-media-text__content\">\n<h2 class=\"wp-block-heading\" style=\"padding-top:var(--wp--preset--spacing--40);padding-bottom:var(--wp--preset--spacing--40);font-size:25px;font-style:normal;font-weight:600;text-transform:capitalize\">Cum s\u0103 folose\u0219ti acest profil<\/h2>\n\n\n\n<ul class=\"wp-block-list\">\n<li>Taie un canal \u00een panoul de gips sau \u00een gips-carton pentru a se potrivi cu dimensiunile profilului.<\/li>\n\n\n\n<li>Use screws\u00a0to attach the profile to the studs.<\/li>\n\n\n\n<li>Introdu un insert protector pentru a men\u021bine gipsul curat \u00een interiorul pachetului.<\/li>\n\n\n\n<li>Acoper\u0103 flan\u0219ele cu gips \u0219i \u0219lefuie\u0219te-le pentru a le face netede.<\/li>\n\n\n\n<li>Dac\u0103 dore\u0219ti, \u00eel po\u021bi vopsi pentru a se potrivi perfect cu peretele.<\/li>\n\n\n\n<li>Introdu banda ta LED de 15mm \u0219i fixeaz\u0103 difuzorul opal \u00een pozi\u021bie.<\/li>\n<\/ul>\n<\/div><figure class=\"wp-block-media-text__media\"><img loading=\"lazy\" decoding=\"async\" width=\"500\" height=\"500\" src=\"https:\/\/tangooled.com\/wp-content\/uploads\/2025\/12\/dwp20-ins.webp\" alt=\"45 degree led plaster wall wash profile for 15mm led strips\" class=\"wp-image-42938 size-full\" srcset=\"https:\/\/tangooled.com\/wp-content\/uploads\/2025\/12\/dwp20-ins.webp 500w, https:\/\/tangooled.com\/wp-content\/uploads\/2025\/12\/dwp20-ins-300x300.webp 300w, https:\/\/tangooled.com\/wp-content\/uploads\/2025\/12\/dwp20-ins-150x150.webp 150w\" sizes=\"auto, (max-width: 500px) 100vw, 500px\" \/><\/figure><\/div>\n<\/div>\n\n\n\n<div class=\"wp-block-group has-background is-vertical is-layout-flex wp-container-core-group-is-layout-b429018a wp-block-group-is-layout-flex\" style=\"background-color:#f1f1f1f2;padding-top:var(--wp--preset--spacing--70);padding-bottom:var(--wp--preset--spacing--70)\">\n<h2 class=\"wp-block-heading\" style=\"padding-top:var(--wp--preset--spacing--40);padding-bottom:var(--wp--preset--spacing--40);font-size:25px;font-style:normal;font-weight:600\">Aplica\u021bii \u0219i scenarii de utilizare<\/h2>\n\n\n\n<ul class=\"wp-block-list\">\n<li>Architectural Wall Grazing:\u00a0Brings out the textures in stone, wood, or brick walls.<\/li>\n\n\n\n<li>Holuri \u0219i coridoare: Creaz\u0103 o lumin\u0103 lini\u0219titoare care te ghideaz\u0103 prin situa\u021bii \u00eentunecate \u0219i str\u00e2mte.<\/li>\n\n\n\n<li>Ceiling Cove Lighting:\u00a0This type of lighting makes the edges of the ceiling look nice and bright without being too bright.<\/li>\n\n\n\n<li>Retail &amp; Hospitality:\u00a0Adds high-end ambient lighting to stores, hotels, and restaurants.<\/li>\n<\/ul>\n<\/div>\n\n\n\n<div class=\"wp-block-group is-vertical is-layout-flex wp-container-core-group-is-layout-d255d7c4 wp-block-group-is-layout-flex\" style=\"padding-top:var(--wp--preset--spacing--80);padding-bottom:var(--wp--preset--spacing--80)\">\n<h2 class=\"wp-block-heading\" style=\"padding-top:var(--wp--preset--spacing--40);padding-bottom:var(--wp--preset--spacing--40);font-size:25px;font-style:normal;font-weight:600;text-transform:capitalize\">Produse asociate pe care s-ar putea s\u0103 le plac\u0103<\/h2>\n\n\n\n<ul class=\"wp-block-list\">\n<li><a href=\"https:\/\/tangooled.com\/ro\/produs\/black-led-profile-with-black-diffuser-for-10mm-led-strip-light\/\"><mark style=\"background-color:rgba(0, 0, 0, 0)\" class=\"has-inline-color has-vivid-red-color\">Profil LED negru cu difuzor negru pentru luminile LED de 10mm<\/mark><\/a><\/li>\n\n\n\n<li><a href=\"https:\/\/tangooled.com\/ro\/produs\/22x15mm-led-light-channel-aluminum-extrusion-for-flexible-strips\/\"><mark style=\"background-color:rgba(0, 0, 0, 0)\" class=\"has-inline-color has-vivid-red-color\">Canal de lumin\u0103 LED de 22x15mm Aluminiu pentru benzi flexibile<\/mark><\/a><\/li>\n\n\n\n<li><a href=\"https:\/\/tangooled.com\/ro\/produs\/18x9mm-led-tape-light-profile-for-surface-installation\/\"><mark style=\"background-color:rgba(0, 0, 0, 0)\" class=\"has-inline-color has-vivid-red-color\">Profil de band\u0103 LED de 18x9mm pentru instalare pe suprafa\u021b\u0103<\/mark><\/a><\/li>\n\n\n\n<li><a href=\"https:\/\/tangooled.com\/ro\/produs\/25x14m-surface-mounted-led-light-aluminum-profile\/\"><mark style=\"background-color:rgba(0, 0, 0, 0)\" class=\"has-inline-color has-vivid-red-color\">Profil de aluminiu pentru lumin\u0103 LED montat pe suprafa\u021b\u0103 de 25x14mm<\/mark><\/a><\/li>\n<\/ul>\n<\/div>\n\n\n\n<div class=\"wp-block-group has-background\" style=\"background-color:#f1f1f1;padding-top:var(--wp--preset--spacing--80);padding-bottom:var(--wp--preset--spacing--80)\"><div class=\"wp-block-group__inner-container is-layout-constrained wp-block-group-is-layout-constrained\">\n<h2 class=\"wp-block-heading\" style=\"padding-top:var(--wp--preset--spacing--40);padding-bottom:var(--wp--preset--spacing--40);font-size:25px;font-style:normal;font-weight:600;text-transform:capitalize\">rezumat<\/h2>\n\n\n\n<p>Profilul nostru de sp\u0103lare a peretelui din gips cu un unghi de 45 de grade pentru benzile LED de 15mm este o modalitate elegant\u0103, f\u0103r\u0103 margini \u0219i atractiv\u0103 de a ilumina o camer\u0103. Este fabricat din aluminiu rezistent \u0219i dispune de un difuzor de calitate superioar\u0103 care realizeaz\u0103 o sp\u0103lare bl\u00e2nd\u0103, f\u0103r\u0103 sclipici, ideal pentru proiecte de iluminat pentru acas\u0103, comerciale \u0219i arhitecturale. Func\u021bioneaz\u0103 cu benzi de LED cu densitate mare \u0219i men\u021bine c\u0103ldura sub control pentru o perioad\u0103 lung\u0103 de timp, integr\u00e2ndu-se perfect cu gips-cartonul sau gipsul t\u0103u.<\/p>\n<\/div><\/div>\n\n\n\n<p><\/p>","protected":false},"featured_media":13810,"template":"","meta":{"_acf_changed":true,"_seopress_robots_primary_cat":"none","_seopress_titles_title":"45 Degree Plaster Wall Wash Profile | 15mm LED Channel DWP20","_seopress_titles_desc":"The DWP20 is a professional 45 degree plaster wall wash profile designed for 15mm strips. Achieve a seamless, trimless wall washing effect that highlights textures and architectural details.","_seopress_robots_index":""},"pcb-width":[229],"product-cat":[197],"class_list":{"0":"post-42662","1":"product","2":"type-product","3":"status-publish","4":"has-post-thumbnail","6":"pcb-width-15-20mm","7":"product-cat-plaster-in-profile"},"acf":[],"_links":{"self":[{"href":"https:\/\/tangooled.com\/ro\/wp-json\/wp\/v2\/product\/42662","targetHints":{"allow":["GET"]}}],"collection":[{"href":"https:\/\/tangooled.com\/ro\/wp-json\/wp\/v2\/product"}],"about":[{"href":"https:\/\/tangooled.com\/ro\/wp-json\/wp\/v2\/types\/product"}],"wp:featuredmedia":[{"embeddable":true,"href":"https:\/\/tangooled.com\/ro\/wp-json\/wp\/v2\/media\/13810"}],"wp:attachment":[{"href":"https:\/\/tangooled.com\/ro\/wp-json\/wp\/v2\/media?parent=42662"}],"wp:term":[{"taxonomy":"pcb-width","embeddable":true,"href":"https:\/\/tangooled.com\/ro\/wp-json\/wp\/v2\/pcb-width?post=42662"},{"taxonomy":"product-cat","embeddable":true,"href":"https:\/\/tangooled.com\/ro\/wp-json\/wp\/v2\/product-cat?post=42662"}],"curies":[{"name":"wp","href":"https:\/\/api.w.org\/{rel}","templated":true}]}}