{"id":42658,"date":"2025-12-23T06:10:45","date_gmt":"2025-12-23T14:10:45","guid":{"rendered":"https:\/\/tangooled.com\/?post_type=product&#038;p=42658"},"modified":"2026-01-27T22:02:16","modified_gmt":"2026-01-28T06:02:16","slug":"anti-glare-indirect-lighting-curved-drywall-profile-dwp19","status":"publish","type":"product","link":"https:\/\/tangooled.com\/ro\/produs\/anti-glare-indirect-lighting-curved-drywall-profile-dwp19\/","title":{"rendered":"Profil LED curbat anti-orbire pentru iluminare indirect\u0103 \u00een gips-carton DWP19"},"content":{"rendered":"<div class=\"wp-block-group is-vertical is-layout-flex wp-container-core-group-is-layout-d255d7c4 wp-block-group-is-layout-flex\" style=\"padding-top:var(--wp--preset--spacing--80);padding-bottom:var(--wp--preset--spacing--80)\">\n<p>Our anti-glare indirect lighting LED drywall profile is a curved, trimless, single flange aluminum extrusion made for plaster-in drywall installation. It gives you smooth, soft light that does not hurt your eyes. The DWP19 profile features a total width of 101mm and a significant overall height of 69mm. It is designed for mounting on an exposed shelf or surface, with the profile&#8217;s 48mm flange secured to the horizontal element. The channel includes a recess for a single LED strip, covered by a 21.5mm wide diffuser, ensuring the light source is completely hidden. This profile is fantastic for architects, interior designers, and lighting installers who desire modern design, clean lines, and a lot of visual comfort. It gives off a wide, semi-circular light beam that flows smoothly into the room.<\/p>\n<\/div>\n\n\n\n<div class=\"wp-block-group has-background is-vertical is-layout-flex wp-container-core-group-is-layout-d255d7c4 wp-block-group-is-layout-flex\" style=\"background-color:#f1f1f1;padding-top:var(--wp--preset--spacing--80);padding-bottom:var(--wp--preset--spacing--80)\">\n<div class=\"wp-block-group is-vertical is-layout-flex wp-container-core-group-is-layout-8cf370e7 wp-block-group-is-layout-flex\">\n<h2 class=\"wp-block-heading\" style=\"padding-top:var(--wp--preset--spacing--40);padding-bottom:var(--wp--preset--spacing--40);font-size:25px;font-style:normal;font-weight:600;text-transform:capitalize\">Ce face acest profil de gips-carton LED pentru iluminare indirect\u0103 anti-orbire special?<\/h2>\n\n\n\n<ul class=\"wp-block-list\">\n<li>Design anti-orbire: Sursa de lumin\u0103 LED este ascuns\u0103 \u00eentr-un canal ad\u00e2nc, care opre\u0219te petele str\u0103lucitoare \u0219i orbirea. Acest lucru face ca camerele tale s\u0103 fie lini\u0219tite \u0219i confortabile.<\/li>\n\n\n\n<li>Form\u0103 curbat\u0103: \u00cendoit\u0103 \u00een fabric\u0103 pentru a se potrivi cu curbele proiectului t\u0103u. Bun\u0103 pentru pere\u021bi circulare, domuri pe tavane, arce \u0219i linii de lumin\u0103 care curg.<\/li>\n\n\n\n<li>Montarea unui singur flan\u0219: Flan\u0219a unic\u0103 este ata\u0219at\u0103 la structura de sus\u021binere \u0219i acoperit\u0103 cu gips, ceea ce o face s\u0103 arate neted\u0103 \u0219i f\u0103r\u0103 margini.<\/li>\n\n\n\n<li>Iluminare indirect\u0103: Trimite lumina u\u0219or peste pere\u021bi sau tavane pentru a crea un efect halo f\u0103r\u0103 a afi\u0219a punctele LED.<\/li>\n\n\n\n<li>Material aluminiu: Aluminiul anodizat este rezistent, men\u021bine LED-urile reci \u0219i dureaz\u0103 ani de zile.<\/li>\n\n\n\n<li>Lumin\u0103 difuz\u0103: Difuzorul mat \u00eempr\u0103\u0219tie lumina uniform, ceea ce o face s\u0103 arate curat\u0103.<\/li>\n<\/ul>\n<\/div>\n<\/div>\n\n\n\n<div class=\"wp-block-group\" style=\"padding-top:var(--wp--preset--spacing--80);padding-bottom:var(--wp--preset--spacing--80)\"><div class=\"wp-block-group__inner-container is-layout-constrained wp-block-group-is-layout-constrained\">\n<div class=\"wp-block-media-text has-media-on-the-right is-stacked-on-mobile\" style=\"grid-template-columns:auto 40%\"><div class=\"wp-block-media-text__content\">\n<h2 class=\"wp-block-heading\" style=\"padding-top:var(--wp--preset--spacing--40);padding-bottom:var(--wp--preset--spacing--40);font-size:25px;font-style:normal;font-weight:600;text-transform:capitalize\">Cum s\u0103 folose\u0219ti acest profil de gips-carton<\/h2>\n\n\n\n<ul class=\"wp-block-list\">\n<li>Comand\u0103-\u021bi profilul t\u0103u curbat unic pentru a se potrivi nevoilor tale.<\/li>\n\n\n\n<li>Pune flan\u0219a unic\u0103 pe cadrul gips-cartonului.<\/li>\n\n\n\n<li>Pentru a ob\u021bine o fini\u0219are neted\u0103 \u0219i uniform\u0103, folose\u0219te material de umplutur\u0103 \u0219i gips.<\/li>\n\n\n\n<li>Introdu banda ta LED, care poate fi de p\u00e2n\u0103 la 15 mm l\u0103\u021bime.<\/li>\n\n\n\n<li>Pentru a ob\u021bine o lumin\u0103 moale, f\u0103r\u0103 puncte, fixeaz\u0103 difuzorul mat.<\/li>\n\n\n\n<li>Conecteaz\u0103 driverul LED pentru a putea controla luminozitatea \u0219i dimmarea dup\u0103 cum dore\u0219ti.<\/li>\n<\/ul>\n<\/div><figure class=\"wp-block-media-text__media\"><img loading=\"lazy\" decoding=\"async\" width=\"500\" height=\"500\" src=\"https:\/\/tangooled.com\/wp-content\/uploads\/2025\/12\/dwp19-ins.webp\" alt=\"anti glare led drywall profile curved indirect lighting single flange\" class=\"wp-image-42935 size-full\" srcset=\"https:\/\/tangooled.com\/wp-content\/uploads\/2025\/12\/dwp19-ins.webp 500w, https:\/\/tangooled.com\/wp-content\/uploads\/2025\/12\/dwp19-ins-300x300.webp 300w, https:\/\/tangooled.com\/wp-content\/uploads\/2025\/12\/dwp19-ins-150x150.webp 150w\" sizes=\"auto, (max-width: 500px) 100vw, 500px\" \/><\/figure><\/div>\n<\/div><\/div>\n\n\n\n<div class=\"wp-block-group has-background\" style=\"background-color:#f1f1f1f2;padding-top:var(--wp--preset--spacing--80);padding-bottom:var(--wp--preset--spacing--80)\"><div class=\"wp-block-group__inner-container is-layout-constrained wp-block-group-is-layout-constrained\">\n<h2 class=\"wp-block-heading\" style=\"padding-top:var(--wp--preset--spacing--40);padding-bottom:var(--wp--preset--spacing--40);font-size:25px;font-style:normal;font-weight:600;text-transform:capitalize\">Utiliz\u0103ri ideale pentru profilul nostru curbat cu flan\u0219\u0103 unic\u0103 DWP19<\/h2>\n\n\n\n<ul class=\"wp-block-list\">\n<li>Iluminare de tip cove \u00een jurul pere\u021bilor sau tavanelor<\/li>\n\n\n\n<li>Arce curbate \u0219i tavane domale iluminate&nbsp;<\/li>\n\n\n\n<li>Linii de accent \u00een case, magazine, birouri \u0219i hoteluri&nbsp;<\/li>\n\n\n\n<li>Efecte de tavane suspendate care sunt frumoase<\/li>\n\n\n\n<li>Iluminare pe pere\u021bi pentru texturi precum piatr\u0103 sau lemn&nbsp;<\/li>\n\n\n\n<li>Iluminare de perimetru \u00een lobbys \u0219i coridoare<\/li>\n<\/ul>\n<\/div><\/div>\n\n\n\n<div class=\"wp-block-group is-vertical is-layout-flex wp-container-core-group-is-layout-d255d7c4 wp-block-group-is-layout-flex\" style=\"padding-top:var(--wp--preset--spacing--80);padding-bottom:var(--wp--preset--spacing--80)\">\n<h2 class=\"wp-block-heading\" style=\"padding-top:var(--wp--preset--spacing--40);padding-bottom:var(--wp--preset--spacing--40);font-size:25px;font-style:normal;font-weight:600;text-transform:capitalize\">Produse \u0219i resurse relevante<\/h2>\n\n\n\n<ul class=\"wp-block-list\">\n<li><a href=\"https:\/\/tangooled.com\/ro\/produs\/anti-glare-led-drywall-profile-curved-indirect-lighting-single-flange\/\"><mark style=\"background-color:rgba(0, 0, 0, 0)\" class=\"has-inline-color has-vivid-red-color\">Profil LED curbat anti-orbire pentru iluminare indirect\u0103 cu flan\u0219\u0103 unic\u0103<\/mark><\/a><\/li>\n\n\n\n<li><a href=\"https:\/\/tangooled.com\/ro\/produs\/led-strip-light-channel-aluminum-profile-with-diffused-cover-6mm-height\/\"><mark style=\"background-color:rgba(0, 0, 0, 0)\" class=\"has-inline-color has-vivid-red-color\">Canal din aluminiu pentru luminile LED cu capac difuzor de 6mm \u00een\u0103l\u021bime<\/mark><\/a><\/li>\n\n\n\n<li><a href=\"https:\/\/tangooled.com\/ro\/produs\/trimless-drywall-led-channel-for-15mm-led-strip-lights\/\"><mark style=\"background-color:rgba(0, 0, 0, 0)\" class=\"has-inline-color has-vivid-red-color\">Canal LED pentru gips-carton f\u0103r\u0103 margini pentru lumini LED de 15 mm<\/mark><\/a><\/li>\n\n\n\n<li><a href=\"https:\/\/tangooled.com\/ro\/produs\/25x6mm-low-profile-led-strip-channel-for-10mm-led-strip-light\/\"><mark style=\"background-color:rgba(0, 0, 0, 0)\" class=\"has-inline-color has-vivid-red-color\">Canal LED cu profil sc\u0103zut 25x6mm pentru band\u0103 LED de 10mm<\/mark><\/a><\/li>\n<\/ul>\n<\/div>\n\n\n\n<div class=\"wp-block-group has-background\" style=\"background-color:#f1f1f1;padding-top:var(--wp--preset--spacing--80);padding-bottom:var(--wp--preset--spacing--80)\"><div class=\"wp-block-group__inner-container is-layout-constrained wp-block-group-is-layout-constrained\">\n<h2 class=\"wp-block-heading\" style=\"padding-top:var(--wp--preset--spacing--40);padding-bottom:var(--wp--preset--spacing--40);font-size:25px;font-style:normal;font-weight:600;text-transform:capitalize\">rezumat<\/h2>\n\n\n\n<p>Profilul nostru de gips-carton LED pentru iluminare indirect\u0103 anti-orbire este perfect pentru cei care doresc o lumin\u0103 neted\u0103, f\u0103r\u0103 margini, cu un singur flan\u0219 pentru zidurile din gips. Acest profil face ca proiectele tale de iluminare s\u0103 fie mai u\u0219oare \u0219i mai atr\u0103g\u0103toare prin reducerea orbitei.<\/p>\n<\/div><\/div>\n\n\n\n<p><\/p>","protected":false},"featured_media":13803,"template":"","meta":{"_acf_changed":true,"_seopress_robots_primary_cat":"none","_seopress_titles_title":"Anti-Glare Indirect LED Drywall Profile | Curved Single Flange DWP19","_seopress_titles_desc":"The DWP19 is anti glare indirect lighting led drywall profile with a curved single flange design. Create soft, hidden illumination in curved ceilings for a seamless trimless finish.","_seopress_robots_index":""},"pcb-width":[229],"product-cat":[197],"class_list":{"0":"post-42658","1":"product","2":"type-product","3":"status-publish","4":"has-post-thumbnail","6":"pcb-width-15-20mm","7":"product-cat-plaster-in-profile"},"acf":[],"_links":{"self":[{"href":"https:\/\/tangooled.com\/ro\/wp-json\/wp\/v2\/product\/42658","targetHints":{"allow":["GET"]}}],"collection":[{"href":"https:\/\/tangooled.com\/ro\/wp-json\/wp\/v2\/product"}],"about":[{"href":"https:\/\/tangooled.com\/ro\/wp-json\/wp\/v2\/types\/product"}],"wp:featuredmedia":[{"embeddable":true,"href":"https:\/\/tangooled.com\/ro\/wp-json\/wp\/v2\/media\/13803"}],"wp:attachment":[{"href":"https:\/\/tangooled.com\/ro\/wp-json\/wp\/v2\/media?parent=42658"}],"wp:term":[{"taxonomy":"pcb-width","embeddable":true,"href":"https:\/\/tangooled.com\/ro\/wp-json\/wp\/v2\/pcb-width?post=42658"},{"taxonomy":"product-cat","embeddable":true,"href":"https:\/\/tangooled.com\/ro\/wp-json\/wp\/v2\/product-cat?post=42658"}],"curies":[{"name":"wp","href":"https:\/\/api.w.org\/{rel}","templated":true}]}}