{"id":42653,"date":"2025-12-23T06:02:26","date_gmt":"2025-12-23T14:02:26","guid":{"rendered":"https:\/\/tangooled.com\/?post_type=product&#038;p=42653"},"modified":"2026-01-27T21:08:34","modified_gmt":"2026-01-28T05:08:34","slug":"trimless-drywall-led-channel-for-15mm-led-strip-lights","status":"publish","type":"product","link":"https:\/\/tangooled.com\/ro\/produs\/trimless-drywall-led-channel-for-15mm-led-strip-lights\/","title":{"rendered":"Canal LED pentru gips-carton f\u0103r\u0103 margini pentru lumini LED de 15 mm"},"content":{"rendered":"<div class=\"wp-block-group is-vertical is-layout-flex wp-container-core-group-is-layout-d255d7c4 wp-block-group-is-layout-flex\" style=\"padding-top:var(--wp--preset--spacing--80);padding-bottom:var(--wp--preset--spacing--80)\">\n<p>Canalul nostru LED de gips-carton f\u0103r\u0103 margini este realizat pentru benzi LED de 15 mm \u0219i te va ajuta s\u0103 g\u0103se\u0219ti linia corect\u0103 de lumin\u0103 curat\u0103. Acest profil LED \u00eengropat este u\u0219or de instalat direct \u00een gips-carton sau pl\u0103ci de gips, oferindu-le o iluminare modern\u0103 \u0219i minimalist\u0103 f\u0103r\u0103 margini sau rame vizibile. DWP16 are o l\u0103\u021bime de 61.7 mm de la flan\u0219\u0103 la flan\u0219\u0103 \u0219i o \u00een\u0103l\u021bime total\u0103 de 13.6 mm. Cavitatea interioar\u0103, care are o l\u0103\u021bime de 20.9 mm \u0219i este destinat\u0103 benzilor LED, este acoperit\u0103 de un difuzor arcuit de 28.8 mm l\u0103\u021bime. Odat\u0103 instalat \u0219i acoperit cu ipsos, profilul se a\u0219eaz\u0103 perfect plan, oferind un fascicul de lumin\u0103 larg \u0219i uniform, care pare c\u0103 provine direct din perete sau tavan. Aceast\u0103 alegere de iluminat discret este excelent\u0103 pentru casele moderne \u0219i companiile care doresc s\u0103 adauge un accent arhitectural.<\/p>\n<\/div>\n\n\n\n<div class=\"wp-block-group has-background\" style=\"background-color:#f1f1f1;padding-top:var(--wp--preset--spacing--80);padding-bottom:var(--wp--preset--spacing--80)\"><div class=\"wp-block-group__inner-container is-layout-constrained wp-block-group-is-layout-constrained\">\n<div class=\"wp-block-group is-vertical is-layout-flex wp-container-core-group-is-layout-8cf370e7 wp-block-group-is-layout-flex\">\n<h2 class=\"wp-block-heading\" style=\"padding-top:var(--wp--preset--spacing--40);padding-bottom:var(--wp--preset--spacing--40);font-size:25px;font-style:normal;font-weight:600;text-transform:capitalize\">De ce s\u0103 alegi canalul nostru LED de gips-carton f\u0103r\u0103 margini?<\/h2>\n\n\n\n<ul class=\"wp-block-list\">\n<li>Instalare f\u0103r\u0103 margini: Flan\u0219ele \u00eengropate \u00ee\u021bi permit s\u0103 acoperi profilul cu ipsos. F\u0103r\u0103 margini. F\u0103r\u0103 rame vizibile. Arat\u0103 ca o linie clar\u0103 \u0219i dreapt\u0103 de lumin\u0103 care este integrat\u0103 \u00een perete sau tavan.<\/li>\n\n\n\n<li>Se potrive\u0219te cu benzi LED de 15 mm: Spa\u021biul este suficient de mare pentru a sus\u021bine benzi LED puternice \u0219i cu consum mare de energie, inclusiv alternative inteligente precum Philips Hue sau benzi COB cu dou\u0103 r\u00e2nduri.<\/li>\n\n\n\n<li>Materiale de \u00eenalt\u0103 calitate: Fabricat din aluminiu anodizat 6063-T5, care ajut\u0103 la r\u0103cirea rapid\u0103. Men\u021bine LED-urile tale reci pentru o durat\u0103 de via\u021b\u0103 mai lung\u0103.<\/li>\n\n\n\n<li>Iluminare f\u0103r\u0103 puncte: Difuzorul din policarbonat mat (PC) face lumina mai moale \u0219i uniform\u0103, f\u0103r\u0103 glare sau puncte.<\/li>\n\n\n\n<li>U\u0219or de t\u0103iat \u0219i instalat: Folose\u0219te un feronerie pentru a schimba lungimea, fixeaz\u0103-l \u00een \u0219ipcile de gips sau \u00een cadrul gor, acoper\u0103-l cu ipsos, \u0219lefuie\u0219te-l \u0219i vopse\u0219te-l.<\/li>\n\n\n\n<li>Poate fi folosit pentru multe lucruri: excelent pentru accente arhitecturale, iluminat de cove, iluminat de lucru \u0219i iluminat indirect \u00een case, birouri, magazine \u0219i hoteluri.<\/li>\n<\/ul>\n<\/div>\n<\/div><\/div>\n\n\n\n<div class=\"wp-block-group is-vertical is-layout-flex wp-container-core-group-is-layout-d255d7c4 wp-block-group-is-layout-flex\" style=\"padding-top:var(--wp--preset--spacing--80);padding-bottom:var(--wp--preset--spacing--80)\">\n<hr class=\"wp-block-separator has-alpha-channel-opacity\"\/>\n\n\n\n<div class=\"wp-block-media-text has-media-on-the-right is-stacked-on-mobile\" style=\"grid-template-columns:auto 40%\"><div class=\"wp-block-media-text__content\">\n<h2 class=\"wp-block-heading\" style=\"padding-top:var(--wp--preset--spacing--40);padding-bottom:var(--wp--preset--spacing--40);font-size:25px;font-style:normal;font-weight:600;text-transform:capitalize\">Sugestii pentru instalare \u0219i \u00eentre\u021binere<\/h2>\n\n\n\n<ul class=\"wp-block-list\">\n<li>Folose\u0219te un feronerie cu din\u021bi fini pentru a t\u0103ia canalul din aluminiu \u0219i difuzorul la dimensiunea dorit\u0103.<\/li>\n\n\n\n<li>Folose\u0219te \u0219uruburi pentru a-l ata\u0219a la \u0219ipcile sau cadrul robust.<\/li>\n\n\n\n<li>Aplic\u0103 ipsos pe flan\u0219ele care au g\u0103uri \u00een ele<\/li>\n\n\n\n<li>Dup\u0103 ce se usuc\u0103, \u0219lefuie\u0219te-l neted \u0219i vopse\u0219te-l pentru a se potrivi cu pere\u021bii sau tavanul.<\/li>\n\n\n\n<li>Plaseaz\u0103 benzile LED \u00een interior, conecteaz\u0103-le \u0219i bucur\u0103-te!<\/li>\n<\/ul>\n<\/div><figure class=\"wp-block-media-text__media\"><img loading=\"lazy\" decoding=\"async\" width=\"500\" height=\"500\" src=\"https:\/\/tangooled.com\/wp-content\/uploads\/2025\/12\/dwp16-ins.webp\" alt=\"trimless drywall led channel for 15mm led strip lights\" class=\"wp-image-42919 size-full\" srcset=\"https:\/\/tangooled.com\/wp-content\/uploads\/2025\/12\/dwp16-ins.webp 500w, https:\/\/tangooled.com\/wp-content\/uploads\/2025\/12\/dwp16-ins-300x300.webp 300w, https:\/\/tangooled.com\/wp-content\/uploads\/2025\/12\/dwp16-ins-150x150.webp 150w\" sizes=\"auto, (max-width: 500px) 100vw, 500px\" \/><\/figure><\/div>\n<\/div>\n\n\n\n<div class=\"wp-block-group has-background\" style=\"background-color:#f1f1f1f2;padding-top:var(--wp--preset--spacing--80);padding-bottom:var(--wp--preset--spacing--80)\"><div class=\"wp-block-group__inner-container is-layout-constrained wp-block-group-is-layout-constrained\">\n<h2 class=\"wp-block-heading\" style=\"padding-top:var(--wp--preset--spacing--40);padding-bottom:var(--wp--preset--spacing--40);font-size:25px;font-style:normal;font-weight:600\">Cum po\u021bi folosi acest canal LED de gips-carton f\u0103r\u0103 margini<\/h2>\n\n\n\n<ul class=\"wp-block-list\">\n<li>Iluminat arhitectural: Creeaz\u0103 linii de lumin\u0103 curate \u0219i clare care dispar \u00een pere\u021bi \u0219i tavan. Excelent pentru un design modern \u0219i elegant.<\/li>\n\n\n\n<li>Integratie cu pere\u021bii \u0219i tavanul: Monteaz\u0103-l \u00een gips-carton pentru un montaj flush care ascunde corpul de iluminat \u0219i arat\u0103 doar lumina.<\/li>\n\n\n\n<li>Iluminat ambiental \u0219i de lucru: excelent pentru zone de zi, buc\u0103t\u0103rii, coridoare, birouri \u0219i magazine.<\/li>\n\n\n\n<li>Iluminare decorativ\u0103 pe pere\u021bi: \u00cel po\u021bi monta vertical sau orizontal pentru a lumina suprafe\u021be aspre cu lumin\u0103 lini\u0219titoare.<\/li>\n\n\n\n<li>Iluminat de cove \u0219i soffit: Pentru un iluminat indirect excelent, ascunde complet sursa de lumin\u0103.<\/li>\n<\/ul>\n<\/div><\/div>\n\n\n\n<div class=\"wp-block-group is-vertical is-layout-flex wp-container-core-group-is-layout-d255d7c4 wp-block-group-is-layout-flex\" style=\"padding-top:var(--wp--preset--spacing--80);padding-bottom:var(--wp--preset--spacing--80)\">\n<h2 class=\"wp-block-heading\" style=\"padding-top:var(--wp--preset--spacing--40);padding-bottom:var(--wp--preset--spacing--40);font-size:25px;font-style:normal;font-weight:600;text-transform:capitalize\">Produse \u0219i linkuri asociate<\/h2>\n\n\n\n<ul class=\"wp-block-list\">\n<li>Verific\u0103 <a href=\"https:\/\/tangooled.com\/ro\/produs\/black-led-diffuser-aluminum-channel-for-12mm-tape-lights\/\"><mark style=\"background-color:rgba(0, 0, 0, 0)\" class=\"has-inline-color has-vivid-red-color\">canal din aluminiu cu difuzor LED negru pentru benzi de lumin\u0103 de 12 mm<\/mark><\/a> pentru benzile mai mici.<\/li>\n\n\n\n<li>Exploreaz\u0103 <a href=\"https:\/\/tangooled.com\/ro\/produs\/surface-mount-led-profile-with-frosted-diffuser-for-10mm-rope-lights\/\"><mark style=\"background-color:rgba(0, 0, 0, 0)\" class=\"has-inline-color has-vivid-red-color\">profilul LED montat pe suprafa\u021b\u0103 cu difuzor frosted pentru benzi de lumin\u0103 de 10 mm<\/mark><\/a> dac\u0103 este necesar\u0103 instalarea pe suprafa\u021b\u0103.<\/li>\n\n\n\n<li>Vezi <a href=\"https:\/\/tangooled.com\/ro\/produs\/22x15mm-led-light-channel-aluminum-extrusion-for-flexible-strips\/\"><mark style=\"background-color:rgba(0, 0, 0, 0)\" class=\"has-inline-color has-vivid-red-color\">Extrudare din aluminiu pentru canal LED 22x15mm pentru benzi flexibile<\/mark><\/a> pentru op\u021biuni alternative de extrudare.<\/li>\n\n\n\n<li>Completeaz\u0103-\u021bi setup-ul cu<mark style=\"background-color:rgba(0, 0, 0, 0)\" class=\"has-inline-color has-vivid-red-color\"> <a href=\"https:\/\/tangooled.com\/ro\/produs\/aluminum-u-channel-with-curved-led-diffuser-inner-16mm\/\">canal U din aluminiu cu difuzor LED arcuit interior de 16 mm<\/a> <\/mark>pentru linii de lumin\u0103 curbate.<\/li>\n\n\n\n<li>Dac\u0103 cau\u021bi un design f\u0103r\u0103 margini pentru tavan, verific\u0103 <a href=\"https:\/\/tangooled.com\/ro\/produs\/flush-mount-22mm-groove-use-aluminum-drywall-led-channel\/\"><mark style=\"background-color:rgba(0, 0, 0, 0)\" class=\"has-inline-color has-vivid-red-color\">canal LED din aluminiu pentru gips-carton utilizat cu canelur\u0103 flush de 22 mm<\/mark><\/a>.<\/li>\n<\/ul>\n<\/div>\n\n\n\n<div class=\"wp-block-group\" style=\"padding-top:0;padding-bottom:0\"><div class=\"wp-block-group__inner-container is-layout-constrained wp-block-group-is-layout-constrained\">\n<p>Ob\u021bine ast\u0103zi un canal LED de gips-carton f\u0103r\u0103 margini \u0219i schimb\u0103 aspectul camerei tale cu iluminat curat, modern \u0219i arhitectural. Excelent pentru cei care prefer\u0103 lumin\u0103 pur\u0103 simpl\u0103 f\u0103r\u0103 margini vizibile.<\/p>\n<\/div><\/div>\n\n\n\n<p><\/p>","protected":false},"featured_media":13783,"template":"","meta":{"_acf_changed":true,"_seopress_robots_primary_cat":"none","_seopress_titles_title":"Trimless Drywall LED Channel | Wide 15mm Strip Housing DWP16","_seopress_titles_desc":"The DWP16 is a high-performance trimless drywall led channel optimized for 15mm led strip lights. Create a flawless, integrated linear light finish in plasterboards and ceilings.","_seopress_robots_index":""},"pcb-width":[229],"product-cat":[197],"class_list":{"0":"post-42653","1":"product","2":"type-product","3":"status-publish","4":"has-post-thumbnail","6":"pcb-width-15-20mm","7":"product-cat-plaster-in-profile"},"acf":[],"_links":{"self":[{"href":"https:\/\/tangooled.com\/ro\/wp-json\/wp\/v2\/product\/42653","targetHints":{"allow":["GET"]}}],"collection":[{"href":"https:\/\/tangooled.com\/ro\/wp-json\/wp\/v2\/product"}],"about":[{"href":"https:\/\/tangooled.com\/ro\/wp-json\/wp\/v2\/types\/product"}],"wp:featuredmedia":[{"embeddable":true,"href":"https:\/\/tangooled.com\/ro\/wp-json\/wp\/v2\/media\/13783"}],"wp:attachment":[{"href":"https:\/\/tangooled.com\/ro\/wp-json\/wp\/v2\/media?parent=42653"}],"wp:term":[{"taxonomy":"pcb-width","embeddable":true,"href":"https:\/\/tangooled.com\/ro\/wp-json\/wp\/v2\/pcb-width?post=42653"},{"taxonomy":"product-cat","embeddable":true,"href":"https:\/\/tangooled.com\/ro\/wp-json\/wp\/v2\/product-cat?post=42653"}],"curies":[{"name":"wp","href":"https:\/\/api.w.org\/{rel}","templated":true}]}}