{"id":42651,"date":"2025-12-23T05:59:15","date_gmt":"2025-12-23T13:59:15","guid":{"rendered":"https:\/\/tangooled.com\/?post_type=product&#038;p=42651"},"modified":"2026-02-01T22:35:57","modified_gmt":"2026-02-02T06:35:57","slug":"plaster-in-led-profile-2m-3m-for-gypsum-ceiling-recessed","status":"publish","type":"product","link":"https:\/\/tangooled.com\/ro\/produs\/plaster-in-led-profile-2m-3m-for-gypsum-ceiling-recessed\/","title":{"rendered":"profil LED incastrat de gips 2m &#038; 3m pentru tavan gips-carton"},"content":{"rendered":"<div class=\"wp-block-group is-vertical is-layout-flex wp-container-core-group-is-layout-d255d7c4 wp-block-group-is-layout-flex\" style=\"padding-top:var(--wp--preset--spacing--80);padding-bottom:var(--wp--preset--spacing--80)\">\n<p>Oferim profil LED incastrat de gips de 2m \u0219i&nbsp;profil LED incastrat de gips de 3m pentru alegere.&nbsp;Aceste canale de aluminiu profesionale sunt concepute pentru a fi instalate \u00een zonele incastrate din pere\u021bii \u0219i tavanele din gips-carton. Sunt proiectate pentru a oferi o finisare complet neted\u0103, curat\u0103 \u0219i f\u0103r\u0103 margini. Profilul are aripi speciale care sunt acoperite cu ghips \u00een timpul instal\u0103rii. Acesta ascunde \u00eentreaga structur\u0103 de aluminiu&nbsp;\u0219i banda LED \u00eencorporat\u0103. Aceast\u0103 abordare ingenioas\u0103 de incastrare asigur\u0103 c\u0103 doar lumina moale, uniform\u0103 \u0219i f\u0103r\u0103 puncte este vizibil\u0103. Creeaz\u0103 un aspect elegant \u0219i modern, f\u0103r\u0103 margini sau denivel\u0103ri vizibile.<\/p>\n<\/div>\n\n\n\n<div class=\"wp-block-group has-background is-vertical is-layout-flex wp-container-core-group-is-layout-d255d7c4 wp-block-group-is-layout-flex\" style=\"background-color:#f1f1f1;padding-top:var(--wp--preset--spacing--80);padding-bottom:var(--wp--preset--spacing--80)\">\n<div class=\"wp-block-group is-vertical is-layout-flex wp-container-core-group-is-layout-8cf370e7 wp-block-group-is-layout-flex\">\n<h2 class=\"wp-block-heading\" style=\"padding-top:var(--wp--preset--spacing--40);padding-bottom:var(--wp--preset--spacing--40);font-size:25px;font-style:normal;font-weight:600;text-transform:capitalize\">De ce s\u0103 folose\u0219ti profilul nostru LED incastrat de 2m sau 3m?<\/h2>\n\n\n\n<ul class=\"wp-block-list\">\n<li>Proiectat pentru a fi montat \u00een tavane \u0219i pere\u021bi, astfel \u00eenc\u00e2t s\u0103 fie la nivel \u0219i neted.<\/li>\n\n\n\n<li>Are aripi care sus\u021bin ghipsul pentru un finisaj nivelat \u0219i neted.<\/li>\n\n\n\n<li>Works with various LED strip lights that are 10\u201315mm wide.<\/li>\n\n\n\n<li>Disponibil \u00een dou\u0103 lungimi: 2 metri \u0219i 3 metri.<\/li>\n\n\n\n<li>Realizat din aluminiu robust 6063 T5, capabil s\u0103 reziste la c\u0103ldur\u0103.<\/li>\n\n\n\n<li>F\u0103cut din aluminiu puternic 6063 T5, care poate rezista la c\u0103ldur\u0103.&nbsp;<\/li>\n\n\n\n<li>Vine cu un difuzor din policarbonat mat care face lumina moale \u0219i f\u0103r\u0103 puncte.<\/li>\n<\/ul>\n<\/div>\n<\/div>\n\n\n\n<div class=\"wp-block-group is-vertical is-layout-flex wp-container-core-group-is-layout-d255d7c4 wp-block-group-is-layout-flex\" style=\"padding-top:var(--wp--preset--spacing--80);padding-bottom:var(--wp--preset--spacing--80)\">\n<hr class=\"wp-block-separator has-alpha-channel-opacity\"\/>\n\n\n\n<div class=\"wp-block-media-text has-media-on-the-right is-stacked-on-mobile\" style=\"grid-template-columns:auto 40%\"><div class=\"wp-block-media-text__content\">\n<h2 class=\"wp-block-heading\" style=\"padding-top:var(--wp--preset--spacing--40);padding-bottom:var(--wp--preset--spacing--40);font-size:25px;font-style:normal;font-weight:600;text-transform:capitalize\">Cum s\u0103 folose\u0219ti<\/h2>\n\n\n\n<p>Our plaster-in led profile&nbsp;2m or 3m fits into a groove created in your gypsum ceiling. Once you&#8217;ve screwed the profile into place:<\/p>\n\n\n\n<ul class=\"wp-block-list\">\n<li>Aplic\u0103 ghips pe aripi.<\/li>\n\n\n\n<li>Netede\u0219te ghipsul pentru un finisaj nivelat.<\/li>\n\n\n\n<li>Introdu o band\u0103 LED de calitate \u00eenalt\u0103.<\/li>\n\n\n\n<li>A\u0219az\u0103 difuzorul opal la locul lui.<\/li>\n\n\n\n<li>Aprinde linia ta de iluminat LED curat\u0103 \u0219i neted\u0103.<\/li>\n<\/ul>\n<\/div><figure class=\"wp-block-media-text__media\"><img loading=\"lazy\" decoding=\"async\" width=\"500\" height=\"500\" src=\"https:\/\/tangooled.com\/wp-content\/uploads\/2025\/12\/dwp15-ins.webp\" alt=\"plaster in led profile 2m &amp; 3m for gypsum ceiling recessed\" class=\"wp-image-42914 size-full\" srcset=\"https:\/\/tangooled.com\/wp-content\/uploads\/2025\/12\/dwp15-ins.webp 500w, https:\/\/tangooled.com\/wp-content\/uploads\/2025\/12\/dwp15-ins-300x300.webp 300w, https:\/\/tangooled.com\/wp-content\/uploads\/2025\/12\/dwp15-ins-150x150.webp 150w\" sizes=\"auto, (max-width: 500px) 100vw, 500px\" \/><\/figure><\/div>\n<\/div>\n\n\n\n<div class=\"wp-block-group has-background is-vertical is-layout-flex wp-container-core-group-is-layout-b429018a wp-block-group-is-layout-flex\" style=\"background-color:#f1f1f1f2;padding-top:var(--wp--preset--spacing--70);padding-bottom:var(--wp--preset--spacing--70)\">\n<h2 class=\"wp-block-heading\" style=\"padding-top:var(--wp--preset--spacing--40);padding-bottom:var(--wp--preset--spacing--40);font-size:25px;font-style:normal;font-weight:600\">Excelent pentru aceste locuri<\/h2>\n\n\n\n<ul class=\"wp-block-list\">\n<li>Acas\u0103: Iluminat \u00een camere de zi, buc\u0103t\u0103rii \u0219i coridoare.<\/li>\n\n\n\n<li>Birouri: Iluminat pe tavan sau pere\u021bi, care este modern.<\/li>\n\n\n\n<li>Hoteluri \u0219i magazine: Folose\u0219te linii de lumina clare, f\u0103r\u0103 margini, pentru a-\u021bi eviden\u021bia marca.<\/li>\n\n\n\n<li>Proiecte \u00een arhitectur\u0103: Atrage aten\u021bia asupra tavanelor, col\u021burilor \u0219i ni\u0219elor.<\/li>\n\n\n\n<li>Iluminat de lucru: Locuri unde lumina bun\u0103 este important\u0103, cum ar fi buc\u0103t\u0103riile \u0219i spa\u021biile de lucru.<\/li>\n<\/ul>\n<\/div>\n\n\n\n<div class=\"wp-block-group is-vertical is-layout-flex wp-container-core-group-is-layout-d255d7c4 wp-block-group-is-layout-flex\" style=\"padding-top:var(--wp--preset--spacing--80);padding-bottom:var(--wp--preset--spacing--80)\">\n<h2 class=\"wp-block-heading\" style=\"padding-top:var(--wp--preset--spacing--40);padding-bottom:var(--wp--preset--spacing--40);font-size:25px;font-style:normal;font-weight:600;text-transform:capitalize\">Afl\u0103 mai multe despre produsele corelate<\/h2>\n\n\n\n<ul class=\"wp-block-list\">\n<li>Verific\u0103 aceasta <a href=\"https:\/\/tangooled.com\/ro\/produs\/black-led-profile-with-black-diffuser-for-10mm-led-strip-light\/\"><mark style=\"background-color:rgba(0, 0, 0, 0)\" class=\"has-inline-color has-vivid-red-color\">profil LED negru cu difuzor negru pentru LED strip de 10mm <\/mark><\/a>pentru accesorii asortate.<\/li>\n\n\n\n<li>Exploreaz\u0103 <a href=\"https:\/\/tangooled.com\/ro\/produs\/25x14m-surface-mounted-led-light-aluminum-profile\/\"><mark style=\"background-color:rgba(0, 0, 0, 0)\" class=\"has-inline-color has-vivid-red-color\">profil de aluminiu pentru lumin\u0103 LED montat pe suprafa\u021b\u0103 25x14m<\/mark><\/a> op\u021biuni.<\/li>\n\n\n\n<li>Ai nevoie de un profil mai mic cu \u00een\u0103l\u021bime joas\u0103? \u00cencearc\u0103-l pe al nostru <a href=\"https:\/\/tangooled.com\/ro\/produs\/led-strip-light-channel-aluminum-profile-with-diffused-cover-6mm-height\/\"><mark style=\"background-color:rgba(0, 0, 0, 0)\" class=\"has-inline-color has-vivid-red-color\">Profil din aluminiu pentru benzi LED cu capac difuzor de 6mm \u00een\u0103l\u021bime<\/mark><\/a>.<\/li>\n<\/ul>\n<\/div>\n\n\n\n<div class=\"wp-block-group has-background\" style=\"background-color:#f1f1f1;padding-top:var(--wp--preset--spacing--80);padding-bottom:var(--wp--preset--spacing--80)\"><div class=\"wp-block-group__inner-container is-layout-constrained wp-block-group-is-layout-constrained\">\n<h2 class=\"wp-block-heading\" style=\"padding-top:var(--wp--preset--spacing--40);padding-bottom:var(--wp--preset--spacing--40);font-size:25px;font-style:normal;font-weight:600;text-transform:capitalize\">cuvinte finale<\/h2>\n\n\n\n<p style=\"padding-right:var(--wp--preset--spacing--50);padding-left:var(--wp--preset--spacing--50)\">Pentru proiectul t\u0103u urm\u0103tor de instalare a iluminatului incastrat \u00een tavanul din gips-carton, alege fie profilul LED incastrat de 2m, fie profilul LED incastrat de 3m. Bucur\u0103-te de un finisaj neted, la nivel \u0219i de o lumin\u0103 fantastic\u0103, moale. Profilurile de aluminiu incastrate f\u0103r\u0103 margini sunt fabricate at\u00e2t pentru profesioni\u0219ti, c\u00e2t \u0219i pentru designerii de case. Vor face locul t\u0103u modern, luminos \u0219i minunat.<\/p>\n<\/div><\/div>\n\n\n\n<p><\/p>","protected":false},"featured_media":13779,"template":"","meta":{"_acf_changed":true,"_seopress_robots_primary_cat":"none","_seopress_titles_title":"Plaster-in LED Profile 2m & 3m | Recessed Gypsum Ceiling Channel DWP15","_seopress_titles_desc":"The DWP15 is a professional plaster-in led profile available in 2m and 3m lengths. Designed for recessed gypsum ceiling installation, this trimless channel ensures a seamless linear light finish for large-scale projects.","_seopress_robots_index":""},"pcb-width":[229],"product-cat":[197],"class_list":{"0":"post-42651","1":"product","2":"type-product","3":"status-publish","4":"has-post-thumbnail","6":"pcb-width-15-20mm","7":"product-cat-plaster-in-profile"},"acf":[],"_links":{"self":[{"href":"https:\/\/tangooled.com\/ro\/wp-json\/wp\/v2\/product\/42651","targetHints":{"allow":["GET"]}}],"collection":[{"href":"https:\/\/tangooled.com\/ro\/wp-json\/wp\/v2\/product"}],"about":[{"href":"https:\/\/tangooled.com\/ro\/wp-json\/wp\/v2\/types\/product"}],"wp:featuredmedia":[{"embeddable":true,"href":"https:\/\/tangooled.com\/ro\/wp-json\/wp\/v2\/media\/13779"}],"wp:attachment":[{"href":"https:\/\/tangooled.com\/ro\/wp-json\/wp\/v2\/media?parent=42651"}],"wp:term":[{"taxonomy":"pcb-width","embeddable":true,"href":"https:\/\/tangooled.com\/ro\/wp-json\/wp\/v2\/pcb-width?post=42651"},{"taxonomy":"product-cat","embeddable":true,"href":"https:\/\/tangooled.com\/ro\/wp-json\/wp\/v2\/product-cat?post=42651"}],"curies":[{"name":"wp","href":"https:\/\/api.w.org\/{rel}","templated":true}]}}