{"id":42644,"date":"2025-12-23T05:49:56","date_gmt":"2025-12-23T13:49:56","guid":{"rendered":"https:\/\/tangooled.com\/?post_type=product&#038;p=42644"},"modified":"2026-01-27T20:48:59","modified_gmt":"2026-01-28T04:48:59","slug":"flush-mount-22mm-groove-use-aluminum-drywall-led-channel","status":"publish","type":"product","link":"https:\/\/tangooled.com\/ro\/produs\/flush-mount-22mm-groove-use-aluminum-drywall-led-channel\/","title":{"rendered":"montare \u00eencastrat\u0103 canal LED din aluminiu cu gol de 22mm"},"content":{"rendered":"<div class=\"wp-block-group is-vertical is-layout-flex wp-container-core-group-is-layout-d255d7c4 wp-block-group-is-layout-flex\" style=\"padding-top:var(--wp--preset--spacing--80);padding-bottom:var(--wp--preset--spacing--80)\">\n<p>Our 22mm groove drywall LED channel flush mount will add style and light to your room. The aluminum LED channel fits well into drywall grooves, making it seem clean and trimless. The flange is 64.4 mm wide, the inner channel is 20 mm deep, and the overall height is 23.3 mm. The interior cavity is 20mm wide and 20mm deep, which is just right for housing standard LED strips. Once it&#8217;s in place, the profile is completely covered in the drywall, and only the diffused light source can be seen. You can use it to make a modern, streamlined architectural light that fits within walls or ceilings. The light will cascade over the surface below, making any modern space look more elegant.<\/p>\n<\/div>\n\n\n\n<div class=\"wp-block-group has-background\" style=\"background-color:#f1f1f1;padding-top:var(--wp--preset--spacing--80);padding-bottom:var(--wp--preset--spacing--80)\"><div class=\"wp-block-group__inner-container is-layout-constrained wp-block-group-is-layout-constrained\">\n<div class=\"wp-block-group is-vertical is-layout-flex wp-container-core-group-is-layout-8cf370e7 wp-block-group-is-layout-flex\">\n<h2 class=\"wp-block-heading\" style=\"padding-top:var(--wp--preset--spacing--40);padding-bottom:var(--wp--preset--spacing--40);font-size:25px;font-style:normal;font-weight:600;text-transform:capitalize\">De ce ar trebui s\u0103 alegi canalul nostru LED din gips-carton cu gol de 22mm?<\/h2>\n\n\n\n<ul class=\"wp-block-list\">\n<li>U\u0219or de instalat: Flan\u0219ele cu g\u0103uri \u00ee\u021bi permit s\u0103 gips-cartonezi imediat peste canal. Pentru o montare \u00eencastrat\u0103, devine o parte din gips-carton, deci nu este nevoie de margini.<\/li>\n\n\n\n<li>Cool Aluminum Body: Our profile is made of anodized aluminum, which helps keep LEDs\u00a0cool. This keeps your LED strips safe, which makes them last longer and shine brighter.<\/li>\n\n\n\n<li>Efect de lumin\u0103 f\u0103r\u0103 puncte: Folose\u0219te difuzorul mat pentru a \u00eempiedica apari\u021bia punctelor LED. Ob\u021bine o lumin\u0103 uniform\u0103 \u0219i lin\u0103.<\/li>\n\n\n\n<li>Compatible with regular LED strips: It can hold strips that are up to 20mm wide\u00a0in its 22mm groove.<\/li>\n\n\n\n<li>U\u0219or de t\u0103iat \u0219i instalat: Taie profilul pentru a se potrivi proiectului t\u0103u \u0219i folose\u0219te \u0219uruburi pentru a-l conecta la nivel cu golurile din gips-carton.<\/li>\n\n\n\n<li>Vine cu capace de cap\u0103t: Capacele care vin cu acesta protejeaz\u0103 capetele. Unul dintre ele are o gaur\u0103 pentru cabluri pentru a p\u0103stra totul curat.<\/li>\n<\/ul>\n<\/div>\n<\/div><\/div>\n\n\n\n<div class=\"wp-block-group is-vertical is-layout-flex wp-container-core-group-is-layout-d255d7c4 wp-block-group-is-layout-flex\" style=\"padding-top:var(--wp--preset--spacing--80);padding-bottom:var(--wp--preset--spacing--80)\">\n<hr class=\"wp-block-separator has-alpha-channel-opacity\"\/>\n\n\n\n<div class=\"wp-block-media-text has-media-on-the-right is-stacked-on-mobile\" style=\"grid-template-columns:auto 40%\"><div class=\"wp-block-media-text__content\">\n<h2 class=\"wp-block-heading\" style=\"padding-top:var(--wp--preset--spacing--40);padding-bottom:var(--wp--preset--spacing--40);font-size:25px;font-style:normal;font-weight:600;text-transform:capitalize\">Cum s\u0103 instalezi canalul LED din gips-carton cu gol de 22mm pentru montare \u00eencastrat\u0103<\/h2>\n\n\n\n<ul class=\"wp-block-list\">\n<li>Taie golul: F\u0103 un gol de 23mm l\u0103\u021bime \u00een gips-carton.<\/li>\n\n\n\n<li>Fixeaz\u0103 canalul: Folose\u0219te \u0219uruburi pentru a ata\u0219a canalul din aluminiu astfel \u00eenc\u00e2t s\u0103 fie la nivel cu golul.<\/li>\n\n\n\n<li>Gipseaz\u0103 flan\u0219ele: Folose\u0219te un compus de \u00eembinare sau gips pentru a acoperi flan\u0219ele cu g\u0103uri. Las\u0103 s\u0103 se usuce \u0219i apoi \u0219lefuie\u0219te-l pentru a deveni neted.<\/li>\n\n\n\n<li>Instaleaz\u0103 banda LED: Pune banda ta LED \u00een interiorul canalului.<\/li>\n\n\n\n<li>Difuzor tip snap-on: Folose\u0219te difuzorul mat pentru a acoperi luminile \u0219i a uniformiza lumina.<\/li>\n<\/ul>\n<\/div><figure class=\"wp-block-media-text__media\"><img loading=\"lazy\" decoding=\"async\" width=\"500\" height=\"500\" src=\"https:\/\/tangooled.com\/wp-content\/uploads\/2025\/12\/dwp12-ins.webp\" alt=\"montare \u00eencastrat\u0103 canal LED din aluminiu cu gol de 22mm\" class=\"wp-image-42873 size-full\" srcset=\"https:\/\/tangooled.com\/wp-content\/uploads\/2025\/12\/dwp12-ins.webp 500w, https:\/\/tangooled.com\/wp-content\/uploads\/2025\/12\/dwp12-ins-300x300.webp 300w, https:\/\/tangooled.com\/wp-content\/uploads\/2025\/12\/dwp12-ins-150x150.webp 150w\" sizes=\"auto, (max-width: 500px) 100vw, 500px\" \/><\/figure><\/div>\n<\/div>\n\n\n\n<div class=\"wp-block-group has-background\" style=\"background-color:#f1f1f1f2;padding-top:var(--wp--preset--spacing--80);padding-bottom:var(--wp--preset--spacing--80)\"><div class=\"wp-block-group__inner-container is-layout-constrained wp-block-group-is-layout-constrained\">\n<h2 class=\"wp-block-heading\" style=\"padding-top:var(--wp--preset--spacing--40);padding-bottom:var(--wp--preset--spacing--40);font-size:25px;font-style:normal;font-weight:600\">Cazuri de utilizare pentru canalul nostru LED din gips-carton cu gol de 22mm<\/h2>\n\n\n\n<ul class=\"wp-block-list\">\n<li>Iluminat arhitectural: Grozav pentru pere\u021bi \u0219i plafoane cu linii curate \u0219i moderne.<\/li>\n\n\n\n<li>Iluminat \u00een ni\u0219\u0103 \u0219i cove: Pune lumini \u00een covele de plafoane sau ni\u0219ele din pere\u021bi pentru a ob\u021bine o lumin\u0103 indirect\u0103, bl\u00e2nd\u0103.<\/li>\n\n\n\n<li>Spa\u021bii comerciale \u0219i de birou: Showroom-urile \u0219i birourile arat\u0103 mai bine cu iluminatul elegant \u0219i de \u00eenalt\u0103 calitate.<\/li>\n\n\n\n<li>Pere\u021bi accentua\u021bi: Folose\u0219te iluminatul f\u0103r\u0103 puncte pentru a atrage aten\u021bia asupra lucr\u0103rilor de art\u0103, ni\u0219elor sau elementelor de design. Acest canal ofer\u0103 o ie\u0219ire de lumin\u0103 uniform\u0103 \u0219i un design elegant, minimalist pentru orice proiect.<\/li>\n<\/ul>\n<\/div><\/div>\n\n\n\n<div class=\"wp-block-group is-vertical is-layout-flex wp-container-core-group-is-layout-d255d7c4 wp-block-group-is-layout-flex\" style=\"padding-top:var(--wp--preset--spacing--80);padding-bottom:var(--wp--preset--spacing--80)\">\n<h2 class=\"wp-block-heading\" style=\"padding-top:var(--wp--preset--spacing--40);padding-bottom:var(--wp--preset--spacing--40);font-size:25px;font-style:normal;font-weight:600;text-transform:capitalize\">Produse Tangooled asociate pentru proiectul t\u0103u<\/h2>\n\n\n\n<ul class=\"wp-block-list\">\n<li>Exploreaz\u0103 <a href=\"https:\/\/tangooled.com\/ro\/produs\/black-led-diffuser-aluminum-channel-for-12mm-tape-lights\/\"><mark style=\"background-color:rgba(0, 0, 0, 0)\" class=\"has-inline-color has-vivid-red-color\">canal din aluminiu cu difuzor LED negru pentru benzi de lumin\u0103 de 12 mm<\/mark><\/a> \u2013 perfect for matching black tape strips.<\/li>\n\n\n\n<li>\u00cencearc\u0103 <a href=\"https:\/\/tangooled.com\/ro\/produs\/surface-mount-led-profile-with-frosted-diffuser-for-10mm-rope-lights\/\"><mark style=\"background-color:rgba(0, 0, 0, 0)\" class=\"has-inline-color has-vivid-red-color\">profilul LED montat pe suprafa\u021b\u0103 cu difuzor frosted pentru benzi de lumin\u0103 de 10 mm <\/mark><\/a>pentru instal\u0103ri facile pe suprafe\u021be.<\/li>\n\n\n\n<li>Verific\u0103 <a href=\"https:\/\/tangooled.com\/ro\/produs\/22mm-surface-led-aluminum-strip-channel-with-opal-diffuser\/\"><mark style=\"background-color:rgba(0, 0, 0, 0)\" class=\"has-inline-color has-vivid-red-color\">Canal de aluminiu LED de 22 mm pentru suprafa\u021b\u0103 cu difuzor opal <\/mark><\/a>pentru o linie de lumin\u0103 difuz\u0103 \u0219i \u00eencastrat\u0103.<\/li>\n\n\n\n<li>Pentru proiecte mai mici, vezi <a href=\"https:\/\/tangooled.com\/ro\/produs\/10mm-led-profile-aluminum-channel-for-8mm-led-tape-lights\/\"><mark style=\"background-color:rgba(0, 0, 0, 0)\" class=\"has-inline-color has-vivid-red-color\">profil din aluminiu de 10mm pentru f\u00e2\u0219ii LED de 8mm<\/mark><\/a>.<\/li>\n\n\n\n<li>Pentru iluminatul de col\u021b, exploreaz\u0103 <a href=\"https:\/\/tangooled.com\/ro\/produs\/corner-mount-right-angle-diffuser-aluminum-led-extrusion-profile-inner-12mm\/\"><mark style=\"background-color:rgba(0, 0, 0, 0)\" class=\"has-inline-color has-vivid-red-color\">profil extrudat din aluminiu cu difuzor de col\u021b cu unghi drept, interior de 12mm<\/mark><\/a>.<\/li>\n<\/ul>\n<\/div>\n\n\n\n<div class=\"wp-block-group has-background\" style=\"background-color:#f1f1f1;padding-top:var(--wp--preset--spacing--80);padding-bottom:var(--wp--preset--spacing--80)\"><div class=\"wp-block-group__inner-container is-layout-constrained wp-block-group-is-layout-constrained\">\n<h2 class=\"wp-block-heading\" style=\"padding-top:var(--wp--preset--spacing--40);padding-bottom:var(--wp--preset--spacing--40);font-size:25px;font-style:normal;font-weight:600;text-transform:capitalize\">Rezumat<\/h2>\n\n\n\n<p style=\"padding-right:var(--wp--preset--spacing--50);padding-left:var(--wp--preset--spacing--50)\">Canalul LED din gips-carton cu gol de 22mm pentru montare \u00eencastrat\u0103 este o solu\u021bie excelent\u0103 pentru a ob\u021bine iluminat LED professional, curat \u0219i \u00eengropat. Este compus din aluminiu anodizat de \u00eenalt\u0103 calitate \u0219i se potrive\u0219te \u00een golurile de gips-carton. Poate sus\u021bine benzi LED cu l\u0103\u021bimea de p\u00e2n\u0103 la 20 mm. Flan\u0219a de tip mud-in faciliteaz\u0103 aplicarea tencuielii, oferind luminilor de pe pere\u021bi sau plafoane un finisaj neted. Afl\u0103 c\u00e2t de simplu este s\u0103 modifici aspectul spa\u021biului t\u0103u folosind iluminatul liniar constant, str\u0103lucirea f\u0103r\u0103 puncte \u0219i extrud\u0103rile robuste care protejeaz\u0103 LED-urile tale \u0219i se integreaz\u0103 \u00een decorul casei tale. F\u0103 clic pe profilurile de aluminiu Tangooled enumerate aici pentru a afla mai multe despre produs.<\/p>\n<\/div><\/div>\n\n\n\n<p><\/p>","protected":false},"featured_media":13762,"template":"","meta":{"_acf_changed":true,"_seopress_robots_primary_cat":"none","_seopress_titles_title":"22mm Groove Drywall LED Channel Plaster-in DWP12 | TANGOOLED","_seopress_titles_desc":"The DWP12 is a 22mm groove drywall led channel with a slim 10mm depth. Designed for wider linear light effects, this plaster-in aluminum profile integrates seamlessly into ceilings for a trimless finish.","_seopress_robots_index":""},"pcb-width":[229],"product-cat":[197],"class_list":{"0":"post-42644","1":"product","2":"type-product","3":"status-publish","4":"has-post-thumbnail","6":"pcb-width-15-20mm","7":"product-cat-plaster-in-profile"},"acf":[],"_links":{"self":[{"href":"https:\/\/tangooled.com\/ro\/wp-json\/wp\/v2\/product\/42644","targetHints":{"allow":["GET"]}}],"collection":[{"href":"https:\/\/tangooled.com\/ro\/wp-json\/wp\/v2\/product"}],"about":[{"href":"https:\/\/tangooled.com\/ro\/wp-json\/wp\/v2\/types\/product"}],"wp:featuredmedia":[{"embeddable":true,"href":"https:\/\/tangooled.com\/ro\/wp-json\/wp\/v2\/media\/13762"}],"wp:attachment":[{"href":"https:\/\/tangooled.com\/ro\/wp-json\/wp\/v2\/media?parent=42644"}],"wp:term":[{"taxonomy":"pcb-width","embeddable":true,"href":"https:\/\/tangooled.com\/ro\/wp-json\/wp\/v2\/pcb-width?post=42644"},{"taxonomy":"product-cat","embeddable":true,"href":"https:\/\/tangooled.com\/ro\/wp-json\/wp\/v2\/product-cat?post=42644"}],"curies":[{"name":"wp","href":"https:\/\/api.w.org\/{rel}","templated":true}]}}