{"id":42421,"date":"2025-12-22T02:04:24","date_gmt":"2025-12-22T10:04:24","guid":{"rendered":"https:\/\/tangooled.com\/?post_type=product&#038;p=42421"},"modified":"2026-02-02T02:05:22","modified_gmt":"2026-02-02T10:05:22","slug":"large-size-led-ring-profile-with-round-diffuser-made-by-100x80-profile","status":"publish","type":"product","link":"https:\/\/tangooled.com\/ro\/produs\/large-size-led-ring-profile-with-round-diffuser-made-by-100x80-profile\/","title":{"rendered":"profil LED de dimensiuni mari cu difuzor rotund realizat din profil de 100&#215;80"},"content":{"rendered":"<div class=\"wp-block-group is-vertical is-layout-flex wp-container-core-group-is-layout-d255d7c4 wp-block-group-is-layout-flex\" style=\"padding-top:var(--wp--preset--spacing--80);padding-bottom:var(--wp--preset--spacing--80)\">\n<p>Profilul LED de 100x80mm este realizat pentru a oferi camerei tale un aspect modern cu o lumin\u0103 moale, uniform\u0103. Construit din aluminiu robust, acest sistem de iluminat profilat este ideal pentru a g\u0103zdui benzile LED \u00eentr-un circuit. Datorit\u0103 dimensiunii sale, este perfect adaptat pentru holurile hotelurilor sau atriile comerciale care necesit\u0103 iluminat ambiental de \u00eenalt\u0103 calitate.<\/p>\n\n\n\n<p>Po\u021bi schimba diametrul acestei corpuri de iluminat rotunde mari de la 600mm la 3000mm. Po\u021bi schimba chiar \u0219i culoarea exteriorului profilului pentru a se potrivi exact cu interiorul casei tale. TG-C10080 \u00ee\u021bi ofer\u0103 o iluminare str\u0103lucitoare, de \u00eenalt\u0103 calitate \u0219i elegant\u0103, care func\u021bioneaz\u0103 bine \u00een spa\u021bii mari.<\/p>\n<\/div>\n\n\n\n<div class=\"wp-block-group has-background is-vertical is-layout-flex wp-container-core-group-is-layout-d255d7c4 wp-block-group-is-layout-flex\" style=\"background-color:#f1f1f1;padding-top:var(--wp--preset--spacing--80);padding-bottom:var(--wp--preset--spacing--80)\">\n<div class=\"wp-block-group is-vertical is-layout-flex wp-container-core-group-is-layout-8cf370e7 wp-block-group-is-layout-flex\">\n<h2 class=\"wp-block-heading\" style=\"padding-top:var(--wp--preset--spacing--40);padding-bottom:var(--wp--preset--spacing--40);font-size:25px;font-style:normal;font-weight:600;text-transform:capitalize\">De ce s\u0103 alegi profilul nostru LED de dimensiuni mari TG-C10080?<\/h2>\n\n\n\n<ul class=\"wp-block-list\">\n<li>Realizat dintr-o extrudare robust\u0103 de aluminiu care dureaz\u0103 mult.<\/li>\n\n\n\n<li>Are un difuzor rotund realizat din policarbonat pentru a oferi o lumin\u0103 moale \u0219i uniform\u0103.<\/li>\n\n\n\n<li>Func\u021bioneaz\u0103 bine cu benzile LED de p\u00e2n\u0103 la 30mm \u0219i poate fi utilizat cu drivere dimabile precum DALI sau 0-10V.<\/li>\n\n\n\n<li>Disponibil cu finisaje anodizate argintii sau vopsite \u00een pulbere \u00een multe culori.<\/li>\n\n\n\n<li>Poate fi suspendat folosind cabluri de avia\u021bie sau montat pe suprafa\u021b\u0103.<\/li>\n\n\n\n<li>Diametru personalizat de p\u00e2n\u0103 la 5 metri.<\/li>\n\n\n\n<li>Perfect pentru iluminat comercial, iluminat arhitectural \u0219i piese de iluminat impresionante.<\/li>\n<\/ul>\n<\/div>\n<\/div>\n\n\n\n<div class=\"wp-block-group is-vertical is-layout-flex wp-container-core-group-is-layout-d255d7c4 wp-block-group-is-layout-flex\" style=\"padding-top:var(--wp--preset--spacing--80);padding-bottom:var(--wp--preset--spacing--80)\">\n<h2 class=\"wp-block-heading\" style=\"padding-top:var(--wp--preset--spacing--40);padding-bottom:var(--wp--preset--spacing--40);font-size:25px;font-style:normal;font-weight:600;text-transform:capitalize\">Folose\u0219te acest profil LED de dimensiuni mari \u00een multe locuri<\/h2>\n\n\n\n<p>Profilul nostru LED de dimensiuni mari arat\u0103 grozav \u00een:<\/p>\n\n\n\n<ul class=\"wp-block-list\">\n<li>Sediile centrale corporative \u0219i holurile birourilor<\/li>\n\n\n\n<li>Atriile hotelurilor \u0219i spa\u021bii pentru evenimente<\/li>\n\n\n\n<li>Showroom-uri \u0219i spa\u021bii comerciale precum centrele comerciale\u00a0<\/li>\n\n\n\n<li>Universit\u0103\u021bi \u0219i s\u0103li de conferin\u021be\u00a0<\/li>\n\n\n\n<li>Sufragerii moderne cu tavan \u00eenalt<\/li>\n<\/ul>\n<\/div>\n\n\n\n<div class=\"wp-block-group has-background is-vertical is-layout-flex wp-container-core-group-is-layout-b429018a wp-block-group-is-layout-flex\" style=\"background-color:#f1f1f1f2;padding-top:var(--wp--preset--spacing--70);padding-bottom:var(--wp--preset--spacing--70)\">\n<h2 class=\"wp-block-heading\" style=\"padding-top:var(--wp--preset--spacing--40);padding-bottom:var(--wp--preset--spacing--40);font-size:25px;font-style:normal;font-weight:600\">Rezumat<\/h2>\n\n\n\n<p style=\"padding-right:var(--wp--preset--spacing--50);padding-left:var(--wp--preset--spacing--50)\">The TG-C10080 large LED ring profile is a modern LED light accessory\u00a0that provides architectural lighting a fresh look. The strong aluminum housing makes it seem professional and makes it durable. This type of light gives off gentle, steady light that is easy to put up, whether you need a statement light in a lobby or ambient light in a showroom.<\/p>\n<\/div>\n\n\n\n<p><\/p>","protected":false},"featured_media":20012,"template":"","meta":{"_acf_changed":true,"_seopress_robots_primary_cat":"none","_seopress_titles_title":"100x80mm Large LED Ring Profile Light Body C10080 | TANGOOLED","_seopress_titles_desc":"The 100x80mm aluminum channel is used to make custom diameter large LED ring profile for LED circular lighting.","_seopress_robots_index":""},"pcb-width":[233],"product-cat":[202],"class_list":{"0":"post-42421","1":"product","2":"type-product","3":"status-publish","4":"has-post-thumbnail","6":"pcb-width-50-90mm","7":"product-cat-circular-profile"},"acf":[],"_links":{"self":[{"href":"https:\/\/tangooled.com\/ro\/wp-json\/wp\/v2\/product\/42421","targetHints":{"allow":["GET"]}}],"collection":[{"href":"https:\/\/tangooled.com\/ro\/wp-json\/wp\/v2\/product"}],"about":[{"href":"https:\/\/tangooled.com\/ro\/wp-json\/wp\/v2\/types\/product"}],"wp:featuredmedia":[{"embeddable":true,"href":"https:\/\/tangooled.com\/ro\/wp-json\/wp\/v2\/media\/20012"}],"wp:attachment":[{"href":"https:\/\/tangooled.com\/ro\/wp-json\/wp\/v2\/media?parent=42421"}],"wp:term":[{"taxonomy":"pcb-width","embeddable":true,"href":"https:\/\/tangooled.com\/ro\/wp-json\/wp\/v2\/pcb-width?post=42421"},{"taxonomy":"product-cat","embeddable":true,"href":"https:\/\/tangooled.com\/ro\/wp-json\/wp\/v2\/product-cat?post=42421"}],"curies":[{"name":"wp","href":"https:\/\/api.w.org\/{rel}","templated":true}]}}