{"id":42395,"date":"2025-12-22T02:01:44","date_gmt":"2025-12-22T10:01:44","guid":{"rendered":"https:\/\/tangooled.com\/?post_type=product&#038;p=42395"},"modified":"2026-02-02T02:04:52","modified_gmt":"2026-02-02T10:04:52","slug":"custom-circular-ring-light-shape-by-50x80mm-aluminum-profile","status":"publish","type":"product","link":"https:\/\/tangooled.com\/ro\/produs\/custom-circular-ring-light-shape-by-50x80mm-aluminum-profile\/","title":{"rendered":"Form\u0103 personalizat\u0103 de lumin\u0103 circular\u0103 cu profil din aluminiu de 50x80mm"},"content":{"rendered":"<div class=\"wp-block-group is-vertical is-layout-flex wp-container-core-group-is-layout-d255d7c4 wp-block-group-is-layout-flex\" style=\"padding-top:var(--wp--preset--spacing--80);padding-bottom:var(--wp--preset--spacing--80)\">\n<p>Forma personalizat\u0103 a luminii de inel cu profil de 50x80mm este excelent\u0103 pentru afaceri, arhitec\u021bi \u0219i designeri care doresc op\u021biuni de iluminare mai avansate. Acest profil de inel de \u00eenalt\u0103 calitate este realizat din aluminiu extrudat 6063-T5, robust \u0219i u\u0219or. Po\u021bi personaliza acest corp de iluminat \u00een multe moduri. De exemplu, po\u021bi schimba diametrul de la 600mm la 3000mm pentru a se potrivi cu spa\u021biul t\u0103u. Po\u021bi, de asemenea, schimba culoarea exterioar\u0103 pentru a se potrivi cu brandul sau nevoile tale de design. Facem exact a\u0219a cum \u00ee\u021bi dore\u0219ti pentru birouri, hoteluri, magazine \u0219i alte ini\u021biative de afaceri.<\/p>\n<\/div>\n\n\n\n<div class=\"wp-block-group has-background is-vertical is-layout-flex wp-container-core-group-is-layout-d255d7c4 wp-block-group-is-layout-flex\" style=\"background-color:#f1f1f1;padding-top:var(--wp--preset--spacing--80);padding-bottom:var(--wp--preset--spacing--80)\">\n<div class=\"wp-block-group is-vertical is-layout-flex wp-container-core-group-is-layout-8cf370e7 wp-block-group-is-layout-flex\">\n<h2 class=\"wp-block-heading\" style=\"padding-top:var(--wp--preset--spacing--40);padding-bottom:var(--wp--preset--spacing--40);font-size:25px;font-style:normal;font-weight:600;text-transform:capitalize\">De ce s\u0103 alegi forma noastr\u0103 personalizat\u0103 a luminii de inel cu profil de 50x80mm?<\/h2>\n\n\n\n<ul class=\"wp-block-list\">\n<li>Fabricat\u0103 cu o carcas\u0103 din aluminiu robust\u0103, lat\u0103 de 50mm \u0219i \u00eenalt\u0103 de 80mm, astfel \u00eenc\u00e2t s\u0103 se potriveasc\u0103 \u00een multe spa\u021bii.<\/li>\n\n\n\n<li>Lampa LED suspendat\u0103 rotund\u0103 poate fi realizat\u0103 pentru a se potrivi oric\u0103rei dimensiuni de la 600mm la mai mult de 5000mm \u00een diametru.<\/li>\n\n\n\n<li>Folose\u0219te pl\u0103ci PCB LED SMD2835 care sunt foarte eficiente, cu un difuzor din policarbonat nisipos pentru a face lumina bl\u00e2nd\u0103 \u0219i uniform\u0103.&nbsp;<\/li>\n\n\n\n<li>Vine cu o garan\u021bie de trei ani, astfel \u00eenc\u00e2t s\u0103 po\u021bi fi sigur c\u0103 va func\u021biona.<\/li>\n\n\n\n<li>Excelent pentru afaceri \u0219i case, cum ar fi locuri de munc\u0103, lobiuri, galerii \u0219i restaurante.<\/li>\n<\/ul>\n<\/div>\n<\/div>\n\n\n\n<div class=\"wp-block-group is-vertical is-layout-flex wp-container-core-group-is-layout-d255d7c4 wp-block-group-is-layout-flex\" style=\"padding-top:var(--wp--preset--spacing--80);padding-bottom:var(--wp--preset--spacing--80)\">\n<h2 class=\"wp-block-heading\" style=\"padding-top:var(--wp--preset--spacing--40);padding-bottom:var(--wp--preset--spacing--40);font-size:25px;font-style:normal;font-weight:600;text-transform:capitalize\">Aplica\u021bii pentru forma personalizat\u0103 a luminii de inel cu profil de 50x80mm<\/h2>\n\n\n\n<ul class=\"wp-block-list\">\n<li>Iluminatul de birou pentru afaceri: un stil modern \u0219i elegant pentru locuri de munc\u0103 open-plan \u0219i s\u0103li de conferin\u021b\u0103.<\/li>\n\n\n\n<li>Iluminatul \u00een lobby-ul hotelului: un corp de iluminat suspendat sferic elegant pentru a-i \u00eent\u00e2mpina pe oaspe\u021bi.<\/li>\n\n\n\n<li>Iluminat pentru vitrine: Folose\u0219te o lumin\u0103 puternic\u0103 \u0219i clar\u0103 pentru a atrage aten\u021bia.<\/li>\n\n\n\n<li>Restaurante \u0219i baruri: Folose\u0219te lumin\u0103 alb\u0103 cald\u0103 pentru a face spa\u021biul s\u0103 se simt\u0103 confortabil sau lumin\u0103 alb\u0103 rece pentru a-l face s\u0103 fie vibrant.<\/li>\n\n\n\n<li>Saloane de mese moderne \u0219i spa\u021bii mari cu tavan \u00eenalt pentru un impact puternic.<\/li>\n\n\n\n<li>Spa\u021bii publice \u0219i institu\u021bionale: Func\u021bioneaz\u0103 bine \u00een lobiile universit\u0103\u021bilor, muzee \u0219i aeroporturi.<\/li>\n<\/ul>\n<\/div>\n\n\n\n<div class=\"wp-block-group has-background is-vertical is-layout-flex wp-container-core-group-is-layout-b429018a wp-block-group-is-layout-flex\" style=\"background-color:#f1f1f1f2;padding-top:var(--wp--preset--spacing--70);padding-bottom:var(--wp--preset--spacing--70)\">\n<h2 class=\"wp-block-heading\" style=\"padding-top:var(--wp--preset--spacing--40);padding-bottom:var(--wp--preset--spacing--40);font-size:25px;font-style:normal;font-weight:600\">Produse asociate pe care s-ar putea s\u0103 le plac\u0103<\/h2>\n\n\n\n<ul class=\"wp-block-list\">\n<li>Verifica\u021bi <a href=\"https:\/\/tangooled.com\/ro\/produs\/black-led-profile-with-black-diffuser-for-10mm-led-strip-light\/\"><mark style=\"background-color:rgba(0, 0, 0, 0)\" class=\"has-inline-color has-vivid-red-color\">profil LED negru cu difuzor negru pentru LED strip de 10mm<\/mark><\/a>, perfect pentru instala\u021bii liniare.<\/li>\n\n\n\n<li>Pentru montare pe suprafe\u021be, vezi <a href=\"https:\/\/tangooled.com\/ro\/produs\/surface-mount-led-profile-with-frosted-diffuser-for-10mm-rope-lights\/\"><mark style=\"background-color:rgba(0, 0, 0, 0)\" class=\"has-inline-color has-vivid-red-color\">profilul LED montat pe suprafa\u021b\u0103 cu difuzor frosted pentru benzi de lumin\u0103 de 10 mm<\/mark><\/a> cu difuzie bl\u00e2nd\u0103 a luminii.<\/li>\n\n\n\n<li>Descoper\u0103 <a href=\"https:\/\/tangooled.com\/ro\/produs\/18x9mm-led-tape-light-profile-for-surface-installation\/\"><mark style=\"background-color:rgba(0, 0, 0, 0)\" class=\"has-inline-color has-vivid-red-color\">profil LED pentru band\u0103 de lumin\u0103 de 18x9mm pentru instalare pe suprafa\u021b\u0103<\/mark><\/a> pentru nevoile de iluminare compact\u0103.<\/li>\n\n\n\n<li>Pentru un aspect elegant, \u00eencearc\u0103 <a href=\"https:\/\/tangooled.com\/ro\/produs\/aluminum-profile-with-60-degree-lens-led-diffuser\/\"><mark style=\"background-color:rgba(0, 0, 0, 0)\" class=\"has-inline-color has-vivid-red-color\">profil din aluminiu cu difuzor LED cu lentil\u0103 de 60 de grade <\/mark><\/a>pentru iluminare cu fascicul concentrat.<\/li>\n<\/ul>\n<\/div>\n\n\n\n<div class=\"wp-block-group\" style=\"padding-top:var(--wp--preset--spacing--80);padding-bottom:var(--wp--preset--spacing--80)\"><div class=\"wp-block-group__inner-container is-layout-constrained wp-block-group-is-layout-constrained\">\n<p>Alege forma noastr\u0103 de inel cu profil de 50x80mm pentru a lumina o camer\u0103 \u00eentr-un stil elegant, puternic \u0219i str\u0103lucitor. Adaug\u0103 LED-uri cu CRI ridicat pentru a genera o iluminare modern\u0103 pentru orice mediu. Pentru a \u00eencepe, te rug\u0103m s\u0103 ne contactezi imediat!<\/p>\n<\/div><\/div>\n\n\n\n<p><\/p>","protected":false},"featured_media":20013,"template":"","meta":{"_acf_changed":true,"_seopress_robots_primary_cat":"none","_seopress_titles_title":"Custom 50x80mm Profile Ring Light Shape | Large Halo Body C5080","_seopress_titles_desc":"This C5080 channel is used to make any custom profile ring light shape of different diameters for grand-scale pendants. Features a massive 80mm depth for superior heat sink performance and internal driver storage.","_seopress_robots_index":""},"pcb-width":[231],"product-cat":[202],"class_list":{"0":"post-42395","1":"product","2":"type-product","3":"status-publish","4":"has-post-thumbnail","6":"pcb-width-25-35mm","7":"product-cat-circular-profile"},"acf":[],"_links":{"self":[{"href":"https:\/\/tangooled.com\/ro\/wp-json\/wp\/v2\/product\/42395","targetHints":{"allow":["GET"]}}],"collection":[{"href":"https:\/\/tangooled.com\/ro\/wp-json\/wp\/v2\/product"}],"about":[{"href":"https:\/\/tangooled.com\/ro\/wp-json\/wp\/v2\/types\/product"}],"wp:featuredmedia":[{"embeddable":true,"href":"https:\/\/tangooled.com\/ro\/wp-json\/wp\/v2\/media\/20013"}],"wp:attachment":[{"href":"https:\/\/tangooled.com\/ro\/wp-json\/wp\/v2\/media?parent=42395"}],"wp:term":[{"taxonomy":"pcb-width","embeddable":true,"href":"https:\/\/tangooled.com\/ro\/wp-json\/wp\/v2\/pcb-width?post=42395"},{"taxonomy":"product-cat","embeddable":true,"href":"https:\/\/tangooled.com\/ro\/wp-json\/wp\/v2\/product-cat?post=42395"}],"curies":[{"name":"wp","href":"https:\/\/api.w.org\/{rel}","templated":true}]}}