{"id":42383,"date":"2025-12-22T01:50:53","date_gmt":"2025-12-22T09:50:53","guid":{"rendered":"https:\/\/tangooled.com\/?post_type=product&#038;p=42383"},"modified":"2026-02-02T02:04:30","modified_gmt":"2026-02-02T10:04:30","slug":"led-ring-light-housing-made-by-50x50mm-aluminum-channel","status":"publish","type":"product","link":"https:\/\/tangooled.com\/ro\/produs\/led-ring-light-housing-made-by-50x50mm-aluminum-channel\/","title":{"rendered":"carcas\u0103 pentru lumin\u0103 LED realizat\u0103 din canal de aluminiu de 50x50mm - C5050"},"content":{"rendered":"<div class=\"wp-block-group is-vertical is-layout-flex wp-container-core-group-is-layout-d255d7c4 wp-block-group-is-layout-flex\" style=\"padding-top:var(--wp--preset--spacing--80);padding-bottom:var(--wp--preset--spacing--80)\">\n<p>Carcasa noastr\u0103 pentru iluminatul cu LED de 50x50mm v\u0103 va permite s\u0103 genera\u021bi o lumin\u0103 puternic\u0103 \u0219i str\u0103lucitoare. Acest profil din aluminiu de 50x50mm este realizat din aluminiu de \u00eenalt\u0103 calitate 6063-T5, care este perfect pentru a crea o surs\u0103 de lumin\u0103 \u00een form\u0103 de inel, clar\u0103 \u0219i uniform\u0103. Func\u021bioneaz\u0103 bine \u00een case, studiouri, magazine \u0219i birouri. Un finisaj neted de pulbere argintie sau anodizat\u0103 completeaz\u0103 profilul. Diametrul acestui profil circular poate varia \u00eentre 600mm \u0219i 3000mm. De asemenea, pute\u021bi varia aspectul finisajului cu pulbere aleg\u00e2nd o culoare care se potrive\u0219te cu restul casei dumneavoastr\u0103.<\/p>\n<\/div>\n\n\n\n<div class=\"wp-block-group has-background is-vertical is-layout-flex wp-container-core-group-is-layout-d255d7c4 wp-block-group-is-layout-flex\" style=\"background-color:#f1f1f1;padding-top:var(--wp--preset--spacing--80);padding-bottom:var(--wp--preset--spacing--80)\">\n<div class=\"wp-block-group is-vertical is-layout-flex wp-container-core-group-is-layout-8cf370e7 wp-block-group-is-layout-flex\">\n<h2 class=\"wp-block-heading\" style=\"padding-top:var(--wp--preset--spacing--40);padding-bottom:var(--wp--preset--spacing--40);font-size:25px;font-style:normal;font-weight:600;text-transform:capitalize\">Caracteristici \u0219i avantaje importante<\/h2>\n\n\n\n<ul class=\"wp-block-list\">\n<li>Size of the profile: 50&#215;50 mm. It works with a lot of COB LEDs and LED strips.\u00a0<\/li>\n\n\n\n<li>Aluminiul 6063-T5 din care este realizat este robust \u0219i ajut\u0103 la men\u021binerea lucrurilor reci.<\/li>\n\n\n\n<li>Lumina este uniform\u0103 deoarece vine cu un difuzor din policarbonat PC (satinat).<\/li>\n\n\n\n<li>Pute\u021bi alege \u00eentre un finisaj cu pulbere neagr\u0103 \u0219i un finisaj argintiu anodizat. <\/li>\n\n\n\n<li>Func\u021bioneaz\u0103 cu lumini RGBW, lumini LED \u00een dou\u0103 culori \u0219i alte tipuri de lumini.<\/li>\n\n\n\n<li>Perfect pentru a ilumina cl\u0103diri, a face fotografii \u0219i a organiza seminarii.<\/li>\n<\/ul>\n<\/div>\n<\/div>\n\n\n\n<div class=\"wp-block-group is-vertical is-layout-flex wp-container-core-group-is-layout-d255d7c4 wp-block-group-is-layout-flex\" style=\"padding-top:var(--wp--preset--spacing--80);padding-bottom:var(--wp--preset--spacing--80)\">\n<h2 class=\"wp-block-heading\" style=\"padding-top:var(--wp--preset--spacing--40);padding-bottom:var(--wp--preset--spacing--40);font-size:25px;font-style:normal;font-weight:600;text-transform:capitalize\">Creat pentru multe utiliz\u0103ri<\/h2>\n\n\n\n<p>Aceast\u0103 carcas\u0103 pentru iluminatul cu LED de 50x50mm este o modalitate simpl\u0103 de a \u00eencepe multe proiecte excelente de iluminat. Folosi\u021bi-o pentru a crea:<\/p>\n\n\n\n<ul class=\"wp-block-list\">\n<li>S\u0103li de conferin\u021be \u0219i birouri comerciale<\/li>\n\n\n\n<li>Holuri \u0219i atriumuri de hotel<\/li>\n\n\n\n<li>Showroomuri \u0219i buticuri de retail<\/li>\n\n\n\n<li>Spa\u021bii de living \u0219i dining \u00een case<\/li>\n\n\n\n<li>Studii de art\u0103 \u0219i spa\u021bii creative de lucru<\/li>\n<\/ul>\n<\/div>\n\n\n\n<div class=\"wp-block-group has-background is-vertical is-layout-flex wp-container-core-group-is-layout-b429018a wp-block-group-is-layout-flex\" style=\"background-color:#f1f1f1f2;padding-top:var(--wp--preset--spacing--70);padding-bottom:var(--wp--preset--spacing--70)\">\n<h2 class=\"wp-block-heading\" style=\"padding-top:var(--wp--preset--spacing--40);padding-bottom:var(--wp--preset--spacing--40);font-size:25px;font-style:normal;font-weight:600\">Func\u021bioneaz\u0103 cu aceste benzi LED<\/h2>\n\n\n\n<ul class=\"wp-block-list\">\n<li>LED strips with a high CRI (Ra > 90) for accurate colors.<\/li>\n\n\n\n<li>Benzile LED albe \u00eentr-o singur\u0103 culoare (3000K, 4000K sau 6000K).<\/li>\n\n\n\n<li>Benzile care schimb\u0103 culoarea de la RGB la RGBW.<\/li>\n\n\n\n<li>Benzile care au o l\u0103\u021bime de p\u00e2n\u0103 la 20 mm se potrivesc perfect \u00een canalul de profil.<\/li>\n<\/ul>\n<\/div>\n\n\n\n<div class=\"wp-block-group\" style=\"padding-top:var(--wp--preset--spacing--80);padding-bottom:var(--wp--preset--spacing--80)\"><div class=\"wp-block-group__inner-container is-layout-constrained wp-block-group-is-layout-constrained\">\n<p>Carcasa pentru iluminatul cu LED TG-C5050 de 50x50mm este o op\u021biune excelent\u0103. Combin\u0103 puterea, stilul \u0219i o lumin\u0103 bun\u0103. \u00cencepe\u021bi s\u0103 crea\u021bi propriile lumini de inel profesionale, durabile, ast\u0103zi!<\/p>\n\n\n\n<p><\/p>\n<\/div><\/div>","protected":false},"featured_media":20011,"template":"","meta":{"_acf_changed":true,"_seopress_robots_primary_cat":"none","_seopress_titles_title":"50x50mm LED Channel Ring Light Housing C5050 | TANGOOLED","_seopress_titles_desc":"The C5050 is a heavy-duty 50x50mm led channel ring light housing for large-scale pendants. The diameters can be customized with the requested sizes.","_seopress_robots_index":""},"pcb-width":[230],"product-cat":[202],"class_list":{"0":"post-42383","1":"product","2":"type-product","3":"status-publish","4":"has-post-thumbnail","6":"pcb-width-20-25mm","7":"product-cat-circular-profile"},"acf":[],"_links":{"self":[{"href":"https:\/\/tangooled.com\/ro\/wp-json\/wp\/v2\/product\/42383","targetHints":{"allow":["GET"]}}],"collection":[{"href":"https:\/\/tangooled.com\/ro\/wp-json\/wp\/v2\/product"}],"about":[{"href":"https:\/\/tangooled.com\/ro\/wp-json\/wp\/v2\/types\/product"}],"wp:featuredmedia":[{"embeddable":true,"href":"https:\/\/tangooled.com\/ro\/wp-json\/wp\/v2\/media\/20011"}],"wp:attachment":[{"href":"https:\/\/tangooled.com\/ro\/wp-json\/wp\/v2\/media?parent=42383"}],"wp:term":[{"taxonomy":"pcb-width","embeddable":true,"href":"https:\/\/tangooled.com\/ro\/wp-json\/wp\/v2\/pcb-width?post=42383"},{"taxonomy":"product-cat","embeddable":true,"href":"https:\/\/tangooled.com\/ro\/wp-json\/wp\/v2\/product-cat?post=42383"}],"curies":[{"name":"wp","href":"https:\/\/api.w.org\/{rel}","templated":true}]}}