{"id":42226,"date":"2025-12-17T20:32:15","date_gmt":"2025-12-18T04:32:15","guid":{"rendered":"https:\/\/tangooled.com\/?post_type=product&#038;p=42226"},"modified":"2026-02-02T01:58:15","modified_gmt":"2026-02-02T09:58:15","slug":"fl04-wide-flanged-in-ground-led-profile","status":"publish","type":"product","link":"https:\/\/tangooled.com\/ro\/produs\/fl04-wide-flanged-in-ground-led-profile\/","title":{"rendered":"FL04: Canal LED de 26mm l\u0103\u021bime \u00eencorporat \u00een sol"},"content":{"rendered":"<div class=\"wp-block-group is-vertical is-layout-flex wp-container-core-group-is-layout-d255d7c4 wp-block-group-is-layout-flex\" style=\"padding-top:var(--wp--preset--spacing--80);padding-bottom:var(--wp--preset--spacing--80)\">\n<p>This FL04 wide flanged In-ground LED channel is 26mm deep and 27.4mm wide, it fits well in concrete, wood, or stone without any gaps. The 12.4mm internal chamber is great for high-performance LED strips, as\u00a0it helps maintain consistent temperature\u00a0over time.<\/p>\n\n\n\n<p>Este suficient de rezistent pentru a face fa\u021b\u0103 multor pa\u0219i \u0219i sarcini u\u0219oare de vehicule, datorit\u0103 construc\u021biei sale din aluminiu de \u00eenalt\u0103 calitate. Acest canal rezistent la intemperii ilumineaz\u0103 aleile, c\u0103ile de gr\u0103din\u0103 \u0219i coridoarele comerciale \u00eentr-un mod curat \u0219i constant care le transform\u0103 radical. Aceast\u0103 solu\u021bie cu flan\u0219\u0103 \u00ee\u021bi protejeaz\u0103 investi\u021bia de vreme \u0219i ofer\u0103 casei tale un finisaj de iluminat de profil redus care face mai sigur s\u0103 fii afar\u0103 sau \u00een interior.<\/p>\n<\/div>\n\n\n\n<div class=\"wp-block-group has-background is-vertical is-layout-flex wp-container-core-group-is-layout-d255d7c4 wp-block-group-is-layout-flex\" style=\"background-color:#f1f1f1;padding-top:var(--wp--preset--spacing--80);padding-bottom:var(--wp--preset--spacing--80)\">\n<div class=\"wp-block-group is-vertical is-layout-flex wp-container-core-group-is-layout-8cf370e7 wp-block-group-is-layout-flex\">\n<h2 class=\"wp-block-heading\" style=\"padding-top:var(--wp--preset--spacing--40);padding-bottom:var(--wp--preset--spacing--40);font-size:25px;font-style:normal;font-weight:600;text-transform:capitalize\">De ce ar trebui s\u0103 alegi canalul nostru LED cu flan\u0219\u0103 larg\u0103 \u00eencorporat \u00een sol?<\/h2>\n\n\n\n<ul class=\"wp-block-list\">\n<li>Rezistent \u0219i durabil: Este compus din aluminiu anodizat, care poate suporta trafic pietonal \u0219i vreme nefavorabil\u0103.<\/li>\n\n\n\n<li>Finisaj curat al marginii: Flan\u0219a ascunde marginile aspre din piatr\u0103 \u0219i beton pentru a ar\u0103ta curat.<\/li>\n\n\n\n<li>Protec\u021bie impermeabil\u0103: Atunci c\u00e2nd este sigilat corect, poate \u00eempiedica apa, praful \u0219i d\u0103un\u0103torii, av\u00e2nd o clas\u0103 IP67.<\/li>\n\n\n\n<li>Iluminare f\u0103r\u0103 puncte: Difuzorul opal face lumina moale \u0219i uniform\u0103, f\u0103r\u0103 pete sau str\u0103lucire.<\/li>\n\n\n\n<li>Po\u021bi folosi acest canal pe multe tipuri diferite de podele, cum ar fi faian\u021b\u0103, beton, piatr\u0103, lemn \u0219i multe altele.<\/li>\n\n\n\n<li>Se potrive\u0219te benzilor LED largi: L\u0103\u021bimea interioar\u0103 poate sus\u021bine benzi LED de p\u00e2n\u0103 la 12mm l\u0103\u021bime, iar benzile LED rezistente la ap\u0103 vor func\u021biona cu aceasta.<\/li>\n<\/ul>\n<\/div>\n<\/div>\n\n\n\n<div class=\"wp-block-group\" style=\"padding-top:var(--wp--preset--spacing--60);padding-bottom:var(--wp--preset--spacing--60)\"><div class=\"wp-block-group__inner-container is-layout-constrained wp-block-group-is-layout-constrained\">\n<div class=\"wp-block-media-text has-media-on-the-right is-stacked-on-mobile\" style=\"grid-template-columns:auto 40%\"><div class=\"wp-block-media-text__content\">\n<h2 class=\"wp-block-heading\" style=\"padding-top:var(--wp--preset--spacing--40);padding-bottom:var(--wp--preset--spacing--40);font-size:25px;font-style:normal;font-weight:600;text-transform:capitalize\">Pa\u0219i simpli pentru instalare<\/h2>\n\n\n\n<ul class=\"wp-block-list\">\n<li>F\u0103 o canelur\u0103 \u00een calea ta sau \u00een alee.<\/li>\n\n\n\n<li>Pune canalul de aluminiu \u00een canelur\u0103.<\/li>\n\n\n\n<li>Plasa\u021bi banda LED \u00een canal.<\/li>\n\n\n\n<li>Ata\u0219eaz\u0103-l \u0219i porne\u0219te difuzorul.<\/li>\n\n\n\n<li>Seal the ends with silicone and end caps so that water can&#8217;t get in.<\/li>\n<\/ul>\n<\/div><figure class=\"wp-block-media-text__media\"><img loading=\"lazy\" decoding=\"async\" width=\"500\" height=\"500\" src=\"https:\/\/tangooled.com\/wp-content\/uploads\/2025\/12\/fl04-ins-1.webp\" alt=\"26mm flanged in ground led channel for path lighting\" class=\"wp-image-42256 size-full\" srcset=\"https:\/\/tangooled.com\/wp-content\/uploads\/2025\/12\/fl04-ins-1.webp 500w, https:\/\/tangooled.com\/wp-content\/uploads\/2025\/12\/fl04-ins-1-300x300.webp 300w, https:\/\/tangooled.com\/wp-content\/uploads\/2025\/12\/fl04-ins-1-150x150.webp 150w\" sizes=\"auto, (max-width: 500px) 100vw, 500px\" \/><\/figure><\/div>\n<\/div><\/div>\n\n\n\n<div class=\"wp-block-group has-background is-vertical is-layout-flex wp-container-core-group-is-layout-b429018a wp-block-group-is-layout-flex\" style=\"background-color:#f1f1f1f2;padding-top:var(--wp--preset--spacing--70);padding-bottom:var(--wp--preset--spacing--70)\">\n<h2 class=\"wp-block-heading\" style=\"padding-top:var(--wp--preset--spacing--40);padding-bottom:var(--wp--preset--spacing--40);font-size:25px;font-style:normal;font-weight:600;text-transform:capitalize\">Ce po\u021bi face cu acest canal LED pentru iluminatul c\u0103ilor?<\/h2>\n\n\n\n<p>Canalul nostru LED cu flan\u0219\u0103 de 26mm \u00eencorporat \u00een sol este excelent pentru multe lucruri, cum ar fi:<\/p>\n\n\n\n<ul class=\"wp-block-list\">\n<li>C\u0103r\u021bi de gr\u0103din\u0103 \u0219i alei: F\u0103 c\u0103ile tale de plimbare sigure \u0219i frumoase cu lumina.<\/li>\n\n\n\n<li>Alee \u0219i zone de garaj: Folose\u0219te-l pentru a ilumina marginile aleilor \u0219i bordurile cu o lumin\u0103 constant\u0103 \u0219i str\u0103lucitoare.<\/li>\n\n\n\n<li>Marginile deck-ului \u0219i terasei: Instaleaz\u0103-l astfel \u00eenc\u00e2t s\u0103 fie la nivel cu decking-ul pentru a vedea marginile \u0219i treptele.<\/li>\n\n\n\n<li>Spa\u021bii publice: Parcurile \u0219i pie\u021bele sunt locuri minunate pentru a men\u021bine oamenii \u00een siguran\u021b\u0103 \u0219i pentru a-i ajuta s\u0103 ajung\u0103 acolo unde trebuie.<\/li>\n<\/ul>\n\n\n\n<p style=\"padding-right:var(--wp--preset--spacing--50);padding-left:var(--wp--preset--spacing--50)\">Verific\u0103 profilul nostru LED negru cu difuzor negru pentru band\u0103 LED de 10mm<a href=\"https:\/\/tangooled.com\/ro\/produs\/black-led-profile-with-black-diffuser-for-10mm-led-strip-light\/\"><mark style=\"background-color:rgba(0, 0, 0, 0)\" class=\"has-inline-color has-vivid-red-color\"> aici<\/mark><\/a> \u0219i<a href=\"https:\/\/tangooled.com\/ro\/produs\/led-strip-light-channel-aluminum-profile-with-diffused-cover-6mm-height\/\"><mark style=\"background-color:rgba(0, 0, 0, 0)\" class=\"has-inline-color has-vivid-red-color\"> <\/mark><\/a>profilul canalului pentru band\u0103 LED din aluminiu cu capac difuzor de 6mm \u00een\u0103l\u021bime <a href=\"https:\/\/tangooled.com\/ro\/produs\/led-strip-light-channel-aluminum-profile-with-diffused-cover-6mm-height\/\"><mark style=\"background-color:rgba(0, 0, 0, 0)\" class=\"has-inline-color has-vivid-red-color\">aici<\/mark><\/a> pentru mai multe op\u021biuni.<\/p>\n<\/div>\n\n\n\n<div class=\"wp-block-group\" style=\"padding-top:var(--wp--preset--spacing--80);padding-bottom:var(--wp--preset--spacing--80)\"><div class=\"wp-block-group__inner-container is-layout-constrained wp-block-group-is-layout-constrained\">\n<h2 class=\"wp-block-heading\" style=\"padding-top:var(--wp--preset--spacing--40);padding-bottom:var(--wp--preset--spacing--40);font-size:25px;font-style:normal;font-weight:600;text-transform:capitalize\">Rezumat<\/h2>\n\n\n\n<p>Canalul nostru LED cu flan\u0219\u0103 de 26mm \u00eencorporat \u00een sol este o modalitate robust\u0103, curat\u0103 \u0219i rezistent\u0103 la ap\u0103 de a ilumina aleile, terasele, c\u0103ile \u0219i deck-urile. Acesta sus\u021bine benzile LED \u00een pozi\u021bie \u0219i le protejeaz\u0103 de murd\u0103rie \u0219i ap\u0103. Flan\u0219a acoper\u0103 orice margini aspre, f\u0103c\u00e2ndu-l s\u0103 arate curat. Datorit\u0103 construc\u021biei sale din aluminiu anodizat, este u\u0219or de asamblat \u0219i va dura mult timp.<\/p>\n<\/div><\/div>","protected":false},"featured_media":13539,"template":"","meta":{"_acf_changed":true,"_seopress_robots_primary_cat":"none","_seopress_titles_title":"Wide Flanged In-Ground LED Profile | 26mm Path Lighting FL04 | TANGOOLED","_seopress_titles_desc":"The FL04 is a wide flanged in-ground led profile with a 26mm aperture. This heavy-duty aluminum channel is designed to house wider LED strips for bold, recessed path lighting with an easy-to-install flange.","_seopress_robots_index":""},"pcb-width":[228],"product-cat":[199],"class_list":{"0":"post-42226","1":"product","2":"type-product","3":"status-publish","4":"has-post-thumbnail","6":"pcb-width-6-12mm","7":"product-cat-inground-profile"},"acf":[],"_links":{"self":[{"href":"https:\/\/tangooled.com\/ro\/wp-json\/wp\/v2\/product\/42226","targetHints":{"allow":["GET"]}}],"collection":[{"href":"https:\/\/tangooled.com\/ro\/wp-json\/wp\/v2\/product"}],"about":[{"href":"https:\/\/tangooled.com\/ro\/wp-json\/wp\/v2\/types\/product"}],"wp:featuredmedia":[{"embeddable":true,"href":"https:\/\/tangooled.com\/ro\/wp-json\/wp\/v2\/media\/13539"}],"wp:attachment":[{"href":"https:\/\/tangooled.com\/ro\/wp-json\/wp\/v2\/media?parent=42226"}],"wp:term":[{"taxonomy":"pcb-width","embeddable":true,"href":"https:\/\/tangooled.com\/ro\/wp-json\/wp\/v2\/pcb-width?post=42226"},{"taxonomy":"product-cat","embeddable":true,"href":"https:\/\/tangooled.com\/ro\/wp-json\/wp\/v2\/product-cat?post=42226"}],"curies":[{"name":"wp","href":"https:\/\/api.w.org\/{rel}","templated":true}]}}