{"id":42224,"date":"2025-12-17T20:28:24","date_gmt":"2025-12-18T04:28:24","guid":{"rendered":"https:\/\/tangooled.com\/?post_type=product&#038;p=42224"},"modified":"2026-02-02T01:57:51","modified_gmt":"2026-02-02T09:57:51","slug":"26mm-floor-recessed-led-aluminum-channel-for-12mm-strips","status":"publish","type":"product","link":"https:\/\/tangooled.com\/ro\/produs\/26mm-floor-recessed-led-aluminum-channel-for-12mm-strips\/","title":{"rendered":"canal din aluminiu LED \u00eencastrat de 26mm pentru benzi de 12mm"},"content":{"rendered":"<div class=\"wp-block-group is-vertical is-layout-flex wp-container-core-group-is-layout-d255d7c4 wp-block-group-is-layout-flex\" style=\"padding-top:var(--wp--preset--spacing--80);padding-bottom:var(--wp--preset--spacing--80)\">\n<p>Canalul nostru de aluminiu LED \u00eencastrat de 26mm este conceput pentru iluminatul liniar la nivelul pardoselii. Acest profil de aluminiu robust este realizat pentru a se potrivi perfect \u00een deck-uri, alei, gr\u0103dini \u0219i trotuare. Protejeaz\u0103 benzile LED mai bine dec\u00e2t orice altceva, asigur\u00e2ndu-se c\u0103 func\u021bioneaz\u0103 fiabil \u0219i constant at\u00e2t \u00een interior, c\u00e2t \u0219i \u00een exterior.<\/p>\n\n\n\n<p>Acest canal \u00eencastrat de 26mm este realizat din aluminiu de \u00eenalt\u0103 calitate, rezistent, care poate suporta trafic pietonal \u0219i greut\u0103\u021bi moderate ale vehiculelor, ac\u021bion\u00e2nd \u00een acela\u0219i timp ca un radiator eficient. Face o linie clar\u0103, f\u0103r\u0103 reflexii de lumin\u0103, care se extinde continuu, \u00eembun\u0103t\u0103\u021bind astfel aspectul oric\u0103rui loc. Aceast\u0103 solu\u021bie flexibil\u0103 func\u021bioneaz\u0103 excelent at\u00e2t \u00een aer liber, c\u00e2t \u0219i \u00een interior, precum pe alei de gr\u0103din\u0103, \u00een parc\u0103ri, pe coridoare \u0219i \u00een spa\u021bii publice aglomerate.<\/p>\n<\/div>\n\n\n\n<div class=\"wp-block-group has-background is-vertical is-layout-flex wp-container-core-group-is-layout-d255d7c4 wp-block-group-is-layout-flex\" style=\"background-color:#f1f1f1;padding-top:var(--wp--preset--spacing--80);padding-bottom:var(--wp--preset--spacing--80)\">\n<div class=\"wp-block-group is-vertical is-layout-flex wp-container-core-group-is-layout-8cf370e7 wp-block-group-is-layout-flex\">\n<h2 class=\"wp-block-heading\" style=\"padding-top:var(--wp--preset--spacing--40);padding-bottom:var(--wp--preset--spacing--40);font-size:25px;font-style:normal;font-weight:600;text-transform:capitalize\">De ce s\u0103 alegi canalul nostru LED \u00eencastrat de 26mm?<\/h2>\n\n\n\n<ul class=\"wp-block-list\">\n<li>Solid \u0219i durabil: Canalul pentru pardoseli este compus din aluminiu 6063-T5, care men\u021bine benzile LED reci \u0219i \u00een siguran\u021b\u0103.<\/li>\n\n\n\n<li>Aspect curat \u0219i uniform: Acest canal \u00eencastrat se potrive\u0219te perfect nivelat \u00een pardoselile din pl\u0103ci ceramice, lemn sau beton.<\/li>\n\n\n\n<li>Lumin\u0103 uniform\u0103: Capacitatea de difuzare opal elimin\u0103 zonele dure \u0219i disperseaz\u0103 lumina uniform.<\/li>\n\n\n\n<li>Potrivit pentru benzi LED de p\u00e2n\u0103 la 12mm l\u0103\u021bime: Canalul are dimensiunea perfect\u0103 pentru benzile LED care sunt de 12mm l\u0103\u021bime sau mai pu\u021bin.<\/li>\n\n\n\n<li>Water-Resistant: Works with waterproof LED strips\uff0c making it suitable for damp locations or covered outdoor walkways.<\/li>\n\n\n\n<li>U\u0219or de t\u0103iat: Vine \u00een lungimi de 2 \u0219i 3 metri, astfel \u00eenc\u00e2t po\u021bi s\u0103-l tai la orice lungime ai nevoie.<\/li>\n<\/ul>\n<\/div>\n<\/div>\n\n\n\n<div class=\"wp-block-group is-vertical is-layout-flex wp-container-core-group-is-layout-d255d7c4 wp-block-group-is-layout-flex\" style=\"padding-top:var(--wp--preset--spacing--80);padding-bottom:var(--wp--preset--spacing--80)\">\n<hr class=\"wp-block-separator has-alpha-channel-opacity\"\/>\n\n\n\n<div class=\"wp-block-media-text has-media-on-the-right is-stacked-on-mobile\" style=\"grid-template-columns:auto 40%\"><div class=\"wp-block-media-text__content\">\n<h2 class=\"wp-block-heading\" style=\"padding-top:var(--wp--preset--spacing--40);padding-bottom:var(--wp--preset--spacing--40);font-size:25px;font-style:normal;font-weight:600;text-transform:capitalize\">Sfaturi pentru Instalare<\/h2>\n\n\n\n<ul class=\"wp-block-list\">\n<li>Folose\u0219te un fier\u0103str\u0103u fin pentru a t\u0103ia canalul de aluminiu \u0219i difuzorul la lungimea dorit\u0103.<\/li>\n\n\n\n<li>A\u0219az\u0103 canalul \u00eentr-o \u0219an\u021b sau gaura din pardoseal\u0103.<\/li>\n\n\n\n<li>A\u0219az\u0103 banda LED de 12mm l\u0103\u021bime \u00een canal.<\/li>\n\n\n\n<li>Pentru a face lumina mai moale, monteaz\u0103 difuzorul opal.<\/li>\n\n\n\n<li>Pentru a proteja capetele benzii LED, monteaz\u0103 capace de cap\u0103t pe ele.<\/li>\n\n\n\n<li>Sigileaz\u0103 marginile cu silicone dac\u0103 canalul va fi folosit afar\u0103 sau \u00een locuri umede.<\/li>\n<\/ul>\n<\/div><figure class=\"wp-block-media-text__media\"><img loading=\"lazy\" decoding=\"async\" width=\"500\" height=\"500\" src=\"https:\/\/tangooled.com\/wp-content\/uploads\/2025\/12\/fl04-ins.webp\" alt=\"26mm floor recessed led aluminum channel for 12mm led strips\" class=\"wp-image-42248 size-full\" srcset=\"https:\/\/tangooled.com\/wp-content\/uploads\/2025\/12\/fl04-ins.webp 500w, https:\/\/tangooled.com\/wp-content\/uploads\/2025\/12\/fl04-ins-300x300.webp 300w, https:\/\/tangooled.com\/wp-content\/uploads\/2025\/12\/fl04-ins-150x150.webp 150w\" sizes=\"auto, (max-width: 500px) 100vw, 500px\" \/><\/figure><\/div>\n<\/div>\n\n\n\n<div class=\"wp-block-group has-background is-vertical is-layout-flex wp-container-core-group-is-layout-b429018a wp-block-group-is-layout-flex\" style=\"background-color:#f1f1f1f2;padding-top:var(--wp--preset--spacing--70);padding-bottom:var(--wp--preset--spacing--70)\">\n<h2 class=\"wp-block-heading\" style=\"padding-top:var(--wp--preset--spacing--40);padding-bottom:var(--wp--preset--spacing--40);font-size:25px;font-style:normal;font-weight:600\">Unde s\u0103 folose\u0219ti canalul LED \u00eencastrat de 26mm?<\/h2>\n\n\n\n<p>Acest canal LED poate fi utilizat \u00een multe locuri diferite:<\/p>\n\n\n\n<ul class=\"wp-block-list\">\n<li>Pardoseli \u00een locuin\u021be \u0219i birouri: Func\u021bioneaz\u0103 bine pe pardoseli din pl\u0103ci ceramice, lemn, laminat sau beton.<\/li>\n\n\n\n<li>Aleile \u0219i coridoarele: Ajut\u0103 la iluminarea c\u0103ii \u00eentr-un mod sigur \u0219i elegant.<\/li>\n\n\n\n<li>Zone umede \u0219i b\u0103i: Folose\u0219te benzi LED impermeabile IP67 \u0219i asigur\u0103-te c\u0103 spa\u021biul este bine etan\u0219at.<\/li>\n\n\n\n<li>Terase \u0219i deckuri exterioare: Func\u021bioneaz\u0103 bine pe c\u0103ile exterioare c\u00e2nd sunt impermeabilizate.<\/li>\n\n\n\n<li>Trepte: Adaug\u0103 lumini pe trepte pentru a le face mai sigure \u0219i mai moderne.<\/li>\n<\/ul>\n<\/div>\n\n\n\n<div class=\"wp-block-group\" style=\"padding-top:var(--wp--preset--spacing--70);padding-bottom:var(--wp--preset--spacing--70)\"><div class=\"wp-block-group__inner-container is-layout-constrained wp-block-group-is-layout-constrained\">\n<h2 class=\"wp-block-heading\" style=\"padding-top:var(--wp--preset--spacing--40);padding-bottom:var(--wp--preset--spacing--40);font-size:25px;font-style:normal;font-weight:600;text-transform:capitalize\">S-ar putea s\u0103-\u021bi plac\u0103 \u0219i aceste produse conexe<\/h2>\n\n\n\n<ul class=\"wp-block-list\">\n<li>Exploreaz\u0103 <a href=\"https:\/\/tangooled.com\/ro\/produs\/black-led-diffuser-aluminum-channel-for-12mm-tape-lights\/\"><mark style=\"background-color:rgba(0, 0, 0, 0)\" class=\"has-inline-color has-vivid-red-color\">canal din aluminiu cu difuzor LED negru pentru benzi de lumin\u0103 de 12 mm <\/mark><\/a>pentru un finisaj elegant negru.<\/li>\n\n\n\n<li>Verific\u0103 <a href=\"https:\/\/tangooled.com\/ro\/produs\/18x18mm-led-strip-corner-profile-for-12mm-led-strips\/\"><mark style=\"background-color:rgba(0, 0, 0, 0)\" class=\"has-inline-color has-vivid-red-color\">Profil col\u021bar LED de 18x18mm pentru benzi LED de 12mm<\/mark><\/a> pentru nevoile de iluminare \u00een col\u021buri.<\/li>\n\n\n\n<li>Pentru op\u021biuni de montare pe suprafa\u021b\u0103, consult\u0103 <a href=\"https:\/\/tangooled.com\/ro\/produs\/surface-mount-led-profile-with-frosted-diffuser-for-10mm-rope-lights\/\"><mark style=\"background-color:rgba(0, 0, 0, 0)\" class=\"has-inline-color has-vivid-red-color\">profilul LED montat pe suprafa\u021b\u0103 cu difuzor frosted pentru benzi de lumin\u0103 de 10 mm<\/mark><\/a>.<\/li>\n\n\n\n<li>\u00cencearc\u0103 canalul de aluminiu LED \u00eencastrat de 17mm pentru benzi LED de 12mm<a href=\"https:\/\/tangooled.com\/ro\/produs\/recessed-17mm-led-profile-aluminum-channel-for-12mm-led-strips\/\"><mark style=\"background-color:rgba(0, 0, 0, 0)\" class=\"has-inline-color has-vivid-red-color\">pentru nevoile de dimensiuni diferite. <\/mark><\/a>for different size needs.<\/li>\n<\/ul>\n<\/div><\/div>\n\n\n\n<div class=\"wp-block-group has-background\" style=\"background-color:#f1f1f1;padding-top:var(--wp--preset--spacing--80);padding-bottom:var(--wp--preset--spacing--80)\"><div class=\"wp-block-group__inner-container is-layout-constrained wp-block-group-is-layout-constrained\">\n<p>Pentru mai multe profile de iluminare \u0219i idei, arunc\u0103 o privire la unele dintre celelalte produse de top v\u00e2ndute. Acestea includ un <a href=\"https:\/\/tangooled.com\/ro\/produs\/black-led-profile-with-black-diffuser-for-10mm-led-strip-light\/\"><mark style=\"background-color:rgba(0, 0, 0, 0)\" class=\"has-inline-color has-vivid-red-color\">profil LED negru cu difuzor negru pentru LED strip de 10mm<\/mark><\/a> \u0219i <a href=\"https:\/\/tangooled.com\/ro\/produs\/25x6mm-low-profile-led-strip-channel-for-10mm-led-strip-light\/\"><mark style=\"background-color:rgba(0, 0, 0, 0)\" class=\"has-inline-color has-vivid-red-color\">canal LED cu profil redus de 25x6mm pentru benzi de 10mm<\/mark><\/a>.<\/p>\n<\/div><\/div>\n\n\n\n<p><\/p>","protected":false},"featured_media":13536,"template":"","meta":{"_acf_changed":true,"_seopress_robots_primary_cat":"none","_seopress_titles_title":"26mm Floor Recessed LED Aluminum Channel | FL03 Linear Floor Light | TANGOOLED","_seopress_titles_desc":"The FL03 is a professional 26mm floor recessed led aluminum channel designed for 12mm LED strips. This heavy-duty walk-over profile creates a wide, bold linear light path for commercial and architectural flooring.","_seopress_robots_index":""},"pcb-width":[228],"product-cat":[199],"class_list":{"0":"post-42224","1":"product","2":"type-product","3":"status-publish","4":"has-post-thumbnail","6":"pcb-width-6-12mm","7":"product-cat-inground-profile"},"acf":[],"_links":{"self":[{"href":"https:\/\/tangooled.com\/ro\/wp-json\/wp\/v2\/product\/42224","targetHints":{"allow":["GET"]}}],"collection":[{"href":"https:\/\/tangooled.com\/ro\/wp-json\/wp\/v2\/product"}],"about":[{"href":"https:\/\/tangooled.com\/ro\/wp-json\/wp\/v2\/types\/product"}],"wp:featuredmedia":[{"embeddable":true,"href":"https:\/\/tangooled.com\/ro\/wp-json\/wp\/v2\/media\/13536"}],"wp:attachment":[{"href":"https:\/\/tangooled.com\/ro\/wp-json\/wp\/v2\/media?parent=42224"}],"wp:term":[{"taxonomy":"pcb-width","embeddable":true,"href":"https:\/\/tangooled.com\/ro\/wp-json\/wp\/v2\/pcb-width?post=42224"},{"taxonomy":"product-cat","embeddable":true,"href":"https:\/\/tangooled.com\/ro\/wp-json\/wp\/v2\/product-cat?post=42224"}],"curies":[{"name":"wp","href":"https:\/\/api.w.org\/{rel}","templated":true}]}}