{"id":42222,"date":"2025-12-17T20:25:28","date_gmt":"2025-12-18T04:25:28","guid":{"rendered":"https:\/\/tangooled.com\/?post_type=product&#038;p=42222"},"modified":"2026-02-02T01:57:30","modified_gmt":"2026-02-02T09:57:30","slug":"walkway-embedded-10mm-flanged-slim-led-channel-for-10mm-strip","status":"publish","type":"product","link":"https:\/\/tangooled.com\/ro\/produs\/walkway-embedded-10mm-flanged-slim-led-channel-for-10mm-strip\/","title":{"rendered":"canal LED sub\u021bire cu flan\u0219\u0103 \u00eencorporat\u0103 de 10mm pentru band\u0103 de 10mm"},"content":{"rendered":"<div class=\"wp-block-group is-vertical is-layout-flex wp-container-core-group-is-layout-d255d7c4 wp-block-group-is-layout-flex\" style=\"padding-top:var(--wp--preset--spacing--80);padding-bottom:var(--wp--preset--spacing--80)\">\n<p>Canalul nostru LED \u00eencorporat FL02 pentru pardoseal\u0103 cu flan\u0219\u0103 faciliteaz\u0103 vizibilitatea pardoselilor \u0219i c\u0103ilor. Acest profil robust din aluminiu este u\u0219or de instalat \u0219i arat\u0103 bine \u0219i la nivel. Are o l\u0103\u021bime intern\u0103 de 12,4 mm, ceea ce \u00eel face compatibil cu multe tipuri de benzi LED \u0219i le ajut\u0103 s\u0103 dureze mai mult, permi\u021b\u00e2nd c\u0103ldurii s\u0103 se disperseze mai u\u0219or. Designul cu profil redus creeaz\u0103 o linie de lumin\u0103 uniform\u0103 \u0219i continu\u0103, complet protejat\u0103 de traficul pietonal, f\u0103c\u00e2nd instalarea sigur\u0103 \u0219i lipsit\u0103 de obstacole.<\/p>\n<\/div>\n\n\n\n<div class=\"wp-block-group has-background is-vertical is-layout-flex wp-container-core-group-is-layout-d255d7c4 wp-block-group-is-layout-flex\" style=\"background-color:#f1f1f1;padding-top:var(--wp--preset--spacing--80);padding-bottom:var(--wp--preset--spacing--80)\">\n<div class=\"wp-block-group is-vertical is-layout-flex wp-container-core-group-is-layout-8cf370e7 wp-block-group-is-layout-flex\">\n<h2 class=\"wp-block-heading\" style=\"padding-top:var(--wp--preset--spacing--40);padding-bottom:var(--wp--preset--spacing--40);font-size:25px;font-style:normal;font-weight:600;text-transform:capitalize\">De ce s\u0103 alegi canalul nostru LED \u00eencorporat pentru pardoseal\u0103 cu flan\u0219\u0103?<\/h2>\n\n\n\n<ul class=\"wp-block-list\">\n<li>It&#8217;s only about 10mm deep and fits in small spaces.<\/li>\n\n\n\n<li>Margine flan\u0219at\u0103 robust\u0103: Aceasta face ca marginile pl\u0103cilor sau ale betonului s\u0103 par\u0103 frumoase.<\/li>\n\n\n\n<li>Sigur pentru mers: Este suficient de puternic pentru a suporta traficul pietonal f\u0103r\u0103 a se rupe.<\/li>\n\n\n\n<li>Prietenos cu c\u0103ldura: Corpul din aluminiu men\u021bine benzile LED reci, ceea ce le face s\u0103 dureze mai mult.<\/li>\n\n\n\n<li>Difuzorul opal \u00eempr\u0103\u0219tie lumina uniform, f\u0103c\u00e2nd-o clar\u0103 \u0219i str\u0103lucitoare.<\/li>\n<\/ul>\n<\/div>\n<\/div>\n\n\n\n<div class=\"wp-block-group\" style=\"padding-top:var(--wp--preset--spacing--60);padding-bottom:var(--wp--preset--spacing--60)\"><div class=\"wp-block-group__inner-container is-layout-constrained wp-block-group-is-layout-constrained\">\n<div class=\"wp-block-media-text has-media-on-the-right is-stacked-on-mobile\" style=\"grid-template-columns:auto 40%\"><div class=\"wp-block-media-text__content\">\n<h2 class=\"wp-block-heading\" style=\"padding-top:var(--wp--preset--spacing--40);padding-bottom:var(--wp--preset--spacing--40);font-size:25px;font-style:normal;font-weight:600;text-transform:capitalize\">Pa\u0219ii de instalare<\/h2>\n\n\n\n<ul class=\"wp-block-list\">\n<li>F\u0103 o incizie \u00een traseu sau pardoseal\u0103 pentru canal.<\/li>\n\n\n\n<li>Pune canalul la nivel cu suprafa\u021ba; flan\u0219a va acoperi marginile.<\/li>\n\n\n\n<li>Pentru a men\u021bine canalul pe loc, utilizeaz\u0103 adeziv pentru construc\u021bii, chit sau mortar.<\/li>\n\n\n\n<li>The channel can&#8217;t be wider than 12 mm,  put the LED strip inside it.<\/li>\n\n\n\n<li>Pentru a face lumina uniform\u0103, pune difuzorul opal deasupra.<\/li>\n\n\n\n<li>Sigileaz\u0103 capetele cu silicon pentru a fi rezistente la ap\u0103 pe exterior (IP67).<\/li>\n<\/ul>\n<\/div><figure class=\"wp-block-media-text__media\"><img loading=\"lazy\" decoding=\"async\" width=\"500\" height=\"500\" src=\"https:\/\/tangooled.com\/wp-content\/uploads\/2025\/12\/fl02-ins.webp\" alt=\"walkway embedded 10mm flanged slim led channel for 10mm led strip\" class=\"wp-image-42245 size-full\" srcset=\"https:\/\/tangooled.com\/wp-content\/uploads\/2025\/12\/fl02-ins.webp 500w, https:\/\/tangooled.com\/wp-content\/uploads\/2025\/12\/fl02-ins-300x300.webp 300w, https:\/\/tangooled.com\/wp-content\/uploads\/2025\/12\/fl02-ins-150x150.webp 150w\" sizes=\"auto, (max-width: 500px) 100vw, 500px\" \/><\/figure><\/div>\n<\/div><\/div>\n\n\n\n<div class=\"wp-block-group has-background is-vertical is-layout-flex wp-container-core-group-is-layout-b429018a wp-block-group-is-layout-flex\" style=\"background-color:#f1f1f1f2;padding-top:var(--wp--preset--spacing--70);padding-bottom:var(--wp--preset--spacing--70)\">\n<h2 class=\"wp-block-heading\" style=\"padding-top:var(--wp--preset--spacing--40);padding-bottom:var(--wp--preset--spacing--40);font-size:25px;font-style:normal;font-weight:600\">Cum s\u0103 folose\u0219ti canalul LED sub\u021bire \u00eencorporat de 10 mm cu flan\u0219\u0103<\/h2>\n\n\n\n<ul class=\"wp-block-list\">\n<li>Iluminarea bine organizat\u0103 la nivelul solului poate face c\u0103ile din gr\u0103din\u0103 mai sigure \u0219i mai luminoase.<\/li>\n\n\n\n<li>Lumini pentru deck-uri \u0219i terase: Pune canale LED \u00een decking din lemn sau compozit pentru a ob\u021bine o iluminate fantastic\u0103 la margini.<\/li>\n\n\n\n<li>Pl\u0103ci ceramice \u00een interior: Acestea fac ca buc\u0103t\u0103riile, b\u0103ile \u0219i holurile s\u0103 arate splendid cu iluminat la nivel.<\/li>\n\n\n\n<li>Folose\u0219te lumini str\u0103lucitoare \u0219i de lung\u0103 durat\u0103 pentru a desemna c\u0103i \u0219i limite pe alei \u0219i podele de garaj.<\/li>\n<\/ul>\n<\/div>\n\n\n\n<div class=\"wp-block-group is-vertical is-layout-flex wp-container-core-group-is-layout-d255d7c4 wp-block-group-is-layout-flex\" style=\"padding-top:var(--wp--preset--spacing--80);padding-bottom:var(--wp--preset--spacing--80)\">\n<h2 class=\"wp-block-heading\" style=\"padding-top:var(--wp--preset--spacing--40);padding-bottom:var(--wp--preset--spacing--40);font-size:25px;font-style:normal;font-weight:600;text-transform:capitalize\">Produse conexe care s-ar putea s\u0103-\u021bi plac\u0103<\/h2>\n\n\n\n<ul class=\"wp-block-list\">\n<li>Exploreaz\u0103 canalul nostru sub\u021bire <mark style=\"background-color:rgba(0, 0, 0, 0)\" class=\"has-inline-color has-vivid-red-color\"><a href=\"https:\/\/tangooled.com\/ro\/produs\/25x6mm-low-profile-led-strip-channel-for-10mm-led-strip-light\/\">canal LED cu profil redus de 25x6mm pentru banda LED de 10mm<\/a> <\/mark>pentru instala\u021bii \u0219i mai sub\u021biri.<\/li>\n\n\n\n<li>G\u0103se\u0219te <a href=\"https:\/\/tangooled.com\/ro\/produs\/surface-mount-led-profile-with-frosted-diffuser-for-10mm-rope-lights\/\"><mark style=\"background-color:rgba(0, 0, 0, 0)\" class=\"has-inline-color has-vivid-red-color\">profilul LED montat pe suprafa\u021b\u0103 cu difuzor frosted pentru benzi de lumin\u0103 de 10 mm<\/mark><\/a> pentru instala\u021bii pe suprafe\u021be.<\/li>\n\n\n\n<li>Ia \u00een considerare <a href=\"https:\/\/tangooled.com\/ro\/produs\/black-aluminum-u-channel-profile-for-10mm-led-strips\/\"><mark style=\"background-color:rgba(0, 0, 0, 0)\" class=\"has-inline-color has-vivid-red-color\">profil din aluminiu negru \u00een form\u0103 de U pentru benzi LED de 10 mm<\/mark><\/a> dac\u0103 vrei o op\u021biune colorat\u0103.<\/li>\n\n\n\n<li>Verificare <a href=\"https:\/\/tangooled.com\/ro\/produs\/led-light-diffuser-channel-aluminum-15x12mm-for-10mm-led-strips\/\"><mark style=\"background-color:rgba(0, 0, 0, 0)\" class=\"has-inline-color has-vivid-red-color\">Canal din aluminiu pentru difuzor LED 15x12mm pentru benzi LED de 10mm<\/mark><\/a> pentru nevoile de iluminare difuz\u0103.<\/li>\n<\/ul>\n<\/div>\n\n\n\n<div class=\"wp-block-group has-background\" style=\"background-color:#f1f1f1;padding-top:var(--wp--preset--spacing--80);padding-bottom:var(--wp--preset--spacing--80)\"><div class=\"wp-block-group__inner-container is-layout-constrained wp-block-group-is-layout-constrained\">\n<p style=\"padding-right:var(--wp--preset--spacing--50);padding-left:var(--wp--preset--spacing--50)\">Canalul nostru LED sub\u021bire cu flan\u0219\u0103 pentru c\u0103i este o op\u021biune elegant\u0103, curat\u0103 \u0219i de lung\u0103 durat\u0103 pentru a insera benzile LED \u00een pardoseli, deck-uri sau c\u0103i. Acest canal este perfect pentru iluminatul sigur \u0219i atr\u0103g\u0103tor oriunde pe sol, deoarece este mic, are o suprafa\u021b\u0103 flan\u0219at\u0103 \u0219i poate suporta sarcini.<\/p>\n<\/div><\/div>\n\n\n\n<p><\/p>","protected":false},"featured_media":13529,"template":"","meta":{"_acf_changed":true,"_seopress_robots_primary_cat":"none","_seopress_titles_title":"Recessed Floor LED Channel with Flange | 10mm Slim FL02 Profile | TANGOOLED","_seopress_titles_desc":"The FL02 is a slim recessed floor led channel featuring a 10mm flange for seamless installation. Designed for 10mm LED strips, this aluminum walk-over profile is ideal for walkway and corridor floor lighting.","_seopress_robots_index":""},"pcb-width":[228],"product-cat":[199],"class_list":{"0":"post-42222","1":"product","2":"type-product","3":"status-publish","4":"has-post-thumbnail","6":"pcb-width-6-12mm","7":"product-cat-inground-profile"},"acf":[],"_links":{"self":[{"href":"https:\/\/tangooled.com\/ro\/wp-json\/wp\/v2\/product\/42222","targetHints":{"allow":["GET"]}}],"collection":[{"href":"https:\/\/tangooled.com\/ro\/wp-json\/wp\/v2\/product"}],"about":[{"href":"https:\/\/tangooled.com\/ro\/wp-json\/wp\/v2\/types\/product"}],"wp:featuredmedia":[{"embeddable":true,"href":"https:\/\/tangooled.com\/ro\/wp-json\/wp\/v2\/media\/13529"}],"wp:attachment":[{"href":"https:\/\/tangooled.com\/ro\/wp-json\/wp\/v2\/media?parent=42222"}],"wp:term":[{"taxonomy":"pcb-width","embeddable":true,"href":"https:\/\/tangooled.com\/ro\/wp-json\/wp\/v2\/pcb-width?post=42222"},{"taxonomy":"product-cat","embeddable":true,"href":"https:\/\/tangooled.com\/ro\/wp-json\/wp\/v2\/product-cat?post=42222"}],"curies":[{"name":"wp","href":"https:\/\/api.w.org\/{rel}","templated":true}]}}