{"id":42203,"date":"2025-12-17T05:29:18","date_gmt":"2025-12-17T13:29:18","guid":{"rendered":"https:\/\/tangooled.com\/?post_type=product&#038;p=42203"},"modified":"2026-02-02T02:06:20","modified_gmt":"2026-02-02T10:06:20","slug":"stp07-stair-edge-aluminum-lightweight-profile-10mm","status":"publish","type":"product","link":"https:\/\/tangooled.com\/ro\/produs\/stp07-stair-edge-aluminum-lightweight-profile-10mm\/","title":{"rendered":"Profil LED pentru marginea treptei u\u0219or pentru benzi de 10 mm"},"content":{"rendered":"<div class=\"wp-block-group is-vertical is-layout-flex wp-container-core-group-is-layout-d255d7c4 wp-block-group-is-layout-flex\" style=\"padding-top:var(--wp--preset--spacing--80);padding-bottom:var(--wp--preset--spacing--80)\">\n<p>Profilul nostru u\u0219or din aluminiu pentru marginea sc\u0103rilor este dezvoltat pentru benzi LED de 10mm \u0219i va ilumina \u00een siguran\u021b\u0103 \u0219i cu elegan\u021b\u0103 sc\u0103rile tale. Pune acest profil pentru marginea sc\u0103rii la marginea sc\u0103rii tale, iar el va ilumina \u00eentreaga suprafa\u021b\u0103 a treptei \u00eentr-un unghi \u00eenclinat, astfel \u00eenc\u00e2t s\u0103 po\u021bi vedea fiecare treapt\u0103 pe care o urci sau o cobori pentru siguran\u021b\u0103.<\/p>\n\n\n\n<p>Fabricat din aluminiu de \u00eenalt\u0103 calitate cu o suprafa\u021b\u0103 zim\u021bat\u0103 pentru a preveni alunecarea, \u0219i func\u021bioneaz\u0103 cu benzi de lumin\u0103 de 10mm. LED-urile sunt acoperite cu un dispersor semi-transparent sau opal, f\u0103r\u0103 puncte LED stridente; efectul de iluminare a sc\u0103rilor prezentat este moale \u0219i uniform.\u00a0<\/p>\n\n\n\n<p>Acest profil este robust, u\u0219or de t\u0103iat \u0219i de montat, \u0219i func\u021bioneaz\u0103 bine pe diferite tipuri de trepte. \u00ce\u021bi face treptele s\u0103 par\u0103 luminoase, sigure \u0219i elegante.<\/p>\n<\/div>\n\n\n\n<div class=\"wp-block-group has-background is-vertical is-layout-flex wp-container-core-group-is-layout-d255d7c4 wp-block-group-is-layout-flex\" style=\"background-color:#f1f1f1;padding-top:var(--wp--preset--spacing--80);padding-bottom:var(--wp--preset--spacing--80)\">\n<div class=\"wp-block-group is-vertical is-layout-flex wp-container-core-group-is-layout-8cf370e7 wp-block-group-is-layout-flex\">\n<h2 class=\"wp-block-heading\" style=\"padding-top:var(--wp--preset--spacing--40);padding-bottom:var(--wp--preset--spacing--40);font-size:25px;font-style:normal;font-weight:600;text-transform:capitalize\">De ce s\u0103 alegi acest profil?<\/h2>\n\n\n\n<ul class=\"wp-block-list\">\n<li>Fabricat din aluminiu anodizat 6063 pentru a men\u021bine c\u0103ldura la un minim \u0219i a prelungi durata de via\u021b\u0103 a LED-ului.<\/li>\n\n\n\n<li>Func\u021bioneaz\u0103 cu benzi LED care au o l\u0103\u021bime de 10mm sau mai mult.<\/li>\n\n\n\n<li>Dispune de un dispersor mat care \u00eempr\u0103\u0219tie lumina uniform f\u0103r\u0103 pete orbe\u0219ti.<\/li>\n\n\n\n<li>C\u00e2nd este combinat cu benzi LED rezistente la ap\u0103, pot fi utilizate \u00een interior sau \u00een exterior.<\/li>\n\n\n\n<li>Func\u021bioneaz\u0103 bine pe lemn, pl\u0103ci, beton \u0219i alte suprafe\u021be.<\/li>\n\n\n\n<li>Vine cu \u0219uruburi \u0219i capace de cap\u0103t pentru o instalare rapid\u0103.<\/li>\n\n\n\n<li>Adaug\u0103 un cap\u0103t anti-alunecare la trepte pentru a le face mai sigure.<\/li>\n<\/ul>\n<\/div>\n<\/div>\n\n\n\n<div class=\"wp-block-group is-vertical is-layout-flex wp-container-core-group-is-layout-d255d7c4 wp-block-group-is-layout-flex\" style=\"padding-top:var(--wp--preset--spacing--80);padding-bottom:var(--wp--preset--spacing--80)\">\n<hr class=\"wp-block-separator has-alpha-channel-opacity\"\/>\n\n\n\n<div class=\"wp-block-media-text has-media-on-the-right is-stacked-on-mobile\" style=\"grid-template-columns:auto 40%\"><div class=\"wp-block-media-text__content\">\n<h2 class=\"wp-block-heading\" style=\"padding-top:var(--wp--preset--spacing--40);padding-bottom:var(--wp--preset--spacing--40);font-size:25px;font-style:normal;font-weight:600;text-transform:capitalize\">Cum se instaleaz\u0103?<\/h2>\n\n\n\n<ul class=\"wp-block-list\">\n<li>Stabile\u0219te c\u00e2t de lungi sunt treptele tale.<\/li>\n\n\n\n<li>Taie profilul metalic la lungimea corect\u0103.<\/li>\n\n\n\n<li>Folose\u0219te \u0219uruburi pentru a-l ata\u0219a la marginea treptelor.<\/li>\n\n\n\n<li>Introdu banda ta LED de 10mm \u00een canal.<\/li>\n\n\n\n<li>Ata\u0219eaz\u0103 capacul dispersor mat.<\/li>\n\n\n\n<li>Seteaz\u0103 benzile LED la sursa de alimentare.<\/li>\n\n\n\n<li>Bucur\u0103-te de o iluminare str\u0103lucitoare, moale \u0219i sigur\u0103 la marginile treptelor tale!<\/li>\n<\/ul>\n<\/div><figure class=\"wp-block-media-text__media\"><img loading=\"lazy\" decoding=\"async\" width=\"500\" height=\"500\" src=\"https:\/\/tangooled.com\/wp-content\/uploads\/2025\/12\/stp07-ins.webp\" alt=\"stair edge lighting aluminum lightweight profile for 10mm led strip\" class=\"wp-image-42234 size-full\" srcset=\"https:\/\/tangooled.com\/wp-content\/uploads\/2025\/12\/stp07-ins.webp 500w, https:\/\/tangooled.com\/wp-content\/uploads\/2025\/12\/stp07-ins-300x300.webp 300w, https:\/\/tangooled.com\/wp-content\/uploads\/2025\/12\/stp07-ins-150x150.webp 150w\" sizes=\"auto, (max-width: 500px) 100vw, 500px\" \/><\/figure><\/div>\n<\/div>\n\n\n\n<div class=\"wp-block-group has-background is-vertical is-layout-flex wp-container-core-group-is-layout-b429018a wp-block-group-is-layout-flex\" style=\"background-color:#f1f1f1f2;padding-top:var(--wp--preset--spacing--70);padding-bottom:var(--wp--preset--spacing--70)\">\n<h2 class=\"wp-block-heading\" style=\"padding-top:var(--wp--preset--spacing--40);padding-bottom:var(--wp--preset--spacing--40);font-size:25px;font-style:normal;font-weight:600\">Unde s\u0103 folose\u0219ti acest profil u\u0219or din aluminiu pentru marginea sc\u0103rilor?<\/h2>\n\n\n\n<ul class=\"wp-block-list\">\n<li>Sc\u0103rile de acas\u0103: \u00een interior sau \u00een exterior, pe lemn, pl\u0103ci sau beton.<\/li>\n\n\n\n<li>Cl\u0103diri comerciale: hoteluri, restaurante, teatre, cinematografe \u0219i magazine<\/li>\n\n\n\n<li>Trepte \u00een exterior: trepte p\u00e2n\u0103 la teras\u0103 sau gr\u0103din\u0103 (cu LED-uri rezistente la intemperii).<\/li>\n\n\n\n<li>Loca\u021bii speciale: holuri, terase, alei \u0219i oriunde altundeva este necesar\u0103 iluminarea de siguran\u021b\u0103.<\/li>\n<\/ul>\n<\/div>\n\n\n\n<div class=\"wp-block-group is-vertical is-layout-flex wp-container-core-group-is-layout-d255d7c4 wp-block-group-is-layout-flex\" style=\"padding-top:var(--wp--preset--spacing--80);padding-bottom:var(--wp--preset--spacing--80)\">\n<h2 class=\"wp-block-heading\" style=\"padding-top:var(--wp--preset--spacing--40);padding-bottom:var(--wp--preset--spacing--40);font-size:25px;font-style:normal;font-weight:600;text-transform:capitalize\">Rezumat<\/h2>\n\n\n\n<p>Pentru iluminarea sc\u0103rilor \u00een mod sigur, elegant \u0219i pe termen lung, profilul nostru u\u0219or din aluminiu pentru marginea sc\u0103rilor pentru benzi LED de 10mm este cea mai bun\u0103 solu\u021bie. Este u\u0219or de asamblat, arat\u0103 bine \u0219i poate fi folosit \u00een multe medii, cum ar fi casele, birourile, teatrele \u0219i \u00een exterior. Adaug\u0103 lumin\u0103 direct\u0103 la fiecare treapt\u0103 pentru a proteja LED-urile \u0219i a face spa\u021biul t\u0103u s\u0103 str\u0103luceasc\u0103! Pentru mai multe informa\u021bii despre profilele de iluminat din aluminiu pentru sc\u0103ri, consult\u0103 ofertele noastre conexe, cum ar fi <a href=\"https:\/\/tangooled.com\/ro\/produs\/black-led-diffuser-aluminum-channel-for-12mm-tape-lights\/\"><mark style=\"background-color:rgba(0, 0, 0, 0)\" class=\"has-inline-color has-vivid-red-color\">Canal din aluminiu pentru difuzor LED negru, pentru lumini cu band\u0103 de 12 mm<\/mark><\/a> sau exploreaz\u0103 <a href=\"https:\/\/tangooled.com\/ro\/produs\/surface-mount-led-profile-with-frosted-diffuser-for-10mm-rope-lights\/\"><mark style=\"background-color:rgba(0, 0, 0, 0)\" class=\"has-inline-color has-vivid-red-color\">Profil LED montat pe suprafa\u021b\u0103 cu dispersor mat <\/mark><\/a>pentru nevoi diferite de iluminat.<\/p>\n<\/div>\n\n\n\n<p><\/p>","protected":false},"featured_media":13618,"template":"","meta":{"_acf_changed":true,"_seopress_robots_primary_cat":"none","_seopress_titles_title":"Lightweight Stair Edge Aluminum Profile | Slim LED Step Light STP07","_seopress_titles_desc":"The STP07 is a slim stair edge aluminum lightweight profile designed for 10mm strip lights. Perfect for residential DIY and minimalist decor, this easy-to-install profile provides subtle step edge lighting.","_seopress_robots_index":""},"pcb-width":[228],"product-cat":[200],"class_list":{"0":"post-42203","1":"product","2":"type-product","3":"status-publish","4":"has-post-thumbnail","6":"pcb-width-6-12mm","7":"product-cat-stair-nosing-profile"},"acf":[],"_links":{"self":[{"href":"https:\/\/tangooled.com\/ro\/wp-json\/wp\/v2\/product\/42203","targetHints":{"allow":["GET"]}}],"collection":[{"href":"https:\/\/tangooled.com\/ro\/wp-json\/wp\/v2\/product"}],"about":[{"href":"https:\/\/tangooled.com\/ro\/wp-json\/wp\/v2\/types\/product"}],"wp:featuredmedia":[{"embeddable":true,"href":"https:\/\/tangooled.com\/ro\/wp-json\/wp\/v2\/media\/13618"}],"wp:attachment":[{"href":"https:\/\/tangooled.com\/ro\/wp-json\/wp\/v2\/media?parent=42203"}],"wp:term":[{"taxonomy":"pcb-width","embeddable":true,"href":"https:\/\/tangooled.com\/ro\/wp-json\/wp\/v2\/pcb-width?post=42203"},{"taxonomy":"product-cat","embeddable":true,"href":"https:\/\/tangooled.com\/ro\/wp-json\/wp\/v2\/product-cat?post=42203"}],"curies":[{"name":"wp","href":"https:\/\/api.w.org\/{rel}","templated":true}]}}