{"id":42202,"date":"2025-12-17T05:22:27","date_gmt":"2025-12-17T13:22:27","guid":{"rendered":"https:\/\/tangooled.com\/?post_type=product&#038;p=42202"},"modified":"2026-01-27T01:56:24","modified_gmt":"2026-01-27T09:56:24","slug":"2-in-1-anti-slip-led-stair-nosing-profile-for-12mm-led-strip","status":"publish","type":"product","link":"https:\/\/tangooled.com\/ro\/produs\/2-in-1-anti-slip-led-stair-nosing-profile-for-12mm-led-strip\/","title":{"rendered":"Profil anti-alunecare 2-in-1 pentru treptele cu band\u0103 LED de 12 mm"},"content":{"rendered":"<div class=\"wp-block-group is-vertical is-layout-flex wp-container-core-group-is-layout-d255d7c4 wp-block-group-is-layout-flex\" style=\"padding-top:var(--wp--preset--spacing--80);padding-bottom:var(--wp--preset--spacing--80)\">\n<p>Need your stair tread safe and stylish? Check out our 2-in-1 anti slip stair nosing profile. This stair nosing profile has a 2-in-1 structure that lets you install the light and fix it in place by screwing the light body to the edges of wooden, concrete, or metal stair treads. Then, you can snap the anti-slip part onto it. It&#8217;s easy to install this type of aluminum stair nosing profile, and you can utilize it to enhance or modify your stairway at any time.<\/p>\n\n\n\n<p>Acest profil de nas de scar\u0103 din aluminiu 2 \u00een 1 este robust \u0219i construit pentru durabilitate. Men\u021bine un rating IP20 pentru medii interioare uscate. C\u00e2nd este utilizat pe trepte exterioare, alege benzi IP67 pentru o impermeabilitate superioar\u0103.<br>Profilul de nas de scar\u0103 antiderapant ajut\u0103 picioarele tale s\u0103 se fixeze pe trepte, prevenind alunec\u0103rile chiar \u0219i \u00een condi\u021bii umede sau \u00eentunecoase, sporind considerabil siguran\u021ba la urcatul \u0219i cobor\u00e2tul sc\u0103rilor.<\/p>\n<\/div>\n\n\n\n<div class=\"wp-block-group has-background is-vertical is-layout-flex wp-container-core-group-is-layout-d255d7c4 wp-block-group-is-layout-flex\" style=\"background-color:#f1f1f1;padding-top:var(--wp--preset--spacing--80);padding-bottom:var(--wp--preset--spacing--80)\">\n<div class=\"wp-block-group is-vertical is-layout-flex wp-container-core-group-is-layout-8cf370e7 wp-block-group-is-layout-flex\">\n<h2 class=\"wp-block-heading\" style=\"padding-top:var(--wp--preset--spacing--40);padding-bottom:var(--wp--preset--spacing--40);font-size:25px;font-style:normal;font-weight:600;text-transform:capitalize\">De ce s\u0103 alegi profilul nostru de nas de scar\u0103 antiderapant 2 \u00een 1?<\/h2>\n\n\n\n<ul class=\"wp-block-list\">\n<li>Construc\u021bie 2 \u00een 1: Dou\u0103 benzi de extrudare din aluminiu \u00ee\u021bi ofer\u0103 at\u00e2t protec\u021bie, c\u00e2t \u0219i iluminare.<\/li>\n\n\n\n<li>Suprafa\u021b\u0103 antiderapant\u0103: Benzi fine pe suprafa\u021ba din aluminiu te \u00eempiedic\u0103 s\u0103 aluneci \u0219i s\u0103 cazi.<\/li>\n\n\n\n<li>Iluminare sigur\u0103: Luminile str\u0103lucesc pe trepte f\u0103r\u0103 s\u0103 le fac\u0103 greu de v\u0103zut.<\/li>\n\n\n\n<li>U\u0219or de asamblat: Tot ce trebuie s\u0103 faci este s\u0103 \u00een\u0219emi sec\u021biunea de iluminare \u0219i s\u0103 fixezi banda antiderapant\u0103 pentru a o men\u021bine \u00een loc.<\/li>\n<\/ul>\n<\/div>\n<\/div>\n\n\n\n<div class=\"wp-block-group\" style=\"padding-top:var(--wp--preset--spacing--60);padding-bottom:var(--wp--preset--spacing--60)\"><div class=\"wp-block-group__inner-container is-layout-constrained wp-block-group-is-layout-constrained\">\n<div class=\"wp-block-media-text has-media-on-the-right is-stacked-on-mobile\" style=\"grid-template-columns:auto 40%\"><div class=\"wp-block-media-text__content\">\n<h2 class=\"wp-block-heading\" style=\"padding-top:var(--wp--preset--spacing--40);padding-bottom:var(--wp--preset--spacing--40);font-size:25px;font-style:normal;font-weight:600;text-transform:capitalize\">Instalare simplificat\u0103<\/h2>\n\n\n\n<ul class=\"wp-block-list\">\n<li>Introdu banda LED \u00een sec\u021biunea stripului de iluminare din aluminiu \u0219i folose\u0219te \u0219uruburi pentru a o fixa pe marginea treptei.<\/li>\n\n\n\n<li>Ata\u0219eaz\u0103 banda de aluminiu care \u00eempiedic\u0103 alunecarea la partea luminoas\u0103.<\/li>\n\n\n\n<li>Pune capacele de cap\u0103t pe ambele laturi ale profilului de scar\u0103.<\/li>\n\n\n\n<li>Conecteaz\u0103-te la o surs\u0103 de putere DC pentru LED.<\/li>\n<\/ul>\n<\/div><figure class=\"wp-block-media-text__media\"><img loading=\"lazy\" decoding=\"async\" width=\"500\" height=\"500\" src=\"https:\/\/tangooled.com\/wp-content\/uploads\/2025\/12\/stp06-ins.webp\" alt=\"2 in 1 anti slip led stair nosing profile for 12mm led strip\" class=\"wp-image-42231 size-full\" srcset=\"https:\/\/tangooled.com\/wp-content\/uploads\/2025\/12\/stp06-ins.webp 500w, https:\/\/tangooled.com\/wp-content\/uploads\/2025\/12\/stp06-ins-300x300.webp 300w, https:\/\/tangooled.com\/wp-content\/uploads\/2025\/12\/stp06-ins-150x150.webp 150w\" sizes=\"auto, (max-width: 500px) 100vw, 500px\" \/><\/figure><\/div>\n<\/div><\/div>\n\n\n\n<div class=\"wp-block-group has-background is-vertical is-layout-flex wp-container-core-group-is-layout-b429018a wp-block-group-is-layout-flex\" style=\"background-color:#f1f1f1f2;padding-top:var(--wp--preset--spacing--70);padding-bottom:var(--wp--preset--spacing--70)\">\n<h2 class=\"wp-block-heading\" style=\"padding-top:var(--wp--preset--spacing--40);padding-bottom:var(--wp--preset--spacing--40);font-size:25px;font-style:normal;font-weight:600\">Unde s\u0103 \u00eel folose\u0219ti?<\/h2>\n\n\n\n<p>Profilul nostru de nas de scar\u0103 antiderapant 2 \u00een 1 se potrive\u0219te \u00een multe locuri \u0219i pe trepte:<\/p>\n\n\n\n<ul class=\"wp-block-list\">\n<li>Acas\u0103: Holuri, subsoluri, teatre de acas\u0103 \u0219i trepte din ceramic\u0103 sau lemn.<\/li>\n\n\n\n<li>Comercial: Hoteluri, birouri, teatre \u0219i magazine care necesit\u0103 trepte sigure \u0219i luminoase.<\/li>\n\n\n\n<li>Exterior: Dac\u0103 produsul este evaluat pentru utilizare exterioar\u0103, \u00eel po\u021bi folosi pe trepte din beton sau ceramic\u0103 (vezi specifica\u021biile).<\/li>\n\n\n\n<li>Tipuri de podele: lemn, ceramic\u0103, laminat, beton \u0219i mochet\u0103 u\u0219oar\u0103 (cu grij\u0103).<\/li>\n<\/ul>\n<\/div>\n\n\n\n<div class=\"wp-block-group is-vertical is-layout-flex wp-container-core-group-is-layout-d255d7c4 wp-block-group-is-layout-flex\" style=\"padding-top:var(--wp--preset--spacing--80);padding-bottom:var(--wp--preset--spacing--80)\">\n<h2 class=\"wp-block-heading\" style=\"padding-top:var(--wp--preset--spacing--40);padding-bottom:var(--wp--preset--spacing--40);font-size:25px;font-style:normal;font-weight:600;text-transform:capitalize\">Profiluri LED compatibile din gama noastr\u0103<\/h2>\n\n\n\n<p>Dac\u0103 dore\u0219ti alte canale LED pentru dimensiuni sau efecte diferite, verific\u0103 aceste op\u021biuni excelente:<\/p>\n\n\n\n<ul class=\"wp-block-list\">\n<li><a href=\"https:\/\/tangooled.com\/ro\/produs\/black-led-diffuser-aluminum-channel-for-12mm-tape-lights\/\"><mark style=\"background-color:rgba(0, 0, 0, 0)\" class=\"has-inline-color has-vivid-red-color\">Canal din aluminiu cu difuzor LED negru pentru benzi de 12mm<\/mark><\/a>.<\/li>\n\n\n\n<li><a href=\"https:\/\/tangooled.com\/ro\/produs\/18mm-flexible-led-profile-for-12mm-led-strips\/\"><mark style=\"background-color:rgba(0, 0, 0, 0)\" class=\"has-inline-color has-vivid-red-color\">Profil LED flexibil de 18mm pentru benzi LED de 12mm<\/mark><\/a>.<\/li>\n\n\n\n<li><a href=\"https:\/\/tangooled.com\/ro\/produs\/2-in-1-anti-slip-led-stair-nosing-profile-for-12mm-led-strip\/\"><mark style=\"background-color:rgba(0, 0, 0, 0)\" class=\"has-inline-color has-vivid-red-color\">Profil de nas de scar\u0103 antiderapant 2 \u00een 1 pentru band\u0103 LED de 12mm<\/mark><\/a>.<\/li>\n\n\n\n<li><a href=\"https:\/\/tangooled.com\/ro\/produs\/26mm-floor-recessed-led-aluminum-channel-for-12mm-led-strips\/\"><mark style=\"background-color:rgba(0, 0, 0, 0)\" class=\"has-inline-color has-vivid-red-color\">Canal din aluminiu \u00eencastrat pentru LED de 26mm pentru benzi LED de 12mm<\/mark><\/a>.<\/li>\n\n\n\n<li><a href=\"https:\/\/tangooled.com\/ro\/produs\/aluminum-drywall-led-skirting-profile-for-12mm-tape-light\/\"><mark style=\"background-color:rgba(0, 0, 0, 0)\" class=\"has-inline-color has-vivid-red-color\">Profil LED din aluminiu pentru gips carton cu margine pentru band\u0103 de lumin\u0103 de 12 mm<\/mark><\/a>.<\/li>\n<\/ul>\n<\/div>\n\n\n\n<div class=\"wp-block-group has-background\" style=\"background-color:#f1f1f1;padding-top:var(--wp--preset--spacing--80);padding-bottom:var(--wp--preset--spacing--80)\"><div class=\"wp-block-group__inner-container is-layout-constrained wp-block-group-is-layout-constrained\">\n<h2 class=\"wp-block-heading\" style=\"padding-top:var(--wp--preset--spacing--40);padding-bottom:var(--wp--preset--spacing--40);font-size:25px;font-style:normal;font-weight:600;text-transform:capitalize\">rezumat<\/h2>\n\n\n\n<p style=\"padding-right:var(--wp--preset--spacing--50);padding-left:var(--wp--preset--spacing--50)\">If you want safer, brighter staircases, our 2-in-1 anti-slip stair nosing profile is the ideal solution. It has a robust edge protector that keeps people from slipping and a beautiful, concealed LED light channel for 12mm LED strips. You get superb protection for your stairs with lighting that is clear and doesn&#8217;t glare, and suits many types of floors. This product is easy to put together and will last a long time. It combines safety and beauty.<\/p>\n<\/div><\/div>\n\n\n\n<p><\/p>","protected":false},"featured_media":13613,"template":"","meta":{"_acf_changed":true,"_seopress_robots_primary_cat":"none","_seopress_titles_title":"Anti-Slip LED Stair Nosing Profile STP06 | TANGOOLED","_seopress_titles_desc":"Our 2-in-1 anti slip led stair nosing profile designed for 12mm led strips. Featuring a robust aluminum body and enhanced grip, it provides superior safety and architectural lighting for high-traffic stairs.","_seopress_robots_index":""},"pcb-width":[228],"product-cat":[200],"class_list":{"0":"post-42202","1":"product","2":"type-product","3":"status-publish","4":"has-post-thumbnail","6":"pcb-width-6-12mm","7":"product-cat-stair-nosing-profile"},"acf":[],"_links":{"self":[{"href":"https:\/\/tangooled.com\/ro\/wp-json\/wp\/v2\/product\/42202","targetHints":{"allow":["GET"]}}],"collection":[{"href":"https:\/\/tangooled.com\/ro\/wp-json\/wp\/v2\/product"}],"about":[{"href":"https:\/\/tangooled.com\/ro\/wp-json\/wp\/v2\/types\/product"}],"wp:featuredmedia":[{"embeddable":true,"href":"https:\/\/tangooled.com\/ro\/wp-json\/wp\/v2\/media\/13613"}],"wp:attachment":[{"href":"https:\/\/tangooled.com\/ro\/wp-json\/wp\/v2\/media?parent=42202"}],"wp:term":[{"taxonomy":"pcb-width","embeddable":true,"href":"https:\/\/tangooled.com\/ro\/wp-json\/wp\/v2\/pcb-width?post=42202"},{"taxonomy":"product-cat","embeddable":true,"href":"https:\/\/tangooled.com\/ro\/wp-json\/wp\/v2\/product-cat?post=42202"}],"curies":[{"name":"wp","href":"https:\/\/api.w.org\/{rel}","templated":true}]}}