{"id":42199,"date":"2025-12-17T05:15:25","date_gmt":"2025-12-17T13:15:25","guid":{"rendered":"https:\/\/tangooled.com\/?post_type=product&#038;p=42199"},"modified":"2026-01-31T06:58:03","modified_gmt":"2026-01-31T14:58:03","slug":"surface-mount-aluminum-stair-nosing-profile-for-10mm-led-strip","status":"publish","type":"product","link":"https:\/\/tangooled.com\/ro\/produs\/surface-mount-aluminum-stair-nosing-profile-for-10mm-led-strip\/","title":{"rendered":"Profil din aluminiu montat pe suprafa\u021b\u0103 pentru trepte cu band\u0103 LED de 10 mm"},"content":{"rendered":"<div class=\"wp-block-group is-vertical is-layout-flex wp-container-core-group-is-layout-d255d7c4 wp-block-group-is-layout-flex\" style=\"padding-top:var(--wp--preset--spacing--80);padding-bottom:var(--wp--preset--spacing--80)\">\n<p>\u00cembun\u0103t\u0103\u021bi\u021bi siguran\u021ba \u0219i luminozitatea sc\u0103rilor dvs. cu profilul nostru din aluminiu pentru marginea sc\u0103rii. Acest profil se fixeaz\u0103 direct pe marginea treptelor f\u0103r\u0103 a afecta structura sc\u0103rii de dedesubt, oferind o solu\u021bie rapid\u0103 de iluminat pentru sc\u0103rile existente. Este compatibil cu o gam\u0103 larg\u0103 de materiale pentru sc\u0103ri, inclusiv beton, lemn \u0219i gresie.<\/p>\n\n\n\n<p>The horizontal stripes on the surface make it easier to perceive and provide you a grip that won&#8217;t slip. Constructed from aluminum alloy, the profile is wear-resistant and ideal for indoor and outdoor use.<br>Acest profil are trei beneficii: protejeaz\u0103 marginile treptelor, ofer\u0103 un grip antiderapant \u0219i asigur\u0103 o iluminare uniform\u0103, f\u0103r\u0103 str\u0103lucire, pentru fiecare treapt\u0103. Se potrive\u0219te perfect cu majoritatea benzilor LED \u0219i este u\u0219or de montat pe sc\u0103rile existente, ceea ce \u00eel face ideal pentru case, birouri \u0219i spa\u021bii publice.<\/p>\n<\/div>\n\n\n\n<div class=\"wp-block-group has-background is-vertical is-layout-flex wp-container-core-group-is-layout-d255d7c4 wp-block-group-is-layout-flex\" style=\"background-color:#f1f1f1;padding-top:var(--wp--preset--spacing--80);padding-bottom:var(--wp--preset--spacing--80)\">\n<div class=\"wp-block-group is-vertical is-layout-flex wp-container-core-group-is-layout-8cf370e7 wp-block-group-is-layout-flex\">\n<h2 class=\"wp-block-heading\" style=\"padding-top:var(--wp--preset--spacing--40);padding-bottom:var(--wp--preset--spacing--40);font-size:25px;font-style:normal;font-weight:600;text-transform:capitalize\">De ce s\u0103 alege\u021bi profilul nostru din aluminiu pentru marginea sc\u0103rii?<\/h2>\n\n\n\n<ul class=\"wp-block-list\">\n<li>Fabricat din aluminiu anodizat 6063-T5, rezistent la c\u0103ldur\u0103 \u0219i robust.<\/li>\n\n\n\n<li>Designul cu stria\u021bii cre\u0219te frecarea suprafe\u021bei pentru a preveni c\u0103derile.<\/li>\n\n\n\n<li>Designul de montare pe suprafa\u021b\u0103 face instalarea simpl\u0103 pe lemn, beton, gresie sau covor.<\/li>\n\n\n\n<li>Vine cu un capac difuzor opal care face ca lumina s\u0103 fie bl\u00e2nd\u0103 \u0219i uniform\u0103, f\u0103r\u0103 pete sau str\u0103lucire puternic\u0103.<\/li>\n\n\n\n<li>Direc\u021bia luminii \u00een jos care lumineaz\u0103 treapta urm\u0103toare \u00een siguran\u021b\u0103.<\/li>\n\n\n\n<li>Disponibil \u00een finisaje argintii, negre \u0219i bronz pentru a se potrivi cu orice stil.<\/li>\n<\/ul>\n<\/div>\n<\/div>\n\n\n\n<div class=\"wp-block-group\" style=\"padding-top:var(--wp--preset--spacing--60);padding-bottom:var(--wp--preset--spacing--60)\"><div class=\"wp-block-group__inner-container is-layout-constrained wp-block-group-is-layout-constrained\">\n<div class=\"wp-block-media-text has-media-on-the-right is-stacked-on-mobile\" style=\"grid-template-columns:auto 40%\"><div class=\"wp-block-media-text__content\">\n<h2 class=\"wp-block-heading\" style=\"padding-top:var(--wp--preset--spacing--40);padding-bottom:var(--wp--preset--spacing--40);font-size:25px;font-style:normal;font-weight:600;text-transform:capitalize\">Pa\u0219ii de instalare<\/h2>\n\n\n\n<ul class=\"wp-block-list\">\n<li>Preg\u0103ti\u021bi suprafa\u021ba treptelor asigur\u00e2ndu-v\u0103 c\u0103 este curat\u0103, uscat\u0103 \u0219i nivelat\u0103.<\/li>\n\n\n\n<li>Folosi\u021bi o feronerie de t\u0103iere pentru a adapta profilul de aluminiu la lungimea dorit\u0103.<\/li>\n\n\n\n<li>Pune\u021bi profilul de montare pe suprafa\u021b\u0103 pe marginea sc\u0103rilor \u0219i fixa\u021bi-l.<\/li>\n\n\n\n<li>Introduce\u021bi banda LED de 10mm \u00een canal.<\/li>\n\n\n\n<li>Pune\u021bi difuzorul opal pentru a face lumina uniform\u0103.<\/li>\n<\/ul>\n<\/div><figure class=\"wp-block-media-text__media\"><img loading=\"lazy\" decoding=\"async\" width=\"500\" height=\"500\" src=\"https:\/\/tangooled.com\/wp-content\/uploads\/2025\/12\/stp05-ins.webp\" alt=\"Profil din aluminiu montat pe suprafa\u021b\u0103 pentru trepte cu band\u0103 LED de 10 mm\" class=\"wp-image-42218 size-full\" srcset=\"https:\/\/tangooled.com\/wp-content\/uploads\/2025\/12\/stp05-ins.webp 500w, https:\/\/tangooled.com\/wp-content\/uploads\/2025\/12\/stp05-ins-300x300.webp 300w, https:\/\/tangooled.com\/wp-content\/uploads\/2025\/12\/stp05-ins-150x150.webp 150w\" sizes=\"auto, (max-width: 500px) 100vw, 500px\" \/><\/figure><\/div>\n<\/div><\/div>\n\n\n\n<div class=\"wp-block-group has-background is-vertical is-layout-flex wp-container-core-group-is-layout-b429018a wp-block-group-is-layout-flex\" style=\"background-color:#f1f1f1f2;padding-top:var(--wp--preset--spacing--70);padding-bottom:var(--wp--preset--spacing--70)\">\n<h2 class=\"wp-block-heading\" style=\"padding-top:var(--wp--preset--spacing--40);padding-bottom:var(--wp--preset--spacing--40);font-size:25px;font-style:normal;font-weight:600\">Scenarii de utilizare<\/h2>\n\n\n\n<ul class=\"wp-block-list\">\n<li>Sc\u0103ri, subsoluri \u0219i holuri \u00een case.&nbsp;<\/li>\n\n\n\n<li>Sc\u0103ri \u00een teatre \u0219i cinematografe pentru siguran\u021b\u0103 \u0219i atmosfer\u0103.&nbsp;<\/li>\n\n\n\n<li>Sc\u0103ri \u00een holurile hotelurilor \u0219i restaurante pentru lux \u0219i siguran\u021b\u0103.&nbsp;<\/li>\n\n\n\n<li>Sc\u0103ri \u00een birouri \u0219i magazine \u00een cl\u0103diri comerciale.<\/li>\n\n\n\n<li>Sc\u0103ri pe terase exterioare c\u00e2nd sunt folosite cu benzile LED rezistente la ap\u0103.<\/li>\n<\/ul>\n<\/div>\n\n\n\n<div class=\"wp-block-group\" style=\"padding-top:var(--wp--preset--spacing--80);padding-bottom:var(--wp--preset--spacing--80)\"><div class=\"wp-block-group__inner-container is-layout-constrained wp-block-group-is-layout-constrained\">\n<h2 class=\"wp-block-heading\" style=\"padding-top:var(--wp--preset--spacing--40);padding-bottom:var(--wp--preset--spacing--40);font-size:25px;font-style:normal;font-weight:600;text-transform:capitalize\">Produse conexe<\/h2>\n\n\n\n<ul class=\"wp-block-list\">\n<li><a href=\"https:\/\/tangooled.com\/ro\/produs\/black-aluminum-u-channel-profile-for-10mm-led-strips\/\"><mark style=\"background-color:rgba(0, 0, 0, 0)\" class=\"has-inline-color has-vivid-red-color\">Profil de canal U din aluminiu negru pentru benzi LED de 10mm<\/mark><\/a><\/li>\n\n\n\n<li><a href=\"https:\/\/tangooled.com\/ro\/produs\/led-strip-light-channel-aluminum-profile-with-diffused-cover-6mm-height\/\"><mark style=\"background-color:rgba(0, 0, 0, 0)\" class=\"has-inline-color has-vivid-red-color\">Profil LED de montare pe suprafa\u021b\u0103 cu difuzor satin pentru benzile de 10mm<\/mark><\/a><\/li>\n\n\n\n<li><a href=\"https:\/\/tangooled.com\/ro\/produs\/surface-mount-led-profile-with-frosted-diffuser-for-10mm-rope-lights\/\"><mark style=\"background-color:rgba(0, 0, 0, 0)\" class=\"has-inline-color has-vivid-red-color\">Profil din aluminiu pentru benzi LED cu capac difuzor de 6mm \u00een\u0103l\u021bime<\/mark><\/a><\/li>\n<\/ul>\n<\/div><\/div>\n\n\n\n<div class=\"wp-block-group has-background\" style=\"background-color:#f1f1f1;padding-top:var(--wp--preset--spacing--80);padding-bottom:var(--wp--preset--spacing--80)\"><div class=\"wp-block-group__inner-container is-layout-constrained wp-block-group-is-layout-constrained\">\n<p style=\"padding-right:var(--wp--preset--spacing--50);padding-left:var(--wp--preset--spacing--50)\">\u00cembun\u0103t\u0103\u021bi\u021bi sc\u0103rile cu profilul nostru din aluminiu pentru marginea sc\u0103rii pentru benzi LED de 10mm. Proteja\u021bi marginile, ad\u0103uga\u021bi siguran\u021b\u0103 cu caracteristici antiderapante \u0219i crea\u021bi un iluminat LED uimitor, f\u0103r\u0103 str\u0103lucire, care \u00eembun\u0103t\u0103\u021be\u0219te fiecare treapt\u0103. Pentru mai multe op\u021biuni, vizita\u021bi selec\u021bia noastr\u0103 de profile complementare \u0219i difuzere la <a href=\"https:\/\/tangooled.com\/ro\/led-profiles\/\"><mark style=\"background-color:rgba(0, 0, 0, 0)\" class=\"has-inline-color has-vivid-red-color\">Tangooled<\/mark><\/a>.<\/p>\n<\/div><\/div>\n\n\n\n<p><\/p>","protected":false},"featured_media":13605,"template":"","meta":{"_acf_changed":true,"_seopress_robots_primary_cat":"none","_seopress_titles_title":"Surface Mount Aluminum Stair Nosing Profile STP05 | TANGOOLED","_seopress_titles_desc":"The STP05 is a durable surface mount aluminum stair nosing profile designed for 10mm LED strips. Enhance safety and visibility with this easy-to-install step lighting solution.","_seopress_robots_index":""},"pcb-width":[228],"product-cat":[200],"class_list":{"0":"post-42199","1":"product","2":"type-product","3":"status-publish","4":"has-post-thumbnail","6":"pcb-width-6-12mm","7":"product-cat-stair-nosing-profile"},"acf":[],"_links":{"self":[{"href":"https:\/\/tangooled.com\/ro\/wp-json\/wp\/v2\/product\/42199","targetHints":{"allow":["GET"]}}],"collection":[{"href":"https:\/\/tangooled.com\/ro\/wp-json\/wp\/v2\/product"}],"about":[{"href":"https:\/\/tangooled.com\/ro\/wp-json\/wp\/v2\/types\/product"}],"wp:featuredmedia":[{"embeddable":true,"href":"https:\/\/tangooled.com\/ro\/wp-json\/wp\/v2\/media\/13605"}],"wp:attachment":[{"href":"https:\/\/tangooled.com\/ro\/wp-json\/wp\/v2\/media?parent=42199"}],"wp:term":[{"taxonomy":"pcb-width","embeddable":true,"href":"https:\/\/tangooled.com\/ro\/wp-json\/wp\/v2\/pcb-width?post=42199"},{"taxonomy":"product-cat","embeddable":true,"href":"https:\/\/tangooled.com\/ro\/wp-json\/wp\/v2\/product-cat?post=42199"}],"curies":[{"name":"wp","href":"https:\/\/api.w.org\/{rel}","templated":true}]}}