{"id":42197,"date":"2025-12-17T05:09:00","date_gmt":"2025-12-17T13:09:00","guid":{"rendered":"https:\/\/tangooled.com\/?post_type=product&#038;p=42197"},"modified":"2026-01-27T01:51:07","modified_gmt":"2026-01-27T09:51:07","slug":"recessed-floor-step-edge-lighting-led-profile","status":"publish","type":"product","link":"https:\/\/tangooled.com\/ro\/produs\/recessed-floor-step-edge-lighting-led-profile\/","title":{"rendered":"Profil LED pentru iluminarea marginii treptei \u00eencastrat \u00een podea"},"content":{"rendered":"<div class=\"wp-block-group is-vertical is-layout-flex wp-container-core-group-is-layout-d255d7c4 wp-block-group-is-layout-flex\" style=\"padding-top:var(--wp--preset--spacing--80);padding-bottom:var(--wp--preset--spacing--80)\">\n<p>Ilumineaz\u0103 \u0219i securizeaz\u0103 podelele \u0219i treptele tale cu profilul nostru LED pentru marginea treptelor integrate. Acest profil este proiectat unic, cu o parte fixat\u0103 \u00een siguran\u021b\u0103 sub structura trepte de scar\u0103, \u00een timp ce cealalt\u0103 parte se extinde \u00eenainte pentru a proteja marginea treptei f\u0103r\u0103 a interfera cu mersul normal.<\/p>\n\n\n\n<p>The most important thing is that the profile&#8217;s non-slip surface is level with the tile or other floor covering on the stairs. This alignment achieves the intended result of the lit stair edge being seamlessly integrated into the stairs.<\/p>\n\n\n\n<p>Canalul de lumin\u0103 \u00eencorporat poate sus\u021bine benzi LED cu o l\u0103\u021bime de p\u00e2n\u0103 la 10 mm. Lumina str\u0103luce\u0219te \u00een jos, ilumin\u00e2nd uniform c\u0103minul sc\u0103rii. Fabricat din aluminiu anodizat de \u00eenalt\u0103 calitate, acest profil LED pentru treptele sc\u0103rilor este extrem de durabil \u0219i potrivit at\u00e2t pentru aplica\u021bii reziden\u021biale, c\u00e2t \u0219i comerciale.<\/p>\n<\/div>\n\n\n\n<div class=\"wp-block-group has-background is-vertical is-layout-flex wp-container-core-group-is-layout-d255d7c4 wp-block-group-is-layout-flex\" style=\"background-color:#f1f1f1;padding-top:var(--wp--preset--spacing--80);padding-bottom:var(--wp--preset--spacing--80)\">\n<div class=\"wp-block-group is-vertical is-layout-flex wp-container-core-group-is-layout-8cf370e7 wp-block-group-is-layout-flex\">\n<h2 class=\"wp-block-heading\" style=\"padding-top:var(--wp--preset--spacing--40);padding-bottom:var(--wp--preset--spacing--40);font-size:25px;font-style:normal;font-weight:600;text-transform:capitalize\">De ce s\u0103 alegi profilul nostru LED pentru marginea treptelor integrate?<\/h2>\n\n\n\n<ul class=\"wp-block-list\">\n<li>Aluminiu rezistent: protejeaz\u0103 LED-urile \u0219i ajut\u0103 luminile s\u0103 r\u0103m\u00e2n\u0103 reci, astfel \u00eenc\u00e2t s\u0103 dureze mai mult.<\/li>\n\n\n\n<li>Sigur pentru mers: Lentila robust\u0103 permite s\u0103 mergi sau s\u0103 conduci peste ea f\u0103r\u0103 a o deteriora.<\/li>\n\n\n\n<li>Flush Mount: Stays flat with floors or stairs so you don&#8217;t trip.<\/li>\n\n\n\n<li>Func\u021bioneaz\u0103 cu multe benzi LED: poate sus\u021bine benzi de p\u00e2n\u0103 la 10mm l\u0103\u021bime.<\/li>\n\n\n\n<li>Iluminare frumoas\u0103: Difuzorul mat face ca lumina s\u0103 arate ca o linie delicat\u0103 \u0219i neted\u0103.<\/li>\n<\/ul>\n<\/div>\n<\/div>\n\n\n\n<div class=\"wp-block-group is-vertical is-layout-flex wp-container-core-group-is-layout-d255d7c4 wp-block-group-is-layout-flex\" style=\"padding-top:var(--wp--preset--spacing--80);padding-bottom:var(--wp--preset--spacing--80)\">\n<hr class=\"wp-block-separator has-alpha-channel-opacity\"\/>\n\n\n\n<div class=\"wp-block-media-text has-media-on-the-right is-stacked-on-mobile\" style=\"grid-template-columns:auto 40%\"><div class=\"wp-block-media-text__content\">\n<h2 class=\"wp-block-heading\" style=\"padding-top:var(--wp--preset--spacing--40);padding-bottom:var(--wp--preset--spacing--40);font-size:25px;font-style:normal;font-weight:600;text-transform:capitalize\">Cum s\u0103 instala\u021bi<\/h2>\n\n\n\n<ul class=\"wp-block-list\">\n<li>Taie canalul din aluminiu la aceea\u0219i lungime ca sc\u0103rile tale.<\/li>\n\n\n\n<li>A\u0219az\u0103 banda ta LED (de p\u00e2n\u0103 la 10mm l\u0103\u021bime) \u00een interiorul canalului.<\/li>\n\n\n\n<li>Apas\u0103 difuzorul mat \u00een loc \u0219i sigileaz\u0103 capacele de cap\u0103t.<\/li>\n\n\n\n<li>A\u0219az\u0103 canalul din aluminiu pe suprafa\u021ba treptei \u0219i folose\u0219te un panou de \u00eenchidere pentru a acoperi partea integrat\u0103.<\/li>\n\n\n\n<li>Conecteaz\u0103-l la sursa ta de alimentare \u0219i la controlerul dorit.<\/li>\n<\/ul>\n<\/div><figure class=\"wp-block-media-text__media\"><img loading=\"lazy\" decoding=\"async\" width=\"500\" height=\"500\" src=\"https:\/\/tangooled.com\/wp-content\/uploads\/2025\/12\/stp04-ins.webp\" alt=\"Profil LED pentru iluminarea marginii treptei \u00eencastrat \u00een podea\" class=\"wp-image-42211 size-full\" srcset=\"https:\/\/tangooled.com\/wp-content\/uploads\/2025\/12\/stp04-ins.webp 500w, https:\/\/tangooled.com\/wp-content\/uploads\/2025\/12\/stp04-ins-300x300.webp 300w, https:\/\/tangooled.com\/wp-content\/uploads\/2025\/12\/stp04-ins-150x150.webp 150w\" sizes=\"auto, (max-width: 500px) 100vw, 500px\" \/><\/figure><\/div>\n<\/div>\n\n\n\n<div class=\"wp-block-group has-background is-vertical is-layout-flex wp-container-core-group-is-layout-b429018a wp-block-group-is-layout-flex\" style=\"background-color:#f1f1f1f2;padding-top:var(--wp--preset--spacing--70);padding-bottom:var(--wp--preset--spacing--70)\">\n<h2 class=\"wp-block-heading\" style=\"padding-top:var(--wp--preset--spacing--40);padding-bottom:var(--wp--preset--spacing--40);font-size:25px;font-style:normal;font-weight:600;text-transform:capitalize\">Unde s\u0103 folose\u0219ti acest canal de scar\u0103 montat la nivel<\/h2>\n\n\n\n<p>Profilul nostru LED pentru iluminarea marginii integrate a treptelor func\u021bioneaz\u0103 oriunde dore\u0219ti lumin\u0103 pentru siguran\u021b\u0103 \u0219i stil:<\/p>\n\n\n\n<ul class=\"wp-block-list\">\n<li>Trepte \u0219i margini de scar\u0103: F\u0103 treptele mai u\u0219or de v\u0103zut pentru siguran\u021b\u0103 \u0219i ofer\u0103 sc\u0103rilor un aspect modern.<\/li>\n\n\n\n<li>Iluminare pentru podele \u0219i pl\u0103ci: Pune-l \u00eentre pl\u0103cile de podea pentru a face spa\u021biul s\u0103 se simt\u0103 mai deschis \u0219i s\u0103 \u00eembun\u0103t\u0103\u021be\u0219ti marginile suprafe\u021belor dure.<\/li>\n\n\n\n<li>C\u0103r\u0103ri \u0219i holuri: Folose\u0219te iluminare moale pentru a ajuta oamenii s\u0103 \u00ee\u0219i g\u0103seasc\u0103 drumul \u00een interior sau \u00een exterior.<\/li>\n\n\n\n<li>Terase \u0219i pontoane l\u00e2ng\u0103 piscin\u0103: Designul rezistent la ap\u0103 func\u021bioneaz\u0103 bine \u00een apropierea apei \u0219i a zonelor umede.<\/li>\n<\/ul>\n<\/div>\n\n\n\n<div class=\"wp-block-group is-vertical is-layout-flex wp-container-core-group-is-layout-d255d7c4 wp-block-group-is-layout-flex\" style=\"padding-top:var(--wp--preset--spacing--80);padding-bottom:var(--wp--preset--spacing--80)\">\n<h2 class=\"wp-block-heading\" style=\"padding-top:var(--wp--preset--spacing--40);padding-bottom:var(--wp--preset--spacing--40);font-size:25px;font-style:normal;font-weight:600;text-transform:capitalize\">what&#8217;s in the package?<\/h2>\n\n\n\n<ul class=\"wp-block-list\">\n<li>1x profil de margine din aluminiu<\/li>\n\n\n\n<li>1x Fereastr\u0103 de difuzor mat<\/li>\n\n\n\n<li>2x Capace de cap\u0103t (unul cu orificiu pentru fir)<\/li>\n<\/ul>\n<\/div>\n\n\n\n<div class=\"wp-block-group has-background\" style=\"background-color:#f1f1f1;padding-top:var(--wp--preset--spacing--80);padding-bottom:var(--wp--preset--spacing--80)\"><div class=\"wp-block-group__inner-container is-layout-constrained wp-block-group-is-layout-constrained\">\n<h2 class=\"wp-block-heading\" style=\"padding-top:var(--wp--preset--spacing--40);padding-bottom:var(--wp--preset--spacing--40);font-size:25px;font-style:normal;font-weight:600;text-transform:capitalize\">Rezumat<\/h2>\n\n\n\n<p style=\"padding-right:var(--wp--preset--spacing--50);padding-left:var(--wp--preset--spacing--50)\">Corpul din aluminiu anodizat \u0219i difuzorul mat sunt ambele de \u00eenalt\u0103 calitate \u0219i durabile. Ele protejeaz\u0103 LED-urile tale \u00een timp ce emit o lumin\u0103 bl\u00e2nd\u0103 \u0219i constant\u0103. Func\u021bioneaz\u0103 cu multe benzi LED \u0219i este excelent pentru trepte, podele, margini \u0219i terase. C\u00e2nd este sigilat corespunz\u0103tor, poate face fa\u021b\u0103 condi\u021biilor umede. Alege aceast\u0103 extrudare LED de mare vitez\u0103 pentru a ilumina c\u0103r\u0103rile, treptele sau podelele cu \u00eencredere. Pentru op\u021biuni \u0219i detalii conexe, viziteaz\u0103 pagina <a href=\"https:\/\/tangooled.com\/ro\/produs\/led-strip-light-channel-aluminum-profile-with-diffused-cover-6mm-height\/\">profilul din aluminiu pentru band\u0103 LED cu capac difuzor de 6mm \u00een\u0103l\u021bime<\/a> sau cump\u0103r\u0103 toat\u0103 gama de <a href=\"https:\/\/tangooled.com\/ro\/produs\/26mm-floor-recessed-led-aluminum-channel-for-12mm-led-strips\/\">profiluri LED pentru iluminarea podelei<\/a>.<\/p>\n<\/div><\/div>\n\n\n\n<p><\/p>","protected":false},"featured_media":13600,"template":"","meta":{"_acf_changed":true,"_seopress_robots_primary_cat":"none","_seopress_titles_title":"Recessed Floor Step Edge LED Profile | Flush Mount Stair Channel STP04","_seopress_titles_desc":"The STP04 is a professional recessed floor step edge led profile designed for seamless integration into stair treads. This flush-mount aluminum channel creates a safe, elegant light path without any protruding edges.","_seopress_robots_index":""},"pcb-width":[228],"product-cat":[200],"class_list":{"0":"post-42197","1":"product","2":"type-product","3":"status-publish","4":"has-post-thumbnail","6":"pcb-width-6-12mm","7":"product-cat-stair-nosing-profile"},"acf":[],"_links":{"self":[{"href":"https:\/\/tangooled.com\/ro\/wp-json\/wp\/v2\/product\/42197","targetHints":{"allow":["GET"]}}],"collection":[{"href":"https:\/\/tangooled.com\/ro\/wp-json\/wp\/v2\/product"}],"about":[{"href":"https:\/\/tangooled.com\/ro\/wp-json\/wp\/v2\/types\/product"}],"wp:featuredmedia":[{"embeddable":true,"href":"https:\/\/tangooled.com\/ro\/wp-json\/wp\/v2\/media\/13600"}],"wp:attachment":[{"href":"https:\/\/tangooled.com\/ro\/wp-json\/wp\/v2\/media?parent=42197"}],"wp:term":[{"taxonomy":"pcb-width","embeddable":true,"href":"https:\/\/tangooled.com\/ro\/wp-json\/wp\/v2\/pcb-width?post=42197"},{"taxonomy":"product-cat","embeddable":true,"href":"https:\/\/tangooled.com\/ro\/wp-json\/wp\/v2\/product-cat?post=42197"}],"curies":[{"name":"wp","href":"https:\/\/api.w.org\/{rel}","templated":true}]}}