{"id":42195,"date":"2025-12-17T05:05:49","date_gmt":"2025-12-17T13:05:49","guid":{"rendered":"https:\/\/tangooled.com\/?post_type=product&#038;p=42195"},"modified":"2026-01-27T01:53:14","modified_gmt":"2026-01-27T09:53:14","slug":"staircase-led-profile-with-rubber-strip-for-12mm-led-tape-lights","status":"publish","type":"product","link":"https:\/\/tangooled.com\/ro\/produs\/staircase-led-profile-with-rubber-strip-for-12mm-led-tape-lights\/","title":{"rendered":"profil LED pentru scar\u0103 cu band\u0103 de cauciuc pentru lumini LED de 12mm"},"content":{"rendered":"<div class=\"wp-block-group is-vertical is-layout-flex wp-container-core-group-is-layout-d255d7c4 wp-block-group-is-layout-flex\" style=\"padding-top:var(--wp--preset--spacing--80);padding-bottom:var(--wp--preset--spacing--80)\">\n<p>Check out this staircase LED profile with rubber insert, specifically designed for 12\u00a0mm LED tape lights. Constructed from high-quality 6063-T5 aluminum alloy, the profile features a specially designed groove on the top surface for a rubber insert to ensure a non-slip effect on staircases.<\/p>\n\n\n\n<p>Acest profil de iluminat pentru sc\u0103ri este disponibil \u00een finisaje populare de negru \u0219i argintiu, iar tu po\u021bi alege inser\u021bii din cauciuc gri sau negre pentru a se potrivi. Capacele de extremitate sunt de asemenea disponibile \u00een argintiu sau negru, permi\u021b\u00e2nd \u00eentregului set s\u0103 men\u021bin\u0103 o singur\u0103 culoare coerent\u0103. Acest lucru asigur\u0103 c\u0103 profilul de sc\u0103ri se potrive\u0219te perfect cu mediul \u00eenconjur\u0103tor.<\/p>\n\n\n\n<p>With an inner width of 13.5\u00a0mm, this stair channel is suitable for 10\u00a0mm or 12\u00a0mm LED strip lights, including RGBW strips. Our standard lengths for this channel are 2\u00a0m and 3\u00a0m, but you can easily cut it on-site. This LED aluminum channel is perfect for your architectural and interior lighting designs.<\/p>\n<\/div>\n\n\n\n<div class=\"wp-block-group has-background is-vertical is-layout-flex wp-container-core-group-is-layout-d255d7c4 wp-block-group-is-layout-flex\" style=\"background-color:#f1f1f1;padding-top:var(--wp--preset--spacing--80);padding-bottom:var(--wp--preset--spacing--80)\">\n<div class=\"wp-block-group is-vertical is-layout-flex wp-container-core-group-is-layout-8cf370e7 wp-block-group-is-layout-flex\">\n<h2 class=\"wp-block-heading\" style=\"padding-top:var(--wp--preset--spacing--40);padding-bottom:var(--wp--preset--spacing--40);font-size:25px;font-style:normal;font-weight:600;text-transform:capitalize\">De ce s\u0103 alegi profilul nostru LED pentru sc\u0103ri cu band\u0103 din cauciuc?<\/h2>\n\n\n\n<ul class=\"wp-block-list\">\n<li>Fabricat din aluminiu anodizat robust pentru a proteja \u0219i r\u0103ci luminile tale.<\/li>\n\n\n\n<li>Func\u021bioneaz\u0103 cu benzi LED de 12 mm l\u0103\u021bime, precum benzile LED COB, pentru a le oferi un aspect str\u0103lucitor \u0219i uniform.<\/li>\n\n\n\n<li>Este dotat cu un difuzor din policarbonat mat, care \u00eempr\u0103\u0219tie lumina uniform \u0219i delicat, f\u0103r\u0103 pete.\u00a0<\/li>\n\n\n\n<li>Are o band\u0103 din cauciuc deasupra care \u00ee\u021bi \u00eempiedic\u0103 picioarele s\u0103 alunece \u0219i adaug\u0103 siguran\u021b\u0103.<\/li>\n\n\n\n<li>Proiectat ca un profil de nas de scar\u0103 \u00een form\u0103 de L pentru a proteja sc\u0103rile \u0219i a ilumina treptele de dedesubt.<\/li>\n\n\n\n<li>Simplu de instalat cu \u0219uruburi pentru o fixare sigur\u0103.<\/li>\n<\/ul>\n<\/div>\n<\/div>\n\n\n\n<div class=\"wp-block-group\" style=\"padding-top:var(--wp--preset--spacing--60);padding-bottom:var(--wp--preset--spacing--60)\"><div class=\"wp-block-group__inner-container is-layout-constrained wp-block-group-is-layout-constrained\">\n<div class=\"wp-block-media-text has-media-on-the-right is-stacked-on-mobile\" style=\"grid-template-columns:auto 40%\"><div class=\"wp-block-media-text__content\">\n<h2 class=\"wp-block-heading\" style=\"padding-top:var(--wp--preset--spacing--40);padding-bottom:var(--wp--preset--spacing--40);font-size:25px;font-style:normal;font-weight:600;text-transform:capitalize\">Cum se utilizeaz\u0103<\/h2>\n\n\n\n<ul class=\"wp-block-list\">\n<li>Taie profilul pentru a se potrivi l\u0103\u021bimii treptelor tale.<\/li>\n\n\n\n<li>Pune banda LED de 12 mm \u00een \u0219an\u021b.<\/li>\n\n\n\n<li>Plaseaz\u0103 profilul din aluminiu pe marginea treptei \u0219i fixeaz\u0103-l cu \u0219uruburi.<\/li>\n\n\n\n<li>Plaseaz\u0103 banda din cauciuc deasupra difuzorului \u0219i \u00eempinge-o \u00een jos pentru a o bloca \u00een pozi\u021bie.<\/li>\n\n\n\n<li>Conecteaz\u0103 luminile LED la sursa ta de alimentare.<\/li>\n<\/ul>\n<\/div><figure class=\"wp-block-media-text__media\"><img loading=\"lazy\" decoding=\"async\" width=\"500\" height=\"500\" src=\"https:\/\/tangooled.com\/wp-content\/uploads\/2025\/12\/stp03-ins.webp\" alt=\"profil LED pentru scar\u0103 cu band\u0103 de cauciuc pentru lumini LED de 12mm\" class=\"wp-image-42210 size-full\" srcset=\"https:\/\/tangooled.com\/wp-content\/uploads\/2025\/12\/stp03-ins.webp 500w, https:\/\/tangooled.com\/wp-content\/uploads\/2025\/12\/stp03-ins-300x300.webp 300w, https:\/\/tangooled.com\/wp-content\/uploads\/2025\/12\/stp03-ins-150x150.webp 150w\" sizes=\"auto, (max-width: 500px) 100vw, 500px\" \/><\/figure><\/div>\n<\/div><\/div>\n\n\n\n<div class=\"wp-block-group has-background is-vertical is-layout-flex wp-container-core-group-is-layout-b429018a wp-block-group-is-layout-flex\" style=\"background-color:#f1f1f1f2;padding-top:var(--wp--preset--spacing--70);padding-bottom:var(--wp--preset--spacing--70)\">\n<h2 class=\"wp-block-heading\" style=\"padding-top:var(--wp--preset--spacing--40);padding-bottom:var(--wp--preset--spacing--40);font-size:25px;font-style:normal;font-weight:600\">What\u2019s in the Package?<\/h2>\n\n\n\n<ul class=\"wp-block-list\">\n<li>1x Profil LED pentru sc\u0103ri din aluminiu<\/li>\n\n\n\n<li>1x Fereastr\u0103 de difuzor mat<\/li>\n\n\n\n<li>1x Band\u0103 antiderapant\u0103 din cauciuc<\/li>\n\n\n\n<li>2x Capace de cap\u0103t (unul cu orificiu pentru fir)<\/li>\n<\/ul>\n<\/div>\n\n\n\n<div class=\"wp-block-group is-vertical is-layout-flex wp-container-core-group-is-layout-d255d7c4 wp-block-group-is-layout-flex\" style=\"padding-top:var(--wp--preset--spacing--80);padding-bottom:var(--wp--preset--spacing--80)\">\n<h2 class=\"wp-block-heading\" style=\"padding-top:var(--wp--preset--spacing--40);padding-bottom:var(--wp--preset--spacing--40);font-size:25px;font-style:normal;font-weight:600;text-transform:capitalize\">Util pentru aceste scopuri<\/h2>\n\n\n\n<ul class=\"wp-block-list\">\n<li>Iluminat pentru sc\u0103ri \u00een interiorul \u0219i exteriorul caselor \u0219i birourilor.<\/li>\n\n\n\n<li>Siguran\u021b\u0103 mai bun\u0103 cu iluminatul riser-ului de sc\u0103ri.<\/li>\n\n\n\n<li>Trepte pentru teras\u0103 \u0219i patio pentru a ad\u0103uga la atmosfera exterioar\u0103.<\/li>\n\n\n\n<li>Locuri de afaceri precum hoteluri, restaurante \u0219i cinematografe.<\/li>\n\n\n\n<li>Actualizarea sc\u0103rilor din case.<\/li>\n<\/ul>\n<\/div>\n\n\n\n<div class=\"wp-block-group has-background\" style=\"background-color:#f1f1f1;padding-top:var(--wp--preset--spacing--80);padding-bottom:var(--wp--preset--spacing--80)\"><div class=\"wp-block-group__inner-container is-layout-constrained wp-block-group-is-layout-constrained\">\n<h2 class=\"wp-block-heading\" style=\"padding-top:var(--wp--preset--spacing--40);padding-bottom:var(--wp--preset--spacing--40);font-size:25px;font-style:normal;font-weight:600;text-transform:capitalize\">Produse asociate pe care s-ar putea s\u0103 le plac\u0103<\/h2>\n\n\n\n<ul class=\"wp-block-list\">\n<li><a href=\"https:\/\/tangooled.com\/ro\/produs\/black-led-diffuser-aluminum-channel-for-12mm-tape-lights\/\"><mark style=\"background-color:rgba(0, 0, 0, 0)\" class=\"has-inline-color has-vivid-red-color\">Canal din aluminiu cu difuzor LED negru pentru benzi de 12mm<\/mark><\/a>.<\/li>\n\n\n\n<li><a href=\"https:\/\/tangooled.com\/ro\/produs\/surface-mount-led-profile-with-frosted-diffuser-for-10mm-rope-lights\/\"><mark style=\"background-color:rgba(0, 0, 0, 0)\" class=\"has-inline-color has-vivid-red-color\">Profil LED de montare pe suprafa\u021b\u0103 cu difuzor satin pentru benzile de 10mm<\/mark><\/a>.<\/li>\n\n\n\n<li><a href=\"https:\/\/tangooled.com\/ro\/produs\/25x14m-surface-mounted-led-light-aluminum-profile\/\"><mark style=\"background-color:rgba(0, 0, 0, 0)\" class=\"has-inline-color has-vivid-red-color\">Profil LED din aluminiu montat pe suprafa\u021b\u0103 de 25x14mm.<\/mark><\/a><\/li>\n\n\n\n<li><a href=\"https:\/\/tangooled.com\/ro\/produs\/18x9mm-led-tape-light-profile-for-surface-installation\/\"><mark style=\"background-color:rgba(0, 0, 0, 0)\" class=\"has-inline-color has-vivid-red-color\">Profil pentru band\u0103 LED de 18x9mm pentru instalarea pe suprafa\u021b\u0103.<\/mark><\/a><\/li>\n<\/ul>\n<\/div><\/div>\n\n\n\n<p><\/p>","protected":false},"featured_media":13596,"template":"","meta":{"_acf_changed":true,"_seopress_robots_primary_cat":"none","_seopress_titles_title":"Anti-Slip Staircase LED Profile with Rubber STP03 | TANGOOLED","_seopress_titles_desc":"The STP03 is a heavy-duty staircase led profile with a rubber strip for enhanced safety. Designed for 12mm LED tape lights, this anti-slip nosing profile combines professional lighting with grip protection for commercial stairs.","_seopress_robots_index":""},"pcb-width":[228],"product-cat":[200],"class_list":{"0":"post-42195","1":"product","2":"type-product","3":"status-publish","4":"has-post-thumbnail","6":"pcb-width-6-12mm","7":"product-cat-stair-nosing-profile"},"acf":[],"_links":{"self":[{"href":"https:\/\/tangooled.com\/ro\/wp-json\/wp\/v2\/product\/42195","targetHints":{"allow":["GET"]}}],"collection":[{"href":"https:\/\/tangooled.com\/ro\/wp-json\/wp\/v2\/product"}],"about":[{"href":"https:\/\/tangooled.com\/ro\/wp-json\/wp\/v2\/types\/product"}],"wp:featuredmedia":[{"embeddable":true,"href":"https:\/\/tangooled.com\/ro\/wp-json\/wp\/v2\/media\/13596"}],"wp:attachment":[{"href":"https:\/\/tangooled.com\/ro\/wp-json\/wp\/v2\/media?parent=42195"}],"wp:term":[{"taxonomy":"pcb-width","embeddable":true,"href":"https:\/\/tangooled.com\/ro\/wp-json\/wp\/v2\/pcb-width?post=42195"},{"taxonomy":"product-cat","embeddable":true,"href":"https:\/\/tangooled.com\/ro\/wp-json\/wp\/v2\/product-cat?post=42195"}],"curies":[{"name":"wp","href":"https:\/\/api.w.org\/{rel}","templated":true}]}}