{"id":42190,"date":"2025-12-17T02:11:57","date_gmt":"2025-12-17T10:11:57","guid":{"rendered":"https:\/\/tangooled.com\/?post_type=product&#038;p=42190"},"modified":"2026-02-02T02:07:16","modified_gmt":"2026-02-02T10:07:16","slug":"80mm-large-360-degree-glowing-led-extrusion-vertical-pendant-rsc80","status":"publish","type":"product","link":"https:\/\/tangooled.com\/ro\/produs\/80mm-large-360-degree-glowing-led-extrusion-vertical-pendant-rsc80\/","title":{"rendered":"Extrudare LED mare de 80mm 360\u00b0 str\u0103lucitoare pentru pandantive grandioase"},"content":{"rendered":"<div class=\"wp-block-group is-vertical is-layout-flex wp-container-core-group-is-layout-d255d7c4 wp-block-group-is-layout-flex\" style=\"padding-top:var(--wp--preset--spacing--80);padding-bottom:var(--wp--preset--spacing--80)\">\n<p>Extrudarea LED mare de 80mm, modern\u0103 \u0219i puternic\u0103, cu iluminare 360 de grade este conceput\u0103 pentru a aduce o str\u0103lucire superioar\u0103 spa\u021biului dumneavoastr\u0103. Aceast\u0103 extrudare LED este realizat\u0103 din aluminiu de \u00eenalt\u0103 calitate 6063-T5 \u0219i este proiectat\u0103 pentru a sus\u021bine multe benzi LED, asigur\u00e2ndu-se c\u0103 c\u0103ldura este dispersat\u0103 c\u00e2t mai eficient posibil. Fixturele au un difuzor opal mare, curbat, care ofer\u0103 o lumin\u0103 frumoas\u0103 de 360 de grade, uniform\u0103, str\u0103lucitoare \u0219i f\u0103r\u0103 puncte.<\/p>\n\n\n\n<p>Aceast\u0103 extrudare LED mare de 80mm 360 de grade este o alegere ideal\u0103 pentru arhitec\u021bi, designeri \u0219i pasiona\u021bi de DIY care doresc solu\u021bii de iluminat \u00eendr\u0103zne\u021be \u0219i elegante. Func\u021bioneaz\u0103 excelent \u00een birouri, centre de conferin\u021be, hoteluri \u0219i alte spa\u021bii comerciale cu tavane \u00eenalte care au nevoie de lumini pendante liniare uimitoare \u0219i de impact.<\/p>\n<\/div>\n\n\n\n<div class=\"wp-block-group has-background is-vertical is-layout-flex wp-container-core-group-is-layout-d255d7c4 wp-block-group-is-layout-flex\" style=\"background-color:#f1f1f1;padding-top:var(--wp--preset--spacing--80);padding-bottom:var(--wp--preset--spacing--80)\">\n<div class=\"wp-block-group is-vertical is-layout-flex wp-container-core-group-is-layout-8cf370e7 wp-block-group-is-layout-flex\">\n<h2 class=\"wp-block-heading\" style=\"padding-top:var(--wp--preset--spacing--40);padding-bottom:var(--wp--preset--spacing--40);font-size:25px;font-style:normal;font-weight:600;text-transform:capitalize\">de ce s\u0103 alegi aceast\u0103 extrudare LED mare de 80mm 360 de grade<\/h2>\n\n\n\n<ul class=\"wp-block-list\">\n<li>Profilul LED cu iluminare de 360 de grade, cu diametrul de 80mm, este excelent pentru lumini suspendate.<\/li>\n\n\n\n<li>Poate lucra cu mai mult de o band\u0103; poate sus\u021bine benzi LED cu dou\u0103 r\u00e2nduri, precum SMD 2835, 5050 \u0219i 3528, de p\u00e2n\u0103 la 15mm l\u0103\u021bime.<\/li>\n\n\n\n<li>Designul suspendat, combinat cu fire de o\u021bel ajustabile, faciliteaz\u0103 instalarea la diverse \u00een\u0103l\u021bimi \u0219i loca\u021bii.<\/li>\n\n\n\n<li>Aluminiul anodizat 6063-T5 permite dispersarea rapid\u0103 a c\u0103ldurii, ceea ce face ca LED-urile s\u0103 dureze mai mult.<\/li>\n\n\n\n<li>Difuzorul din policarbonat opal asigur\u0103 c\u0103 lumina este uniform\u0103, bl\u00e2nd\u0103 \u0219i f\u0103r\u0103 str\u0103lucire.<\/li>\n<\/ul>\n<\/div>\n<\/div>\n\n\n\n<div class=\"wp-block-group\" style=\"padding-top:var(--wp--preset--spacing--80);padding-bottom:var(--wp--preset--spacing--80)\"><div class=\"wp-block-group__inner-container is-layout-constrained wp-block-group-is-layout-constrained\">\n<div class=\"wp-block-media-text has-media-on-the-right is-stacked-on-mobile\"><div class=\"wp-block-media-text__content\">\n<h2 class=\"wp-block-heading\" style=\"padding-top:var(--wp--preset--spacing--40);padding-bottom:var(--wp--preset--spacing--40);font-size:25px;font-style:normal;font-weight:600;text-transform:capitalize\">Cum s\u0103 instala\u021bi \u0219i s\u0103 utiliza\u021bi<\/h2>\n\n\n\n<ul class=\"wp-block-list\">\n<li>Extrudare din aluminiu suspendat\u0103 care vine cu fire de o\u021bel pentru o instalare u\u0219oar\u0103.<\/li>\n\n\n\n<li>T\u0103ia\u021bi extrudarea la lungimea necesar\u0103 pentru proiectul dumneavoastr\u0103.<\/li>\n\n\n\n<li>Introduce\u021bi benzile dumneavoastr\u0103 SMD 2835, 5050 sau alte benzi LED adecvate \u00een canal.<\/li>\n\n\n\n<li>To achieve light that is smooth and doesn&#8217;t cause glare, put the opal diffuser over the strips.<\/li>\n\n\n\n<li>Pentru a finaliza designul \u0219i a proteja benzile de praf \u0219i daune, ad\u0103uga\u021bi capace de \u00eenchidere.<\/li>\n<\/ul>\n<\/div><figure class=\"wp-block-media-text__media\"><img loading=\"lazy\" decoding=\"async\" width=\"500\" height=\"500\" src=\"https:\/\/tangooled.com\/wp-content\/uploads\/2025\/12\/rc.webp\" alt=\"50mm vertical pendant led tube profile 360 degree lighting\" class=\"wp-image-42373 size-full\" srcset=\"https:\/\/tangooled.com\/wp-content\/uploads\/2025\/12\/rc.webp 500w, https:\/\/tangooled.com\/wp-content\/uploads\/2025\/12\/rc-300x300.webp 300w, https:\/\/tangooled.com\/wp-content\/uploads\/2025\/12\/rc-150x150.webp 150w\" sizes=\"auto, (max-width: 500px) 100vw, 500px\" \/><\/figure><\/div>\n<\/div><\/div>\n\n\n\n<div class=\"wp-block-group has-background\" style=\"background-color:#f1f1f1;padding-top:var(--wp--preset--spacing--80);padding-bottom:var(--wp--preset--spacing--80)\"><div class=\"wp-block-group__inner-container is-layout-constrained wp-block-group-is-layout-constrained\">\n<h2 class=\"wp-block-heading\" style=\"padding-top:var(--wp--preset--spacing--40);padding-bottom:var(--wp--preset--spacing--40);font-size:25px;font-style:normal;font-weight:600;text-transform:capitalize\">What&#8217;s in the kit<\/h2>\n\n\n\n<ul class=\"wp-block-list\">\n<li>1x bar\u0103 din aluminiu anodizat pentru benzile LED<\/li>\n\n\n\n<li>1x difuzor tub opal<\/li>\n\n\n\n<li>Dou\u0103 capace metalice<\/li>\n\n\n\n<li>Kit de suspendare<\/li>\n<\/ul>\n<\/div><\/div>\n\n\n\n<div class=\"wp-block-group is-vertical is-layout-flex wp-container-core-group-is-layout-d255d7c4 wp-block-group-is-layout-flex\" style=\"padding-top:var(--wp--preset--spacing--80);padding-bottom:var(--wp--preset--spacing--80)\">\n<h2 class=\"wp-block-heading\" style=\"padding-top:var(--wp--preset--spacing--40);padding-bottom:var(--wp--preset--spacing--40);font-size:25px;font-style:normal;font-weight:600;text-transform:capitalize\">Explora\u021bi mai multe solu\u021bii de profil<\/h2>\n\n\n\n<ul class=\"wp-block-list\">\n<li><a href=\"https:\/\/tangooled.com\/ro\/produs\/black-led-diffuser-aluminum-channel-for-12mm-tape-lights\/\"><mark style=\"background-color:rgba(0, 0, 0, 0)\" class=\"has-inline-color has-vivid-red-color\">Canal din aluminiu pentru difuzor LED negru, pentru lumini cu band\u0103 de 12 mm<\/mark><\/a><\/li>\n\n\n\n<li><a href=\"https:\/\/tangooled.com\/ro\/produs\/surface-mount-led-profile-with-frosted-diffuser-for-10mm-rope-lights\/\"><mark style=\"background-color:rgba(0, 0, 0, 0)\" class=\"has-inline-color has-vivid-red-color\">Profil LED de montare pe suprafa\u021b\u0103 cu difuzor frosted pentru lumini de sfoar\u0103 de 10mm<\/mark><\/a><\/li>\n<\/ul>\n\n\n\n<p>Ob\u021bine\u021bi aceast\u0103 extrudare LED circular\u0103 din aluminiu de 80mm pentru kitul dumneavoastr\u0103 de iluminat ast\u0103zi \u0219i construi\u021bi lumini ring din benzi multiple care dureaz\u0103 mult timp \u0219i str\u0103lucesc puternic!<\/p>\n<\/div>\n\n\n\n<p><\/p>","protected":false},"featured_media":13421,"template":"","meta":{"_acf_changed":true,"_seopress_robots_primary_cat":"none","_seopress_titles_title":"80mm Large 360\u00b0 Glowing LED Extrusion | High-Lumen Round Fixture RSC80","_seopress_titles_desc":"The RSC80 is a heavy-duty 80mm large 360 degree glowing led extrusion. Designed for high-output illumination in large halls, lobbies, and open offices.","_seopress_robots_index":""},"pcb-width":[228],"product-cat":[234],"class_list":{"0":"post-42190","1":"product","2":"type-product","3":"status-publish","4":"has-post-thumbnail","6":"pcb-width-6-12mm","7":"product-cat-round-tube-profile"},"acf":[],"_links":{"self":[{"href":"https:\/\/tangooled.com\/ro\/wp-json\/wp\/v2\/product\/42190","targetHints":{"allow":["GET"]}}],"collection":[{"href":"https:\/\/tangooled.com\/ro\/wp-json\/wp\/v2\/product"}],"about":[{"href":"https:\/\/tangooled.com\/ro\/wp-json\/wp\/v2\/types\/product"}],"wp:featuredmedia":[{"embeddable":true,"href":"https:\/\/tangooled.com\/ro\/wp-json\/wp\/v2\/media\/13421"}],"wp:attachment":[{"href":"https:\/\/tangooled.com\/ro\/wp-json\/wp\/v2\/media?parent=42190"}],"wp:term":[{"taxonomy":"pcb-width","embeddable":true,"href":"https:\/\/tangooled.com\/ro\/wp-json\/wp\/v2\/pcb-width?post=42190"},{"taxonomy":"product-cat","embeddable":true,"href":"https:\/\/tangooled.com\/ro\/wp-json\/wp\/v2\/product-cat?post=42190"}],"curies":[{"name":"wp","href":"https:\/\/api.w.org\/{rel}","templated":true}]}}