{"id":42188,"date":"2025-12-17T02:07:33","date_gmt":"2025-12-17T10:07:33","guid":{"rendered":"https:\/\/tangooled.com\/?post_type=product&#038;p=42188"},"modified":"2026-02-02T02:07:45","modified_gmt":"2026-02-02T10:07:45","slug":"60mm-circular-360-degree-led-profile-for-multi-strips-rsc60","status":"publish","type":"product","link":"https:\/\/tangooled.com\/ro\/produs\/60mm-circular-360-degree-led-profile-for-multi-strips-rsc60\/","title":{"rendered":"RSC60: Profil circular LED de 60mm 360\u00b0 pentru benzi cu \u00eenalt\u0103 putere"},"content":{"rendered":"<div class=\"wp-block-group is-vertical is-layout-flex wp-container-core-group-is-layout-d255d7c4 wp-block-group-is-layout-flex\" style=\"padding-top:var(--wp--preset--spacing--80);padding-bottom:var(--wp--preset--spacing--80)\">\n<p>Our 60mm circular 360\u00b0 LED profile is a modern, round light housing that allows multi-strip LED setups disperse light evenly and smoothly. The large 60mm diameter profile is designed to hold and protect numerous LED strips inside. It has a wide, opal polycarbonate diffuser that emits a clean, dot-free LED light that wraps around the entire fixture. This makes sure that light comes from all sides.<\/p>\n\n\n\n<p>This high-quality LED profile has a big diameter and is perfect for producing pendant lights or continuous architectural lighting profiles. It looks elegant and spreads light evenly, so it&#8217;s a wonderful choice for modern lobbies, stores, offices, and any other place that needs good ambient light.<\/p>\n<\/div>\n\n\n\n<div class=\"wp-block-group has-background is-vertical is-layout-flex wp-container-core-group-is-layout-d255d7c4 wp-block-group-is-layout-flex\" style=\"background-color:#f1f1f1;padding-top:var(--wp--preset--spacing--80);padding-bottom:var(--wp--preset--spacing--80)\">\n<div class=\"wp-block-group is-vertical is-layout-flex wp-container-core-group-is-layout-8cf370e7 wp-block-group-is-layout-flex\">\n<h2 class=\"wp-block-heading\" style=\"padding-top:var(--wp--preset--spacing--40);padding-bottom:var(--wp--preset--spacing--40);font-size:25px;font-style:normal;font-weight:600;text-transform:capitalize\">Caracteristici &amp; Beneficii<\/h2>\n<\/div>\n\n\n\n<ul class=\"wp-block-list\">\n<li>Iluminare difuz\u0103 360 de grade: Conturul circular complet face ca lumina s\u0103 se \u00eenv\u00e2rte \u00een jur f\u0103r\u0103 zone \u00eentunecate.<\/li>\n\n\n\n<li>Suport pentru mai multe benzi LED: Bara interioar\u0103 din aluminiu are o form\u0103 pentagonal\u0103, ceea ce v\u0103 permite s\u0103 utiliza\u021bi simultan cinci benzi LED.<\/li>\n\n\n\n<li>Eficient \u00een eliminarea c\u0103ldurii: Aluminiul anodizat 6063-T5 ajut\u0103 la r\u0103cirea LED-urilor pentru a le prelungi durata de via\u021b\u0103.<\/li>\n\n\n\n<li>Long-lasting materials: The opal&nbsp;polycarbonate (PC) diffuser is UV-resistant and won&#8217;t become yellow.<\/li>\n\n\n\n<li>Lungimi care pot fi schimbate: Pute\u021bi ob\u021bine \u00een dimensiuni standard de 1m \u0219i 2m, \u0219i \u00eel pute\u021bi decupa pentru a se potrivi oric\u0103rui proiect.<\/li>\n<\/ul>\n<\/div>\n\n\n\n<div class=\"wp-block-group\" style=\"padding-top:var(--wp--preset--spacing--80);padding-bottom:var(--wp--preset--spacing--80)\"><div class=\"wp-block-group__inner-container is-layout-constrained wp-block-group-is-layout-constrained\">\n<div class=\"wp-block-media-text has-media-on-the-right is-stacked-on-mobile\" style=\"grid-template-columns:auto 40%\"><div class=\"wp-block-media-text__content\">\n<h2 class=\"wp-block-heading\" style=\"padding-top:var(--wp--preset--spacing--40);padding-bottom:var(--wp--preset--spacing--40);font-size:25px;font-style:normal;font-weight:600;text-transform:capitalize\">Cum se instaleaz\u0103<\/h2>\n\n\n\n<ul class=\"wp-block-list\">\n<li>Decupa\u021bi canalul de aluminiu la lungimea dorit\u0103.<\/li>\n\n\n\n<li>Introduce\u021bi mai mult de o band\u0103 LED \u00een profilul multi-r\u00e2nduri.<\/li>\n\n\n\n<li>Ata\u0219a\u021bi difuzorul din PC opal la canal.<\/li>\n\n\n\n<li>Pune\u021bi capacele de cap\u0103t \u0219i conecta\u021bi firele.<\/li>\n\n\n\n<li>Conecta\u021bi la un driver LED \u0219i activa\u021bi-l pentru a ob\u021bine o lumin\u0103 uniform\u0103.<\/li>\n<\/ul>\n<\/div><figure class=\"wp-block-media-text__media\"><img loading=\"lazy\" decoding=\"async\" width=\"500\" height=\"500\" src=\"https:\/\/tangooled.com\/wp-content\/uploads\/2025\/12\/rc.webp\" alt=\"50mm vertical pendant led tube profile 360 degree lighting\" class=\"wp-image-42373 size-full\" srcset=\"https:\/\/tangooled.com\/wp-content\/uploads\/2025\/12\/rc.webp 500w, https:\/\/tangooled.com\/wp-content\/uploads\/2025\/12\/rc-300x300.webp 300w, https:\/\/tangooled.com\/wp-content\/uploads\/2025\/12\/rc-150x150.webp 150w\" sizes=\"auto, (max-width: 500px) 100vw, 500px\" \/><\/figure><\/div>\n<\/div><\/div>\n\n\n\n<div class=\"wp-block-group has-background is-vertical is-layout-flex wp-container-core-group-is-layout-b429018a wp-block-group-is-layout-flex\" style=\"background-color:#f1f1f1f2;padding-top:var(--wp--preset--spacing--70);padding-bottom:var(--wp--preset--spacing--70)\">\n<h2 class=\"wp-block-heading\" style=\"padding-top:var(--wp--preset--spacing--40);padding-bottom:var(--wp--preset--spacing--40);font-size:25px;font-style:normal;font-weight:600;text-transform:capitalize\">what&#8217;s in a kit?<\/h2>\n\n\n\n<ul class=\"wp-block-list\">\n<li>Bar\u0103 din aluminiu pentru benzile LED<\/li>\n\n\n\n<li>Tub de iluminare 360 de grade<\/li>\n\n\n\n<li>Kit de cabluri de suspendare pentru montare<\/li>\n\n\n\n<li>Capace de cap\u0103t cu sau f\u0103r\u0103 g\u0103uri pentru cabluri<\/li>\n<\/ul>\n<\/div>\n\n\n\n<div class=\"wp-block-group is-vertical is-layout-flex wp-container-core-group-is-layout-d255d7c4 wp-block-group-is-layout-flex\" style=\"padding-top:var(--wp--preset--spacing--80);padding-bottom:var(--wp--preset--spacing--80)\">\n<h2 class=\"wp-block-heading\" style=\"padding-top:var(--wp--preset--spacing--40);padding-bottom:var(--wp--preset--spacing--40);font-size:25px;font-style:normal;font-weight:600;text-transform:capitalize\">De ce s\u0103 alege\u021bi profilul nostru LED circular de 60mm cu iluminare de 360 de grade?<\/h2>\n\n\n\n<p>Profilul nostru LED circular de 60mm cu iluminare de 360 de grade este realizat din materiale de \u00eenalt\u0103 calitate \u0219i emite o lumin\u0103 LED f\u0103r\u0103 puncte \u00een \u00eentreaga circunferin\u021b\u0103. Profilul din aluminiu anodizat asigur\u0103 c\u0103 c\u0103ldura este eliberat\u0103 c\u00e2t mai repede posibil, ceea ce prelunge\u0219te durata de via\u021b\u0103 a LED-ului. Dispune de un difuzor semi-transparent care r\u0103sp\u00e2nde\u0219te lumina uniform f\u0103r\u0103 a fi prea str\u0103lucitor sau prea \u00eentunecat.<br>Acest canal LED de 360 de grade cu un diametru mare este potrivit pentru instala\u021bii LED cu mai multe benzi, f\u0103c\u00e2ndu-l ideal pentru profile cu un output de lumen ridicat. Poate fi utilizat \u00een multe locuri diferite, cum ar fi tavanele moderne de birouri, lobby-uri de hoteluri, magazine \u0219i case.<\/p>\n<\/div>\n\n\n\n<div class=\"wp-block-group has-background\" style=\"background-color:#f1f1f1;padding-top:var(--wp--preset--spacing--80);padding-bottom:var(--wp--preset--spacing--80)\"><div class=\"wp-block-group__inner-container is-layout-constrained wp-block-group-is-layout-constrained\">\n<h2 class=\"wp-block-heading\" style=\"padding-top:var(--wp--preset--spacing--40);padding-bottom:var(--wp--preset--spacing--40);font-size:25px;font-style:normal;font-weight:600;text-transform:capitalize\">Produse asociate pe care s-ar putea s\u0103 le plac\u0103<\/h2>\n\n\n\n<ul class=\"wp-block-list\">\n<li><a href=\"https:\/\/tangooled.com\/ro\/produs\/diameter-40mm-round-aluminum-profile-for-led-strips-with-inner-width-30mm\/\"><mark style=\"background-color:rgba(0, 0, 0, 0)\" class=\"has-inline-color has-vivid-red-color\">Profil rotund din aluminiu de 40mm pentru benzi LED cu l\u0103\u021bimea interioar\u0103 de 30mm<\/mark><\/a><\/li>\n\n\n\n<li><a href=\"https:\/\/tangooled.com\/ro\/produs\/aluminum-profile-with-60-degree-lens-led-diffuser\/\"><mark style=\"background-color:rgba(0, 0, 0, 0)\" class=\"has-inline-color has-vivid-red-color\">Profil din aluminiu cu difuzor LED cu lentil\u0103 de 60 de grade<\/mark><\/a><\/li>\n\n\n\n<li><a href=\"https:\/\/tangooled.com\/ro\/produs\/surface-mount-led-profile-with-frosted-diffuser-for-10mm-rope-lights\/\"><mark style=\"background-color:rgba(0, 0, 0, 0)\" class=\"has-inline-color has-vivid-red-color\">Profil LED de montare pe suprafa\u021b\u0103 cu difuzor satin pentru benzile de 10mm<\/mark><\/a><\/li>\n\n\n\n<li><a href=\"https:\/\/tangooled.com\/ro\/produs\/black-aluminum-u-channel-profile-for-10mm-led-strips\/\"><mark style=\"background-color:rgba(0, 0, 0, 0)\" class=\"has-inline-color has-vivid-red-color\">Profil de canal U din aluminiu negru pentru benzi LED de 10mm<\/mark><\/a><\/li>\n<\/ul>\n<\/div><\/div>\n\n\n\n<div class=\"wp-block-group\" style=\"padding-top:var(--wp--preset--spacing--80);padding-bottom:var(--wp--preset--spacing--80)\"><div class=\"wp-block-group__inner-container is-layout-constrained wp-block-group-is-layout-constrained\">\n<h2 class=\"wp-block-heading\" style=\"padding-top:var(--wp--preset--spacing--40);padding-bottom:var(--wp--preset--spacing--40);font-size:25px;font-style:normal;font-weight:600;text-transform:capitalize\">rezumat<\/h2>\n\n\n\n<p>Canalul rotund LED de 60mm, cu iluminare de 360 de grade, este un profil de tub extrudat de \u00eenalt\u0103 calitate, perfect pentru sistemele LED cu mai multe benzi care necesit\u0103 iluminat din toate direc\u021biile. Include un difuzor opal PC \u0219i o disipare superioar\u0103 a c\u0103ldurii, oferind proiectului dvs. de lumin\u0103 suspendat\u0103 sau iluminat arhitectural un aspect curat \u0219i profesional.<\/p>\n<\/div><\/div>\n\n\n\n<p><\/p>","protected":false},"featured_media":13407,"template":"","meta":{"_acf_changed":true,"_seopress_robots_primary_cat":"none","_seopress_titles_title":"60mm Circular 360\u00b0 LED Profile | Round Architectural Light Tube RSC60","_seopress_titles_desc":"The RSC60 is a professional 60mm circular 360 degree led profile. Achieve seamless, shadow-free lighting for modern commercial interiors and retail displays.","_seopress_robots_index":""},"pcb-width":[228],"product-cat":[234],"class_list":{"0":"post-42188","1":"product","2":"type-product","3":"status-publish","4":"has-post-thumbnail","6":"pcb-width-6-12mm","7":"product-cat-round-tube-profile"},"acf":[],"_links":{"self":[{"href":"https:\/\/tangooled.com\/ro\/wp-json\/wp\/v2\/product\/42188","targetHints":{"allow":["GET"]}}],"collection":[{"href":"https:\/\/tangooled.com\/ro\/wp-json\/wp\/v2\/product"}],"about":[{"href":"https:\/\/tangooled.com\/ro\/wp-json\/wp\/v2\/types\/product"}],"wp:featuredmedia":[{"embeddable":true,"href":"https:\/\/tangooled.com\/ro\/wp-json\/wp\/v2\/media\/13407"}],"wp:attachment":[{"href":"https:\/\/tangooled.com\/ro\/wp-json\/wp\/v2\/media?parent=42188"}],"wp:term":[{"taxonomy":"pcb-width","embeddable":true,"href":"https:\/\/tangooled.com\/ro\/wp-json\/wp\/v2\/pcb-width?post=42188"},{"taxonomy":"product-cat","embeddable":true,"href":"https:\/\/tangooled.com\/ro\/wp-json\/wp\/v2\/product-cat?post=42188"}],"curies":[{"name":"wp","href":"https:\/\/api.w.org\/{rel}","templated":true}]}}