{"id":42186,"date":"2025-12-17T01:58:53","date_gmt":"2025-12-17T09:58:53","guid":{"rendered":"https:\/\/tangooled.com\/?post_type=product&#038;p=42186"},"modified":"2026-02-02T02:08:33","modified_gmt":"2026-02-02T10:08:33","slug":"omnidirectional-pendant-led-tube-profile-rsc50","status":"publish","type":"product","link":"https:\/\/tangooled.com\/ro\/produs\/omnidirectional-pendant-led-tube-profile-rsc50\/","title":{"rendered":"RSC50: Profil tub LED omnidirec\u021bional de 50mm pentru expunerea pandantivelor"},"content":{"rendered":"<div class=\"wp-block-group is-vertical is-layout-flex wp-container-core-group-is-layout-d255d7c4 wp-block-group-is-layout-flex\" style=\"padding-top:var(--wp--preset--spacing--80);padding-bottom:var(--wp--preset--spacing--80)\">\n<p>Bine ai venit la profilul nostru de tub LED pandantiv omnidirec\u021bional de 50mm pentru iluminare la 360 de grade! Aceast\u0103 lumin\u0103 unic\u0103 este conceput\u0103 pentru a transforma spa\u021biul t\u0103u cu o iluminare str\u0103lucitoare \u0219i uniform\u0103. Acest frumos tub LED pandantiv vertical este realizat dintr-un profil de aluminiu rezistent \u0219i are un difuzor din policarbonat frosted pentru suspendare pe tavan.<\/p>\n\n\n\n<p>Principala caracteristic\u0103 a acestui design este tubul s\u0103u de 50mm, care permite distribu\u021bia uniform\u0103 a luminii \u00een toate direc\u021biile. Acest lucru asigur\u0103 c\u0103 \u00eentreaga camer\u0103 este iluminat\u0103 uniform, f\u0103r\u0103 zone \u00eentunecate, oferind un sentiment de vitalitate. Corpul de aluminiu rezistent func\u021bioneaz\u0103, de asemenea, bine ca un radiator de c\u0103ldur\u0103, ceea ce este important pentru eliminarea c\u0103ldurii \u0219i pentru prelungirea duratei de via\u021b\u0103 a benzilor LED din interior.<\/p>\n\n\n\n<p>Acest frumos tub pandantiv func\u021bioneaz\u0103 bine \u00een birouri, magazine, s\u0103li de mese \u0219i halluri cu tavan \u00eenalt, unde este necesar\u0103 o caracteristic\u0103 arhitectural\u0103 curat\u0103 \u0219i atr\u0103g\u0103toare.<\/p>\n<\/div>\n\n\n\n<div class=\"wp-block-group has-background is-vertical is-layout-flex wp-container-core-group-is-layout-d255d7c4 wp-block-group-is-layout-flex\" style=\"background-color:#f1f1f1;padding-top:var(--wp--preset--spacing--80);padding-bottom:var(--wp--preset--spacing--80)\">\n<div class=\"wp-block-group is-vertical is-layout-flex wp-container-core-group-is-layout-8cf370e7 wp-block-group-is-layout-flex\">\n<h2 class=\"wp-block-heading\" style=\"padding-top:var(--wp--preset--spacing--40);padding-bottom:var(--wp--preset--spacing--40);font-size:25px;font-style:normal;font-weight:600;text-transform:capitalize\">De ce s\u0103 alegi acest profil de tub LED pandantiv omnidirec\u021bional de 50mm?<\/h2>\n\n\n\n<ul class=\"wp-block-list\">\n<li>Emisie de lumin\u0103 complet\u0103 la 360 de grade pentru o iluminare uniform\u0103 \u0219i puternic\u0103.<\/li>\n\n\n\n<li>Un stil care se potrive\u0219te cu designul de iluminat arhitectural \u0219i medii de \u00eenalt\u0103 calitate, cum ar fi hoteluri \u0219i magazine.<\/li>\n\n\n\n<li>lucreaz\u0103 cu tehnologia tuburilor LED dimabile pentru a varia intensitatea luminii.<\/li>\n\n\n\n<li>Vine cu un sistem de suspensie pe tavan pentru o instalare u\u0219oar\u0103.<\/li>\n<\/ul>\n<\/div>\n<\/div>\n\n\n\n<div class=\"wp-block-group\" style=\"padding-top:var(--wp--preset--spacing--60);padding-bottom:var(--wp--preset--spacing--60)\"><div class=\"wp-block-group__inner-container is-layout-constrained wp-block-group-is-layout-constrained\">\n<div class=\"wp-block-media-text has-media-on-the-right is-stacked-on-mobile\" style=\"grid-template-columns:auto 40%\"><div class=\"wp-block-media-text__content\">\n<h2 class=\"wp-block-heading\" style=\"padding-top:var(--wp--preset--spacing--40);padding-bottom:var(--wp--preset--spacing--40);font-size:25px;font-style:normal;font-weight:600;text-transform:capitalize\">Instalare \u0219i Personalizare<\/h2>\n\n\n\n<ul class=\"wp-block-list\">\n<li>V\u00e2ndem un kit complet de suspendare care include cabluri \u0219i suporturi pentru tavan.<\/li>\n\n\n\n<li>Po\u021bi alege lungimile exacte de care ai nevoie pentru proiectul t\u0103u.<\/li>\n\n\n\n<li>Po\u021bi alege o finisare \u00een alb, negru sau argintiu, sau po\u021bi opta pentru o culoare personalizat\u0103.<\/li>\n\n\n\n<li>Func\u021bioneaz\u0103 cu o mul\u021bime de controlere, astfel \u00eenc\u00e2t s\u0103-l po\u021bi folosi \u00een orice cl\u0103dire sau sistem inteligent.<\/li>\n\n\n\n<li>\u00cel po\u021bi pozi\u021biona vertical pentru a se potrivi necesit\u0103\u021bilor tale de design.<\/li>\n<\/ul>\n<\/div><figure class=\"wp-block-media-text__media\"><img loading=\"lazy\" decoding=\"async\" width=\"500\" height=\"500\" src=\"https:\/\/tangooled.com\/wp-content\/uploads\/2025\/12\/rc.webp\" alt=\"50mm vertical pendant led tube profile 360 degree lighting\" class=\"wp-image-42373 size-full\" srcset=\"https:\/\/tangooled.com\/wp-content\/uploads\/2025\/12\/rc.webp 500w, https:\/\/tangooled.com\/wp-content\/uploads\/2025\/12\/rc-300x300.webp 300w, https:\/\/tangooled.com\/wp-content\/uploads\/2025\/12\/rc-150x150.webp 150w\" sizes=\"auto, (max-width: 500px) 100vw, 500px\" \/><\/figure><\/div>\n<\/div><\/div>\n\n\n\n<div class=\"wp-block-group has-background is-vertical is-layout-flex wp-container-core-group-is-layout-b429018a wp-block-group-is-layout-flex\" style=\"background-color:#f1f1f1f2;padding-top:var(--wp--preset--spacing--70);padding-bottom:var(--wp--preset--spacing--70)\">\n<h2 class=\"wp-block-heading\" style=\"padding-top:var(--wp--preset--spacing--40);padding-bottom:var(--wp--preset--spacing--40);font-size:25px;font-style:normal;font-weight:600\">What\u2019s in the kit?<\/h2>\n\n\n\n<ul class=\"wp-block-list\">\n<li>Profil din aluminiu anodizat pentru benzile LED<\/li>\n\n\n\n<li>Un tub din policarbonat cu iluminare de 360 de grade<\/li>\n\n\n\n<li>Dou\u0103 capace metalice<\/li>\n\n\n\n<li>Un kit de cabluri de suspendare<\/li>\n<\/ul>\n<\/div>\n\n\n\n<div class=\"wp-block-group is-vertical is-layout-flex wp-container-core-group-is-layout-d255d7c4 wp-block-group-is-layout-flex\" style=\"padding-top:var(--wp--preset--spacing--80);padding-bottom:var(--wp--preset--spacing--80)\">\n<h2 class=\"wp-block-heading\" style=\"padding-top:var(--wp--preset--spacing--40);padding-bottom:var(--wp--preset--spacing--40);font-size:25px;font-style:normal;font-weight:600;text-transform:capitalize\">Cum po\u021bi folosi aceast\u0103 lumin\u0103<\/h2>\n\n\n\n<p>Profilul nostru de tub LED pandantiv vertical de 50mm pentru iluminare la 360 de grade este perfect pentru:<\/p>\n\n\n\n<ul class=\"wp-block-list\">\n<li>Iluminarea cl\u0103dirilor comerciale \u0219i a magazinelor care au nevoie de lumin\u0103 str\u0103lucitoare \u0219i uniform\u0103.<\/li>\n\n\n\n<li>Modernizarea biroului t\u0103u cu corpuri de iluminat interesante.<\/li>\n\n\n\n<li>Iluminatul \u00een hoteluri \u0219i baruri care face oamenii s\u0103 se simt\u0103 bineveni\u021bi.<\/li>\n\n\n\n<li>Spectacole \u00een cluburi de noapte sau pe scen\u0103 cu culori str\u0103lucitoare.<\/li>\n\n\n\n<li>\u00cembun\u0103t\u0103\u021birea aspectului restaurantelor sau showroom-urilor.<\/li>\n\n\n\n<li>Halluri, atrii \u0219i standuri de expozi\u021bie unde lumina face o declara\u021bie.<\/li>\n<\/ul>\n<\/div>\n\n\n\n<div class=\"wp-block-group has-background\" style=\"background-color:#f1f1f1;padding-top:var(--wp--preset--spacing--80);padding-bottom:var(--wp--preset--spacing--80)\"><div class=\"wp-block-group__inner-container is-layout-constrained wp-block-group-is-layout-constrained\">\n<h2 class=\"wp-block-heading\" style=\"padding-top:var(--wp--preset--spacing--40);padding-bottom:var(--wp--preset--spacing--40);font-size:25px;font-style:normal;font-weight:600;text-transform:capitalize\">Produse \u0219i resurse relevante<\/h2>\n\n\n\n<ul class=\"wp-block-list\">\n<li><a href=\"https:\/\/tangooled.com\/ro\/produs\/diffused-dia-60mm-360-degree-led-round-channel-profile-for-multi-strips\/\"><mark style=\"background-color:rgba(0, 0, 0, 0)\" class=\"has-inline-color has-vivid-red-color\">Profil rotund LED de 360 de grade cu diametrul de 60mm pentru benzi multiple<\/mark><\/a><\/li>\n\n\n\n<li><a href=\"https:\/\/tangooled.com\/ro\/produs\/360-degree-illumination-round-led-profile-dia-80mm-for-vertical-pendant\/\"><mark style=\"background-color:rgba(0, 0, 0, 0)\" class=\"has-inline-color has-vivid-red-color\">Profil LED rotund de 360 de grade cu diametrul de 80mm pentru pandantiv vertical<\/mark><\/a><\/li>\n\n\n\n<li><a href=\"https:\/\/tangooled.com\/ro\/produs\/diameter-40mm-round-aluminum-profile-for-led-strips-with-inner-width-30mm\/\"><mark style=\"background-color:rgba(0, 0, 0, 0)\" class=\"has-inline-color has-vivid-red-color\">Profil rotund din aluminiu de 40mm pentru benzi LED cu l\u0103\u021bimea interioar\u0103 de 30mm<\/mark><\/a><\/li>\n<\/ul>\n<\/div><\/div>\n\n\n\n<div class=\"wp-block-group\" style=\"padding-top:var(--wp--preset--spacing--80);padding-bottom:var(--wp--preset--spacing--80)\"><div class=\"wp-block-group__inner-container is-layout-constrained wp-block-group-is-layout-constrained\">\n<p>Profilul nostru de tub LED pandantiv omnidirec\u021bional de 50mm este destinat ilumin\u0103rii la 360 de grade. Dac\u0103 dore\u0219ti o lumin\u0103 complet\u0103, frumoas\u0103 \u0219i str\u0103lucitoare \u00een jur, TG-RSC50 este cea mai bun\u0103 alegere. Comand\u0103 acum pentru o solu\u021bie de iluminat clar\u0103, str\u0103lucitoare \u0219i modern\u0103!<\/p>\n<\/div><\/div>\n\n\n\n<p><\/p>","protected":false},"featured_media":13402,"template":"","meta":{"_acf_changed":true,"_seopress_robots_primary_cat":"none","_seopress_titles_title":"Omnidirectional Pendant LED Tube Profile 50mm RSC50 | TANGOOLED","_seopress_titles_desc":"The RSC50 is an omnidirectional pendant led tube profile designed for striking vertical or horizontal light displays. This 50mm circular profile delivers a seamless glow without shadows.","_seopress_robots_index":""},"pcb-width":[228],"product-cat":[234],"class_list":{"0":"post-42186","1":"product","2":"type-product","3":"status-publish","4":"has-post-thumbnail","6":"pcb-width-6-12mm","7":"product-cat-round-tube-profile"},"acf":[],"_links":{"self":[{"href":"https:\/\/tangooled.com\/ro\/wp-json\/wp\/v2\/product\/42186","targetHints":{"allow":["GET"]}}],"collection":[{"href":"https:\/\/tangooled.com\/ro\/wp-json\/wp\/v2\/product"}],"about":[{"href":"https:\/\/tangooled.com\/ro\/wp-json\/wp\/v2\/types\/product"}],"wp:featuredmedia":[{"embeddable":true,"href":"https:\/\/tangooled.com\/ro\/wp-json\/wp\/v2\/media\/13402"}],"wp:attachment":[{"href":"https:\/\/tangooled.com\/ro\/wp-json\/wp\/v2\/media?parent=42186"}],"wp:term":[{"taxonomy":"pcb-width","embeddable":true,"href":"https:\/\/tangooled.com\/ro\/wp-json\/wp\/v2\/pcb-width?post=42186"},{"taxonomy":"product-cat","embeddable":true,"href":"https:\/\/tangooled.com\/ro\/wp-json\/wp\/v2\/product-cat?post=42186"}],"curies":[{"name":"wp","href":"https:\/\/api.w.org\/{rel}","templated":true}]}}