{"id":42185,"date":"2025-12-17T01:54:16","date_gmt":"2025-12-17T09:54:16","guid":{"rendered":"https:\/\/tangooled.com\/?post_type=product&#038;p=42185"},"modified":"2026-02-02T02:08:56","modified_gmt":"2026-02-02T10:08:56","slug":"d-80mm-large-round-led-extrusion-multi-strip-rsg80","status":"publish","type":"product","link":"https:\/\/tangooled.com\/ro\/produs\/d-80mm-large-round-led-extrusion-multi-strip-rsg80\/","title":{"rendered":"Extrudare LED rotund\u0103 mare de 80mm din aluminiu suspendat pentru benzi multiple LED"},"content":{"rendered":"<div class=\"wp-block-group is-vertical is-layout-flex wp-container-core-group-is-layout-d255d7c4 wp-block-group-is-layout-flex\" style=\"padding-top:var(--wp--preset--spacing--80);padding-bottom:var(--wp--preset--spacing--80)\">\n<p>The modern, powerful suspended d 80mm large round LED extrusion will make your space\u00a0brighter. This profile is made of strong 6063-T5 aluminum and is meant to hold large LED strips (around 38mm). <\/p>\n\n\n\n<p>Culoarea este proiectat\u0103 pentru a fi suspendat\u0103 de tavan \u0219i are un difuzor opal mare, curb care emite lumin\u0103 la un unghi uimitor de 270 de grade. Acesta ofer\u0103 o lumin\u0103 uniform\u0103, str\u0103lucitoare \u0219i constant\u0103, f\u0103r\u0103 puncte.<\/p>\n\n\n\n<p>Aceast\u0103 extrudare este perfect\u0103 pentru arhitec\u021bi, designeri \u0219i entuzia\u0219ti DIY care doresc o iluminare \u00eendr\u0103znea\u021b\u0103 \u0219i elegant\u0103. Se potrive\u0219te perfect \u00een birouri, centre de conferin\u021be, hoteluri, spa\u021bii comerciale cu tavan \u00eenalt \u0219i loca\u021bii care necesit\u0103 accesorii suspendate liniare de mare intensitate.<\/p>\n<\/div>\n\n\n\n<div class=\"wp-block-group has-background is-vertical is-layout-flex wp-container-core-group-is-layout-d255d7c4 wp-block-group-is-layout-flex\" style=\"background-color:#f1f1f1;padding-top:var(--wp--preset--spacing--80);padding-bottom:var(--wp--preset--spacing--80)\">\n<div class=\"wp-block-group is-vertical is-layout-flex wp-container-core-group-is-layout-8cf370e7 wp-block-group-is-layout-flex\">\n<h2 class=\"wp-block-heading\" style=\"padding-top:var(--wp--preset--spacing--40);padding-bottom:var(--wp--preset--spacing--40);font-size:25px;font-style:normal;font-weight:600;text-transform:capitalize\">De ce s\u0103 alegi aceasta Extrudare LED Rotund\u0103 Mare D 80mm?<\/h2>\n\n\n\n<ul class=\"wp-block-list\">\n<li>Diametrul mare de 80mm ofer\u0103 un cadru rotund unic, ideal pentru lumini suspendate.<\/li>\n\n\n\n<li>Poate func\u021biona cu mai mult de o band\u0103; poate sus\u021bine benzi LED cu r\u00e2nd dublu,&nbsp;&nbsp;precum SMD 2835, 5050 \u0219i 3528.<\/li>\n\n\n\n<li>Designul suspendat \u0219i cablurile de o\u021bel ajustabile faciliteaz\u0103 montarea la diverse \u00een\u0103l\u021bimi \u0219i loca\u021bii.<\/li>\n\n\n\n<li>Aluminiul anodizat 6063-T5 permite dispersarea rapid\u0103 a c\u0103ldurii, ceea ce face ca LED-urile s\u0103 dureze mai mult.<\/li>\n\n\n\n<li>The opal polycarbonate diffuser makes sure that the light is smooth, even, and doesn&#8217;t have any glare.<\/li>\n\n\n\n<li>Finisajele disponibile sunt vopsea pulbere neagr\u0103, vopsea pulbere alb\u0103 \u0219i argint anodizat.<\/li>\n<\/ul>\n<\/div>\n<\/div>\n\n\n\n<div class=\"wp-block-group\" style=\"padding-top:var(--wp--preset--spacing--60);padding-bottom:var(--wp--preset--spacing--60)\"><div class=\"wp-block-group__inner-container is-layout-constrained wp-block-group-is-layout-constrained\">\n<div class=\"wp-block-media-text has-media-on-the-right is-stacked-on-mobile\" style=\"grid-template-columns:auto 40%\"><div class=\"wp-block-media-text__content\">\n<h2 class=\"wp-block-heading\" style=\"padding-top:var(--wp--preset--spacing--40);padding-bottom:var(--wp--preset--spacing--40);font-size:25px;font-style:normal;font-weight:600;text-transform:capitalize\">Cum s\u0103 instala\u021bi \u0219i s\u0103 utiliza\u021bi<\/h2>\n\n\n\n<ul class=\"wp-block-list\">\n<li>Extrudare din aluminiu suspendat\u0103 care vine cu fire de o\u021bel pentru o instalare u\u0219oar\u0103.<\/li>\n\n\n\n<li>T\u0103ia\u021bi extrudarea la lungimea necesar\u0103 pentru proiectul dumneavoastr\u0103.<\/li>\n\n\n\n<li>Introdu band\u0103 SMD 2835, 5050 sau alte benzi LED \u00een canal.<\/li>\n\n\n\n<li>To achieve light that is smooth and doesn&#8217;t cause glare, put the opal diffuser over the strips.<\/li>\n\n\n\n<li>Pentru a finaliza designul \u0219i a proteja benzile de praf \u0219i daune, ad\u0103uga\u021bi capace de \u00eenchidere.<\/li>\n<\/ul>\n<\/div><figure class=\"wp-block-media-text__media\"><img loading=\"lazy\" decoding=\"async\" width=\"500\" height=\"500\" src=\"https:\/\/tangooled.com\/wp-content\/uploads\/2025\/12\/rsg80-ins.webp\" alt=\"suspended d 80mm large round aluminum led extrusion for multi led strips\" class=\"wp-image-42367 size-full\" srcset=\"https:\/\/tangooled.com\/wp-content\/uploads\/2025\/12\/rsg80-ins.webp 500w, https:\/\/tangooled.com\/wp-content\/uploads\/2025\/12\/rsg80-ins-300x300.webp 300w, https:\/\/tangooled.com\/wp-content\/uploads\/2025\/12\/rsg80-ins-150x150.webp 150w\" sizes=\"auto, (max-width: 500px) 100vw, 500px\" \/><\/figure><\/div>\n<\/div><\/div>\n\n\n\n<div class=\"wp-block-group has-background is-vertical is-layout-flex wp-container-core-group-is-layout-b429018a wp-block-group-is-layout-flex\" style=\"background-color:#f1f1f1f2;padding-top:var(--wp--preset--spacing--70);padding-bottom:var(--wp--preset--spacing--70)\">\n<h2 class=\"wp-block-heading\" style=\"padding-top:var(--wp--preset--spacing--40);padding-bottom:var(--wp--preset--spacing--40);font-size:25px;font-style:normal;font-weight:600\">Excelent pentru aceste aplica\u021bii<\/h2>\n\n\n\n<ul class=\"wp-block-list\">\n<li>Zone de afaceri precum s\u0103li de conferin\u021be, birouri, magazine de retail, holuri \u0219i showroom-uri<\/li>\n\n\n\n<li>Ospitalitate: hoteluri, restaurante, baruri \u0219i loca\u021bii pentru evenimente.<\/li>\n\n\n\n<li>\u00cen locuin\u021be: sc\u0103ri, insule de buc\u0103t\u0103rie, zone de dining \u0219i camere de zi cu tavan \u00eenalt<\/li>\n\n\n\n<li>Cl\u0103diri publice includ biblioteci, galerii \u0219i spa\u021bii moderne deschise.<\/li>\n<\/ul>\n<\/div>\n\n\n\n<div class=\"wp-block-group is-vertical is-layout-flex wp-container-core-group-is-layout-d255d7c4 wp-block-group-is-layout-flex\" style=\"padding-top:var(--wp--preset--spacing--80);padding-bottom:var(--wp--preset--spacing--80)\">\n<h2 class=\"wp-block-heading\" style=\"padding-top:var(--wp--preset--spacing--40);padding-bottom:var(--wp--preset--spacing--40);font-size:25px;font-style:normal;font-weight:600;text-transform:capitalize\">Produse conexe<\/h2>\n\n\n\n<ul class=\"wp-block-list\">\n<li>Pentru benzi mai mici sau finisaj negru, verific\u0103 <a href=\"https:\/\/tangooled.com\/ro\/produs\/black-led-profile-with-black-diffuser-for-10mm-led-strip-light\/\"><mark style=\"background-color:rgba(0, 0, 0, 0)\" class=\"has-inline-color has-vivid-red-color\">Profil LED negru cu difuzor negru pentru iluminarea benzilor LED de 10mm<\/mark><\/a><\/li>\n\n\n\n<li>Pentru montare pe suprafe\u021be, vezi<mark style=\"background-color:rgba(0, 0, 0, 0)\" class=\"has-inline-color has-vivid-red-color\"> <a href=\"https:\/\/tangooled.com\/ro\/produs\/led-strip-light-channel-aluminum-profile-with-diffused-cover-6mm-height\/\">Canal din aluminiu pentru luminile LED cu capac difuzor de 6mm \u00een\u0103l\u021bime<\/a><\/mark><\/li>\n\n\n\n<li>Pentru un inel mai mic, vizita\u021bi <a href=\"https:\/\/tangooled.com\/ro\/produs\/suspended-round-led-aluminum-profile-dia-24mm-for-12mm-flexible-led-strip\/\"><mark style=\"background-color:rgba(0, 0, 0, 0)\" class=\"has-inline-color has-vivid-red-color\">Profil LED rotund din aluminiu suspendat Dia 24mm pentru band\u0103 LED flexibil\u0103 de 12mm<\/mark><\/a><\/li>\n\n\n\n<li>Vrei o form\u0103 dreptunghiular\u0103? Exploreaz\u0103 <a href=\"https:\/\/tangooled.com\/ro\/produs\/aluminum-led-strip-extrusion-diffuser-channel-for-5050-double-row-led-strip\/\"><mark style=\"background-color:rgba(0, 0, 0, 0)\" class=\"has-inline-color has-vivid-red-color\">Canal de extrudare pentru benzi LED din aluminiu pentru banda LED 5050 cu dou\u0103 r\u00e2nduri<\/mark><\/a><\/li>\n<\/ul>\n<\/div>\n\n\n\n<p><\/p>","protected":false},"featured_media":13459,"template":"","meta":{"_acf_changed":true,"_seopress_robots_primary_cat":"none","_seopress_titles_title":"D 80mm Large Round LED Extrusion | Multi-Strip Hanging Channel RSG80","_seopress_titles_desc":"The RSG80 is a professional D 80mm large round led extrusion designed for multi-strip integration. Ideal for high-lumen suspended lighting in grand halls and offices.","_seopress_robots_index":""},"pcb-width":[230],"product-cat":[234],"class_list":{"0":"post-42185","1":"product","2":"type-product","3":"status-publish","4":"has-post-thumbnail","6":"pcb-width-20-25mm","7":"product-cat-round-tube-profile"},"acf":[],"_links":{"self":[{"href":"https:\/\/tangooled.com\/ro\/wp-json\/wp\/v2\/product\/42185","targetHints":{"allow":["GET"]}}],"collection":[{"href":"https:\/\/tangooled.com\/ro\/wp-json\/wp\/v2\/product"}],"about":[{"href":"https:\/\/tangooled.com\/ro\/wp-json\/wp\/v2\/types\/product"}],"wp:featuredmedia":[{"embeddable":true,"href":"https:\/\/tangooled.com\/ro\/wp-json\/wp\/v2\/media\/13459"}],"wp:attachment":[{"href":"https:\/\/tangooled.com\/ro\/wp-json\/wp\/v2\/media?parent=42185"}],"wp:term":[{"taxonomy":"pcb-width","embeddable":true,"href":"https:\/\/tangooled.com\/ro\/wp-json\/wp\/v2\/pcb-width?post=42185"},{"taxonomy":"product-cat","embeddable":true,"href":"https:\/\/tangooled.com\/ro\/wp-json\/wp\/v2\/product-cat?post=42185"}],"curies":[{"name":"wp","href":"https:\/\/api.w.org\/{rel}","templated":true}]}}