{"id":42183,"date":"2025-12-17T01:49:06","date_gmt":"2025-12-17T09:49:06","guid":{"rendered":"https:\/\/tangooled.com\/?post_type=product&#038;p=42183"},"modified":"2026-02-02T02:09:32","modified_gmt":"2026-02-02T10:09:32","slug":"inner-width-38mm-round-led-aluminum-channel-for-5050-led-strips","status":"publish","type":"product","link":"https:\/\/tangooled.com\/ro\/produs\/inner-width-38mm-round-led-aluminum-channel-for-5050-led-strips\/","title":{"rendered":"L\u0103\u021bimea interioar\u0103 de 38mm a canalului LED din aluminiu rotund pentru benzi LED 5050"},"content":{"rendered":"<div class=\"wp-block-group is-vertical is-layout-flex wp-container-core-group-is-layout-d255d7c4 wp-block-group-is-layout-flex\" style=\"padding-top:var(--wp--preset--spacing--80);padding-bottom:var(--wp--preset--spacing--80)\">\n<p>Looking for a wide, round LED aluminum channel? Our Inner 38mm Round LED Aluminum Channel is made to house large LED strips up to 38mm wide, such as 5050 tapes. This robust \u03a680mm profile is designed for suspension, transforming powerful LED lighting into a statement fixture.<\/p>\n\n\n\n<p>Structura include un difuzor LED curbat, amplu, care acoper\u0103 o sec\u021biune larg\u0103 a circumferin\u021bei, ob\u021bin\u00e2nd un unghi de iluminare de aproximativ 270 de grade. Canalul din aluminiu serve\u0219te ca un suport pentru benzile tale LED. Acesta le men\u021bine reci, astfel \u00eenc\u00e2t s\u0103 dureze mai mult. Dimensiunea \u0219i r\u0103sp\u00e2ndirea vast\u0103 a luminii fac ca aceasta s\u0103 fie str\u0103lucitoare \u0219i uniform\u0103.<\/p>\n\n\n\n<p>Este excelent pentru iluminatul arhitectural de impact \u00een camere mari. Aceast\u0103 lumin\u0103 este ideal\u0103 pentru iluminatul general \u0219i decorativ \u00een showroom-uri auto, s\u0103li de spectacol, holuri mari, s\u0103li de sport moderne \u0219i alte locuri cu tavan \u00eenalt unde este necesar o surs\u0103 de lumin\u0103 dramatic\u0103 \u0219i suspendat\u0103.<\/p>\n<\/div>\n\n\n\n<div class=\"wp-block-group has-background is-vertical is-layout-flex wp-container-core-group-is-layout-d255d7c4 wp-block-group-is-layout-flex\" style=\"background-color:#f1f1f1;padding-top:var(--wp--preset--spacing--80);padding-bottom:var(--wp--preset--spacing--80)\">\n<div class=\"wp-block-group is-vertical is-layout-flex wp-container-core-group-is-layout-8cf370e7 wp-block-group-is-layout-flex\">\n<h2 class=\"wp-block-heading\" style=\"padding-top:var(--wp--preset--spacing--40);padding-bottom:var(--wp--preset--spacing--40);font-size:25px;font-style:normal;font-weight:600;text-transform:capitalize\">De ce s\u0103 alegi canalul nostru interior rotund din aluminiu de 38mm?<\/h2>\n\n\n\n<ul class=\"wp-block-list\">\n<li>L\u0103\u021bimea interioar\u0103 mare de 38mm permite introducerea benzilor LED 5050 cu un singur r\u00e2nd sau mai multe r\u00e2nduri \u0219i chiar \u0219i unor benzi mai late.<\/li>\n\n\n\n<li>Fabricat din aluminiu anodizat 6063-T5, care este u\u0219or, dar rezistent. Forma rotund\u0103 face ca lumina s\u0103 fie moale \u0219i uniform\u0103, f\u0103r\u0103 pete \u00eentunecate.<\/li>\n\n\n\n<li>Difuzorul din policarbonat opal asigur\u0103 o lumin\u0103 uniform\u0103 \u0219i f\u0103r\u0103 puncte.<\/li>\n\n\n\n<li>Benzile LED sunt protejate de praf, ap\u0103 \u0219i \u0219ocuri.&nbsp;<\/li>\n\n\n\n<li>Poate fi u\u0219or suspendat cu un kit de suspendare.&nbsp;<\/li>\n\n\n\n<li>It&#8217;s great for commercial, residential, architectural, or task lighting.<\/li>\n<\/ul>\n<\/div>\n<\/div>\n\n\n\n<div class=\"wp-block-group\" style=\"padding-top:var(--wp--preset--spacing--80);padding-bottom:var(--wp--preset--spacing--80)\"><div class=\"wp-block-group__inner-container is-layout-constrained wp-block-group-is-layout-constrained\">\n<div class=\"wp-block-media-text has-media-on-the-right is-stacked-on-mobile\" style=\"grid-template-columns:auto 40%\"><div class=\"wp-block-media-text__content\">\n<h2 class=\"wp-block-heading\" style=\"padding-top:var(--wp--preset--spacing--40);padding-bottom:var(--wp--preset--spacing--40);font-size:25px;font-style:normal;font-weight:600;text-transform:capitalize\">Sfaturi pentru Instalare<\/h2>\n\n\n\n<ul class=\"wp-block-list\">\n<li>Trebuie doar s\u0103 folose\u0219ti un fier\u0103str\u0103u cu din\u021bi fini pentru a t\u0103ia canalul pentru a se potrivi spa\u021biului t\u0103u.<\/li>\n\n\n\n<li>A\u0219az\u0103 benzile LED 5050 sau alte benzi corespunz\u0103toare \u00een interiorul canalului. <\/li>\n\n\n\n<li>Introdu cablurile de suspendare \u00een fanta din spatele canalului din aluminiu. <\/li>\n\n\n\n<li>Ata\u0219eaz\u0103 rapid canalul la tavane cu capace de cap\u0103t \u0219i accesorii de suspendare.<\/li>\n<\/ul>\n<\/div><figure class=\"wp-block-media-text__media\"><img loading=\"lazy\" decoding=\"async\" width=\"500\" height=\"500\" src=\"https:\/\/tangooled.com\/wp-content\/uploads\/2025\/12\/rs80-ins.webp\" alt=\"inner width 38mm round led aluminum channel for 5050 led strips\" class=\"wp-image-42369 size-full\" srcset=\"https:\/\/tangooled.com\/wp-content\/uploads\/2025\/12\/rs80-ins.webp 500w, https:\/\/tangooled.com\/wp-content\/uploads\/2025\/12\/rs80-ins-300x300.webp 300w, https:\/\/tangooled.com\/wp-content\/uploads\/2025\/12\/rs80-ins-150x150.webp 150w\" sizes=\"auto, (max-width: 500px) 100vw, 500px\" \/><\/figure><\/div>\n<\/div><\/div>\n\n\n\n<div class=\"wp-block-group has-background is-vertical is-layout-flex wp-container-core-group-is-layout-b429018a wp-block-group-is-layout-flex\" style=\"background-color:#f1f1f1f2;padding-top:var(--wp--preset--spacing--70);padding-bottom:var(--wp--preset--spacing--70)\">\n<h2 class=\"wp-block-heading\" style=\"padding-top:var(--wp--preset--spacing--40);padding-bottom:var(--wp--preset--spacing--40);font-size:25px;font-style:normal;font-weight:600\">Excelent pentru aceste lucr\u0103ri de iluminat<\/h2>\n\n\n\n<ul class=\"wp-block-list\">\n<li>Iluminat pentru companii, cum ar fi retail, birouri \u0219i holuri de hotel.<\/li>\n\n\n\n<li>Iluminat pentru case, inclusiv insule de buc\u0103t\u0103rie, camere de zi sau tavane \u00eenalte.<\/li>\n\n\n\n<li>Holuri \u0219i galerii sunt exemple de accente arhitecturale.<\/li>\n\n\n\n<li>Iluminat de lucru: lumini puternice pentru studiouri, garaje \u0219i ateliere care au nevoie de ele.<\/li>\n<\/ul>\n<\/div>\n\n\n\n<div class=\"wp-block-group is-vertical is-layout-flex wp-container-core-group-is-layout-d255d7c4 wp-block-group-is-layout-flex\" style=\"padding-top:var(--wp--preset--spacing--80);padding-bottom:var(--wp--preset--spacing--80)\">\n<h2 class=\"wp-block-heading\" style=\"padding-top:var(--wp--preset--spacing--40);padding-bottom:var(--wp--preset--spacing--40);font-size:25px;font-style:normal;font-weight:600;text-transform:capitalize\">Verific\u0103 alte produse conexe<\/h2>\n\n\n\n<ul class=\"wp-block-list\">\n<li>Exploreaz\u0103 <a href=\"https:\/\/tangooled.com\/ro\/produs\/black-led-profile-with-black-diffuser-for-10mm-led-strip-light\/\"><mark style=\"background-color:rgba(0, 0, 0, 0)\" class=\"has-inline-color has-vivid-red-color\">profil LED negru cu difuzor negru pentru lumin\u0103 LED de 10mm <\/mark><\/a>pentru benzi LED \u00eenguste. <\/li>\n\n\n\n<li>Afl\u0103 mai multe despre <a href=\"https:\/\/tangooled.com\/ro\/produs\/aluminum-led-strip-extrusion-diffuser-channel-for-5050-double-row-led-strip\/\"><mark style=\"background-color:rgba(0, 0, 0, 0)\" class=\"has-inline-color has-vivid-red-color\">canalul de difuzor din aluminiu pentru benzi LED de 5050 cu dou\u0103 r\u00e2nduri<\/mark><\/a> pentru profile LED largi similare.<\/li>\n\n\n\n<li>Verific\u0103<a href=\"https:\/\/tangooled.com\/ro\/produs\/surface-mount-led-profile-with-frosted-diffuser-for-10mm-rope-lights\/\"><mark style=\"background-color:rgba(0, 0, 0, 0)\" class=\"has-inline-color has-vivid-red-color\">profilul LED montat pe suprafa\u021b\u0103 cu difuzor frosted pentru benzi de lumin\u0103 de 10 mm <\/mark><\/a>pentru op\u021biuni flexibile de montare.<\/li>\n\n\n\n<li>Pentru forme unice, vezi <a href=\"https:\/\/tangooled.com\/ro\/produs\/v-shape-diffuser-corner-aluminum-led-profile-inner-20mm\/\"><mark style=\"background-color:rgba(0, 0, 0, 0)\" class=\"has-inline-color has-vivid-red-color\">profil LED din aluminiu pentru difuzor col\u021bar \u00een form\u0103 de V de 20mm<\/mark><\/a>.<\/li>\n<\/ul>\n<\/div>\n\n\n\n<p><\/p>","protected":false},"featured_media":13393,"template":"","meta":{"_acf_changed":true,"_seopress_robots_primary_cat":"none","_seopress_titles_title":"Inner 38mm Round LED Aluminum Channel RS80 | TANGOOLED","_seopress_titles_desc":"The RS80 is a heavy-duty round led aluminum channel with a spacious inner 38mm width. Perfect for 5050 strips, multi-row LEDs, and custom pendant lights.","_seopress_robots_index":""},"pcb-width":[231],"product-cat":[234],"class_list":{"0":"post-42183","1":"product","2":"type-product","3":"status-publish","4":"has-post-thumbnail","6":"pcb-width-25-35mm","7":"product-cat-round-tube-profile"},"acf":[],"_links":{"self":[{"href":"https:\/\/tangooled.com\/ro\/wp-json\/wp\/v2\/product\/42183","targetHints":{"allow":["GET"]}}],"collection":[{"href":"https:\/\/tangooled.com\/ro\/wp-json\/wp\/v2\/product"}],"about":[{"href":"https:\/\/tangooled.com\/ro\/wp-json\/wp\/v2\/types\/product"}],"wp:featuredmedia":[{"embeddable":true,"href":"https:\/\/tangooled.com\/ro\/wp-json\/wp\/v2\/media\/13393"}],"wp:attachment":[{"href":"https:\/\/tangooled.com\/ro\/wp-json\/wp\/v2\/media?parent=42183"}],"wp:term":[{"taxonomy":"pcb-width","embeddable":true,"href":"https:\/\/tangooled.com\/ro\/wp-json\/wp\/v2\/pcb-width?post=42183"},{"taxonomy":"product-cat","embeddable":true,"href":"https:\/\/tangooled.com\/ro\/wp-json\/wp\/v2\/product-cat?post=42183"}],"curies":[{"name":"wp","href":"https:\/\/api.w.org\/{rel}","templated":true}]}}