{"id":42179,"date":"2025-12-17T01:38:18","date_gmt":"2025-12-17T09:38:18","guid":{"rendered":"https:\/\/tangooled.com\/?post_type=product&#038;p=42179"},"modified":"2026-02-02T02:10:42","modified_gmt":"2026-02-02T10:10:42","slug":"60mm-round-led-aluminum-housing-large-diameter-rs60","status":"publish","type":"product","link":"https:\/\/tangooled.com\/ro\/produs\/60mm-round-led-aluminum-housing-large-diameter-rs60\/","title":{"rendered":"Carcas\u0103 din aluminiu rotund LED de 60mm pentru suspendare pe scar\u0103 larg\u0103"},"content":{"rendered":"<div class=\"wp-block-group is-vertical is-layout-flex wp-container-core-group-is-layout-d255d7c4 wp-block-group-is-layout-flex\" style=\"padding-top:var(--wp--preset--spacing--80);padding-bottom:var(--wp--preset--spacing--80)\">\n<p>Carcasa rotund\u0103 din aluminiu de 60mm pentru suspendare este un corp de iluminat rezistent, circular, compus dintr-un canal din aluminiu \u0219i un difuzor de lumin\u0103 din PC. Cu kiturile de suspendare, acest profil poate fi suspendat frumos de tavan.<\/p>\n\n\n\n<p>Difuzorul LED curbat este cea mai important\u0103 parte. Acesta acoper\u0103 o mare parte a circumferin\u021bei \u0219i emite lumin\u0103 la un unghi de aproximativ 270 de grade. Designul men\u021bine banda de lumin\u0103 LED \u00een pozi\u021bie \u0219i ofer\u0103 o lumin\u0103 str\u0103lucitoare, uniform\u0103, f\u0103r\u0103 puncte.<\/p>\n\n\n\n<p>Dimensiunea sa mare \u0219i designul rotund \u00eel fac o alegere perfect\u0103 pentru iluminatul principal sau decorativ \u00een spa\u021bii mari \u0219i moderne. Arat\u0103 minunat \u00een holuri cu plafoane \u00eenalte, birouri enorme, magazine \u0219i proiecte arhitecturale care necesit\u0103 un design linear plutitor unic.<\/p>\n<\/div>\n\n\n\n<div class=\"wp-block-group has-background is-vertical is-layout-flex wp-container-core-group-is-layout-d255d7c4 wp-block-group-is-layout-flex\" style=\"background-color:#f1f1f1;padding-top:var(--wp--preset--spacing--80);padding-bottom:var(--wp--preset--spacing--80)\">\n<div class=\"wp-block-group is-vertical is-layout-flex wp-container-core-group-is-layout-8cf370e7 wp-block-group-is-layout-flex\">\n<h2 class=\"wp-block-heading\" style=\"padding-top:var(--wp--preset--spacing--40);padding-bottom:var(--wp--preset--spacing--40);font-size:25px;font-style:normal;font-weight:600;text-transform:capitalize\">Caracteristici cheie ale carcasei din aluminiu rotunde de 60mm<\/h2>\n\n\n\n<ul class=\"wp-block-list\">\n<li>Aluminiul 6063-T5 este robust \u0219i protejeaz\u0103 lumina LED de c\u0103ldur\u0103.<\/li>\n\n\n\n<li>L\u0103\u021bimea maxim\u0103 a unei benzi LED poate fi de 20mm, ceea ce func\u021bioneaz\u0103 at\u00e2t pentru benzi simple, c\u00e2t \u0219i pentru benzi duble.<\/li>\n\n\n\n<li>Lumina este mai bl\u00e2nd\u0103 pentru c\u0103 are o parte superioar\u0103 din policarbonat opal.<\/li>\n\n\n\n<li>Kitul de suspendare include cleme din alam\u0103 \u0219i s\u00e2rm\u0103 din o\u021bel.<\/li>\n\n\n\n<li>Pute\u021bi controla lumina cu driveri LED dimabili, precum DALI sau 0-10V.<\/li>\n\n\n\n<li>Include capace de cap\u0103t \u0219i conexiuni ale profilului care fac asamblarea u\u0219oar\u0103.<\/li>\n<\/ul>\n<\/div>\n<\/div>\n\n\n\n<div class=\"wp-block-group\" style=\"padding-top:var(--wp--preset--spacing--80);padding-bottom:var(--wp--preset--spacing--80)\"><div class=\"wp-block-group__inner-container is-layout-constrained wp-block-group-is-layout-constrained\">\n<div class=\"wp-block-media-text has-media-on-the-right is-stacked-on-mobile\" style=\"grid-template-columns:auto 40%\"><div class=\"wp-block-media-text__content\">\n<h2 class=\"wp-block-heading\" style=\"padding-top:var(--wp--preset--spacing--40);padding-bottom:var(--wp--preset--spacing--40);font-size:25px;font-style:normal;font-weight:600;text-transform:capitalize\">Unde s\u0103 folosi\u021bi profilul LED RS60<\/h2>\n\n\n\n<ul class=\"wp-block-list\">\n<li>Iluminare de birou: Suspenda\u021bi deasupra birourilor \u00een birouri deschise sau s\u0103li de \u0219edin\u021be.<\/li>\n\n\n\n<li>Iluminat pentru showroom-uri: Folosi\u021bi o lumin\u0103 str\u0103lucitoare \u0219i clar\u0103 pentru a eviden\u021bia produsele.<\/li>\n\n\n\n<li>Un corp de iluminat pentru sala de conferin\u021be care adaug\u0103 stil \u0219i atrage aten\u021bia.<\/li>\n\n\n\n<li>O lamp\u0103 suspendat\u0103 pentru zona de dining face mesele mai confortabile \u0219i elegante.<\/li>\n<\/ul>\n<\/div><figure class=\"wp-block-media-text__media\"><img loading=\"lazy\" decoding=\"async\" width=\"500\" height=\"500\" src=\"https:\/\/tangooled.com\/wp-content\/uploads\/2025\/12\/rs60-ins.webp\" alt=\"60mm round led aluminum profile for suspension\" class=\"wp-image-42362 size-full\" srcset=\"https:\/\/tangooled.com\/wp-content\/uploads\/2025\/12\/rs60-ins.webp 500w, https:\/\/tangooled.com\/wp-content\/uploads\/2025\/12\/rs60-ins-300x300.webp 300w, https:\/\/tangooled.com\/wp-content\/uploads\/2025\/12\/rs60-ins-150x150.webp 150w\" sizes=\"auto, (max-width: 500px) 100vw, 500px\" \/><\/figure><\/div>\n<\/div><\/div>\n\n\n\n<div class=\"wp-block-group has-background\" style=\"background-color:#f1f1f1f2;padding-top:var(--wp--preset--spacing--80);padding-bottom:var(--wp--preset--spacing--80)\"><div class=\"wp-block-group__inner-container is-layout-constrained wp-block-group-is-layout-constrained\">\n<h2 class=\"wp-block-heading\" style=\"padding-top:var(--wp--preset--spacing--40);padding-bottom:var(--wp--preset--spacing--40);font-size:25px;font-style:normal;font-weight:600\">Ce ob\u021bine\u021bi cu TG-RS60?<\/h2>\n\n\n\n<ul class=\"wp-block-list\">\n<li>Profil din aluminiu \u00een finisajul preferat: argintiu, negru sau alb.<\/li>\n\n\n\n<li>Un difuzor opal&nbsp;care se prinde pentru o lumin\u0103 bl\u00e2nd\u0103 \u0219i constant\u0103.<\/li>\n\n\n\n<li>Kituri de suspendare cu s\u00e2rme din o\u021bel care pot fi ajustate \u0219i cleme care fac asamblarea u\u0219oar\u0103.<\/li>\n\n\n\n<li>Capace de cap\u0103t&nbsp;pentru capete neatente \u0219i completate.<\/li>\n<\/ul>\n<\/div><\/div>\n\n\n\n<div class=\"wp-block-group is-vertical is-layout-flex wp-container-core-group-is-layout-d255d7c4 wp-block-group-is-layout-flex\" style=\"padding-top:var(--wp--preset--spacing--80);padding-bottom:var(--wp--preset--spacing--80)\">\n<h2 class=\"wp-block-heading\" style=\"padding-top:var(--wp--preset--spacing--40);padding-bottom:var(--wp--preset--spacing--40);font-size:25px;font-style:normal;font-weight:600;text-transform:capitalize\">Rezumat<\/h2>\n\n\n\n<p>Cea mai bun\u0103 modalitate de a suspenda lumini pendante frumoase este folosind carcasa din aluminiu rotund\u0103 de 60mm TG-RS60. Este compus\u0103 din aluminiu puternic, are un difuzor neted f\u0103r\u0103 puncte \u0219i poate fi utilizat\u0103 \u00een multe locuri, cum ar fi buc\u0103t\u0103rii \u0219i birouri. Folosi\u021bi-o cu benzi LED de calitate superioar\u0103, driveri dimabili \u0219i sisteme de control al iluminatului inteligente pentru a ob\u021bine un iluminat str\u0103lucitor, eficient \u0219i frumos.<\/p>\n<\/div>\n\n\n\n<p><\/p>","protected":false},"featured_media":13383,"template":"","meta":{"_acf_changed":true,"_seopress_robots_primary_cat":"none","_seopress_titles_title":"60mm Round LED Aluminum Housing RS60 | TANGOOLED","_seopress_titles_desc":"The RS60 is a heavy-duty 60mm round led aluminum housing with an opal light diffuser for suspension use.","_seopress_robots_index":""},"pcb-width":[229],"product-cat":[234],"class_list":{"0":"post-42179","1":"product","2":"type-product","3":"status-publish","4":"has-post-thumbnail","6":"pcb-width-15-20mm","7":"product-cat-round-tube-profile"},"acf":[],"_links":{"self":[{"href":"https:\/\/tangooled.com\/ro\/wp-json\/wp\/v2\/product\/42179","targetHints":{"allow":["GET"]}}],"collection":[{"href":"https:\/\/tangooled.com\/ro\/wp-json\/wp\/v2\/product"}],"about":[{"href":"https:\/\/tangooled.com\/ro\/wp-json\/wp\/v2\/types\/product"}],"wp:featuredmedia":[{"embeddable":true,"href":"https:\/\/tangooled.com\/ro\/wp-json\/wp\/v2\/media\/13383"}],"wp:attachment":[{"href":"https:\/\/tangooled.com\/ro\/wp-json\/wp\/v2\/media?parent=42179"}],"wp:term":[{"taxonomy":"pcb-width","embeddable":true,"href":"https:\/\/tangooled.com\/ro\/wp-json\/wp\/v2\/pcb-width?post=42179"},{"taxonomy":"product-cat","embeddable":true,"href":"https:\/\/tangooled.com\/ro\/wp-json\/wp\/v2\/product-cat?post=42179"}],"curies":[{"name":"wp","href":"https:\/\/api.w.org\/{rel}","templated":true}]}}