{"id":42175,"date":"2025-12-17T01:30:12","date_gmt":"2025-12-17T09:30:12","guid":{"rendered":"https:\/\/tangooled.com\/?post_type=product&#038;p=42175"},"modified":"2026-02-02T02:11:52","modified_gmt":"2026-02-02T10:11:52","slug":"40mm-round-led-aluminum-profile-30mm-inner-rs40","status":"publish","type":"product","link":"https:\/\/tangooled.com\/ro\/produs\/40mm-round-led-aluminum-profile-30mm-inner-rs40\/","title":{"rendered":"Profil LED rotund cu diametrul de 40mm \u0219i l\u0103\u021bimea interioar\u0103 de 30mm"},"content":{"rendered":"<div class=\"wp-block-group is-vertical is-layout-flex wp-container-core-group-is-layout-d255d7c4 wp-block-group-is-layout-flex\" style=\"padding-top:var(--wp--preset--spacing--80);padding-bottom:var(--wp--preset--spacing--80)\">\n<p>Acest profil LED rotund de 40mm din aluminiu este realizat special pentru iluminatul suspendat. Profilul are un carcas\u0103 robust\u0103 din aluminiu care m\u0103soar\u0103 40 mm l\u0103\u021bime pe exterior \u0219i 30.7 mm l\u0103\u021bime pe interior pentru banda LED.<\/p>\n\n\n\n<p>Spa\u021biul gol din interiorul sec\u021biunii curbate de iluminat este o parte important\u0103 a structurii. Func\u021bioneaz\u0103 excelent pentru ascunderea firelor foarte sub\u021biri de alimentare sau de driver. Partea inferioar\u0103 are un diffuser LED curbat care disperseaz\u0103 lumina uniform pe o suprafa\u021b\u0103 mare.<\/p>\n\n\n\n<p>Acest profil LED rotund de 40mm este perfect pentru iluminat ambiental \u0219i de lucru de \u00eenalt\u0103 calitate \u00eentr-o gam\u0103 variat\u0103 de medii moderne, cum ar fi birouri corporative, s\u0103li de conferin\u021b\u0103, spa\u021bii comerciale \u0219i galerii. De asemenea, func\u021bioneaz\u0103 bine ca iluminat de accent deasupra insulelor din buc\u0103t\u0103rii sau a zonelor de dining.<\/p>\n<\/div>\n\n\n\n<div class=\"wp-block-group has-background is-vertical is-layout-flex wp-container-core-group-is-layout-d255d7c4 wp-block-group-is-layout-flex\" style=\"background-color:#f1f1f1;padding-top:var(--wp--preset--spacing--80);padding-bottom:var(--wp--preset--spacing--80)\">\n<div class=\"wp-block-group is-vertical is-layout-flex wp-container-core-group-is-layout-8cf370e7 wp-block-group-is-layout-flex\">\n<h2 class=\"wp-block-heading\" style=\"padding-top:var(--wp--preset--spacing--40);padding-bottom:var(--wp--preset--spacing--40);font-size:25px;font-style:normal;font-weight:600;text-transform:capitalize\">De Ce Ar Trebui S\u0103 Alege\u021bi Profilul nostru LED Rotund de 40mm?<\/h2>\n\n\n\n<ul class=\"wp-block-list\">\n<li>Puternic \u0219i U\u0219or: Fabricat din aluminiu 6063-T5, care disperseaz\u0103 bine c\u0103ldura \u0219i dureaz\u0103 mult timp.<\/li>\n\n\n\n<li>Se Potrivesc Benzile LED Largi: L\u0103\u021bimea interioar\u0103 de 30mm poate gestiona dou\u0103 r\u00e2nduri de benzi LED sau o band\u0103 larg\u0103.<\/li>\n\n\n\n<li>Lumina Uniform\u0103: Difuzorul mat care vine cu el face ca lumina s\u0103 fie bl\u00e2nd\u0103 \u0219i uniform\u0103, f\u0103r\u0103 pete.<\/li>\n\n\n\n<li>U\u0219or de Utilizat: Suspensia vine cu toate piesele de care ave\u021bi nevoie pentru a o ata\u0219a cu u\u0219urin\u021b\u0103.<\/li>\n\n\n\n<li>Aspect Pl\u0103cut: Pute\u021bi alege dintre finisaje anodizate argintii, negre sau albe.<\/li>\n<\/ul>\n<\/div>\n<\/div>\n\n\n\n<div class=\"wp-block-group\" style=\"padding-top:var(--wp--preset--spacing--80);padding-bottom:var(--wp--preset--spacing--80)\"><div class=\"wp-block-group__inner-container is-layout-constrained wp-block-group-is-layout-constrained\">\n<div class=\"wp-block-media-text has-media-on-the-right is-stacked-on-mobile\" style=\"grid-template-columns:auto 40%\"><div class=\"wp-block-media-text__content\">\n<h2 class=\"wp-block-heading\" style=\"padding-top:var(--wp--preset--spacing--40);padding-bottom:var(--wp--preset--spacing--40);font-size:25px;font-style:normal;font-weight:600;text-transform:capitalize\">Compatibilitatea Iluminatului \u0219i Instalarea<\/h2>\n\n\n\n<ul class=\"wp-block-list\">\n<li>Func\u021bioneaz\u0103 cu benzi LED de p\u00e2n\u0103 la 30mm l\u0103\u021bime, perfecte pentru LED-uri SMD sau COB cu dou\u0103 r\u00e2nduri.<\/li>\n\n\n\n<li>Func\u021bioneaz\u0103 perfect cu benzi LED care sunt destul de dense pentru a evita petele.<\/li>\n\n\n\n<li>Pute\u021bi folosi fire suspendate pentru a o ag\u0103\u021ba sau clipsuri de montaj pentru a o ata\u0219a la pere\u021bi \u0219i tavan.<\/li>\n\n\n\n<li>Difuzorul \u00eenmoaie lumina astfel \u00eenc\u00e2t s\u0103 se r\u0103sp\u00e2ndeasc\u0103 uniform \u00een \u00eentreaga camer\u0103 f\u0103r\u0103 puncte.<\/li>\n<\/ul>\n<\/div><figure class=\"wp-block-media-text__media\"><img loading=\"lazy\" decoding=\"async\" width=\"500\" height=\"500\" src=\"https:\/\/tangooled.com\/wp-content\/uploads\/2025\/12\/rs40-ins.webp\" alt=\"diameter 40mm round aluminum profile for led strips with inner width 30mm\" class=\"wp-image-42296 size-full\" srcset=\"https:\/\/tangooled.com\/wp-content\/uploads\/2025\/12\/rs40-ins.webp 500w, https:\/\/tangooled.com\/wp-content\/uploads\/2025\/12\/rs40-ins-300x300.webp 300w, https:\/\/tangooled.com\/wp-content\/uploads\/2025\/12\/rs40-ins-150x150.webp 150w\" sizes=\"auto, (max-width: 500px) 100vw, 500px\" \/><\/figure><\/div>\n<\/div><\/div>\n\n\n\n<div class=\"wp-block-group has-background is-vertical is-layout-flex wp-container-core-group-is-layout-b429018a wp-block-group-is-layout-flex\" style=\"background-color:#f1f1f1f2;padding-top:var(--wp--preset--spacing--70);padding-bottom:var(--wp--preset--spacing--70)\">\n<h2 class=\"wp-block-heading\" style=\"padding-top:var(--wp--preset--spacing--40);padding-bottom:var(--wp--preset--spacing--40);font-size:25px;font-style:normal;font-weight:600;text-transform:capitalize\">Unde Pute\u021bi Folosi Profilul Rotund din Aluminiu de 40mm<\/h2>\n\n\n\n<p>Acest profil este puternic \u0219i adaptabil \u00een acela\u0219i timp. Folosi\u021bi-l pentru o multitudine de proiecte de iluminat, cum ar fi:<\/p>\n\n\n\n<ul class=\"wp-block-list\">\n<li>Iluminatul pentru insulele din buc\u0103t\u0103rie, camere de zi \u0219i dulapuri pentru a crea o atmosfer\u0103 \u0219i a v\u0103 ajuta s\u0103 finaliza\u021bi sarcinile.<\/li>\n\n\n\n<li>Afaceri: birouri, magazine \u0219i restaurante care sunt curate, luminoase \u0219i actualizate.<\/li>\n\n\n\n<li>Design: Face\u021bi lumini suspendate circulare care se aliniate bine.<\/li>\n\n\n\n<li>Folosi\u021bi cu benzi LED cu dou\u0103 r\u00e2nduri pentru a face dulapurile \u0219i rafturile mai luminoase.<\/li>\n<\/ul>\n<\/div>\n\n\n\n<div class=\"wp-block-group\" style=\"padding-top:var(--wp--preset--spacing--80);padding-bottom:var(--wp--preset--spacing--80)\"><div class=\"wp-block-group__inner-container is-layout-constrained wp-block-group-is-layout-constrained\">\n<h2 class=\"wp-block-heading\" style=\"padding-top:var(--wp--preset--spacing--40);padding-bottom:var(--wp--preset--spacing--40);font-size:25px;font-style:normal;font-weight:600;text-transform:capitalize\">Ce Este \u00cen Cutie?<\/h2>\n\n\n\n<ul class=\"wp-block-list\">\n<li>Un profil circular din aluminiu de 40mm la lungimea \u0219i finisajul pe care le alege\u021bi<\/li>\n\n\n\n<li>Un difuzor LED opal care se fixeaz\u0103<\/li>\n\n\n\n<li>Dou\u0103 capacete metalice pentru a crea un aspect complet<\/li>\n\n\n\n<li>Dou\u0103 kituri de cablu de suspensie pentru ag\u0103\u021bare<\/li>\n<\/ul>\n<\/div><\/div>\n\n\n\n<div class=\"wp-block-group has-background\" style=\"background-color:#f1f1f1;padding-top:var(--wp--preset--spacing--80);padding-bottom:var(--wp--preset--spacing--80)\"><div class=\"wp-block-group__inner-container is-layout-constrained wp-block-group-is-layout-constrained\">\n<h2 class=\"wp-block-heading\" style=\"padding-top:var(--wp--preset--spacing--40);padding-bottom:var(--wp--preset--spacing--40);font-size:25px;font-style:normal;font-weight:600;text-transform:capitalize\">Vezi Alte Profile Pe Care Le Po\u021bi \u00cendr\u0103gi<\/h2>\n\n\n\n<ul class=\"wp-block-list\">\n<li>Verific\u0103 <a href=\"https:\/\/tangooled.com\/ro\/produs\/black-led-profile-with-black-diffuser-for-10mm-led-strip-light\/\"><mark style=\"background-color:rgba(0, 0, 0, 0)\" class=\"has-inline-color has-vivid-red-color\">Profil LED Negru Cu Difuzor Negru pentru Lampa LED de 10mm<\/mark><\/a> pentru benzi LED mai mici.<\/li>\n\n\n\n<li>Vizualizare <a href=\"https:\/\/tangooled.com\/ro\/produs\/surface-mount-led-profile-with-frosted-diffuser-for-10mm-rope-lights\/\"><mark style=\"background-color:rgba(0, 0, 0, 0)\" class=\"has-inline-color has-vivid-red-color\">Profil LED Montat pe Suprafa\u021b\u0103 Cu Difuzor Mat pentru L\u0103mpile cu F\u00e2\u0219ii de 10mm<\/mark><\/a> pentru op\u021biuni de montaj la tavan u\u0219oare.<\/li>\n\n\n\n<li>Exploreaz\u0103 <a href=\"https:\/\/tangooled.com\/ro\/produs\/25x14m-surface-mounted-led-light-aluminum-profile\/\"><mark style=\"background-color:rgba(0, 0, 0, 0)\" class=\"has-inline-color has-vivid-red-color\">Profil din aluminiu pentru lumin\u0103 LED montat pe suprafa\u021b\u0103 de 25x14m<\/mark><\/a> pentru stiluri de montare versatile.<\/li>\n<\/ul>\n<\/div><\/div>\n\n\n\n<p><\/p>","protected":false},"featured_media":13366,"template":"","meta":{"_acf_changed":true,"_seopress_robots_primary_cat":"none","_seopress_titles_title":"40mm Round LED Aluminum Profile 30mm Inner Width RS40 | TANGOOLED","_seopress_titles_desc":"The RS40 is a heavy-duty 40mm round led aluminum profile with a wide 30mm inner channel. Perfect for high-output lighting and custom pendant fixtures in commercial spaces.","_seopress_robots_index":""},"pcb-width":[230],"product-cat":[234],"class_list":{"0":"post-42175","1":"product","2":"type-product","3":"status-publish","4":"has-post-thumbnail","6":"pcb-width-20-25mm","7":"product-cat-round-tube-profile"},"acf":[],"_links":{"self":[{"href":"https:\/\/tangooled.com\/ro\/wp-json\/wp\/v2\/product\/42175","targetHints":{"allow":["GET"]}}],"collection":[{"href":"https:\/\/tangooled.com\/ro\/wp-json\/wp\/v2\/product"}],"about":[{"href":"https:\/\/tangooled.com\/ro\/wp-json\/wp\/v2\/types\/product"}],"wp:featuredmedia":[{"embeddable":true,"href":"https:\/\/tangooled.com\/ro\/wp-json\/wp\/v2\/media\/13366"}],"wp:attachment":[{"href":"https:\/\/tangooled.com\/ro\/wp-json\/wp\/v2\/media?parent=42175"}],"wp:term":[{"taxonomy":"pcb-width","embeddable":true,"href":"https:\/\/tangooled.com\/ro\/wp-json\/wp\/v2\/pcb-width?post=42175"},{"taxonomy":"product-cat","embeddable":true,"href":"https:\/\/tangooled.com\/ro\/wp-json\/wp\/v2\/product-cat?post=42175"}],"curies":[{"name":"wp","href":"https:\/\/api.w.org\/{rel}","templated":true}]}}