{"id":42170,"date":"2025-12-17T01:14:03","date_gmt":"2025-12-17T09:14:03","guid":{"rendered":"https:\/\/tangooled.com\/?post_type=product&#038;p=42170"},"modified":"2026-02-02T02:12:58","modified_gmt":"2026-02-02T10:12:58","slug":"d15mm-slim-round-led-aluminum-channel-for-5mm-led-strip","status":"publish","type":"product","link":"https:\/\/tangooled.com\/ro\/produs\/d15mm-slim-round-led-aluminum-channel-for-5mm-led-strip\/","title":{"rendered":"Canal din aluminiu rotund LED sub\u021bire D15mm pentru band\u0103 LED de 5mm"},"content":{"rendered":"<div class=\"wp-block-group is-vertical is-layout-flex wp-container-core-group-is-layout-d255d7c4 wp-block-group-is-layout-flex\" style=\"padding-top:var(--wp--preset--spacing--80);padding-bottom:var(--wp--preset--spacing--80)\">\n<p>The D15mm slim round LED channel will make your space\u00a0brighter. The ideal way to install your 5mm LED strip lights is with this aluminum LED profile. The exterior diameter is only 15.4 mm, while the internal width\u00a0is only 10.4 mm. Its slim profile and round shape give a clean installation and a modern look. The profile is made to be easy to mount on a surface, and screws hold it in place directly on the installation surface.<\/p>\n\n\n\n<p>This extruded aluminum keeps your LED strips cool for longer life and gives off a smooth, dot-free light through its diffuser.It&#8217;s perfect for lighting up specific areas under cabinets or adding little decorative accents to shelves, corridors, or any other architectural feature that needs a clean, low-profile fixture.<\/p>\n<\/div>\n\n\n\n<div class=\"wp-block-group has-background is-vertical is-layout-flex wp-container-core-group-is-layout-d255d7c4 wp-block-group-is-layout-flex\" style=\"background-color:#f1f1f1;padding-top:var(--wp--preset--spacing--80);padding-bottom:var(--wp--preset--spacing--80)\">\n<div class=\"wp-block-group is-vertical is-layout-flex wp-container-core-group-is-layout-8cf370e7 wp-block-group-is-layout-flex\">\n<h2 class=\"wp-block-heading\" style=\"padding-top:var(--wp--preset--spacing--40);padding-bottom:var(--wp--preset--spacing--40);font-size:25px;font-style:normal;font-weight:600;text-transform:capitalize\">De ce s\u0103 alegi canalul nostru LED rotund sub\u021bire D15mm?<\/h2>\n\n\n\n<ul class=\"wp-block-list\">\n<li>Func\u021bioneaz\u0103 cu benzi LED \u00eenguste, precum benzile LED de 5mm.<\/li>\n\n\n\n<li>It has a slim, circular shape and the diamater is\u00a0is only 15mm.<\/li>\n\n\n\n<li>Este robust deoarece este fabricat din aluminiu anodizat 6063-T5.<\/li>\n\n\n\n<li>The PC opal diffuser\u00a0softens the light and makes it dotless.\u00a0<\/li>\n\n\n\n<li>Vine cu capace de cap\u0103t \u0219i cleme de montare pentru o instalare u\u0219oar\u0103.\u00a0<\/li>\n\n\n\n<li>It&#8217;s great for lighting up show cases, closets, under cabinets, and more.<\/li>\n\n\n\n<li>Conceput pentru iluminare liniar\u0103 profesional\u0103 \u00een case \u0219i afaceri.<\/li>\n<\/ul>\n<\/div>\n<\/div>\n\n\n\n<div class=\"wp-block-group\" style=\"padding-top:var(--wp--preset--spacing--60);padding-bottom:var(--wp--preset--spacing--60)\"><div class=\"wp-block-group__inner-container is-layout-constrained wp-block-group-is-layout-constrained\">\n<div class=\"wp-block-media-text has-media-on-the-right is-stacked-on-mobile\" style=\"grid-template-columns:auto 40%\"><div class=\"wp-block-media-text__content\">\n<h2 class=\"wp-block-heading\" style=\"padding-top:var(--wp--preset--spacing--40);padding-bottom:var(--wp--preset--spacing--40);font-size:25px;font-style:normal;font-weight:600;text-transform:capitalize\">Unde s\u0103 \u00eel folose\u0219ti?<\/h2>\n\n\n\n<ul class=\"wp-block-list\">\n<li>Instalarea luminilor sub dulapuri \u00een buc\u0103t\u0103rii \u0219i birouri.<\/li>\n\n\n\n<li>Iluminatul pentru dulapul t\u0103u \u0219i hainele pentru a te ajuta s\u0103 men\u021bii lucrurile ordonate.<\/li>\n\n\n\n<li>Vitrine \u0219i rafturi \u00een magazine pentru a expune bunuri.<\/li>\n\n\n\n<li>Iluminatul pentru lucruri precum t\u0103bli\u021be de pat \u0219i biblioteci.<\/li>\n<\/ul>\n<\/div><figure class=\"wp-block-media-text__media\"><img loading=\"lazy\" decoding=\"async\" width=\"500\" height=\"500\" src=\"https:\/\/tangooled.com\/wp-content\/uploads\/2025\/12\/ar04-ins.webp\" alt=\"d15mm slim round led aluminum channel for 5mm led strip\" class=\"wp-image-42288 size-full\" srcset=\"https:\/\/tangooled.com\/wp-content\/uploads\/2025\/12\/ar04-ins.webp 500w, https:\/\/tangooled.com\/wp-content\/uploads\/2025\/12\/ar04-ins-300x300.webp 300w, https:\/\/tangooled.com\/wp-content\/uploads\/2025\/12\/ar04-ins-150x150.webp 150w\" sizes=\"auto, (max-width: 500px) 100vw, 500px\" \/><\/figure><\/div>\n<\/div><\/div>\n\n\n\n<div class=\"wp-block-group has-background is-vertical is-layout-flex wp-container-core-group-is-layout-b429018a wp-block-group-is-layout-flex\" style=\"background-color:#f1f1f1f2;padding-top:var(--wp--preset--spacing--70);padding-bottom:var(--wp--preset--spacing--70)\">\n<h2 class=\"wp-block-heading\" style=\"padding-top:var(--wp--preset--spacing--40);padding-bottom:var(--wp--preset--spacing--40);font-size:25px;font-style:normal;font-weight:600\">What\u2019s Inside the Box?<\/h2>\n\n\n\n<ul class=\"wp-block-list\">\n<li>1x canal din aluminiu LED rotund D15mm (lungime la alegerea ta)<\/li>\n\n\n\n<li>1x capac difuzor opal din PC pentru lumin\u0103 neted\u0103<\/li>\n\n\n\n<li>2x cleme de montare pentru ata\u0219are u\u0219oar\u0103 pe suprafa\u021b\u0103<\/li>\n\n\n\n<li>2x capace de cap\u0103t (1 cu orificiu pentru fir, 1 f\u0103r\u0103) pentru un aspect pl\u0103cut<\/li>\n<\/ul>\n\n\n\n<p>Pentru a potrivi profilele cu alte dimensiuni \u0219i capace, verific\u0103 <a href=\"https:\/\/tangooled.com\/ro\/produs\/surface-mount-led-profile-with-frosted-diffuser-for-10mm-rope-lights\/\"><mark style=\"background-color:rgba(0, 0, 0, 0)\" class=\"has-inline-color has-vivid-red-color\">profil LED montat pe suprafa\u021b\u0103 cu difuzor mat<\/mark><\/a> \u0219i <a href=\"https:\/\/tangooled.com\/ro\/produs\/8x9mm-led-profile-aluminum-channel-rigid-bar-for-5mm-led-strips\/\"><mark style=\"background-color:rgba(0, 0, 0, 0)\" class=\"has-inline-color has-vivid-red-color\">canalul din aluminiu LED profil 8x9mm<\/mark><\/a> pentru designuri sub\u021biri similare.<\/p>\n<\/div>\n\n\n\n<div class=\"wp-block-group is-vertical is-layout-flex wp-container-core-group-is-layout-d255d7c4 wp-block-group-is-layout-flex\" style=\"padding-top:var(--wp--preset--spacing--80);padding-bottom:var(--wp--preset--spacing--80)\">\n<h2 class=\"wp-block-heading\" style=\"padding-top:var(--wp--preset--spacing--40);padding-bottom:var(--wp--preset--spacing--40);font-size:25px;font-style:normal;font-weight:600;text-transform:capitalize\">Rezumat<\/h2>\n\n\n\n<p>The D15mm slim round LED \u00a0channel for 5mm LED strips is the finest choice for anyone who requires a lighting solution that is low-profile, lasts a long time, and is easy to clean. It has great heat control and a nice diffused lighting look, making it great for professional linear lighting.You can utilize this product in a variety of various ways, and it&#8217;s straightforward to put together.<\/p>\n<\/div>\n\n\n\n<p><\/p>","protected":false},"featured_media":14291,"template":"","meta":{"_acf_changed":true,"_seopress_robots_primary_cat":"none","_seopress_titles_title":"D15mm Slim Round LED Channel Profile AR04 | TANGOOLED","_seopress_titles_desc":"Buy AR04 D15mm slim round LED channel which is designed for narrow flexible strip lights like 5mm, 8mm types.","_seopress_robots_index":""},"pcb-width":[228],"product-cat":[234],"class_list":{"0":"post-42170","1":"product","2":"type-product","3":"status-publish","4":"has-post-thumbnail","6":"pcb-width-6-12mm","7":"product-cat-round-tube-profile"},"acf":[],"_links":{"self":[{"href":"https:\/\/tangooled.com\/ro\/wp-json\/wp\/v2\/product\/42170","targetHints":{"allow":["GET"]}}],"collection":[{"href":"https:\/\/tangooled.com\/ro\/wp-json\/wp\/v2\/product"}],"about":[{"href":"https:\/\/tangooled.com\/ro\/wp-json\/wp\/v2\/types\/product"}],"wp:featuredmedia":[{"embeddable":true,"href":"https:\/\/tangooled.com\/ro\/wp-json\/wp\/v2\/media\/14291"}],"wp:attachment":[{"href":"https:\/\/tangooled.com\/ro\/wp-json\/wp\/v2\/media?parent=42170"}],"wp:term":[{"taxonomy":"pcb-width","embeddable":true,"href":"https:\/\/tangooled.com\/ro\/wp-json\/wp\/v2\/pcb-width?post=42170"},{"taxonomy":"product-cat","embeddable":true,"href":"https:\/\/tangooled.com\/ro\/wp-json\/wp\/v2\/product-cat?post=42170"}],"curies":[{"name":"wp","href":"https:\/\/api.w.org\/{rel}","templated":true}]}}