{"id":42166,"date":"2025-12-17T01:09:39","date_gmt":"2025-12-17T09:09:39","guid":{"rendered":"https:\/\/tangooled.com\/?post_type=product&#038;p=42166"},"modified":"2026-02-02T02:13:25","modified_gmt":"2026-02-02T10:13:25","slug":"round-led-aluminum-profile-dia-24mm-suspended-ar03","status":"publish","type":"product","link":"https:\/\/tangooled.com\/ro\/produs\/round-led-aluminum-profile-dia-24mm-suspended-ar03\/","title":{"rendered":"Profil LED rotund suspendat de 24mm pentru benzi de 12mm"},"content":{"rendered":"<div class=\"wp-block-group is-vertical is-layout-flex wp-container-core-group-is-layout-d255d7c4 wp-block-group-is-layout-flex\" style=\"padding-top:var(--wp--preset--spacing--80);padding-bottom:var(--wp--preset--spacing--80)\">\n<p>Brighten your space with our round led aluminum profile dia 24mm designed for flexible LED strips up to 12mm wide. This strong channel has a 24.0 mm outer\u00a0diameter and a 12.2 mm internal width.<\/p>\n\n\n\n<p>This profile\u00a0works well for surface mounting using a tilt-and-swivel bracket, but it can also be used for pendant lighting that hangs down. This bracket installation holds the fixture in place while letting you move and turn the complete channel, which enables you point the light exactly where you want it.<\/p>\n\n\n\n<p>This profile keeps LED strips\u00a0cool, protects them, and spreads light evenly so there are no hot spots. This feature that changes makes it perfect for directing accent lighting, lighting up retail displays, museum exhibits, or any other function that needs controlled, focused wall washing.<\/p>\n<\/div>\n\n\n\n<div class=\"wp-block-group has-background is-vertical is-layout-flex wp-container-core-group-is-layout-d255d7c4 wp-block-group-is-layout-flex\" style=\"background-color:#f1f1f1;padding-top:var(--wp--preset--spacing--80);padding-bottom:var(--wp--preset--spacing--80)\">\n<div class=\"wp-block-group is-vertical is-layout-flex wp-container-core-group-is-layout-8cf370e7 wp-block-group-is-layout-flex\">\n<h2 class=\"wp-block-heading\" style=\"padding-top:var(--wp--preset--spacing--40);padding-bottom:var(--wp--preset--spacing--40);font-size:25px;font-style:normal;font-weight:600;text-transform:capitalize\">Caracteristici \u0219i Beneficii<\/h2>\n\n\n\n<ul class=\"wp-block-list\">\n<li>Fabricat din aliaj de aluminiu 6063-T5 durabil, oferind o gestionare excelent\u0103 a c\u0103ldurii pentru a r\u0103ci benzile tale LED.<\/li>\n\n\n\n<li>Profilul rotund cu diametrul de 24mm se potrive\u0219te perfect pentru benzile LED flexibile, maximiz\u00e2nd lumina emis\u0103 \u0219i atractivitatea estetic\u0103.<\/li>\n\n\n\n<li>Dispersorul opal ymoaie lumina, previne apari\u021bia punctelor dure \u0219i protejeaz\u0103 banda LED de praf \u0219i daune.<\/li>\n\n\n\n<li>Suportul pivotant \u00ee\u021bi permite s\u0103 ajustezi lumina \u00een direc\u021bia dorit\u0103.<\/li>\n\n\n\n<li>Compatibil cu diferite benzi LED, inclusiv SMD 5050, band\u0103 LED COB \u0219i benzi LED albe reglabile.<\/li>\n\n\n\n<li>Disponibil \u00een diverse finisaje pentru designul profesional \u0219i comercial sau pentru iluminatul de acas\u0103.<\/li>\n<\/ul>\n<\/div>\n<\/div>\n\n\n\n<div class=\"wp-block-group\" style=\"padding-top:var(--wp--preset--spacing--60);padding-bottom:var(--wp--preset--spacing--60)\"><div class=\"wp-block-group__inner-container is-layout-constrained wp-block-group-is-layout-constrained\">\n<div class=\"wp-block-media-text has-media-on-the-right is-stacked-on-mobile\" style=\"grid-template-columns:auto 40%\"><div class=\"wp-block-media-text__content\">\n<h2 class=\"wp-block-heading\" style=\"padding-top:var(--wp--preset--spacing--40);padding-bottom:var(--wp--preset--spacing--40);font-size:25px;font-style:normal;font-weight:600;text-transform:capitalize\">Pa\u0219i simpli pentru instalare<\/h2>\n\n\n\n<ul class=\"wp-block-list\">\n<li>Taie acest profil LED rotund din aluminiu la lungimea dorit\u0103<\/li>\n\n\n\n<li>Alege \u0219i a\u0219eaz\u0103 o band\u0103 LED adecvat\u0103 (maxim 12mm) \u00een interiorul profilului<\/li>\n\n\n\n<li>Ata\u0219eaz\u0103 dispersorul de lumin\u0103 opal<\/li>\n\n\n\n<li>Sigileaz\u0103 capacele la ambele capete \u0219i conecteaz\u0103 alimentarea.<\/li>\n<\/ul>\n<\/div><figure class=\"wp-block-media-text__media\"><img loading=\"lazy\" decoding=\"async\" width=\"500\" height=\"500\" src=\"https:\/\/tangooled.com\/wp-content\/uploads\/2025\/12\/ar03-ins.webp\" alt=\"suspended round led aluminum profile dia 24mm for 12mm flexible led strip\" class=\"wp-image-42284 size-full\" srcset=\"https:\/\/tangooled.com\/wp-content\/uploads\/2025\/12\/ar03-ins.webp 500w, https:\/\/tangooled.com\/wp-content\/uploads\/2025\/12\/ar03-ins-300x300.webp 300w, https:\/\/tangooled.com\/wp-content\/uploads\/2025\/12\/ar03-ins-150x150.webp 150w\" sizes=\"auto, (max-width: 500px) 100vw, 500px\" \/><\/figure><\/div>\n<\/div><\/div>\n\n\n\n<div class=\"wp-block-group has-background is-vertical is-layout-flex wp-container-core-group-is-layout-b429018a wp-block-group-is-layout-flex\" style=\"background-color:#f1f1f1f2;padding-top:var(--wp--preset--spacing--70);padding-bottom:var(--wp--preset--spacing--70)\">\n<h2 class=\"wp-block-heading\" style=\"padding-top:var(--wp--preset--spacing--40);padding-bottom:var(--wp--preset--spacing--40);font-size:25px;font-style:normal;font-weight:600\">Utiliz\u0103ri \u0219i aplica\u021bii<\/h2>\n\n\n\n<p>Po\u021bi folosi profilul circular LED din aluminiu cu diametrul de 24mm \u00een multe locuri diferite:<\/p>\n\n\n\n<ul class=\"wp-block-list\">\n<li>O lumin\u0103 str\u0103lucitoare \u0219i clar\u0103 pentru insula din buc\u0103t\u0103rie.<\/li>\n\n\n\n<li>Luminile din birouri \u0219i s\u0103lile de conferin\u021be ar trebui s\u0103 fie curate, organizate \u0219i uniforme.<\/li>\n\n\n\n<li>Expuneri comerciale care atrag aten\u021bia asupra produselor bine iluminate.<\/li>\n\n\n\n<li>Rame de closet cu benzi LED care lumineaz\u0103 interiorul.<\/li>\n<\/ul>\n<\/div>\n\n\n\n<div class=\"wp-block-group is-vertical is-layout-flex wp-container-core-group-is-layout-d255d7c4 wp-block-group-is-layout-flex\" style=\"padding-top:var(--wp--preset--spacing--80);padding-bottom:var(--wp--preset--spacing--80)\">\n<h2 class=\"wp-block-heading\" style=\"padding-top:var(--wp--preset--spacing--40);padding-bottom:var(--wp--preset--spacing--40);font-size:25px;font-style:normal;font-weight:600;text-transform:capitalize\">Compar\u0103 \u0219i Exploreaz\u0103 Produse Asem\u0103n\u0103toare<\/h2>\n\n\n\n<ul class=\"wp-block-list\">\n<li>Pentru o op\u021biune mai sub\u021bire, vezi <a href=\"https:\/\/tangooled.com\/ro\/produs\/18mm-flexible-led-profile-for-12mm-led-strips\/\"><mark style=\"background-color:rgba(0, 0, 0, 0)\" class=\"has-inline-color has-vivid-red-color\">profilul LED flexibil de 18mm pentru benzi LED de 12mm<\/mark><\/a> care se potrive\u0219te majorit\u0103\u021bii benzilor LED standard.<\/li>\n\n\n\n<li>Dac\u0103 ai nevoie de un aspect complet negru, verific\u0103 <a href=\"https:\/\/tangooled.com\/ro\/produs\/black-led-diffuser-aluminum-channel-for-12mm-tape-lights\/\"><mark style=\"background-color:rgba(0, 0, 0, 0)\" class=\"has-inline-color has-vivid-red-color\">canal din aluminiu cu difuzor negru pentru lumini cu band\u0103 de 12 mm<\/mark><\/a>.<\/li>\n\n\n\n<li>Exploreaz\u0103 diferite stiluri cu <a href=\"https:\/\/tangooled.com\/ro\/produs\/25x14m-surface-mounted-led-light-aluminum-profile\/\"><mark style=\"background-color:rgba(0, 0, 0, 0)\" class=\"has-inline-color has-vivid-red-color\">Profil LED din aluminiu montat pe suprafa\u021b\u0103 de 25x14mm <\/mark><\/a>pentru nevoile alternative de montare.<\/li>\n<\/ul>\n<\/div>\n\n\n\n<p><\/p>","protected":false},"featured_media":14288,"template":"","meta":{"_acf_changed":true,"_seopress_robots_primary_cat":"none","_seopress_titles_title":"Dia 24mm Round LED Aluminum Profile for Suspension AR03 | TANGOOLED","_seopress_titles_desc":"The AR03 is a dia 24mm round led aluminum profile optimized for 12mm strips. Ideal for creating architectural suspended pendant lights.","_seopress_robots_index":""},"pcb-width":[228],"product-cat":[234],"class_list":{"0":"post-42166","1":"product","2":"type-product","3":"status-publish","4":"has-post-thumbnail","6":"pcb-width-6-12mm","7":"product-cat-round-tube-profile"},"acf":[],"_links":{"self":[{"href":"https:\/\/tangooled.com\/ro\/wp-json\/wp\/v2\/product\/42166","targetHints":{"allow":["GET"]}}],"collection":[{"href":"https:\/\/tangooled.com\/ro\/wp-json\/wp\/v2\/product"}],"about":[{"href":"https:\/\/tangooled.com\/ro\/wp-json\/wp\/v2\/types\/product"}],"wp:featuredmedia":[{"embeddable":true,"href":"https:\/\/tangooled.com\/ro\/wp-json\/wp\/v2\/media\/14288"}],"wp:attachment":[{"href":"https:\/\/tangooled.com\/ro\/wp-json\/wp\/v2\/media?parent=42166"}],"wp:term":[{"taxonomy":"pcb-width","embeddable":true,"href":"https:\/\/tangooled.com\/ro\/wp-json\/wp\/v2\/pcb-width?post=42166"},{"taxonomy":"product-cat","embeddable":true,"href":"https:\/\/tangooled.com\/ro\/wp-json\/wp\/v2\/product-cat?post=42166"}],"curies":[{"name":"wp","href":"https:\/\/api.w.org\/{rel}","templated":true}]}}