{"id":42122,"date":"2025-12-16T02:03:58","date_gmt":"2025-12-16T10:03:58","guid":{"rendered":"https:\/\/tangooled.com\/?post_type=product&#038;p=42122"},"modified":"2026-02-02T22:15:24","modified_gmt":"2026-02-03T06:15:24","slug":"https-tangooled-com-product-plaster-drywall-aluminum-skirting-board-for-12mm-led-strip-sk12","status":"publish","type":"product","link":"https:\/\/tangooled.com\/ro\/produs\/https-tangooled-com-product-plaster-drywall-aluminum-skirting-board-for-12mm-led-strip-sk12\/","title":{"rendered":"Plac\u0103 de bordur\u0103 din aluminiu pentru rigips pentru benzi LED de 12 mm sk12"},"content":{"rendered":"<div class=\"wp-block-group is-vertical is-layout-flex wp-container-core-group-is-layout-d255d7c4 wp-block-group-is-layout-flex\" style=\"padding-top:var(--wp--preset--spacing--80);padding-bottom:var(--wp--preset--spacing--80)\">\n<p>Our plaster drywall aluminum skirting board for 12mm LED strip is made of 6063-T5 extruded aluminum and is designed to fit perfectly inside a plaster drywall wall or skirting. It works like a hidden baseboard that can hold\u00a0a 12mm LED strip. When turned on, it makes a gentle, even light on the floor that adds to the room&#8217;s atmosphere.<br>C\u00e2nd este utilizat cu un bun difuzor, profilul produce o lumin\u0103 ambiental\u0103 continu\u0103 \u0219i bl\u00e2nd\u0103 pe podea sau un efect de accent care ascunde toate punctele LED. Acest profil ajut\u0103 de asemenea ca luminile LED s\u0103 dureze mai mult, ac\u021bion\u00e2nd ca un radiator de c\u0103ldur\u0103.<br>Acest profil de bordur\u0103 SK12 ajut\u0103 la crearea unor ilumin\u0103ri curate \u0219i omogene, cu benzi LED \u00eencorporate \u00een rigips. F\u0103r\u0103 margini voluminoase, doar lumin\u0103 uniform\u0103 \u0219i f\u0103r\u0103 puncte pe parcursul zilei \u0219i nop\u021bii.<\/p>\n<\/div>\n\n\n\n<div class=\"wp-block-group has-background is-vertical is-layout-flex wp-container-core-group-is-layout-d255d7c4 wp-block-group-is-layout-flex\" style=\"background-color:#f1f1f1;padding-top:var(--wp--preset--spacing--80);padding-bottom:var(--wp--preset--spacing--80)\">\n<div class=\"wp-block-group is-vertical is-layout-flex wp-container-core-group-is-layout-8cf370e7 wp-block-group-is-layout-flex\">\n<h2 class=\"wp-block-heading\" style=\"padding-top:var(--wp--preset--spacing--40);padding-bottom:var(--wp--preset--spacing--40);font-size:25px;font-style:normal;font-weight:600;text-transform:capitalize\">De ce ar trebui s\u0103 alegi bordura noastr\u0103 LED SK12 Plaster-In?<\/h2>\n\n\n\n<ul class=\"wp-block-list\">\n<li>- Canal LED f\u0103r\u0103 margini: Flan\u0219a de tencuial\u0103 permite profilului s\u0103 se integreze perfect \u00een rigips, cre\u00e2nd o iluzie de perete flotant.<\/li>\n\n\n\n<li>F\u0103r\u0103 puncte: Un difuzor de \u00eenalt\u0103 calitate elimin\u0103 punctele LED pentru un design profesional de iluminat.<\/li>\n\n\n\n<li>Gestionarea c\u0103ldurii: Aluminiul este un excelent radiator de c\u0103ldur\u0103 care face LED-urile s\u0103 dureze mai mult.<\/li>\n\n\n\n<li>Func\u021bioneaz\u0103 cu benzi LED de 12 mm l\u0103\u021bime, inclusiv benzi LED COB care creeaz\u0103 o linie de lumin\u0103 foarte curat\u0103.<\/li>\n\n\n\n<li>Utilizeaz\u0103-l \u00een coridoare de case, afaceri \u0219i hoteluri pentru a ilumina podeaua sau aleea.<\/li>\n<\/ul>\n<\/div>\n<\/div>\n\n\n\n<div class=\"wp-block-group is-vertical is-layout-flex wp-container-core-group-is-layout-d255d7c4 wp-block-group-is-layout-flex\" style=\"padding-top:var(--wp--preset--spacing--80);padding-bottom:var(--wp--preset--spacing--80)\">\n<hr class=\"wp-block-separator has-alpha-channel-opacity\"\/>\n\n\n\n<div class=\"wp-block-media-text has-media-on-the-right is-stacked-on-mobile\" style=\"grid-template-columns:auto 40%\"><div class=\"wp-block-media-text__content\">\n<h2 class=\"wp-block-heading\" style=\"padding-top:var(--wp--preset--spacing--40);padding-bottom:var(--wp--preset--spacing--40);font-size:25px;font-style:normal;font-weight:600;text-transform:capitalize\">Cum se folose\u0219te profilul de bordur\u0103 SK12<\/h2>\n\n\n\n<ul class=\"wp-block-list\">\n<li>Pune extrudatul de aluminiu \u00een cadrul peretelui sau podelei.<\/li>\n\n\n\n<li>Pune foile de rigips \u00eempotriva flan\u0219ei profilului.<\/li>\n\n\n\n<li>Pune un strat sub\u021bire de tencuial\u0103 peste flan\u0219\u0103 pentru a face tranzi\u021bia perete-lumin\u0103 s\u0103 arate uniform\u0103.<\/li>\n\n\n\n<li>Plaseaz\u0103 banda LED \u00een canal.<\/li>\n\n\n\n<li>Conecteaz\u0103 banda LED la o surs\u0103 de alimentare cu tensiune mic\u0103.<\/li>\n\n\n\n<li>Pune capacul difuzor opal pentru a ob\u021bine o iluminare uniform\u0103, f\u0103r\u0103 puncte.<\/li>\n<\/ul>\n<\/div><figure class=\"wp-block-media-text__media\"><img loading=\"lazy\" decoding=\"async\" width=\"500\" height=\"500\" src=\"https:\/\/tangooled.com\/wp-content\/uploads\/2025\/12\/sk12-ins.webp\" alt=\"Plac\u0103 de bordur\u0103 din aluminiu pentru rigips pentru benzi LED de 12 mm sk12\" class=\"wp-image-42160 size-full\" srcset=\"https:\/\/tangooled.com\/wp-content\/uploads\/2025\/12\/sk12-ins.webp 500w, https:\/\/tangooled.com\/wp-content\/uploads\/2025\/12\/sk12-ins-300x300.webp 300w, https:\/\/tangooled.com\/wp-content\/uploads\/2025\/12\/sk12-ins-150x150.webp 150w\" sizes=\"auto, (max-width: 500px) 100vw, 500px\" \/><\/figure><\/div>\n<\/div>\n\n\n\n<div class=\"wp-block-group has-background is-vertical is-layout-flex wp-container-core-group-is-layout-b429018a wp-block-group-is-layout-flex\" style=\"background-color:#f1f1f1f2;padding-top:var(--wp--preset--spacing--70);padding-bottom:var(--wp--preset--spacing--70)\">\n<h2 class=\"wp-block-heading\" style=\"padding-top:var(--wp--preset--spacing--40);padding-bottom:var(--wp--preset--spacing--40);font-size:25px;font-style:normal;font-weight:600;text-transform:capitalize\">Ce po\u021bi ob\u021bine din kituri?<\/h2>\n\n\n\n<ul class=\"wp-block-list\">\n<li>Profil din aluminiu pentru rigips.<\/li>\n\n\n\n<li>Difuzor opal din policarbonat.<\/li>\n\n\n\n<li>Capacele de cap\u0103t pentru a \u00eenchide uniform capetele profilului.<\/li>\n\n\n\n<li>Conectori drep\u021bi pentru conexiuni line nelimitate.<\/li>\n<\/ul>\n<\/div>\n\n\n\n<div class=\"wp-block-group is-vertical is-layout-flex wp-container-core-group-is-layout-d255d7c4 wp-block-group-is-layout-flex\" style=\"padding-top:var(--wp--preset--spacing--80);padding-bottom:var(--wp--preset--spacing--80)\">\n<h2 class=\"wp-block-heading\" style=\"padding-top:var(--wp--preset--spacing--40);padding-bottom:var(--wp--preset--spacing--40);font-size:25px;font-style:normal;font-weight:600;text-transform:capitalize\">Locuri ideale pentru instalarea profilului de bordur\u0103 SK12<\/h2>\n\n\n\n<ul class=\"wp-block-list\">\n<li>Coridoare \u0219i holuri \u00een case \u0219i hoteluri care au nevoie de iluminat sigur \u0219i elegant la nivelul podelei.<\/li>\n\n\n\n<li>Zonelor de zi \u0219i dormitoare cu efecte de iluminat ambientale pl\u0103cute.<\/li>\n\n\n\n<li>Pere\u021bi ilustra\u021bi \u00een magazine \u0219i showrooms pentru a eviden\u021bia caracteristicile arhitecturale.<\/li>\n\n\n\n<li>Teatrele de acas\u0103 \u0219i lounge-urile utilizeaz\u0103 iluminatul indirect pentru a crea o atmosfer\u0103.<\/li>\n\n\n\n<li>Iluminatul arhitectural poate face ca locurile de munc\u0103 \u0219i s\u0103lile de recep\u021bie s\u0103 arate \u00eengrijite \u0219i profesionale.<\/li>\n<\/ul>\n\n\n\n<p>Adaug\u0103 ultimele retu\u0219uri folosind accesorii precum <mark style=\"background-color:rgba(0, 0, 0, 0)\" class=\"has-inline-color has-vivid-red-color\"><a href=\"https:\/\/tangooled.com\/ro\/produs\/18x18mm-led-strip-corner-profile-for-12mm-led-strips\/\">profil de col\u021b 18x18mm pentru benzi LED de 12 mm<\/a>.<\/mark><\/p>\n<\/div>\n\n\n\n<p><\/p>","protected":false},"featured_media":13698,"template":"","meta":{"_acf_changed":true,"_seopress_robots_primary_cat":"none","_seopress_titles_title":"Plaster-in LED Skirting Channel for12mm Strip SK12 | TANGOOLED","_seopress_titles_desc":"The SK12 is a professional plaster-in led skirting channel optimized for 12mm strips. Achieve a seamless, trimless baseboard lighting effect in drywall projects with this recessed aluminum profile.","_seopress_robots_index":""},"pcb-width":[228],"product-cat":[198],"class_list":{"0":"post-42122","1":"product","2":"type-product","3":"status-publish","4":"has-post-thumbnail","6":"pcb-width-6-12mm","7":"product-cat-skirting-profile"},"acf":[],"_links":{"self":[{"href":"https:\/\/tangooled.com\/ro\/wp-json\/wp\/v2\/product\/42122","targetHints":{"allow":["GET"]}}],"collection":[{"href":"https:\/\/tangooled.com\/ro\/wp-json\/wp\/v2\/product"}],"about":[{"href":"https:\/\/tangooled.com\/ro\/wp-json\/wp\/v2\/types\/product"}],"wp:featuredmedia":[{"embeddable":true,"href":"https:\/\/tangooled.com\/ro\/wp-json\/wp\/v2\/media\/13698"}],"wp:attachment":[{"href":"https:\/\/tangooled.com\/ro\/wp-json\/wp\/v2\/media?parent=42122"}],"wp:term":[{"taxonomy":"pcb-width","embeddable":true,"href":"https:\/\/tangooled.com\/ro\/wp-json\/wp\/v2\/pcb-width?post=42122"},{"taxonomy":"product-cat","embeddable":true,"href":"https:\/\/tangooled.com\/ro\/wp-json\/wp\/v2\/product-cat?post=42122"}],"curies":[{"name":"wp","href":"https:\/\/api.w.org\/{rel}","templated":true}]}}