{"id":42120,"date":"2025-12-16T01:58:37","date_gmt":"2025-12-16T09:58:37","guid":{"rendered":"https:\/\/tangooled.com\/?post_type=product&#038;p=42120"},"modified":"2026-02-02T22:15:00","modified_gmt":"2026-02-03T06:15:00","slug":"waist-line-in-wall-stair-lighting-aluminum-led-profile","status":"publish","type":"product","link":"https:\/\/tangooled.com\/ro\/produs\/waist-line-in-wall-stair-lighting-aluminum-led-profile\/","title":{"rendered":"Profil LED din aluminiu pentru iluminatul sc\u0103rii \u00eencorporat \u00een perete"},"content":{"rendered":"<div class=\"wp-block-group is-vertical is-layout-flex wp-container-core-group-is-layout-d255d7c4 wp-block-group-is-layout-flex\" style=\"padding-top:var(--wp--preset--spacing--80);padding-bottom:var(--wp--preset--spacing--80)\">\n<p>Profilul nostru de iluminat pentru sc\u0103ri \u00eencorporat \u00een perete este un canal LED din aluminiu care este retras. Poate fi instalat \u00een gips-carton sau tencuial\u0103 pentru a crea o iluminare f\u0103r\u0103 margini, u\u0219or de integrat. Acesta ofer\u0103 pere\u021bilor \u0219i sc\u0103rilor tale o str\u0103lucire subtil\u0103, dar puternic\u0103.<\/p>\n\n\n\n<p>It&#8217;s made to light up stairs, but it also works well for lighting up waistlines along corridors or skirting boards. The aluminum case functions as a heat sink, which keeps the LED strips cool and makes them live longer.<\/p>\n\n\n\n<p>This aluminum LED profile gives out a gentle, clear, and even glow that changes the look of walls and staircases with a modern, safe, and smooth light. It&#8217;s great for updating homes, offices, commercial halls, and retail areas.<\/p>\n<\/div>\n\n\n\n<div class=\"wp-block-group has-background is-vertical is-layout-flex wp-container-core-group-is-layout-d255d7c4 wp-block-group-is-layout-flex\" style=\"background-color:#f1f1f1;padding-top:var(--wp--preset--spacing--80);padding-bottom:var(--wp--preset--spacing--80)\">\n<div class=\"wp-block-group is-vertical is-layout-flex wp-container-core-group-is-layout-8cf370e7 wp-block-group-is-layout-flex\">\n<h2 class=\"wp-block-heading\" style=\"padding-top:var(--wp--preset--spacing--40);padding-bottom:var(--wp--preset--spacing--40);font-size:25px;font-style:normal;font-weight:600;text-transform:capitalize\">De ce s\u0103 alegi acest profil?<\/h2>\n\n\n\n<ul class=\"wp-block-list\">\n<li>Looks like it&#8217;s flush with the wall\u2014no frames or corners are apparent.<\/li>\n\n\n\n<li>Iluminare moale, f\u0103r\u0103 glare, perfect\u0103 pentru eviden\u021bierea pere\u021bilor sau pentru a face sc\u0103rile mai sigure.<\/li>\n\n\n\n<li>Fabricat dintr-un aliaj de aluminiu 6063 de \u00eenalt\u0103 calitate, care permite c\u0103ldurii s\u0103 se disipete u\u0219or.<\/li>\n\n\n\n<li>Vine cu un difuzor din policarbonat frosted care face lumina mai uniform\u0103, f\u0103r\u0103 pete deranjante de LED.<\/li>\n\n\n\n<li>Poate fi folosit cu benzi LED de 12V sau 24V \u0219i care au o l\u0103\u021bime de p\u00e2n\u0103 la 12mm.<\/li>\n\n\n\n<li>Disponibil \u00een finisaje anodizate negru, alb sau argintiu.<\/li>\n<\/ul>\n<\/div>\n<\/div>\n\n\n\n<div class=\"wp-block-group\" style=\"padding-top:var(--wp--preset--spacing--60);padding-bottom:var(--wp--preset--spacing--60)\"><div class=\"wp-block-group__inner-container is-layout-constrained wp-block-group-is-layout-constrained\">\n<div class=\"wp-block-media-text has-media-on-the-right is-stacked-on-mobile\" style=\"grid-template-columns:auto 40%\"><div class=\"wp-block-media-text__content\">\n<h2 class=\"wp-block-heading\" style=\"padding-top:var(--wp--preset--spacing--40);padding-bottom:var(--wp--preset--spacing--40);font-size:25px;font-style:normal;font-weight:600;text-transform:capitalize\">Cum se folose\u0219te?<\/h2>\n\n\n\n<ul class=\"wp-block-list\">\n<li>F\u0103 o crest\u0103tur\u0103 \u00een gips-carton sau tencuial\u0103 pe lungimea pere\u021bilor sau sc\u0103rilor tale care este aproximativ de aceea\u0219i dimensiune ca profilul.<\/li>\n\n\n\n<li>Introduce\u021bi profilul LED din aluminiu \u00een crest\u0103tur\u0103 \u0219i asigura\u021bi-v\u0103 c\u0103 r\u0103m\u00e2ne acolo.<\/li>\n\n\n\n<li>Aplica\u021bi compus de gips-carton sau tencuial\u0103 pe p\u0103r\u021bile cu g\u0103uri (montaj \u00een gips) pentru a face finisajul neted.<\/li>\n\n\n\n<li>Plasa\u021bi banda LED \u00een interiorul profilului.<\/li>\n\n\n\n<li>Pune\u021bi difuzorul frosted pentru a face lumina mai uniform\u0103 \u0219i mai moale.<\/li>\n<\/ul>\n<\/div><figure class=\"wp-block-media-text__media\"><img loading=\"lazy\" decoding=\"async\" width=\"500\" height=\"500\" src=\"https:\/\/tangooled.com\/wp-content\/uploads\/2025\/12\/sk11-ins.webp\" alt=\"waist line in wall stair lighting aluminum led profile\" class=\"wp-image-42158 size-full\" srcset=\"https:\/\/tangooled.com\/wp-content\/uploads\/2025\/12\/sk11-ins.webp 500w, https:\/\/tangooled.com\/wp-content\/uploads\/2025\/12\/sk11-ins-300x300.webp 300w, https:\/\/tangooled.com\/wp-content\/uploads\/2025\/12\/sk11-ins-150x150.webp 150w\" sizes=\"auto, (max-width: 500px) 100vw, 500px\" \/><\/figure><\/div>\n<\/div><\/div>\n\n\n\n<div class=\"wp-block-group has-background is-vertical is-layout-flex wp-container-core-group-is-layout-b429018a wp-block-group-is-layout-flex\" style=\"background-color:#f1f1f1f2;padding-top:var(--wp--preset--spacing--70);padding-bottom:var(--wp--preset--spacing--70)\">\n<h2 class=\"wp-block-heading\" style=\"padding-top:var(--wp--preset--spacing--40);padding-bottom:var(--wp--preset--spacing--40);font-size:25px;font-style:normal;font-weight:600;text-transform:capitalize\">what&#8217;s in the kit\uff1f<\/h2>\n\n\n\n<ul class=\"wp-block-list\">\n<li>Canal din aluminiu anodizat \u00eencorporat pentru linia de iluminat<\/li>\n\n\n\n<li>Difuzor LED opal <\/li>\n\n\n\n<li>Capace de finalizare<\/li>\n<\/ul>\n<\/div>\n\n\n\n<div class=\"wp-block-group is-vertical is-layout-flex wp-container-core-group-is-layout-d255d7c4 wp-block-group-is-layout-flex\" style=\"padding-top:var(--wp--preset--spacing--80);padding-bottom:var(--wp--preset--spacing--80)\">\n<h2 class=\"wp-block-heading\" style=\"padding-top:var(--wp--preset--spacing--40);padding-bottom:var(--wp--preset--spacing--40);font-size:25px;font-style:normal;font-weight:600;text-transform:capitalize\">Linkuri interne pe care le-ai putea dori<\/h2>\n\n\n\n<ul class=\"wp-block-list\">\n<li>Explora\u021bi mai multe despre <a href=\"https:\/\/tangooled.com\/ro\/produs\/black-led-profile-with-black-diffuser-for-10mm-led-strip-light\/\"><mark style=\"background-color:rgba(0, 0, 0, 0)\" class=\"has-inline-color has-vivid-red-color\">profil LED negru cu difuzor negru pentru LED strip de 10mm<\/mark><\/a><\/li>\n\n\n\n<li>Verific\u0103 <a href=\"https:\/\/tangooled.com\/ro\/produs\/led-strip-light-channel-aluminum-profile-with-diffused-cover-6mm-height\/\"><mark style=\"background-color:rgba(0, 0, 0, 0)\" class=\"has-inline-color has-vivid-red-color\">Profil din aluminiu pentru benzi LED cu capac difuzor de 6mm \u00een\u0103l\u021bime<\/mark><\/a><\/li>\n\n\n\n<li>Consulta\u021bi <a href=\"https:\/\/tangooled.com\/ro\/produs\/surface-mount-led-profile-with-frosted-diffuser-for-10mm-rope-lights\/\"><mark style=\"background-color:rgba(0, 0, 0, 0)\" class=\"has-inline-color has-vivid-red-color\">profilul LED montat pe suprafa\u021b\u0103 cu difuzor frosted pentru benzi de lumin\u0103 de 10 mm<\/mark><\/a><\/li>\n\n\n\n<li>Informa\u021bi-v\u0103 despre <a href=\"https:\/\/tangooled.com\/ro\/produs\/side-lighting-2-in-1-aluminum-led-baseboard-for-15mm-strips\/\"><mark style=\"background-color:rgba(0, 0, 0, 0)\" class=\"has-inline-color has-vivid-red-color\">iluminatul lateral 2 \u00een 1 din aluminiu pentru benzi de 15mm<\/mark><\/a><\/li>\n\n\n\n<li>Descoperi\u021bi detaliile complete ale produsului la <a href=\"https:\/\/tangooled.com\/ro\/produs\/waist-line-in-wall-stair-lighting-aluminum-led-profile\/\"><mark style=\"background-color:rgba(0, 0, 0, 0)\" class=\"has-inline-color has-vivid-red-color\">Profil LED din aluminiu pentru iluminatul sc\u0103rii \u00eencorporat \u00een perete<\/mark><\/a><\/li>\n<\/ul>\n<\/div>\n\n\n\n<div class=\"wp-block-group has-background\" style=\"background-color:#f1f1f1;padding-top:var(--wp--preset--spacing--80);padding-bottom:var(--wp--preset--spacing--80)\"><div class=\"wp-block-group__inner-container is-layout-constrained wp-block-group-is-layout-constrained\">\n<h2 class=\"wp-block-heading\" style=\"padding-top:var(--wp--preset--spacing--40);padding-right:0;padding-bottom:var(--wp--preset--spacing--40);padding-left:0;font-size:25px;font-style:normal;font-weight:600;text-transform:capitalize\">rezumat<\/h2>\n\n\n\n<p style=\"padding-right:var(--wp--preset--spacing--50);padding-left:var(--wp--preset--spacing--50)\">Profilul nostru de iluminat pentru sc\u0103ri \u00eencorporat \u00een perete este o modalitate sigur\u0103 \u0219i frumoas\u0103 de a ilumina coridoarele, sc\u0103rile \u0219i plintele. Include o instalare \u00eencastrat\u0103, o carcas\u0103 din aluminiu de \u00eenalt\u0103 calitate \u0219i un difuzor din policarbonat care ofer\u0103 o linie frumoas\u0103 de lumin\u0103 f\u0103r\u0103 glare. Pute\u021bi alege dintr-o gam\u0103 de finisaje \u0219i lungimi, iar acestea pot fi t\u0103iate pentru a se potrivi perfect. Acest profil este perfect pentru iluminarea locuin\u021belor, afacerilor, magazinelor \u0219i hotelurilor. Arat\u0103 uimitor \u0219i dureaz\u0103 mult timp.<\/p>\n<\/div><\/div>\n\n\n\n<p><\/p>","protected":false},"featured_media":13693,"template":"","meta":{"_acf_changed":true,"_seopress_robots_primary_cat":"none","_seopress_titles_title":"Waist Line In-wall Stair Lighting Profile SK11 | TANGOOLED","_seopress_titles_desc":"The SK11 is a professional waist line in-wall stair lighting profile designed for seamless linear light. Create safe and elegant recessed guidance lighting along stairs and hallways.","_seopress_robots_index":""},"pcb-width":[228],"product-cat":[198],"class_list":{"0":"post-42120","1":"product","2":"type-product","3":"status-publish","4":"has-post-thumbnail","6":"pcb-width-6-12mm","7":"product-cat-skirting-profile"},"acf":[],"_links":{"self":[{"href":"https:\/\/tangooled.com\/ro\/wp-json\/wp\/v2\/product\/42120","targetHints":{"allow":["GET"]}}],"collection":[{"href":"https:\/\/tangooled.com\/ro\/wp-json\/wp\/v2\/product"}],"about":[{"href":"https:\/\/tangooled.com\/ro\/wp-json\/wp\/v2\/types\/product"}],"wp:featuredmedia":[{"embeddable":true,"href":"https:\/\/tangooled.com\/ro\/wp-json\/wp\/v2\/media\/13693"}],"wp:attachment":[{"href":"https:\/\/tangooled.com\/ro\/wp-json\/wp\/v2\/media?parent=42120"}],"wp:term":[{"taxonomy":"pcb-width","embeddable":true,"href":"https:\/\/tangooled.com\/ro\/wp-json\/wp\/v2\/pcb-width?post=42120"},{"taxonomy":"product-cat","embeddable":true,"href":"https:\/\/tangooled.com\/ro\/wp-json\/wp\/v2\/product-cat?post=42120"}],"curies":[{"name":"wp","href":"https:\/\/api.w.org\/{rel}","templated":true}]}}