{"id":42118,"date":"2025-12-16T01:53:41","date_gmt":"2025-12-16T09:53:41","guid":{"rendered":"https:\/\/tangooled.com\/?post_type=product&#038;p=42118"},"modified":"2026-02-02T22:09:04","modified_gmt":"2026-02-03T06:09:04","slug":"waist-line-wall-recessed-lighting-indirect-ceiling-cove-12mm-led-strip-profile","status":"publish","type":"product","link":"https:\/\/tangooled.com\/ro\/produs\/waist-line-wall-recessed-lighting-indirect-ceiling-cove-12mm-led-strip-profile\/","title":{"rendered":"Profil pentru iluminatul indirect \u00eencorporat \u00een perete cu band\u0103 LED de 12 mm"},"content":{"rendered":"<div class=\"wp-block-group is-vertical is-layout-flex wp-container-core-group-is-layout-d255d7c4 wp-block-group-is-layout-flex\" style=\"padding-top:var(--wp--preset--spacing--80);padding-bottom:var(--wp--preset--spacing--80)\">\n<p>Profilul nostru LED \u00eencastrat \u00een linia taliei este un canal din aluminiu elegant care va ilumina pere\u021bii \u0219i tavanul cu o lumin\u0103 neted\u0103 \u0219i str\u0103lucitoare. Se integreaz\u0103 perfect \u00een gips-carton sau pl\u0103ci de ghips f\u0103r\u0103 vreo margine, care ascunde sursa de lumin\u0103 \u0219i \u00eei ofer\u0103 un aspect curat \u0219i modern. Aceast\u0103 tehnic\u0103 \u00eel face s\u0103 par\u0103 c\u0103 lumina iese direct din suprafa\u021b\u0103.<\/p>\n\n\n\n<p>Profilul poate accepta benzi LED de p\u00e2n\u0103 la 12mm l\u0103\u021bime \u0219i func\u021bioneaz\u0103 cel mai bine pentru iluminatul indirect. \u00cel po\u021bi fixa \u00eentr-o intersec\u021bie \u00eentre pere\u021bi \u0219i tavan sau la nivelul taliei pe pere\u021bi pentru a crea o str\u0103lucire moale \u0219i cald\u0103 care schimb\u0103 \u0219i \u00eembun\u0103t\u0103\u021be\u0219te atmosfera oric\u0103rei \u00eenc\u0103peri.<\/p>\n<\/div>\n\n\n\n<div class=\"wp-block-group has-background is-vertical is-layout-flex wp-container-core-group-is-layout-d255d7c4 wp-block-group-is-layout-flex\" style=\"background-color:#f1f1f1;padding-top:var(--wp--preset--spacing--80);padding-bottom:var(--wp--preset--spacing--80)\">\n<div class=\"wp-block-group is-vertical is-layout-flex wp-container-core-group-is-layout-8cf370e7 wp-block-group-is-layout-flex\">\n<h2 class=\"wp-block-heading\" style=\"padding-top:var(--wp--preset--spacing--40);padding-bottom:var(--wp--preset--spacing--40);font-size:25px;font-style:normal;font-weight:600;text-transform:capitalize\">De ce s\u0103 alegi profilul nostru LED \u00eencastrat \u00een linia taliei?<\/h2>\n\n\n\n<ul class=\"wp-block-list\">\n<li>Iluminarea este f\u0103r\u0103 cusur \u0219i f\u0103r\u0103 puncte, cu un capac opal difuzor care ofer\u0103 o str\u0103lucire uniform\u0103 \u0219i neted\u0103.<\/li>\n\n\n\n<li>Fabricat din aluminiu anodizat 6063-T5 pentru un radiator de c\u0103ldur\u0103 puternic \u0219i o durat\u0103 lung\u0103 de via\u021b\u0103.&nbsp;<\/li>\n\n\n\n<li>Se potrive\u0219te cu benzile LED standard de 12mm \u0219i func\u021bioneaz\u0103 cu multe m\u0103rci pentru a-\u021bi oferi op\u021biuni \u00een privin\u021ba str\u0103lucirii \u0219i culorilor dorite.<\/li>\n\n\n\n<li>U\u0219or de instalat \u00een gips-carton sau pl\u0103ci de ghips de 15mm.&nbsp;<\/li>\n\n\n\n<li>Ofer\u0103 un aspect curat, arhitectural, f\u0103r\u0103 margini vizibile.&nbsp;<\/li>\n\n\n\n<li>Sprijin\u0103 conexiuni continue \u0219i col\u021buri.<\/li>\n<\/ul>\n<\/div>\n<\/div>\n\n\n\n<div class=\"wp-block-group is-vertical is-layout-flex wp-container-core-group-is-layout-d255d7c4 wp-block-group-is-layout-flex\" style=\"padding-top:var(--wp--preset--spacing--80);padding-bottom:var(--wp--preset--spacing--80)\">\n<hr class=\"wp-block-separator has-alpha-channel-opacity\"\/>\n\n\n\n<div class=\"wp-block-media-text has-media-on-the-right is-stacked-on-mobile\" style=\"grid-template-columns:auto 40%\"><div class=\"wp-block-media-text__content\">\n<h2 class=\"wp-block-heading\" style=\"padding-top:var(--wp--preset--spacing--40);padding-bottom:var(--wp--preset--spacing--40);font-size:25px;font-style:normal;font-weight:600;text-transform:capitalize\">Sfaturi pentru Instalare<\/h2>\n\n\n\n<ul class=\"wp-block-list\">\n<li>Fixeaz\u0103 profilul direct pe cadru \u00eenainte de a instala gips-cartonul sau pl\u0103cile de ghips.<\/li>\n\n\n\n<li>Aplic\u0103 un amestec de \u00eembinare sau ghips pe flan\u0219\u0103 \u0219i \u0219lefuie\u0219te-l neted.<\/li>\n\n\n\n<li>Plaseaz\u0103 banda LED de 12mm aleas\u0103 \u00een interior \u0219i acoper\u0103-o cu difuzorul inclus.<\/li>\n\n\n\n<li>Folose\u0219te drivere \u0219i dimmere LED pentru a schimba str\u0103lucirea \u0219i temperatura de culoare.<\/li>\n<\/ul>\n<\/div><figure class=\"wp-block-media-text__media\"><img loading=\"lazy\" decoding=\"async\" width=\"500\" height=\"500\" src=\"https:\/\/tangooled.com\/wp-content\/uploads\/2025\/12\/sk10-ins.webp\" alt=\"waist line wall recessed lighting indirect ceiling cove 12mm led strip profile\" class=\"wp-image-42154 size-full\" srcset=\"https:\/\/tangooled.com\/wp-content\/uploads\/2025\/12\/sk10-ins.webp 500w, https:\/\/tangooled.com\/wp-content\/uploads\/2025\/12\/sk10-ins-300x300.webp 300w, https:\/\/tangooled.com\/wp-content\/uploads\/2025\/12\/sk10-ins-150x150.webp 150w\" sizes=\"auto, (max-width: 500px) 100vw, 500px\" \/><\/figure><\/div>\n<\/div>\n\n\n\n<div class=\"wp-block-group has-background is-vertical is-layout-flex wp-container-core-group-is-layout-b429018a wp-block-group-is-layout-flex\" style=\"background-color:#f1f1f1f2;padding-top:var(--wp--preset--spacing--70);padding-bottom:var(--wp--preset--spacing--70)\">\n<h2 class=\"wp-block-heading\" style=\"padding-top:var(--wp--preset--spacing--40);padding-bottom:var(--wp--preset--spacing--40);font-size:25px;font-style:normal;font-weight:600\">Cum s\u0103 folose\u0219ti: Scenarii de utilizare<\/h2>\n\n\n\n<ul class=\"wp-block-list\">\n<li>Cove lighting for the ceiling: To make a glowing cove light, put this profile where the wall and ceiling meet. This can make the ceiling look like it&#8217;s floating, which makes spaces feel bigger and gentler.<\/li>\n\n\n\n<li>Iluminat \u00eencastrat la linia taliei pe perete: Pentru o iluminare colorat\u0103 \u0219i modern\u0103 de accent \u00een coridoare sau pentru a ajuta oamenii s\u0103 se orienteze \u00een hoteluri \u0219i birouri, pune-l orizontal la \u00een\u0103l\u021bimea taliei.<\/li>\n\n\n\n<li>Iluminat la nivelul plintei \u0219i al podelei: Po\u021bi folosi acest profil la nivelul podelei pentru a ilumina u\u0219or un traseu sau pentru a eviden\u021bia caracteristici arhitecturale cu o linie neted\u0103 de lumin\u0103 LED indirect\u0103.<\/li>\n\n\n\n<li>Accente pe perete: Folose\u0219te acest profil vertical pentru a sp\u0103la pere\u021bii sau a eviden\u021bia detalii arhitecturale f\u0103r\u0103 str\u0103lucire sau zone dure.<\/li>\n<\/ul>\n<\/div>\n\n\n\n<div class=\"wp-block-group is-vertical is-layout-flex wp-container-core-group-is-layout-d255d7c4 wp-block-group-is-layout-flex\" style=\"padding-top:var(--wp--preset--spacing--80);padding-bottom:var(--wp--preset--spacing--80)\">\n<h2 class=\"wp-block-heading\" style=\"padding-top:var(--wp--preset--spacing--40);padding-bottom:var(--wp--preset--spacing--40);font-size:25px;font-style:normal;font-weight:600;text-transform:capitalize\">Explora\u021bi Produse Asem\u0103n\u0103toare<\/h2>\n\n\n\n<p>S-ar putea s\u0103-\u021bi plac\u0103 aceste alte profile pentru proiectele tale LED:<\/p>\n\n\n\n<ul class=\"wp-block-list\">\n<li><a href=\"https:\/\/tangooled.com\/ro\/produs\/black-led-diffuser-aluminum-channel-for-12mm-tape-lights\/\"><mark style=\"background-color:rgba(0, 0, 0, 0)\" class=\"has-inline-color has-vivid-red-color\">Canal din aluminiu cu difuzor LED negru pentru benzi de 12mm<\/mark><\/a><\/li>\n\n\n\n<li><a href=\"https:\/\/tangooled.com\/ro\/produs\/18x18mm-led-strip-corner-profile-for-12mm-led-strips\/\"><mark style=\"background-color:rgba(0, 0, 0, 0)\" class=\"has-inline-color has-vivid-red-color\">Profil col\u021bar LED de 18x18mm pentru benzi LED de 12mm<\/mark><\/a><\/li>\n\n\n\n<li><a href=\"https:\/\/tangooled.com\/ro\/produs\/aluminum-drywall-led-skirting-profile-for-12mm-tape-light\/\"><mark style=\"background-color:rgba(0, 0, 0, 0)\" class=\"has-inline-color has-vivid-red-color\">Profil LED din aluminiu pentru gips carton cu margine pentru band\u0103 de lumin\u0103 de 12 mm<\/mark><\/a><\/li>\n\n\n\n<li><a href=\"https:\/\/tangooled.com\/ro\/produs\/recessed-led-aluminum-profile-up-and-down-lighting-channel-for-cabinet\/\"><mark style=\"background-color:rgba(0, 0, 0, 0)\" class=\"has-inline-color has-vivid-red-color\">Canal din aluminiu pentru iluminat LED \u00eencastrat, cu lumin\u0103 \u00een sus \u0219i \u00een jos, pentru dulapuri<\/mark><\/a><\/li>\n<\/ul>\n<\/div>\n\n\n\n<div class=\"wp-block-group has-background\" style=\"background-color:#f1f1f1;padding-top:var(--wp--preset--spacing--80);padding-bottom:var(--wp--preset--spacing--80)\"><div class=\"wp-block-group__inner-container is-layout-constrained wp-block-group-is-layout-constrained\">\n<h2 class=\"wp-block-heading\" style=\"padding-top:var(--wp--preset--spacing--40);padding-right:0;padding-bottom:var(--wp--preset--spacing--40);padding-left:0;font-size:25px;font-style:normal;font-weight:600;text-transform:capitalize\">rezumat<\/h2>\n\n\n\n<p style=\"padding-right:var(--wp--preset--spacing--50);padding-left:var(--wp--preset--spacing--50)\">Profilul nostru LED \u00eencastrat \u00een linia taliei este abordarea ideal\u0103 pentru a ob\u021bine iluminat curat, neted, indirect \u00een cove \u0219i iluminat de accent. Acest profil din aluminiu de clas\u0103 arhitectural\u0103 este u\u0219or de montat \u00een gips-carton. Se potrive\u0219te cu benzile LED de 12mm \u0219i creeaz\u0103 o lumin\u0103 moale, f\u0103r\u0103 puncte. Folose\u0219te-l pe pere\u021bi, tavane, plinte sau ni\u0219e pentru a ad\u0103uga lumin\u0103 elegant\u0103, f\u0103r\u0103 str\u0103lucire \u00een orice camer\u0103.<\/p>\n<\/div><\/div>\n\n\n\n<p><\/p>","protected":false},"featured_media":13688,"template":"","meta":{"_acf_changed":true,"_seopress_robots_primary_cat":"none","_seopress_titles_title":"Waist Line Wall Recessed LED Profile for Indirect Lighting SK10 | TANGOOLED","_seopress_titles_desc":"The SK10 is a versatile waist line wall recessed led profile for 12mm strips. Create seamless horizontal light accents or small ceiling coves with this architectural aluminum channel.","_seopress_robots_index":""},"pcb-width":[228],"product-cat":[198],"class_list":{"0":"post-42118","1":"product","2":"type-product","3":"status-publish","4":"has-post-thumbnail","6":"pcb-width-6-12mm","7":"product-cat-skirting-profile"},"acf":[],"_links":{"self":[{"href":"https:\/\/tangooled.com\/ro\/wp-json\/wp\/v2\/product\/42118","targetHints":{"allow":["GET"]}}],"collection":[{"href":"https:\/\/tangooled.com\/ro\/wp-json\/wp\/v2\/product"}],"about":[{"href":"https:\/\/tangooled.com\/ro\/wp-json\/wp\/v2\/types\/product"}],"wp:featuredmedia":[{"embeddable":true,"href":"https:\/\/tangooled.com\/ro\/wp-json\/wp\/v2\/media\/13688"}],"wp:attachment":[{"href":"https:\/\/tangooled.com\/ro\/wp-json\/wp\/v2\/media?parent=42118"}],"wp:term":[{"taxonomy":"pcb-width","embeddable":true,"href":"https:\/\/tangooled.com\/ro\/wp-json\/wp\/v2\/pcb-width?post=42118"},{"taxonomy":"product-cat","embeddable":true,"href":"https:\/\/tangooled.com\/ro\/wp-json\/wp\/v2\/product-cat?post=42118"}],"curies":[{"name":"wp","href":"https:\/\/api.w.org\/{rel}","templated":true}]}}